{"id":810,"date":"2026-01-27T09:53:34","date_gmt":"2026-01-27T09:53:34","guid":{"rendered":"https:\/\/webshop.nakladapanda.hr\/?product=learn-fun-koferic-slova-i-brojevi"},"modified":"2026-01-27T09:53:34","modified_gmt":"2026-01-27T09:53:34","slug":"learn-fun-koferic-slova-i-brojevi","status":"publish","type":"product","link":"https:\/\/webshop.nakladapanda.hr\/?product=learn-fun-koferic-slova-i-brojevi","title":{"rendered":"LEARN &#038; FUN KOFERI\u0106 SLOVA I BROJEVI"},"content":{"rendered":"","protected":false},"excerpt":{"rendered":"<p>Uvijek nosite sa sobom Learn &#038; Fun koferi\u0107 kako biste gdje god po\u017eelite u\u010dili prve brojeve i abecedu! Uvijek je pravo vrijeme za u\u010denje, a prije svega za zabavu!<br \/>\nEdukativna igra\u010dka za najmla\u0111e. Savr\u0161en poklon za svaku prigodu za pred\u0161kolsku djecu u dobi od 2 do 5 godina, za upoznavanje sa svijetom konstrukcija ili za kombiniranje s drugim setovima za jo\u0161 vi\u0161e zabave! Igraju\u0107i se UNICO PLUS kockicama, dijete razvija ma\u0161tu i sposobnost rje\u0161avanja problema jer, kao i sve ru\u010dne igra\u010dke bez baterija, kreativnost stavlja u dje\u010dje ruke.<br \/>\nDjeca \u0107e se zabavljati dok usvajaju manualne vje\u0161tine i u\u010de povezivati oblike i boje.<br \/>\nPROIZVEDENO U ITALIJI za sigurnost va\u0161e djece!<br \/>\nUNICO PLUS setovi izra\u0111eni su od obojenih kockica koje su jednostavne za rukovanje; sigurne su, \u010dvrste, netoksi\u010dne, lako se peru i certificirane oznakom Safe Toys Instituta za sigurnost igra\u010daka. Mo\u017eete ih ponijeti sa sobom gdje god \u017eelite!<br \/>\nU potpunosti proizvedene u Italiji, UNICO PLUS kockice prolaze brojne testove (pad, gnje\u010denje, uvijanje, zagrijavanje, savijanje, grebanje, istezanje itd.) kako bi se osiguralo da svaki konstrukcijski set zadovoljava najvi\u0161e standarde sigurnosti i kvalitete.<\/p>\n","protected":false},"featured_media":661,"template":"","meta":[],"product_brand":[42],"product_cat":[35],"product_tag":[],"class_list":{"0":"post-810","1":"product","2":"type-product","3":"status-publish","4":"has-post-thumbnail","6":"product_brand-androni-giocattoli","7":"product_cat-plasticne-igracke","9":"first","10":"instock","11":"shipping-taxable","12":"purchasable","13":"product-type-simple"},"yoast_head":"<!-- This site is optimized with the Yoast SEO plugin v26.8 - https:\/\/yoast.com\/product\/yoast-seo-wordpress\/ -->\n<title>LEARN &amp; FUN KOFERI\u0106 SLOVA I BROJEVI - Naklada Panda<\/title>\n<meta name=\"robots\" content=\"noindex, follow, max-snippet:-1, max-image-preview:large, max-video-preview:-1\" \/>\n<meta property=\"og:locale\" content=\"hr_HR\" \/>\n<meta property=\"og:type\" content=\"article\" \/>\n<meta property=\"og:title\" content=\"LEARN &amp; FUN KOFERI\u0106 SLOVA I BROJEVI - Naklada Panda\" \/>\n<meta property=\"og:description\" content=\"Uvijek nosite sa sobom Learn &amp; Fun koferi\u0107 kako biste gdje god po\u017eelite u\u010dili prve brojeve i abecedu! Uvijek je pravo vrijeme za u\u010denje, a prije svega za zabavu! Edukativna igra\u010dka za najmla\u0111e. Savr\u0161en poklon za svaku prigodu za pred\u0161kolsku djecu u dobi od 2 do 5 godina, za upoznavanje sa svijetom konstrukcija ili za kombiniranje s drugim setovima za jo\u0161 vi\u0161e zabave! Igraju\u0107i se UNICO PLUS kockicama, dijete razvija ma\u0161tu i sposobnost rje\u0161avanja problema jer, kao i sve ru\u010dne igra\u010dke bez baterija, kreativnost stavlja u dje\u010dje ruke. Djeca \u0107e se zabavljati dok usvajaju manualne vje\u0161tine i u\u010de povezivati oblike i boje. PROIZVEDENO U ITALIJI za sigurnost va\u0161e djece! UNICO PLUS setovi izra\u0111eni su od obojenih kockica koje su jednostavne za rukovanje; sigurne su, \u010dvrste, netoksi\u010dne, lako se peru i certificirane oznakom Safe Toys Instituta za sigurnost igra\u010daka. Mo\u017eete ih ponijeti sa sobom gdje god \u017eelite! U potpunosti proizvedene u Italiji, UNICO PLUS kockice prolaze brojne testove (pad, gnje\u010denje, uvijanje, zagrijavanje, savijanje, grebanje, istezanje itd.) kako bi se osiguralo da svaki konstrukcijski set zadovoljava najvi\u0161e standarde sigurnosti i kvalitete.\" \/>\n<meta property=\"og:url\" content=\"https:\/\/webshop.nakladapanda.hr\/?product=learn-fun-koferic-slova-i-brojevi\" \/>\n<meta property=\"og:site_name\" content=\"Naklada Panda\" \/>\n<meta property=\"og:image\" content=\"https:\/\/webshop.nakladapanda.hr\/wp-content\/uploads\/2026\/01\/8631-0000.png\" \/>\n\t<meta property=\"og:image:width\" content=\"500\" \/>\n\t<meta property=\"og:image:height\" content=\"500\" \/>\n\t<meta property=\"og:image:type\" content=\"image\/png\" \/>\n<meta name=\"twitter:card\" content=\"summary_large_image\" \/>\n<script type=\"application\/ld+json\" class=\"yoast-schema-graph\">{\"@context\":\"https:\/\/schema.org\",\"@graph\":[{\"@type\":\"WebPage\",\"@id\":\"https:\/\/webshop.nakladapanda.hr\/?product=learn-fun-koferic-slova-i-brojevi\",\"url\":\"https:\/\/webshop.nakladapanda.hr\/?product=learn-fun-koferic-slova-i-brojevi\",\"name\":\"LEARN & FUN KOFERI\u0106 SLOVA I BROJEVI - Naklada Panda\",\"isPartOf\":{\"@id\":\"https:\/\/webshop.nakladapanda.hr\/#website\"},\"primaryImageOfPage\":{\"@id\":\"https:\/\/webshop.nakladapanda.hr\/?product=learn-fun-koferic-slova-i-brojevi#primaryimage\"},\"image\":{\"@id\":\"https:\/\/webshop.nakladapanda.hr\/?product=learn-fun-koferic-slova-i-brojevi#primaryimage\"},\"thumbnailUrl\":\"https:\/\/webshop.nakladapanda.hr\/wp-content\/uploads\/2026\/01\/8631-0000.png\",\"datePublished\":\"2026-01-27T09:53:34+00:00\",\"breadcrumb\":{\"@id\":\"https:\/\/webshop.nakladapanda.hr\/?product=learn-fun-koferic-slova-i-brojevi#breadcrumb\"},\"inLanguage\":\"hr\",\"potentialAction\":[{\"@type\":\"ReadAction\",\"target\":[\"https:\/\/webshop.nakladapanda.hr\/?product=learn-fun-koferic-slova-i-brojevi\"]}]},{\"@type\":\"ImageObject\",\"inLanguage\":\"hr\",\"@id\":\"https:\/\/webshop.nakladapanda.hr\/?product=learn-fun-koferic-slova-i-brojevi#primaryimage\",\"url\":\"https:\/\/webshop.nakladapanda.hr\/wp-content\/uploads\/2026\/01\/8631-0000.png\",\"contentUrl\":\"https:\/\/webshop.nakladapanda.hr\/wp-content\/uploads\/2026\/01\/8631-0000.png\",\"width\":500,\"height\":500},{\"@type\":\"BreadcrumbList\",\"@id\":\"https:\/\/webshop.nakladapanda.hr\/?product=learn-fun-koferic-slova-i-brojevi#breadcrumb\",\"itemListElement\":[{\"@type\":\"ListItem\",\"position\":1,\"name\":\"Home\",\"item\":\"https:\/\/webshop.nakladapanda.hr\/\"},{\"@type\":\"ListItem\",\"position\":2,\"name\":\"Products\",\"item\":\"https:\/\/webshop.nakladapanda.hr\/?post_type=product\"},{\"@type\":\"ListItem\",\"position\":3,\"name\":\"LEARN &#038; FUN KOFERI\u0106 SLOVA I BROJEVI\"}]},{\"@type\":\"WebSite\",\"@id\":\"https:\/\/webshop.nakladapanda.hr\/#website\",\"url\":\"https:\/\/webshop.nakladapanda.hr\/\",\"name\":\"Naklada Panda\",\"description\":\"\",\"publisher\":{\"@id\":\"https:\/\/webshop.nakladapanda.hr\/#organization\"},\"potentialAction\":[{\"@type\":\"SearchAction\",\"target\":{\"@type\":\"EntryPoint\",\"urlTemplate\":\"https:\/\/webshop.nakladapanda.hr\/?s={search_term_string}\"},\"query-input\":{\"@type\":\"PropertyValueSpecification\",\"valueRequired\":true,\"valueName\":\"search_term_string\"}}],\"inLanguage\":\"hr\"},{\"@type\":\"Organization\",\"@id\":\"https:\/\/webshop.nakladapanda.hr\/#organization\",\"name\":\"Naklada Panda\",\"url\":\"https:\/\/webshop.nakladapanda.hr\/\",\"logo\":{\"@type\":\"ImageObject\",\"inLanguage\":\"hr\",\"@id\":\"https:\/\/webshop.nakladapanda.hr\/#\/schema\/logo\/image\/\",\"url\":\"https:\/\/webshop.nakladapanda.hr\/wp-content\/uploads\/2025\/12\/naklada-panda-logo.png\",\"contentUrl\":\"https:\/\/webshop.nakladapanda.hr\/wp-content\/uploads\/2025\/12\/naklada-panda-logo.png\",\"width\":643,\"height\":244,\"caption\":\"Naklada Panda\"},\"image\":{\"@id\":\"https:\/\/webshop.nakladapanda.hr\/#\/schema\/logo\/image\/\"}}]}<\/script>\n<!-- \/ Yoast SEO plugin. -->","yoast_head_json":{"title":"LEARN & FUN KOFERI\u0106 SLOVA I BROJEVI - Naklada Panda","robots":{"index":"noindex","follow":"follow","max-snippet":"max-snippet:-1","max-image-preview":"max-image-preview:large","max-video-preview":"max-video-preview:-1"},"og_locale":"hr_HR","og_type":"article","og_title":"LEARN & FUN KOFERI\u0106 SLOVA I BROJEVI - Naklada Panda","og_description":"Uvijek nosite sa sobom Learn & Fun koferi\u0107 kako biste gdje god po\u017eelite u\u010dili prve brojeve i abecedu! Uvijek je pravo vrijeme za u\u010denje, a prije svega za zabavu! Edukativna igra\u010dka za najmla\u0111e. Savr\u0161en poklon za svaku prigodu za pred\u0161kolsku djecu u dobi od 2 do 5 godina, za upoznavanje sa svijetom konstrukcija ili za kombiniranje s drugim setovima za jo\u0161 vi\u0161e zabave! Igraju\u0107i se UNICO PLUS kockicama, dijete razvija ma\u0161tu i sposobnost rje\u0161avanja problema jer, kao i sve ru\u010dne igra\u010dke bez baterija, kreativnost stavlja u dje\u010dje ruke. Djeca \u0107e se zabavljati dok usvajaju manualne vje\u0161tine i u\u010de povezivati oblike i boje. PROIZVEDENO U ITALIJI za sigurnost va\u0161e djece! UNICO PLUS setovi izra\u0111eni su od obojenih kockica koje su jednostavne za rukovanje; sigurne su, \u010dvrste, netoksi\u010dne, lako se peru i certificirane oznakom Safe Toys Instituta za sigurnost igra\u010daka. Mo\u017eete ih ponijeti sa sobom gdje god \u017eelite! U potpunosti proizvedene u Italiji, UNICO PLUS kockice prolaze brojne testove (pad, gnje\u010denje, uvijanje, zagrijavanje, savijanje, grebanje, istezanje itd.) kako bi se osiguralo da svaki konstrukcijski set zadovoljava najvi\u0161e standarde sigurnosti i kvalitete.","og_url":"https:\/\/webshop.nakladapanda.hr\/?product=learn-fun-koferic-slova-i-brojevi","og_site_name":"Naklada Panda","og_image":[{"width":500,"height":500,"url":"https:\/\/webshop.nakladapanda.hr\/wp-content\/uploads\/2026\/01\/8631-0000.png","type":"image\/png"}],"twitter_card":"summary_large_image","schema":{"@context":"https:\/\/schema.org","@graph":[{"@type":"WebPage","@id":"https:\/\/webshop.nakladapanda.hr\/?product=learn-fun-koferic-slova-i-brojevi","url":"https:\/\/webshop.nakladapanda.hr\/?product=learn-fun-koferic-slova-i-brojevi","name":"LEARN & FUN KOFERI\u0106 SLOVA I BROJEVI - Naklada Panda","isPartOf":{"@id":"https:\/\/webshop.nakladapanda.hr\/#website"},"primaryImageOfPage":{"@id":"https:\/\/webshop.nakladapanda.hr\/?product=learn-fun-koferic-slova-i-brojevi#primaryimage"},"image":{"@id":"https:\/\/webshop.nakladapanda.hr\/?product=learn-fun-koferic-slova-i-brojevi#primaryimage"},"thumbnailUrl":"https:\/\/webshop.nakladapanda.hr\/wp-content\/uploads\/2026\/01\/8631-0000.png","datePublished":"2026-01-27T09:53:34+00:00","breadcrumb":{"@id":"https:\/\/webshop.nakladapanda.hr\/?product=learn-fun-koferic-slova-i-brojevi#breadcrumb"},"inLanguage":"hr","potentialAction":[{"@type":"ReadAction","target":["https:\/\/webshop.nakladapanda.hr\/?product=learn-fun-koferic-slova-i-brojevi"]}]},{"@type":"ImageObject","inLanguage":"hr","@id":"https:\/\/webshop.nakladapanda.hr\/?product=learn-fun-koferic-slova-i-brojevi#primaryimage","url":"https:\/\/webshop.nakladapanda.hr\/wp-content\/uploads\/2026\/01\/8631-0000.png","contentUrl":"https:\/\/webshop.nakladapanda.hr\/wp-content\/uploads\/2026\/01\/8631-0000.png","width":500,"height":500},{"@type":"BreadcrumbList","@id":"https:\/\/webshop.nakladapanda.hr\/?product=learn-fun-koferic-slova-i-brojevi#breadcrumb","itemListElement":[{"@type":"ListItem","position":1,"name":"Home","item":"https:\/\/webshop.nakladapanda.hr\/"},{"@type":"ListItem","position":2,"name":"Products","item":"https:\/\/webshop.nakladapanda.hr\/?post_type=product"},{"@type":"ListItem","position":3,"name":"LEARN &#038; FUN KOFERI\u0106 SLOVA I BROJEVI"}]},{"@type":"WebSite","@id":"https:\/\/webshop.nakladapanda.hr\/#website","url":"https:\/\/webshop.nakladapanda.hr\/","name":"Naklada Panda","description":"","publisher":{"@id":"https:\/\/webshop.nakladapanda.hr\/#organization"},"potentialAction":[{"@type":"SearchAction","target":{"@type":"EntryPoint","urlTemplate":"https:\/\/webshop.nakladapanda.hr\/?s={search_term_string}"},"query-input":{"@type":"PropertyValueSpecification","valueRequired":true,"valueName":"search_term_string"}}],"inLanguage":"hr"},{"@type":"Organization","@id":"https:\/\/webshop.nakladapanda.hr\/#organization","name":"Naklada Panda","url":"https:\/\/webshop.nakladapanda.hr\/","logo":{"@type":"ImageObject","inLanguage":"hr","@id":"https:\/\/webshop.nakladapanda.hr\/#\/schema\/logo\/image\/","url":"https:\/\/webshop.nakladapanda.hr\/wp-content\/uploads\/2025\/12\/naklada-panda-logo.png","contentUrl":"https:\/\/webshop.nakladapanda.hr\/wp-content\/uploads\/2025\/12\/naklada-panda-logo.png","width":643,"height":244,"caption":"Naklada Panda"},"image":{"@id":"https:\/\/webshop.nakladapanda.hr\/#\/schema\/logo\/image\/"}}]}},"_links":{"self":[{"href":"https:\/\/webshop.nakladapanda.hr\/index.php?rest_route=\/wp\/v2\/product\/810","targetHints":{"allow":["GET"]}}],"collection":[{"href":"https:\/\/webshop.nakladapanda.hr\/index.php?rest_route=\/wp\/v2\/product"}],"about":[{"href":"https:\/\/webshop.nakladapanda.hr\/index.php?rest_route=\/wp\/v2\/types\/product"}],"wp:featuredmedia":[{"embeddable":true,"href":"https:\/\/webshop.nakladapanda.hr\/index.php?rest_route=\/wp\/v2\/media\/661"}],"wp:attachment":[{"href":"https:\/\/webshop.nakladapanda.hr\/index.php?rest_route=%2Fwp%2Fv2%2Fmedia&parent=810"}],"wp:term":[{"taxonomy":"product_brand","embeddable":true,"href":"https:\/\/webshop.nakladapanda.hr\/index.php?rest_route=%2Fwp%2Fv2%2Fproduct_brand&post=810"},{"taxonomy":"product_cat","embeddable":true,"href":"https:\/\/webshop.nakladapanda.hr\/index.php?rest_route=%2Fwp%2Fv2%2Fproduct_cat&post=810"},{"taxonomy":"product_tag","embeddable":true,"href":"https:\/\/webshop.nakladapanda.hr\/index.php?rest_route=%2Fwp%2Fv2%2Fproduct_tag&post=810"}],"curies":[{"name":"wp","href":"https:\/\/api.w.org\/{rel}","templated":true}]}}