{"id":803,"date":"2026-01-27T09:53:33","date_gmt":"2026-01-27T09:53:33","guid":{"rendered":"https:\/\/webshop.nakladapanda.hr\/?product=abc-set-2"},"modified":"2026-01-27T09:53:33","modified_gmt":"2026-01-27T09:53:33","slug":"abc-set-2","status":"publish","type":"product","link":"https:\/\/webshop.nakladapanda.hr\/?product=abc-set-2","title":{"rendered":"ABC set"},"content":{"rendered":"","protected":false},"excerpt":{"rendered":"<p>Dopustite djeci da u\u017eivaju u igri sa slovima!<br \/>\nOva velika slova (uppercase) mogu se koristiti kao \u0161ablone za crtanje i bojanje u temama oko njih.<br \/>\nTako\u0111er se mogu koristiti u igrama pismenosti, kao dekoracija na prozorima ili bijelim plo\u010dama, ili za izradu vlastitih personaliziranih znakova.<br \/>\nIdealno za kori\u0161tenje na svjetlosnom stolu.<br \/>\nRef.: 899 \u2013 Velika slova u prozirnom \u0161arenom plastiku, u kutiji (18 x 23,5 x 2,5 cm).<br \/>\nRef.: 769 \u2013 Mala slova (lower-case) u prozirnom \u0161arenom plastiku, koja se mogu kombinirati s velikim slovima, u plasti\u010dnoj kutiji (18 x 23,5 x 2,5 cm).<\/p>\n","protected":false},"featured_media":679,"template":"","meta":[],"product_brand":[46],"product_cat":[39],"product_tag":[],"class_list":{"0":"post-803","1":"product","2":"type-product","3":"status-publish","4":"has-post-thumbnail","6":"product_brand-henbea","7":"product_cat-senzorni-kutak","9":"first","10":"instock","11":"shipping-taxable","12":"purchasable","13":"product-type-simple"},"yoast_head":"<!-- This site is optimized with the Yoast SEO plugin v26.8 - https:\/\/yoast.com\/product\/yoast-seo-wordpress\/ -->\n<title>ABC set - Naklada Panda<\/title>\n<meta name=\"robots\" content=\"noindex, follow, max-snippet:-1, max-image-preview:large, max-video-preview:-1\" \/>\n<meta property=\"og:locale\" content=\"hr_HR\" \/>\n<meta property=\"og:type\" content=\"article\" \/>\n<meta property=\"og:title\" content=\"ABC set - Naklada Panda\" \/>\n<meta property=\"og:description\" content=\"Dopustite djeci da u\u017eivaju u igri sa slovima! Ova velika slova (uppercase) mogu se koristiti kao \u0161ablone za crtanje i bojanje u temama oko njih. Tako\u0111er se mogu koristiti u igrama pismenosti, kao dekoracija na prozorima ili bijelim plo\u010dama, ili za izradu vlastitih personaliziranih znakova. Idealno za kori\u0161tenje na svjetlosnom stolu. Ref.: 899 \u2013 Velika slova u prozirnom \u0161arenom plastiku, u kutiji (18 x 23,5 x 2,5 cm). Ref.: 769 \u2013 Mala slova (lower-case) u prozirnom \u0161arenom plastiku, koja se mogu kombinirati s velikim slovima, u plasti\u010dnoj kutiji (18 x 23,5 x 2,5 cm).\" \/>\n<meta property=\"og:url\" content=\"https:\/\/webshop.nakladapanda.hr\/?product=abc-set-2\" \/>\n<meta property=\"og:site_name\" content=\"Naklada Panda\" \/>\n<meta property=\"og:image\" content=\"https:\/\/webshop.nakladapanda.hr\/wp-content\/uploads\/2026\/01\/HE899.webp\" \/>\n\t<meta property=\"og:image:width\" content=\"1920\" \/>\n\t<meta property=\"og:image:height\" content=\"1273\" \/>\n\t<meta property=\"og:image:type\" content=\"image\/webp\" \/>\n<meta name=\"twitter:card\" content=\"summary_large_image\" \/>\n<script type=\"application\/ld+json\" class=\"yoast-schema-graph\">{\"@context\":\"https:\/\/schema.org\",\"@graph\":[{\"@type\":\"WebPage\",\"@id\":\"https:\/\/webshop.nakladapanda.hr\/?product=abc-set-2\",\"url\":\"https:\/\/webshop.nakladapanda.hr\/?product=abc-set-2\",\"name\":\"ABC set - Naklada Panda\",\"isPartOf\":{\"@id\":\"https:\/\/webshop.nakladapanda.hr\/#website\"},\"primaryImageOfPage\":{\"@id\":\"https:\/\/webshop.nakladapanda.hr\/?product=abc-set-2#primaryimage\"},\"image\":{\"@id\":\"https:\/\/webshop.nakladapanda.hr\/?product=abc-set-2#primaryimage\"},\"thumbnailUrl\":\"https:\/\/webshop.nakladapanda.hr\/wp-content\/uploads\/2026\/01\/HE899.webp\",\"datePublished\":\"2026-01-27T09:53:33+00:00\",\"breadcrumb\":{\"@id\":\"https:\/\/webshop.nakladapanda.hr\/?product=abc-set-2#breadcrumb\"},\"inLanguage\":\"hr\",\"potentialAction\":[{\"@type\":\"ReadAction\",\"target\":[\"https:\/\/webshop.nakladapanda.hr\/?product=abc-set-2\"]}]},{\"@type\":\"ImageObject\",\"inLanguage\":\"hr\",\"@id\":\"https:\/\/webshop.nakladapanda.hr\/?product=abc-set-2#primaryimage\",\"url\":\"https:\/\/webshop.nakladapanda.hr\/wp-content\/uploads\/2026\/01\/HE899.webp\",\"contentUrl\":\"https:\/\/webshop.nakladapanda.hr\/wp-content\/uploads\/2026\/01\/HE899.webp\",\"width\":1920,\"height\":1273},{\"@type\":\"BreadcrumbList\",\"@id\":\"https:\/\/webshop.nakladapanda.hr\/?product=abc-set-2#breadcrumb\",\"itemListElement\":[{\"@type\":\"ListItem\",\"position\":1,\"name\":\"Home\",\"item\":\"https:\/\/webshop.nakladapanda.hr\/\"},{\"@type\":\"ListItem\",\"position\":2,\"name\":\"Products\",\"item\":\"https:\/\/webshop.nakladapanda.hr\/?post_type=product\"},{\"@type\":\"ListItem\",\"position\":3,\"name\":\"ABC set\"}]},{\"@type\":\"WebSite\",\"@id\":\"https:\/\/webshop.nakladapanda.hr\/#website\",\"url\":\"https:\/\/webshop.nakladapanda.hr\/\",\"name\":\"Naklada Panda\",\"description\":\"\",\"publisher\":{\"@id\":\"https:\/\/webshop.nakladapanda.hr\/#organization\"},\"potentialAction\":[{\"@type\":\"SearchAction\",\"target\":{\"@type\":\"EntryPoint\",\"urlTemplate\":\"https:\/\/webshop.nakladapanda.hr\/?s={search_term_string}\"},\"query-input\":{\"@type\":\"PropertyValueSpecification\",\"valueRequired\":true,\"valueName\":\"search_term_string\"}}],\"inLanguage\":\"hr\"},{\"@type\":\"Organization\",\"@id\":\"https:\/\/webshop.nakladapanda.hr\/#organization\",\"name\":\"Naklada Panda\",\"url\":\"https:\/\/webshop.nakladapanda.hr\/\",\"logo\":{\"@type\":\"ImageObject\",\"inLanguage\":\"hr\",\"@id\":\"https:\/\/webshop.nakladapanda.hr\/#\/schema\/logo\/image\/\",\"url\":\"https:\/\/webshop.nakladapanda.hr\/wp-content\/uploads\/2025\/12\/naklada-panda-logo.png\",\"contentUrl\":\"https:\/\/webshop.nakladapanda.hr\/wp-content\/uploads\/2025\/12\/naklada-panda-logo.png\",\"width\":643,\"height\":244,\"caption\":\"Naklada Panda\"},\"image\":{\"@id\":\"https:\/\/webshop.nakladapanda.hr\/#\/schema\/logo\/image\/\"}}]}<\/script>\n<!-- \/ Yoast SEO plugin. -->","yoast_head_json":{"title":"ABC set - Naklada Panda","robots":{"index":"noindex","follow":"follow","max-snippet":"max-snippet:-1","max-image-preview":"max-image-preview:large","max-video-preview":"max-video-preview:-1"},"og_locale":"hr_HR","og_type":"article","og_title":"ABC set - Naklada Panda","og_description":"Dopustite djeci da u\u017eivaju u igri sa slovima! Ova velika slova (uppercase) mogu se koristiti kao \u0161ablone za crtanje i bojanje u temama oko njih. Tako\u0111er se mogu koristiti u igrama pismenosti, kao dekoracija na prozorima ili bijelim plo\u010dama, ili za izradu vlastitih personaliziranih znakova. Idealno za kori\u0161tenje na svjetlosnom stolu. Ref.: 899 \u2013 Velika slova u prozirnom \u0161arenom plastiku, u kutiji (18 x 23,5 x 2,5 cm). Ref.: 769 \u2013 Mala slova (lower-case) u prozirnom \u0161arenom plastiku, koja se mogu kombinirati s velikim slovima, u plasti\u010dnoj kutiji (18 x 23,5 x 2,5 cm).","og_url":"https:\/\/webshop.nakladapanda.hr\/?product=abc-set-2","og_site_name":"Naklada Panda","og_image":[{"width":1920,"height":1273,"url":"https:\/\/webshop.nakladapanda.hr\/wp-content\/uploads\/2026\/01\/HE899.webp","type":"image\/webp"}],"twitter_card":"summary_large_image","schema":{"@context":"https:\/\/schema.org","@graph":[{"@type":"WebPage","@id":"https:\/\/webshop.nakladapanda.hr\/?product=abc-set-2","url":"https:\/\/webshop.nakladapanda.hr\/?product=abc-set-2","name":"ABC set - Naklada Panda","isPartOf":{"@id":"https:\/\/webshop.nakladapanda.hr\/#website"},"primaryImageOfPage":{"@id":"https:\/\/webshop.nakladapanda.hr\/?product=abc-set-2#primaryimage"},"image":{"@id":"https:\/\/webshop.nakladapanda.hr\/?product=abc-set-2#primaryimage"},"thumbnailUrl":"https:\/\/webshop.nakladapanda.hr\/wp-content\/uploads\/2026\/01\/HE899.webp","datePublished":"2026-01-27T09:53:33+00:00","breadcrumb":{"@id":"https:\/\/webshop.nakladapanda.hr\/?product=abc-set-2#breadcrumb"},"inLanguage":"hr","potentialAction":[{"@type":"ReadAction","target":["https:\/\/webshop.nakladapanda.hr\/?product=abc-set-2"]}]},{"@type":"ImageObject","inLanguage":"hr","@id":"https:\/\/webshop.nakladapanda.hr\/?product=abc-set-2#primaryimage","url":"https:\/\/webshop.nakladapanda.hr\/wp-content\/uploads\/2026\/01\/HE899.webp","contentUrl":"https:\/\/webshop.nakladapanda.hr\/wp-content\/uploads\/2026\/01\/HE899.webp","width":1920,"height":1273},{"@type":"BreadcrumbList","@id":"https:\/\/webshop.nakladapanda.hr\/?product=abc-set-2#breadcrumb","itemListElement":[{"@type":"ListItem","position":1,"name":"Home","item":"https:\/\/webshop.nakladapanda.hr\/"},{"@type":"ListItem","position":2,"name":"Products","item":"https:\/\/webshop.nakladapanda.hr\/?post_type=product"},{"@type":"ListItem","position":3,"name":"ABC set"}]},{"@type":"WebSite","@id":"https:\/\/webshop.nakladapanda.hr\/#website","url":"https:\/\/webshop.nakladapanda.hr\/","name":"Naklada Panda","description":"","publisher":{"@id":"https:\/\/webshop.nakladapanda.hr\/#organization"},"potentialAction":[{"@type":"SearchAction","target":{"@type":"EntryPoint","urlTemplate":"https:\/\/webshop.nakladapanda.hr\/?s={search_term_string}"},"query-input":{"@type":"PropertyValueSpecification","valueRequired":true,"valueName":"search_term_string"}}],"inLanguage":"hr"},{"@type":"Organization","@id":"https:\/\/webshop.nakladapanda.hr\/#organization","name":"Naklada Panda","url":"https:\/\/webshop.nakladapanda.hr\/","logo":{"@type":"ImageObject","inLanguage":"hr","@id":"https:\/\/webshop.nakladapanda.hr\/#\/schema\/logo\/image\/","url":"https:\/\/webshop.nakladapanda.hr\/wp-content\/uploads\/2025\/12\/naklada-panda-logo.png","contentUrl":"https:\/\/webshop.nakladapanda.hr\/wp-content\/uploads\/2025\/12\/naklada-panda-logo.png","width":643,"height":244,"caption":"Naklada Panda"},"image":{"@id":"https:\/\/webshop.nakladapanda.hr\/#\/schema\/logo\/image\/"}}]}},"_links":{"self":[{"href":"https:\/\/webshop.nakladapanda.hr\/index.php?rest_route=\/wp\/v2\/product\/803","targetHints":{"allow":["GET"]}}],"collection":[{"href":"https:\/\/webshop.nakladapanda.hr\/index.php?rest_route=\/wp\/v2\/product"}],"about":[{"href":"https:\/\/webshop.nakladapanda.hr\/index.php?rest_route=\/wp\/v2\/types\/product"}],"wp:featuredmedia":[{"embeddable":true,"href":"https:\/\/webshop.nakladapanda.hr\/index.php?rest_route=\/wp\/v2\/media\/679"}],"wp:attachment":[{"href":"https:\/\/webshop.nakladapanda.hr\/index.php?rest_route=%2Fwp%2Fv2%2Fmedia&parent=803"}],"wp:term":[{"taxonomy":"product_brand","embeddable":true,"href":"https:\/\/webshop.nakladapanda.hr\/index.php?rest_route=%2Fwp%2Fv2%2Fproduct_brand&post=803"},{"taxonomy":"product_cat","embeddable":true,"href":"https:\/\/webshop.nakladapanda.hr\/index.php?rest_route=%2Fwp%2Fv2%2Fproduct_cat&post=803"},{"taxonomy":"product_tag","embeddable":true,"href":"https:\/\/webshop.nakladapanda.hr\/index.php?rest_route=%2Fwp%2Fv2%2Fproduct_tag&post=803"}],"curies":[{"name":"wp","href":"https:\/\/api.w.org\/{rel}","templated":true}]}}