{"id":802,"date":"2026-01-27T09:53:33","date_gmt":"2026-01-27T09:53:33","guid":{"rendered":"https:\/\/webshop.nakladapanda.hr\/?product=godisnja-doba"},"modified":"2026-01-27T09:53:33","modified_gmt":"2026-01-27T09:53:33","slug":"godisnja-doba","status":"publish","type":"product","link":"https:\/\/webshop.nakladapanda.hr\/?product=godisnja-doba","title":{"rendered":"Godi\u0161nja doba"},"content":{"rendered":"","protected":false},"excerpt":{"rendered":"<p>Set od \u010detiri velika stabla koja predstavljaju svako godi\u0161nje doba, sa pripadaju\u0107im predmetima na interaktivnim krugovima koje se mogu stavljati i skidati.<br \/>\nZimsko stablo je bo\u017ei\u0107no drvce koje se mo\u017ee ukrasiti snje\u017enim pahuljama ili bo\u017ei\u0107nim kuglicama.<br \/>\nKartice s nazivom za svako stablo su prazne, tako da u\u010ditelj mo\u017ee napisati ime svakog godi\u0161njeg doba.<br \/>\nSadr\u017eaj:<br \/>\n4 stabla<br \/>\n4 kartice s nazivom<br \/>\n28 krugova<br \/>\nSamoljepljivi velcro pri\u010dvr\u0161\u0107iva\u010di<br \/>\nSvako stablo i kartica s nazivom imaju plasti\u010dnu povr\u0161inu za suho brisanje.<\/p>\n","protected":false},"featured_media":678,"template":"","meta":[],"product_brand":[46],"product_cat":[39],"product_tag":[],"class_list":{"0":"post-802","1":"product","2":"type-product","3":"status-publish","4":"has-post-thumbnail","6":"product_brand-henbea","7":"product_cat-senzorni-kutak","9":"first","10":"instock","11":"shipping-taxable","12":"purchasable","13":"product-type-simple"},"yoast_head":"<!-- This site is optimized with the Yoast SEO plugin v26.8 - https:\/\/yoast.com\/product\/yoast-seo-wordpress\/ -->\n<title>Godi\u0161nja doba - Naklada Panda<\/title>\n<meta name=\"robots\" content=\"noindex, follow, max-snippet:-1, max-image-preview:large, max-video-preview:-1\" \/>\n<meta property=\"og:locale\" content=\"hr_HR\" \/>\n<meta property=\"og:type\" content=\"article\" \/>\n<meta property=\"og:title\" content=\"Godi\u0161nja doba - Naklada Panda\" \/>\n<meta property=\"og:description\" content=\"Set od \u010detiri velika stabla koja predstavljaju svako godi\u0161nje doba, sa pripadaju\u0107im predmetima na interaktivnim krugovima koje se mogu stavljati i skidati. Zimsko stablo je bo\u017ei\u0107no drvce koje se mo\u017ee ukrasiti snje\u017enim pahuljama ili bo\u017ei\u0107nim kuglicama. Kartice s nazivom za svako stablo su prazne, tako da u\u010ditelj mo\u017ee napisati ime svakog godi\u0161njeg doba. Sadr\u017eaj: 4 stabla 4 kartice s nazivom 28 krugova Samoljepljivi velcro pri\u010dvr\u0161\u0107iva\u010di Svako stablo i kartica s nazivom imaju plasti\u010dnu povr\u0161inu za suho brisanje.\" \/>\n<meta property=\"og:url\" content=\"https:\/\/webshop.nakladapanda.hr\/?product=godisnja-doba\" \/>\n<meta property=\"og:site_name\" content=\"Naklada Panda\" \/>\n<meta property=\"og:image\" content=\"https:\/\/webshop.nakladapanda.hr\/wp-content\/uploads\/2026\/01\/HE870-scaled.webp\" \/>\n\t<meta property=\"og:image:width\" content=\"1907\" \/>\n\t<meta property=\"og:image:height\" content=\"2560\" \/>\n\t<meta property=\"og:image:type\" content=\"image\/webp\" \/>\n<meta name=\"twitter:card\" content=\"summary_large_image\" \/>\n<script type=\"application\/ld+json\" class=\"yoast-schema-graph\">{\"@context\":\"https:\/\/schema.org\",\"@graph\":[{\"@type\":\"WebPage\",\"@id\":\"https:\/\/webshop.nakladapanda.hr\/?product=godisnja-doba\",\"url\":\"https:\/\/webshop.nakladapanda.hr\/?product=godisnja-doba\",\"name\":\"Godi\u0161nja doba - Naklada Panda\",\"isPartOf\":{\"@id\":\"https:\/\/webshop.nakladapanda.hr\/#website\"},\"primaryImageOfPage\":{\"@id\":\"https:\/\/webshop.nakladapanda.hr\/?product=godisnja-doba#primaryimage\"},\"image\":{\"@id\":\"https:\/\/webshop.nakladapanda.hr\/?product=godisnja-doba#primaryimage\"},\"thumbnailUrl\":\"https:\/\/webshop.nakladapanda.hr\/wp-content\/uploads\/2026\/01\/HE870-scaled.webp\",\"datePublished\":\"2026-01-27T09:53:33+00:00\",\"breadcrumb\":{\"@id\":\"https:\/\/webshop.nakladapanda.hr\/?product=godisnja-doba#breadcrumb\"},\"inLanguage\":\"hr\",\"potentialAction\":[{\"@type\":\"ReadAction\",\"target\":[\"https:\/\/webshop.nakladapanda.hr\/?product=godisnja-doba\"]}]},{\"@type\":\"ImageObject\",\"inLanguage\":\"hr\",\"@id\":\"https:\/\/webshop.nakladapanda.hr\/?product=godisnja-doba#primaryimage\",\"url\":\"https:\/\/webshop.nakladapanda.hr\/wp-content\/uploads\/2026\/01\/HE870-scaled.webp\",\"contentUrl\":\"https:\/\/webshop.nakladapanda.hr\/wp-content\/uploads\/2026\/01\/HE870-scaled.webp\",\"width\":1907,\"height\":2560},{\"@type\":\"BreadcrumbList\",\"@id\":\"https:\/\/webshop.nakladapanda.hr\/?product=godisnja-doba#breadcrumb\",\"itemListElement\":[{\"@type\":\"ListItem\",\"position\":1,\"name\":\"Home\",\"item\":\"https:\/\/webshop.nakladapanda.hr\/\"},{\"@type\":\"ListItem\",\"position\":2,\"name\":\"Products\",\"item\":\"https:\/\/webshop.nakladapanda.hr\/?post_type=product\"},{\"@type\":\"ListItem\",\"position\":3,\"name\":\"Godi\u0161nja doba\"}]},{\"@type\":\"WebSite\",\"@id\":\"https:\/\/webshop.nakladapanda.hr\/#website\",\"url\":\"https:\/\/webshop.nakladapanda.hr\/\",\"name\":\"Naklada Panda\",\"description\":\"\",\"publisher\":{\"@id\":\"https:\/\/webshop.nakladapanda.hr\/#organization\"},\"potentialAction\":[{\"@type\":\"SearchAction\",\"target\":{\"@type\":\"EntryPoint\",\"urlTemplate\":\"https:\/\/webshop.nakladapanda.hr\/?s={search_term_string}\"},\"query-input\":{\"@type\":\"PropertyValueSpecification\",\"valueRequired\":true,\"valueName\":\"search_term_string\"}}],\"inLanguage\":\"hr\"},{\"@type\":\"Organization\",\"@id\":\"https:\/\/webshop.nakladapanda.hr\/#organization\",\"name\":\"Naklada Panda\",\"url\":\"https:\/\/webshop.nakladapanda.hr\/\",\"logo\":{\"@type\":\"ImageObject\",\"inLanguage\":\"hr\",\"@id\":\"https:\/\/webshop.nakladapanda.hr\/#\/schema\/logo\/image\/\",\"url\":\"https:\/\/webshop.nakladapanda.hr\/wp-content\/uploads\/2025\/12\/naklada-panda-logo.png\",\"contentUrl\":\"https:\/\/webshop.nakladapanda.hr\/wp-content\/uploads\/2025\/12\/naklada-panda-logo.png\",\"width\":643,\"height\":244,\"caption\":\"Naklada Panda\"},\"image\":{\"@id\":\"https:\/\/webshop.nakladapanda.hr\/#\/schema\/logo\/image\/\"}}]}<\/script>\n<!-- \/ Yoast SEO plugin. -->","yoast_head_json":{"title":"Godi\u0161nja doba - Naklada Panda","robots":{"index":"noindex","follow":"follow","max-snippet":"max-snippet:-1","max-image-preview":"max-image-preview:large","max-video-preview":"max-video-preview:-1"},"og_locale":"hr_HR","og_type":"article","og_title":"Godi\u0161nja doba - Naklada Panda","og_description":"Set od \u010detiri velika stabla koja predstavljaju svako godi\u0161nje doba, sa pripadaju\u0107im predmetima na interaktivnim krugovima koje se mogu stavljati i skidati. Zimsko stablo je bo\u017ei\u0107no drvce koje se mo\u017ee ukrasiti snje\u017enim pahuljama ili bo\u017ei\u0107nim kuglicama. Kartice s nazivom za svako stablo su prazne, tako da u\u010ditelj mo\u017ee napisati ime svakog godi\u0161njeg doba. Sadr\u017eaj: 4 stabla 4 kartice s nazivom 28 krugova Samoljepljivi velcro pri\u010dvr\u0161\u0107iva\u010di Svako stablo i kartica s nazivom imaju plasti\u010dnu povr\u0161inu za suho brisanje.","og_url":"https:\/\/webshop.nakladapanda.hr\/?product=godisnja-doba","og_site_name":"Naklada Panda","og_image":[{"width":1907,"height":2560,"url":"https:\/\/webshop.nakladapanda.hr\/wp-content\/uploads\/2026\/01\/HE870-scaled.webp","type":"image\/webp"}],"twitter_card":"summary_large_image","schema":{"@context":"https:\/\/schema.org","@graph":[{"@type":"WebPage","@id":"https:\/\/webshop.nakladapanda.hr\/?product=godisnja-doba","url":"https:\/\/webshop.nakladapanda.hr\/?product=godisnja-doba","name":"Godi\u0161nja doba - Naklada Panda","isPartOf":{"@id":"https:\/\/webshop.nakladapanda.hr\/#website"},"primaryImageOfPage":{"@id":"https:\/\/webshop.nakladapanda.hr\/?product=godisnja-doba#primaryimage"},"image":{"@id":"https:\/\/webshop.nakladapanda.hr\/?product=godisnja-doba#primaryimage"},"thumbnailUrl":"https:\/\/webshop.nakladapanda.hr\/wp-content\/uploads\/2026\/01\/HE870-scaled.webp","datePublished":"2026-01-27T09:53:33+00:00","breadcrumb":{"@id":"https:\/\/webshop.nakladapanda.hr\/?product=godisnja-doba#breadcrumb"},"inLanguage":"hr","potentialAction":[{"@type":"ReadAction","target":["https:\/\/webshop.nakladapanda.hr\/?product=godisnja-doba"]}]},{"@type":"ImageObject","inLanguage":"hr","@id":"https:\/\/webshop.nakladapanda.hr\/?product=godisnja-doba#primaryimage","url":"https:\/\/webshop.nakladapanda.hr\/wp-content\/uploads\/2026\/01\/HE870-scaled.webp","contentUrl":"https:\/\/webshop.nakladapanda.hr\/wp-content\/uploads\/2026\/01\/HE870-scaled.webp","width":1907,"height":2560},{"@type":"BreadcrumbList","@id":"https:\/\/webshop.nakladapanda.hr\/?product=godisnja-doba#breadcrumb","itemListElement":[{"@type":"ListItem","position":1,"name":"Home","item":"https:\/\/webshop.nakladapanda.hr\/"},{"@type":"ListItem","position":2,"name":"Products","item":"https:\/\/webshop.nakladapanda.hr\/?post_type=product"},{"@type":"ListItem","position":3,"name":"Godi\u0161nja doba"}]},{"@type":"WebSite","@id":"https:\/\/webshop.nakladapanda.hr\/#website","url":"https:\/\/webshop.nakladapanda.hr\/","name":"Naklada Panda","description":"","publisher":{"@id":"https:\/\/webshop.nakladapanda.hr\/#organization"},"potentialAction":[{"@type":"SearchAction","target":{"@type":"EntryPoint","urlTemplate":"https:\/\/webshop.nakladapanda.hr\/?s={search_term_string}"},"query-input":{"@type":"PropertyValueSpecification","valueRequired":true,"valueName":"search_term_string"}}],"inLanguage":"hr"},{"@type":"Organization","@id":"https:\/\/webshop.nakladapanda.hr\/#organization","name":"Naklada Panda","url":"https:\/\/webshop.nakladapanda.hr\/","logo":{"@type":"ImageObject","inLanguage":"hr","@id":"https:\/\/webshop.nakladapanda.hr\/#\/schema\/logo\/image\/","url":"https:\/\/webshop.nakladapanda.hr\/wp-content\/uploads\/2025\/12\/naklada-panda-logo.png","contentUrl":"https:\/\/webshop.nakladapanda.hr\/wp-content\/uploads\/2025\/12\/naklada-panda-logo.png","width":643,"height":244,"caption":"Naklada Panda"},"image":{"@id":"https:\/\/webshop.nakladapanda.hr\/#\/schema\/logo\/image\/"}}]}},"_links":{"self":[{"href":"https:\/\/webshop.nakladapanda.hr\/index.php?rest_route=\/wp\/v2\/product\/802","targetHints":{"allow":["GET"]}}],"collection":[{"href":"https:\/\/webshop.nakladapanda.hr\/index.php?rest_route=\/wp\/v2\/product"}],"about":[{"href":"https:\/\/webshop.nakladapanda.hr\/index.php?rest_route=\/wp\/v2\/types\/product"}],"wp:featuredmedia":[{"embeddable":true,"href":"https:\/\/webshop.nakladapanda.hr\/index.php?rest_route=\/wp\/v2\/media\/678"}],"wp:attachment":[{"href":"https:\/\/webshop.nakladapanda.hr\/index.php?rest_route=%2Fwp%2Fv2%2Fmedia&parent=802"}],"wp:term":[{"taxonomy":"product_brand","embeddable":true,"href":"https:\/\/webshop.nakladapanda.hr\/index.php?rest_route=%2Fwp%2Fv2%2Fproduct_brand&post=802"},{"taxonomy":"product_cat","embeddable":true,"href":"https:\/\/webshop.nakladapanda.hr\/index.php?rest_route=%2Fwp%2Fv2%2Fproduct_cat&post=802"},{"taxonomy":"product_tag","embeddable":true,"href":"https:\/\/webshop.nakladapanda.hr\/index.php?rest_route=%2Fwp%2Fv2%2Fproduct_tag&post=802"}],"curies":[{"name":"wp","href":"https:\/\/api.w.org\/{rel}","templated":true}]}}