{"id":786,"date":"2026-01-27T09:53:30","date_gmt":"2026-01-27T09:53:30","guid":{"rendered":"https:\/\/webshop.nakladapanda.hr\/?product=igre-na-svjetlosnom-stolu"},"modified":"2026-01-27T09:53:30","modified_gmt":"2026-01-27T09:53:30","slug":"igre-na-svjetlosnom-stolu","status":"publish","type":"product","link":"https:\/\/webshop.nakladapanda.hr\/?product=igre-na-svjetlosnom-stolu","title":{"rendered":"Igre na svjetlosnom stolu"},"content":{"rendered":"","protected":false},"excerpt":{"rendered":"<p>7 HenBea igara i \u0161ablona za sate zabavne i edukativne igre na svjetlosnom stolu! Tako\u0111er se mogu koristiti kao nastavno pomagalo.<br \/>\nSadr\u017ei:<br \/>\nREF: 934 \u2013 Obojene lopatice (2)<br \/>\nREF: 773 \u2013 Siluete brojeva (10) (u kutiji)<br \/>\nREF: 1014 \u2013 Geometrijski oblici (12)<br \/>\nREF: 869 \u2013 Maxi-Meteo, veliki vremenski oblici (41)<br \/>\nREF: 879 \u2013 Mandala od plastelina<br \/>\nREF: 914 \u2013 \u0160ablone morskih \u017eivotinja (6)<br \/>\nREF: 1092 \u2013 26 malih tiskanih slova (abeceda)<\/p>\n","protected":false},"featured_media":684,"template":"","meta":[],"product_brand":[46],"product_cat":[39],"product_tag":[],"class_list":{"0":"post-786","1":"product","2":"type-product","3":"status-publish","4":"has-post-thumbnail","6":"product_brand-henbea","7":"product_cat-senzorni-kutak","9":"first","10":"instock","11":"shipping-taxable","12":"purchasable","13":"product-type-simple"},"yoast_head":"<!-- This site is optimized with the Yoast SEO plugin v26.8 - https:\/\/yoast.com\/product\/yoast-seo-wordpress\/ -->\n<title>Igre na svjetlosnom stolu - Naklada Panda<\/title>\n<meta name=\"robots\" content=\"noindex, follow, max-snippet:-1, max-image-preview:large, max-video-preview:-1\" \/>\n<meta property=\"og:locale\" content=\"hr_HR\" \/>\n<meta property=\"og:type\" content=\"article\" \/>\n<meta property=\"og:title\" content=\"Igre na svjetlosnom stolu - Naklada Panda\" \/>\n<meta property=\"og:description\" content=\"7 HenBea igara i \u0161ablona za sate zabavne i edukativne igre na svjetlosnom stolu! Tako\u0111er se mogu koristiti kao nastavno pomagalo. Sadr\u017ei: REF: 934 \u2013 Obojene lopatice (2) REF: 773 \u2013 Siluete brojeva (10) (u kutiji) REF: 1014 \u2013 Geometrijski oblici (12) REF: 869 \u2013 Maxi-Meteo, veliki vremenski oblici (41) REF: 879 \u2013 Mandala od plastelina REF: 914 \u2013 \u0160ablone morskih \u017eivotinja (6) REF: 1092 \u2013 26 malih tiskanih slova (abeceda)\" \/>\n<meta property=\"og:url\" content=\"https:\/\/webshop.nakladapanda.hr\/?product=igre-na-svjetlosnom-stolu\" \/>\n<meta property=\"og:site_name\" content=\"Naklada Panda\" \/>\n<meta property=\"og:image\" content=\"https:\/\/webshop.nakladapanda.hr\/wp-content\/uploads\/2026\/01\/HE1007-scaled.webp\" \/>\n\t<meta property=\"og:image:width\" content=\"1902\" \/>\n\t<meta property=\"og:image:height\" content=\"2560\" \/>\n\t<meta property=\"og:image:type\" content=\"image\/webp\" \/>\n<meta name=\"twitter:card\" content=\"summary_large_image\" \/>\n<script type=\"application\/ld+json\" class=\"yoast-schema-graph\">{\"@context\":\"https:\/\/schema.org\",\"@graph\":[{\"@type\":\"WebPage\",\"@id\":\"https:\/\/webshop.nakladapanda.hr\/?product=igre-na-svjetlosnom-stolu\",\"url\":\"https:\/\/webshop.nakladapanda.hr\/?product=igre-na-svjetlosnom-stolu\",\"name\":\"Igre na svjetlosnom stolu - Naklada Panda\",\"isPartOf\":{\"@id\":\"https:\/\/webshop.nakladapanda.hr\/#website\"},\"primaryImageOfPage\":{\"@id\":\"https:\/\/webshop.nakladapanda.hr\/?product=igre-na-svjetlosnom-stolu#primaryimage\"},\"image\":{\"@id\":\"https:\/\/webshop.nakladapanda.hr\/?product=igre-na-svjetlosnom-stolu#primaryimage\"},\"thumbnailUrl\":\"https:\/\/webshop.nakladapanda.hr\/wp-content\/uploads\/2026\/01\/HE1007-scaled.webp\",\"datePublished\":\"2026-01-27T09:53:30+00:00\",\"breadcrumb\":{\"@id\":\"https:\/\/webshop.nakladapanda.hr\/?product=igre-na-svjetlosnom-stolu#breadcrumb\"},\"inLanguage\":\"hr\",\"potentialAction\":[{\"@type\":\"ReadAction\",\"target\":[\"https:\/\/webshop.nakladapanda.hr\/?product=igre-na-svjetlosnom-stolu\"]}]},{\"@type\":\"ImageObject\",\"inLanguage\":\"hr\",\"@id\":\"https:\/\/webshop.nakladapanda.hr\/?product=igre-na-svjetlosnom-stolu#primaryimage\",\"url\":\"https:\/\/webshop.nakladapanda.hr\/wp-content\/uploads\/2026\/01\/HE1007-scaled.webp\",\"contentUrl\":\"https:\/\/webshop.nakladapanda.hr\/wp-content\/uploads\/2026\/01\/HE1007-scaled.webp\",\"width\":1902,\"height\":2560},{\"@type\":\"BreadcrumbList\",\"@id\":\"https:\/\/webshop.nakladapanda.hr\/?product=igre-na-svjetlosnom-stolu#breadcrumb\",\"itemListElement\":[{\"@type\":\"ListItem\",\"position\":1,\"name\":\"Home\",\"item\":\"https:\/\/webshop.nakladapanda.hr\/\"},{\"@type\":\"ListItem\",\"position\":2,\"name\":\"Products\",\"item\":\"https:\/\/webshop.nakladapanda.hr\/?post_type=product\"},{\"@type\":\"ListItem\",\"position\":3,\"name\":\"Igre na svjetlosnom stolu\"}]},{\"@type\":\"WebSite\",\"@id\":\"https:\/\/webshop.nakladapanda.hr\/#website\",\"url\":\"https:\/\/webshop.nakladapanda.hr\/\",\"name\":\"Naklada Panda\",\"description\":\"\",\"publisher\":{\"@id\":\"https:\/\/webshop.nakladapanda.hr\/#organization\"},\"potentialAction\":[{\"@type\":\"SearchAction\",\"target\":{\"@type\":\"EntryPoint\",\"urlTemplate\":\"https:\/\/webshop.nakladapanda.hr\/?s={search_term_string}\"},\"query-input\":{\"@type\":\"PropertyValueSpecification\",\"valueRequired\":true,\"valueName\":\"search_term_string\"}}],\"inLanguage\":\"hr\"},{\"@type\":\"Organization\",\"@id\":\"https:\/\/webshop.nakladapanda.hr\/#organization\",\"name\":\"Naklada Panda\",\"url\":\"https:\/\/webshop.nakladapanda.hr\/\",\"logo\":{\"@type\":\"ImageObject\",\"inLanguage\":\"hr\",\"@id\":\"https:\/\/webshop.nakladapanda.hr\/#\/schema\/logo\/image\/\",\"url\":\"https:\/\/webshop.nakladapanda.hr\/wp-content\/uploads\/2025\/12\/naklada-panda-logo.png\",\"contentUrl\":\"https:\/\/webshop.nakladapanda.hr\/wp-content\/uploads\/2025\/12\/naklada-panda-logo.png\",\"width\":643,\"height\":244,\"caption\":\"Naklada Panda\"},\"image\":{\"@id\":\"https:\/\/webshop.nakladapanda.hr\/#\/schema\/logo\/image\/\"}}]}<\/script>\n<!-- \/ Yoast SEO plugin. -->","yoast_head_json":{"title":"Igre na svjetlosnom stolu - Naklada Panda","robots":{"index":"noindex","follow":"follow","max-snippet":"max-snippet:-1","max-image-preview":"max-image-preview:large","max-video-preview":"max-video-preview:-1"},"og_locale":"hr_HR","og_type":"article","og_title":"Igre na svjetlosnom stolu - Naklada Panda","og_description":"7 HenBea igara i \u0161ablona za sate zabavne i edukativne igre na svjetlosnom stolu! Tako\u0111er se mogu koristiti kao nastavno pomagalo. Sadr\u017ei: REF: 934 \u2013 Obojene lopatice (2) REF: 773 \u2013 Siluete brojeva (10) (u kutiji) REF: 1014 \u2013 Geometrijski oblici (12) REF: 869 \u2013 Maxi-Meteo, veliki vremenski oblici (41) REF: 879 \u2013 Mandala od plastelina REF: 914 \u2013 \u0160ablone morskih \u017eivotinja (6) REF: 1092 \u2013 26 malih tiskanih slova (abeceda)","og_url":"https:\/\/webshop.nakladapanda.hr\/?product=igre-na-svjetlosnom-stolu","og_site_name":"Naklada Panda","og_image":[{"width":1902,"height":2560,"url":"https:\/\/webshop.nakladapanda.hr\/wp-content\/uploads\/2026\/01\/HE1007-scaled.webp","type":"image\/webp"}],"twitter_card":"summary_large_image","schema":{"@context":"https:\/\/schema.org","@graph":[{"@type":"WebPage","@id":"https:\/\/webshop.nakladapanda.hr\/?product=igre-na-svjetlosnom-stolu","url":"https:\/\/webshop.nakladapanda.hr\/?product=igre-na-svjetlosnom-stolu","name":"Igre na svjetlosnom stolu - Naklada Panda","isPartOf":{"@id":"https:\/\/webshop.nakladapanda.hr\/#website"},"primaryImageOfPage":{"@id":"https:\/\/webshop.nakladapanda.hr\/?product=igre-na-svjetlosnom-stolu#primaryimage"},"image":{"@id":"https:\/\/webshop.nakladapanda.hr\/?product=igre-na-svjetlosnom-stolu#primaryimage"},"thumbnailUrl":"https:\/\/webshop.nakladapanda.hr\/wp-content\/uploads\/2026\/01\/HE1007-scaled.webp","datePublished":"2026-01-27T09:53:30+00:00","breadcrumb":{"@id":"https:\/\/webshop.nakladapanda.hr\/?product=igre-na-svjetlosnom-stolu#breadcrumb"},"inLanguage":"hr","potentialAction":[{"@type":"ReadAction","target":["https:\/\/webshop.nakladapanda.hr\/?product=igre-na-svjetlosnom-stolu"]}]},{"@type":"ImageObject","inLanguage":"hr","@id":"https:\/\/webshop.nakladapanda.hr\/?product=igre-na-svjetlosnom-stolu#primaryimage","url":"https:\/\/webshop.nakladapanda.hr\/wp-content\/uploads\/2026\/01\/HE1007-scaled.webp","contentUrl":"https:\/\/webshop.nakladapanda.hr\/wp-content\/uploads\/2026\/01\/HE1007-scaled.webp","width":1902,"height":2560},{"@type":"BreadcrumbList","@id":"https:\/\/webshop.nakladapanda.hr\/?product=igre-na-svjetlosnom-stolu#breadcrumb","itemListElement":[{"@type":"ListItem","position":1,"name":"Home","item":"https:\/\/webshop.nakladapanda.hr\/"},{"@type":"ListItem","position":2,"name":"Products","item":"https:\/\/webshop.nakladapanda.hr\/?post_type=product"},{"@type":"ListItem","position":3,"name":"Igre na svjetlosnom stolu"}]},{"@type":"WebSite","@id":"https:\/\/webshop.nakladapanda.hr\/#website","url":"https:\/\/webshop.nakladapanda.hr\/","name":"Naklada Panda","description":"","publisher":{"@id":"https:\/\/webshop.nakladapanda.hr\/#organization"},"potentialAction":[{"@type":"SearchAction","target":{"@type":"EntryPoint","urlTemplate":"https:\/\/webshop.nakladapanda.hr\/?s={search_term_string}"},"query-input":{"@type":"PropertyValueSpecification","valueRequired":true,"valueName":"search_term_string"}}],"inLanguage":"hr"},{"@type":"Organization","@id":"https:\/\/webshop.nakladapanda.hr\/#organization","name":"Naklada Panda","url":"https:\/\/webshop.nakladapanda.hr\/","logo":{"@type":"ImageObject","inLanguage":"hr","@id":"https:\/\/webshop.nakladapanda.hr\/#\/schema\/logo\/image\/","url":"https:\/\/webshop.nakladapanda.hr\/wp-content\/uploads\/2025\/12\/naklada-panda-logo.png","contentUrl":"https:\/\/webshop.nakladapanda.hr\/wp-content\/uploads\/2025\/12\/naklada-panda-logo.png","width":643,"height":244,"caption":"Naklada Panda"},"image":{"@id":"https:\/\/webshop.nakladapanda.hr\/#\/schema\/logo\/image\/"}}]}},"_links":{"self":[{"href":"https:\/\/webshop.nakladapanda.hr\/index.php?rest_route=\/wp\/v2\/product\/786","targetHints":{"allow":["GET"]}}],"collection":[{"href":"https:\/\/webshop.nakladapanda.hr\/index.php?rest_route=\/wp\/v2\/product"}],"about":[{"href":"https:\/\/webshop.nakladapanda.hr\/index.php?rest_route=\/wp\/v2\/types\/product"}],"wp:featuredmedia":[{"embeddable":true,"href":"https:\/\/webshop.nakladapanda.hr\/index.php?rest_route=\/wp\/v2\/media\/684"}],"wp:attachment":[{"href":"https:\/\/webshop.nakladapanda.hr\/index.php?rest_route=%2Fwp%2Fv2%2Fmedia&parent=786"}],"wp:term":[{"taxonomy":"product_brand","embeddable":true,"href":"https:\/\/webshop.nakladapanda.hr\/index.php?rest_route=%2Fwp%2Fv2%2Fproduct_brand&post=786"},{"taxonomy":"product_cat","embeddable":true,"href":"https:\/\/webshop.nakladapanda.hr\/index.php?rest_route=%2Fwp%2Fv2%2Fproduct_cat&post=786"},{"taxonomy":"product_tag","embeddable":true,"href":"https:\/\/webshop.nakladapanda.hr\/index.php?rest_route=%2Fwp%2Fv2%2Fproduct_tag&post=786"}],"curies":[{"name":"wp","href":"https:\/\/api.w.org\/{rel}","templated":true}]}}