{"id":783,"date":"2026-01-27T09:53:29","date_gmt":"2026-01-27T09:53:29","guid":{"rendered":"https:\/\/webshop.nakladapanda.hr\/?product=brick-junior-40-elemenata-prozori-i-vrata"},"modified":"2026-01-27T09:53:29","modified_gmt":"2026-01-27T09:53:29","slug":"brick-junior-40-elemenata-prozori-i-vrata","status":"publish","type":"product","link":"https:\/\/webshop.nakladapanda.hr\/?product=brick-junior-40-elemenata-prozori-i-vrata","title":{"rendered":"Brick Junior \u2013 40 elemenata: prozori i vrata"},"content":{"rendered":"","protected":false},"excerpt":{"rendered":"<p>Brick Junior je fantasti\u010dni gra\u0111evinski materijal. Uz njegovu pomo\u0107, va\u0161 dom pretvara se u o\u010daranu zemlju u kojoj se u svakom trenutku mogu pojaviti \u010darobne gra\u0111evine. Koje vrste gra\u0111evina? Na primjer, bajkovita ku\u0107a u kojoj je va\u0161e dijete glavni lik.<br \/>\nAli nema potrebe za puno rije\u010di \u2013 ovo je ne\u0161to \u0161to jednostavno morate vidjeti!<br \/>\nSet sadr\u017ei 40 elemenata<br \/>\nDimenzije pakiranja: 24 cm \u00d7 28 cm \u00d7 24 cm<br \/>\nDimenzije pojedina\u010dne kocke: 11,5 cm \u00d7 5,7 cm \u00d7 3,5 cm<\/p>\n","protected":false},"featured_media":0,"template":"","meta":[],"product_brand":[29],"product_cat":[30],"product_tag":[],"class_list":{"0":"post-783","1":"product","2":"type-product","3":"status-publish","5":"product_brand-marionex","6":"product_cat-konstruktori","8":"first","9":"instock","10":"shipping-taxable","11":"purchasable","12":"product-type-simple"},"yoast_head":"<!-- This site is optimized with the Yoast SEO plugin v26.8 - https:\/\/yoast.com\/product\/yoast-seo-wordpress\/ -->\n<title>Brick Junior \u2013 40 elemenata: prozori i vrata - Naklada Panda<\/title>\n<meta name=\"robots\" content=\"noindex, follow, max-snippet:-1, max-image-preview:large, max-video-preview:-1\" \/>\n<meta property=\"og:locale\" content=\"hr_HR\" \/>\n<meta property=\"og:type\" content=\"article\" \/>\n<meta property=\"og:title\" content=\"Brick Junior \u2013 40 elemenata: prozori i vrata - Naklada Panda\" \/>\n<meta property=\"og:description\" content=\"Brick Junior je fantasti\u010dni gra\u0111evinski materijal. Uz njegovu pomo\u0107, va\u0161 dom pretvara se u o\u010daranu zemlju u kojoj se u svakom trenutku mogu pojaviti \u010darobne gra\u0111evine. Koje vrste gra\u0111evina? Na primjer, bajkovita ku\u0107a u kojoj je va\u0161e dijete glavni lik. Ali nema potrebe za puno rije\u010di \u2013 ovo je ne\u0161to \u0161to jednostavno morate vidjeti! Set sadr\u017ei 40 elemenata Dimenzije pakiranja: 24 cm \u00d7 28 cm \u00d7 24 cm Dimenzije pojedina\u010dne kocke: 11,5 cm \u00d7 5,7 cm \u00d7 3,5 cm\" \/>\n<meta property=\"og:url\" content=\"https:\/\/webshop.nakladapanda.hr\/?product=brick-junior-40-elemenata-prozori-i-vrata\" \/>\n<meta property=\"og:site_name\" content=\"Naklada Panda\" \/>\n<meta name=\"twitter:card\" content=\"summary_large_image\" \/>\n<script type=\"application\/ld+json\" class=\"yoast-schema-graph\">{\"@context\":\"https:\/\/schema.org\",\"@graph\":[{\"@type\":\"WebPage\",\"@id\":\"https:\/\/webshop.nakladapanda.hr\/?product=brick-junior-40-elemenata-prozori-i-vrata\",\"url\":\"https:\/\/webshop.nakladapanda.hr\/?product=brick-junior-40-elemenata-prozori-i-vrata\",\"name\":\"Brick Junior \u2013 40 elemenata: prozori i vrata - Naklada Panda\",\"isPartOf\":{\"@id\":\"https:\/\/webshop.nakladapanda.hr\/#website\"},\"datePublished\":\"2026-01-27T09:53:29+00:00\",\"breadcrumb\":{\"@id\":\"https:\/\/webshop.nakladapanda.hr\/?product=brick-junior-40-elemenata-prozori-i-vrata#breadcrumb\"},\"inLanguage\":\"hr\",\"potentialAction\":[{\"@type\":\"ReadAction\",\"target\":[\"https:\/\/webshop.nakladapanda.hr\/?product=brick-junior-40-elemenata-prozori-i-vrata\"]}]},{\"@type\":\"BreadcrumbList\",\"@id\":\"https:\/\/webshop.nakladapanda.hr\/?product=brick-junior-40-elemenata-prozori-i-vrata#breadcrumb\",\"itemListElement\":[{\"@type\":\"ListItem\",\"position\":1,\"name\":\"Home\",\"item\":\"https:\/\/webshop.nakladapanda.hr\/\"},{\"@type\":\"ListItem\",\"position\":2,\"name\":\"Products\",\"item\":\"https:\/\/webshop.nakladapanda.hr\/?post_type=product\"},{\"@type\":\"ListItem\",\"position\":3,\"name\":\"Brick Junior \u2013 40 elemenata: prozori i vrata\"}]},{\"@type\":\"WebSite\",\"@id\":\"https:\/\/webshop.nakladapanda.hr\/#website\",\"url\":\"https:\/\/webshop.nakladapanda.hr\/\",\"name\":\"Naklada Panda\",\"description\":\"\",\"publisher\":{\"@id\":\"https:\/\/webshop.nakladapanda.hr\/#organization\"},\"potentialAction\":[{\"@type\":\"SearchAction\",\"target\":{\"@type\":\"EntryPoint\",\"urlTemplate\":\"https:\/\/webshop.nakladapanda.hr\/?s={search_term_string}\"},\"query-input\":{\"@type\":\"PropertyValueSpecification\",\"valueRequired\":true,\"valueName\":\"search_term_string\"}}],\"inLanguage\":\"hr\"},{\"@type\":\"Organization\",\"@id\":\"https:\/\/webshop.nakladapanda.hr\/#organization\",\"name\":\"Naklada Panda\",\"url\":\"https:\/\/webshop.nakladapanda.hr\/\",\"logo\":{\"@type\":\"ImageObject\",\"inLanguage\":\"hr\",\"@id\":\"https:\/\/webshop.nakladapanda.hr\/#\/schema\/logo\/image\/\",\"url\":\"https:\/\/webshop.nakladapanda.hr\/wp-content\/uploads\/2025\/12\/naklada-panda-logo.png\",\"contentUrl\":\"https:\/\/webshop.nakladapanda.hr\/wp-content\/uploads\/2025\/12\/naklada-panda-logo.png\",\"width\":643,\"height\":244,\"caption\":\"Naklada Panda\"},\"image\":{\"@id\":\"https:\/\/webshop.nakladapanda.hr\/#\/schema\/logo\/image\/\"}}]}<\/script>\n<!-- \/ Yoast SEO plugin. -->","yoast_head_json":{"title":"Brick Junior \u2013 40 elemenata: prozori i vrata - Naklada Panda","robots":{"index":"noindex","follow":"follow","max-snippet":"max-snippet:-1","max-image-preview":"max-image-preview:large","max-video-preview":"max-video-preview:-1"},"og_locale":"hr_HR","og_type":"article","og_title":"Brick Junior \u2013 40 elemenata: prozori i vrata - Naklada Panda","og_description":"Brick Junior je fantasti\u010dni gra\u0111evinski materijal. Uz njegovu pomo\u0107, va\u0161 dom pretvara se u o\u010daranu zemlju u kojoj se u svakom trenutku mogu pojaviti \u010darobne gra\u0111evine. Koje vrste gra\u0111evina? Na primjer, bajkovita ku\u0107a u kojoj je va\u0161e dijete glavni lik. Ali nema potrebe za puno rije\u010di \u2013 ovo je ne\u0161to \u0161to jednostavno morate vidjeti! Set sadr\u017ei 40 elemenata Dimenzije pakiranja: 24 cm \u00d7 28 cm \u00d7 24 cm Dimenzije pojedina\u010dne kocke: 11,5 cm \u00d7 5,7 cm \u00d7 3,5 cm","og_url":"https:\/\/webshop.nakladapanda.hr\/?product=brick-junior-40-elemenata-prozori-i-vrata","og_site_name":"Naklada Panda","twitter_card":"summary_large_image","schema":{"@context":"https:\/\/schema.org","@graph":[{"@type":"WebPage","@id":"https:\/\/webshop.nakladapanda.hr\/?product=brick-junior-40-elemenata-prozori-i-vrata","url":"https:\/\/webshop.nakladapanda.hr\/?product=brick-junior-40-elemenata-prozori-i-vrata","name":"Brick Junior \u2013 40 elemenata: prozori i vrata - Naklada Panda","isPartOf":{"@id":"https:\/\/webshop.nakladapanda.hr\/#website"},"datePublished":"2026-01-27T09:53:29+00:00","breadcrumb":{"@id":"https:\/\/webshop.nakladapanda.hr\/?product=brick-junior-40-elemenata-prozori-i-vrata#breadcrumb"},"inLanguage":"hr","potentialAction":[{"@type":"ReadAction","target":["https:\/\/webshop.nakladapanda.hr\/?product=brick-junior-40-elemenata-prozori-i-vrata"]}]},{"@type":"BreadcrumbList","@id":"https:\/\/webshop.nakladapanda.hr\/?product=brick-junior-40-elemenata-prozori-i-vrata#breadcrumb","itemListElement":[{"@type":"ListItem","position":1,"name":"Home","item":"https:\/\/webshop.nakladapanda.hr\/"},{"@type":"ListItem","position":2,"name":"Products","item":"https:\/\/webshop.nakladapanda.hr\/?post_type=product"},{"@type":"ListItem","position":3,"name":"Brick Junior \u2013 40 elemenata: prozori i vrata"}]},{"@type":"WebSite","@id":"https:\/\/webshop.nakladapanda.hr\/#website","url":"https:\/\/webshop.nakladapanda.hr\/","name":"Naklada Panda","description":"","publisher":{"@id":"https:\/\/webshop.nakladapanda.hr\/#organization"},"potentialAction":[{"@type":"SearchAction","target":{"@type":"EntryPoint","urlTemplate":"https:\/\/webshop.nakladapanda.hr\/?s={search_term_string}"},"query-input":{"@type":"PropertyValueSpecification","valueRequired":true,"valueName":"search_term_string"}}],"inLanguage":"hr"},{"@type":"Organization","@id":"https:\/\/webshop.nakladapanda.hr\/#organization","name":"Naklada Panda","url":"https:\/\/webshop.nakladapanda.hr\/","logo":{"@type":"ImageObject","inLanguage":"hr","@id":"https:\/\/webshop.nakladapanda.hr\/#\/schema\/logo\/image\/","url":"https:\/\/webshop.nakladapanda.hr\/wp-content\/uploads\/2025\/12\/naklada-panda-logo.png","contentUrl":"https:\/\/webshop.nakladapanda.hr\/wp-content\/uploads\/2025\/12\/naklada-panda-logo.png","width":643,"height":244,"caption":"Naklada Panda"},"image":{"@id":"https:\/\/webshop.nakladapanda.hr\/#\/schema\/logo\/image\/"}}]}},"_links":{"self":[{"href":"https:\/\/webshop.nakladapanda.hr\/index.php?rest_route=\/wp\/v2\/product\/783","targetHints":{"allow":["GET"]}}],"collection":[{"href":"https:\/\/webshop.nakladapanda.hr\/index.php?rest_route=\/wp\/v2\/product"}],"about":[{"href":"https:\/\/webshop.nakladapanda.hr\/index.php?rest_route=\/wp\/v2\/types\/product"}],"wp:attachment":[{"href":"https:\/\/webshop.nakladapanda.hr\/index.php?rest_route=%2Fwp%2Fv2%2Fmedia&parent=783"}],"wp:term":[{"taxonomy":"product_brand","embeddable":true,"href":"https:\/\/webshop.nakladapanda.hr\/index.php?rest_route=%2Fwp%2Fv2%2Fproduct_brand&post=783"},{"taxonomy":"product_cat","embeddable":true,"href":"https:\/\/webshop.nakladapanda.hr\/index.php?rest_route=%2Fwp%2Fv2%2Fproduct_cat&post=783"},{"taxonomy":"product_tag","embeddable":true,"href":"https:\/\/webshop.nakladapanda.hr\/index.php?rest_route=%2Fwp%2Fv2%2Fproduct_tag&post=783"}],"curies":[{"name":"wp","href":"https:\/\/api.w.org\/{rel}","templated":true}]}}