{"id":780,"date":"2026-01-27T09:53:28","date_gmt":"2026-01-27T09:53:28","guid":{"rendered":"https:\/\/webshop.nakladapanda.hr\/?product=zeljeznicka-stanica"},"modified":"2026-01-27T09:53:28","modified_gmt":"2026-01-27T09:53:28","slug":"zeljeznicka-stanica","status":"publish","type":"product","link":"https:\/\/webshop.nakladapanda.hr\/?product=zeljeznicka-stanica","title":{"rendered":"\u017deljezni\u010dka stanica"},"content":{"rendered":"","protected":false},"excerpt":{"rendered":"<p>Lokomotiva se vozi po tra\u010dnicama! \u0160arena, fantasti\u010dna, sti\u017ee na stanicu! Jeste li se ikad pitali za\u0161to djeca toliko vole vlakove? Koja \u010darolija ih dr\u017ei da se igraju satima kao hipnotizirana? Ili mo\u017eda u va\u0161em slu\u010daju ta dje\u010dja ljubav prema tra\u010dnicama jo\u0161 nije nestala?<br \/>\nPogledajte ovaj set! Naru\u010dite ga i vi i va\u0161a djeca ne\u0107ete graditi samo vlak, nego i prekrasnu stanicu. Krenite u svijet avantura, pazite da ne zamijenite perone i provjerite da vlak ne krene bez vas!<br \/>\nSet sadr\u017ei 433 dijela<br \/>\nDimenzije pakiranja: 78,5 cm \u00d7 40 cm \u00d7 39 cm<\/p>\n","protected":false},"featured_media":692,"template":"","meta":[],"product_brand":[29],"product_cat":[30],"product_tag":[],"class_list":{"0":"post-780","1":"product","2":"type-product","3":"status-publish","4":"has-post-thumbnail","6":"product_brand-marionex","7":"product_cat-konstruktori","9":"first","10":"instock","11":"shipping-taxable","12":"purchasable","13":"product-type-simple"},"yoast_head":"<!-- This site is optimized with the Yoast SEO plugin v26.8 - https:\/\/yoast.com\/product\/yoast-seo-wordpress\/ -->\n<title>\u017deljezni\u010dka stanica - Naklada Panda<\/title>\n<meta name=\"robots\" content=\"noindex, follow, max-snippet:-1, max-image-preview:large, max-video-preview:-1\" \/>\n<meta property=\"og:locale\" content=\"hr_HR\" \/>\n<meta property=\"og:type\" content=\"article\" \/>\n<meta property=\"og:title\" content=\"\u017deljezni\u010dka stanica - Naklada Panda\" \/>\n<meta property=\"og:description\" content=\"Lokomotiva se vozi po tra\u010dnicama! \u0160arena, fantasti\u010dna, sti\u017ee na stanicu! Jeste li se ikad pitali za\u0161to djeca toliko vole vlakove? Koja \u010darolija ih dr\u017ei da se igraju satima kao hipnotizirana? Ili mo\u017eda u va\u0161em slu\u010daju ta dje\u010dja ljubav prema tra\u010dnicama jo\u0161 nije nestala? Pogledajte ovaj set! Naru\u010dite ga i vi i va\u0161a djeca ne\u0107ete graditi samo vlak, nego i prekrasnu stanicu. Krenite u svijet avantura, pazite da ne zamijenite perone i provjerite da vlak ne krene bez vas! Set sadr\u017ei 433 dijela Dimenzije pakiranja: 78,5 cm \u00d7 40 cm \u00d7 39 cm\" \/>\n<meta property=\"og:url\" content=\"https:\/\/webshop.nakladapanda.hr\/?product=zeljeznicka-stanica\" \/>\n<meta property=\"og:site_name\" content=\"Naklada Panda\" \/>\n<meta property=\"og:image\" content=\"https:\/\/webshop.nakladapanda.hr\/wp-content\/uploads\/2026\/01\/M900949.jpeg\" \/>\n\t<meta property=\"og:image:width\" content=\"1600\" \/>\n\t<meta property=\"og:image:height\" content=\"1181\" \/>\n\t<meta property=\"og:image:type\" content=\"image\/jpeg\" \/>\n<meta name=\"twitter:card\" content=\"summary_large_image\" \/>\n<script type=\"application\/ld+json\" class=\"yoast-schema-graph\">{\"@context\":\"https:\/\/schema.org\",\"@graph\":[{\"@type\":\"WebPage\",\"@id\":\"https:\/\/webshop.nakladapanda.hr\/?product=zeljeznicka-stanica\",\"url\":\"https:\/\/webshop.nakladapanda.hr\/?product=zeljeznicka-stanica\",\"name\":\"\u017deljezni\u010dka stanica - Naklada Panda\",\"isPartOf\":{\"@id\":\"https:\/\/webshop.nakladapanda.hr\/#website\"},\"primaryImageOfPage\":{\"@id\":\"https:\/\/webshop.nakladapanda.hr\/?product=zeljeznicka-stanica#primaryimage\"},\"image\":{\"@id\":\"https:\/\/webshop.nakladapanda.hr\/?product=zeljeznicka-stanica#primaryimage\"},\"thumbnailUrl\":\"https:\/\/webshop.nakladapanda.hr\/wp-content\/uploads\/2026\/01\/M900949.jpeg\",\"datePublished\":\"2026-01-27T09:53:28+00:00\",\"breadcrumb\":{\"@id\":\"https:\/\/webshop.nakladapanda.hr\/?product=zeljeznicka-stanica#breadcrumb\"},\"inLanguage\":\"hr\",\"potentialAction\":[{\"@type\":\"ReadAction\",\"target\":[\"https:\/\/webshop.nakladapanda.hr\/?product=zeljeznicka-stanica\"]}]},{\"@type\":\"ImageObject\",\"inLanguage\":\"hr\",\"@id\":\"https:\/\/webshop.nakladapanda.hr\/?product=zeljeznicka-stanica#primaryimage\",\"url\":\"https:\/\/webshop.nakladapanda.hr\/wp-content\/uploads\/2026\/01\/M900949.jpeg\",\"contentUrl\":\"https:\/\/webshop.nakladapanda.hr\/wp-content\/uploads\/2026\/01\/M900949.jpeg\",\"width\":1600,\"height\":1181},{\"@type\":\"BreadcrumbList\",\"@id\":\"https:\/\/webshop.nakladapanda.hr\/?product=zeljeznicka-stanica#breadcrumb\",\"itemListElement\":[{\"@type\":\"ListItem\",\"position\":1,\"name\":\"Home\",\"item\":\"https:\/\/webshop.nakladapanda.hr\/\"},{\"@type\":\"ListItem\",\"position\":2,\"name\":\"Products\",\"item\":\"https:\/\/webshop.nakladapanda.hr\/?post_type=product\"},{\"@type\":\"ListItem\",\"position\":3,\"name\":\"\u017deljezni\u010dka stanica\"}]},{\"@type\":\"WebSite\",\"@id\":\"https:\/\/webshop.nakladapanda.hr\/#website\",\"url\":\"https:\/\/webshop.nakladapanda.hr\/\",\"name\":\"Naklada Panda\",\"description\":\"\",\"publisher\":{\"@id\":\"https:\/\/webshop.nakladapanda.hr\/#organization\"},\"potentialAction\":[{\"@type\":\"SearchAction\",\"target\":{\"@type\":\"EntryPoint\",\"urlTemplate\":\"https:\/\/webshop.nakladapanda.hr\/?s={search_term_string}\"},\"query-input\":{\"@type\":\"PropertyValueSpecification\",\"valueRequired\":true,\"valueName\":\"search_term_string\"}}],\"inLanguage\":\"hr\"},{\"@type\":\"Organization\",\"@id\":\"https:\/\/webshop.nakladapanda.hr\/#organization\",\"name\":\"Naklada Panda\",\"url\":\"https:\/\/webshop.nakladapanda.hr\/\",\"logo\":{\"@type\":\"ImageObject\",\"inLanguage\":\"hr\",\"@id\":\"https:\/\/webshop.nakladapanda.hr\/#\/schema\/logo\/image\/\",\"url\":\"https:\/\/webshop.nakladapanda.hr\/wp-content\/uploads\/2025\/12\/naklada-panda-logo.png\",\"contentUrl\":\"https:\/\/webshop.nakladapanda.hr\/wp-content\/uploads\/2025\/12\/naklada-panda-logo.png\",\"width\":643,\"height\":244,\"caption\":\"Naklada Panda\"},\"image\":{\"@id\":\"https:\/\/webshop.nakladapanda.hr\/#\/schema\/logo\/image\/\"}}]}<\/script>\n<!-- \/ Yoast SEO plugin. -->","yoast_head_json":{"title":"\u017deljezni\u010dka stanica - Naklada Panda","robots":{"index":"noindex","follow":"follow","max-snippet":"max-snippet:-1","max-image-preview":"max-image-preview:large","max-video-preview":"max-video-preview:-1"},"og_locale":"hr_HR","og_type":"article","og_title":"\u017deljezni\u010dka stanica - Naklada Panda","og_description":"Lokomotiva se vozi po tra\u010dnicama! \u0160arena, fantasti\u010dna, sti\u017ee na stanicu! Jeste li se ikad pitali za\u0161to djeca toliko vole vlakove? Koja \u010darolija ih dr\u017ei da se igraju satima kao hipnotizirana? Ili mo\u017eda u va\u0161em slu\u010daju ta dje\u010dja ljubav prema tra\u010dnicama jo\u0161 nije nestala? Pogledajte ovaj set! Naru\u010dite ga i vi i va\u0161a djeca ne\u0107ete graditi samo vlak, nego i prekrasnu stanicu. Krenite u svijet avantura, pazite da ne zamijenite perone i provjerite da vlak ne krene bez vas! Set sadr\u017ei 433 dijela Dimenzije pakiranja: 78,5 cm \u00d7 40 cm \u00d7 39 cm","og_url":"https:\/\/webshop.nakladapanda.hr\/?product=zeljeznicka-stanica","og_site_name":"Naklada Panda","og_image":[{"width":1600,"height":1181,"url":"https:\/\/webshop.nakladapanda.hr\/wp-content\/uploads\/2026\/01\/M900949.jpeg","type":"image\/jpeg"}],"twitter_card":"summary_large_image","schema":{"@context":"https:\/\/schema.org","@graph":[{"@type":"WebPage","@id":"https:\/\/webshop.nakladapanda.hr\/?product=zeljeznicka-stanica","url":"https:\/\/webshop.nakladapanda.hr\/?product=zeljeznicka-stanica","name":"\u017deljezni\u010dka stanica - Naklada Panda","isPartOf":{"@id":"https:\/\/webshop.nakladapanda.hr\/#website"},"primaryImageOfPage":{"@id":"https:\/\/webshop.nakladapanda.hr\/?product=zeljeznicka-stanica#primaryimage"},"image":{"@id":"https:\/\/webshop.nakladapanda.hr\/?product=zeljeznicka-stanica#primaryimage"},"thumbnailUrl":"https:\/\/webshop.nakladapanda.hr\/wp-content\/uploads\/2026\/01\/M900949.jpeg","datePublished":"2026-01-27T09:53:28+00:00","breadcrumb":{"@id":"https:\/\/webshop.nakladapanda.hr\/?product=zeljeznicka-stanica#breadcrumb"},"inLanguage":"hr","potentialAction":[{"@type":"ReadAction","target":["https:\/\/webshop.nakladapanda.hr\/?product=zeljeznicka-stanica"]}]},{"@type":"ImageObject","inLanguage":"hr","@id":"https:\/\/webshop.nakladapanda.hr\/?product=zeljeznicka-stanica#primaryimage","url":"https:\/\/webshop.nakladapanda.hr\/wp-content\/uploads\/2026\/01\/M900949.jpeg","contentUrl":"https:\/\/webshop.nakladapanda.hr\/wp-content\/uploads\/2026\/01\/M900949.jpeg","width":1600,"height":1181},{"@type":"BreadcrumbList","@id":"https:\/\/webshop.nakladapanda.hr\/?product=zeljeznicka-stanica#breadcrumb","itemListElement":[{"@type":"ListItem","position":1,"name":"Home","item":"https:\/\/webshop.nakladapanda.hr\/"},{"@type":"ListItem","position":2,"name":"Products","item":"https:\/\/webshop.nakladapanda.hr\/?post_type=product"},{"@type":"ListItem","position":3,"name":"\u017deljezni\u010dka stanica"}]},{"@type":"WebSite","@id":"https:\/\/webshop.nakladapanda.hr\/#website","url":"https:\/\/webshop.nakladapanda.hr\/","name":"Naklada Panda","description":"","publisher":{"@id":"https:\/\/webshop.nakladapanda.hr\/#organization"},"potentialAction":[{"@type":"SearchAction","target":{"@type":"EntryPoint","urlTemplate":"https:\/\/webshop.nakladapanda.hr\/?s={search_term_string}"},"query-input":{"@type":"PropertyValueSpecification","valueRequired":true,"valueName":"search_term_string"}}],"inLanguage":"hr"},{"@type":"Organization","@id":"https:\/\/webshop.nakladapanda.hr\/#organization","name":"Naklada Panda","url":"https:\/\/webshop.nakladapanda.hr\/","logo":{"@type":"ImageObject","inLanguage":"hr","@id":"https:\/\/webshop.nakladapanda.hr\/#\/schema\/logo\/image\/","url":"https:\/\/webshop.nakladapanda.hr\/wp-content\/uploads\/2025\/12\/naklada-panda-logo.png","contentUrl":"https:\/\/webshop.nakladapanda.hr\/wp-content\/uploads\/2025\/12\/naklada-panda-logo.png","width":643,"height":244,"caption":"Naklada Panda"},"image":{"@id":"https:\/\/webshop.nakladapanda.hr\/#\/schema\/logo\/image\/"}}]}},"_links":{"self":[{"href":"https:\/\/webshop.nakladapanda.hr\/index.php?rest_route=\/wp\/v2\/product\/780","targetHints":{"allow":["GET"]}}],"collection":[{"href":"https:\/\/webshop.nakladapanda.hr\/index.php?rest_route=\/wp\/v2\/product"}],"about":[{"href":"https:\/\/webshop.nakladapanda.hr\/index.php?rest_route=\/wp\/v2\/types\/product"}],"wp:featuredmedia":[{"embeddable":true,"href":"https:\/\/webshop.nakladapanda.hr\/index.php?rest_route=\/wp\/v2\/media\/692"}],"wp:attachment":[{"href":"https:\/\/webshop.nakladapanda.hr\/index.php?rest_route=%2Fwp%2Fv2%2Fmedia&parent=780"}],"wp:term":[{"taxonomy":"product_brand","embeddable":true,"href":"https:\/\/webshop.nakladapanda.hr\/index.php?rest_route=%2Fwp%2Fv2%2Fproduct_brand&post=780"},{"taxonomy":"product_cat","embeddable":true,"href":"https:\/\/webshop.nakladapanda.hr\/index.php?rest_route=%2Fwp%2Fv2%2Fproduct_cat&post=780"},{"taxonomy":"product_tag","embeddable":true,"href":"https:\/\/webshop.nakladapanda.hr\/index.php?rest_route=%2Fwp%2Fv2%2Fproduct_tag&post=780"}],"curies":[{"name":"wp","href":"https:\/\/api.w.org\/{rel}","templated":true}]}}