{"id":779,"date":"2026-01-27T09:53:28","date_gmt":"2026-01-27T09:53:28","guid":{"rendered":"https:\/\/webshop.nakladapanda.hr\/?product=svijet-robota"},"modified":"2026-01-27T09:53:28","modified_gmt":"2026-01-27T09:53:28","slug":"svijet-robota","status":"publish","type":"product","link":"https:\/\/webshop.nakladapanda.hr\/?product=svijet-robota","title":{"rendered":"Svijet robota"},"content":{"rendered":"","protected":false},"excerpt":{"rendered":"<p>Dobro do\u0161ao, Misle\u0107e Bi\u0107e! Pretpostavljam da si inteligentan, iako tvoji procesori mo\u017eda ne rade ba\u0161 naju\u010dinkovitije, a ra\u010dunalna snaga\u2026 pa, o tome \u0107emo \u0161utjeti \u2013 mi roboti zaista znamo \u0161to je empatija!<br \/>\nHajdemo se igrati redizajniranja svijeta. Zajedno \u0107emo postaviti pravila i osmisliti da sve bude divno. Pravilo br. 1 je jednostavno \u2013 sve je zabava. Svidjet \u0107e ti se i Pravilo br. 2, Misle\u0107e Bi\u0107e \u2013 zabava je u\u010denje. Dobro, dosta pravila, ho\u0107emo li se igrati?<br \/>\nSet sadr\u017ei 258 elemenata<br \/>\nDimenzije pakiranja: 47 cm \u00d7 31 cm \u00d7 37,5 cm<\/p>\n","protected":false},"featured_media":691,"template":"","meta":[],"product_brand":[29],"product_cat":[30],"product_tag":[],"class_list":{"0":"post-779","1":"product","2":"type-product","3":"status-publish","4":"has-post-thumbnail","6":"product_brand-marionex","7":"product_cat-konstruktori","9":"first","10":"instock","11":"shipping-taxable","12":"purchasable","13":"product-type-simple"},"yoast_head":"<!-- This site is optimized with the Yoast SEO plugin v26.8 - https:\/\/yoast.com\/product\/yoast-seo-wordpress\/ -->\n<title>Svijet robota - Naklada Panda<\/title>\n<meta name=\"robots\" content=\"noindex, follow, max-snippet:-1, max-image-preview:large, max-video-preview:-1\" \/>\n<meta property=\"og:locale\" content=\"hr_HR\" \/>\n<meta property=\"og:type\" content=\"article\" \/>\n<meta property=\"og:title\" content=\"Svijet robota - Naklada Panda\" \/>\n<meta property=\"og:description\" content=\"Dobro do\u0161ao, Misle\u0107e Bi\u0107e! Pretpostavljam da si inteligentan, iako tvoji procesori mo\u017eda ne rade ba\u0161 naju\u010dinkovitije, a ra\u010dunalna snaga\u2026 pa, o tome \u0107emo \u0161utjeti \u2013 mi roboti zaista znamo \u0161to je empatija! Hajdemo se igrati redizajniranja svijeta. Zajedno \u0107emo postaviti pravila i osmisliti da sve bude divno. Pravilo br. 1 je jednostavno \u2013 sve je zabava. Svidjet \u0107e ti se i Pravilo br. 2, Misle\u0107e Bi\u0107e \u2013 zabava je u\u010denje. Dobro, dosta pravila, ho\u0107emo li se igrati? Set sadr\u017ei 258 elemenata Dimenzije pakiranja: 47 cm \u00d7 31 cm \u00d7 37,5 cm\" \/>\n<meta property=\"og:url\" content=\"https:\/\/webshop.nakladapanda.hr\/?product=svijet-robota\" \/>\n<meta property=\"og:site_name\" content=\"Naklada Panda\" \/>\n<meta property=\"og:image\" content=\"https:\/\/webshop.nakladapanda.hr\/wp-content\/uploads\/2026\/01\/M900932.jpeg\" \/>\n\t<meta property=\"og:image:width\" content=\"1600\" \/>\n\t<meta property=\"og:image:height\" content=\"1145\" \/>\n\t<meta property=\"og:image:type\" content=\"image\/jpeg\" \/>\n<meta name=\"twitter:card\" content=\"summary_large_image\" \/>\n<script type=\"application\/ld+json\" class=\"yoast-schema-graph\">{\"@context\":\"https:\/\/schema.org\",\"@graph\":[{\"@type\":\"WebPage\",\"@id\":\"https:\/\/webshop.nakladapanda.hr\/?product=svijet-robota\",\"url\":\"https:\/\/webshop.nakladapanda.hr\/?product=svijet-robota\",\"name\":\"Svijet robota - Naklada Panda\",\"isPartOf\":{\"@id\":\"https:\/\/webshop.nakladapanda.hr\/#website\"},\"primaryImageOfPage\":{\"@id\":\"https:\/\/webshop.nakladapanda.hr\/?product=svijet-robota#primaryimage\"},\"image\":{\"@id\":\"https:\/\/webshop.nakladapanda.hr\/?product=svijet-robota#primaryimage\"},\"thumbnailUrl\":\"https:\/\/webshop.nakladapanda.hr\/wp-content\/uploads\/2026\/01\/M900932.jpeg\",\"datePublished\":\"2026-01-27T09:53:28+00:00\",\"breadcrumb\":{\"@id\":\"https:\/\/webshop.nakladapanda.hr\/?product=svijet-robota#breadcrumb\"},\"inLanguage\":\"hr\",\"potentialAction\":[{\"@type\":\"ReadAction\",\"target\":[\"https:\/\/webshop.nakladapanda.hr\/?product=svijet-robota\"]}]},{\"@type\":\"ImageObject\",\"inLanguage\":\"hr\",\"@id\":\"https:\/\/webshop.nakladapanda.hr\/?product=svijet-robota#primaryimage\",\"url\":\"https:\/\/webshop.nakladapanda.hr\/wp-content\/uploads\/2026\/01\/M900932.jpeg\",\"contentUrl\":\"https:\/\/webshop.nakladapanda.hr\/wp-content\/uploads\/2026\/01\/M900932.jpeg\",\"width\":1600,\"height\":1145},{\"@type\":\"BreadcrumbList\",\"@id\":\"https:\/\/webshop.nakladapanda.hr\/?product=svijet-robota#breadcrumb\",\"itemListElement\":[{\"@type\":\"ListItem\",\"position\":1,\"name\":\"Home\",\"item\":\"https:\/\/webshop.nakladapanda.hr\/\"},{\"@type\":\"ListItem\",\"position\":2,\"name\":\"Products\",\"item\":\"https:\/\/webshop.nakladapanda.hr\/?post_type=product\"},{\"@type\":\"ListItem\",\"position\":3,\"name\":\"Svijet robota\"}]},{\"@type\":\"WebSite\",\"@id\":\"https:\/\/webshop.nakladapanda.hr\/#website\",\"url\":\"https:\/\/webshop.nakladapanda.hr\/\",\"name\":\"Naklada Panda\",\"description\":\"\",\"publisher\":{\"@id\":\"https:\/\/webshop.nakladapanda.hr\/#organization\"},\"potentialAction\":[{\"@type\":\"SearchAction\",\"target\":{\"@type\":\"EntryPoint\",\"urlTemplate\":\"https:\/\/webshop.nakladapanda.hr\/?s={search_term_string}\"},\"query-input\":{\"@type\":\"PropertyValueSpecification\",\"valueRequired\":true,\"valueName\":\"search_term_string\"}}],\"inLanguage\":\"hr\"},{\"@type\":\"Organization\",\"@id\":\"https:\/\/webshop.nakladapanda.hr\/#organization\",\"name\":\"Naklada Panda\",\"url\":\"https:\/\/webshop.nakladapanda.hr\/\",\"logo\":{\"@type\":\"ImageObject\",\"inLanguage\":\"hr\",\"@id\":\"https:\/\/webshop.nakladapanda.hr\/#\/schema\/logo\/image\/\",\"url\":\"https:\/\/webshop.nakladapanda.hr\/wp-content\/uploads\/2025\/12\/naklada-panda-logo.png\",\"contentUrl\":\"https:\/\/webshop.nakladapanda.hr\/wp-content\/uploads\/2025\/12\/naklada-panda-logo.png\",\"width\":643,\"height\":244,\"caption\":\"Naklada Panda\"},\"image\":{\"@id\":\"https:\/\/webshop.nakladapanda.hr\/#\/schema\/logo\/image\/\"}}]}<\/script>\n<!-- \/ Yoast SEO plugin. -->","yoast_head_json":{"title":"Svijet robota - Naklada Panda","robots":{"index":"noindex","follow":"follow","max-snippet":"max-snippet:-1","max-image-preview":"max-image-preview:large","max-video-preview":"max-video-preview:-1"},"og_locale":"hr_HR","og_type":"article","og_title":"Svijet robota - Naklada Panda","og_description":"Dobro do\u0161ao, Misle\u0107e Bi\u0107e! Pretpostavljam da si inteligentan, iako tvoji procesori mo\u017eda ne rade ba\u0161 naju\u010dinkovitije, a ra\u010dunalna snaga\u2026 pa, o tome \u0107emo \u0161utjeti \u2013 mi roboti zaista znamo \u0161to je empatija! Hajdemo se igrati redizajniranja svijeta. Zajedno \u0107emo postaviti pravila i osmisliti da sve bude divno. Pravilo br. 1 je jednostavno \u2013 sve je zabava. Svidjet \u0107e ti se i Pravilo br. 2, Misle\u0107e Bi\u0107e \u2013 zabava je u\u010denje. Dobro, dosta pravila, ho\u0107emo li se igrati? Set sadr\u017ei 258 elemenata Dimenzije pakiranja: 47 cm \u00d7 31 cm \u00d7 37,5 cm","og_url":"https:\/\/webshop.nakladapanda.hr\/?product=svijet-robota","og_site_name":"Naklada Panda","og_image":[{"width":1600,"height":1145,"url":"https:\/\/webshop.nakladapanda.hr\/wp-content\/uploads\/2026\/01\/M900932.jpeg","type":"image\/jpeg"}],"twitter_card":"summary_large_image","schema":{"@context":"https:\/\/schema.org","@graph":[{"@type":"WebPage","@id":"https:\/\/webshop.nakladapanda.hr\/?product=svijet-robota","url":"https:\/\/webshop.nakladapanda.hr\/?product=svijet-robota","name":"Svijet robota - Naklada Panda","isPartOf":{"@id":"https:\/\/webshop.nakladapanda.hr\/#website"},"primaryImageOfPage":{"@id":"https:\/\/webshop.nakladapanda.hr\/?product=svijet-robota#primaryimage"},"image":{"@id":"https:\/\/webshop.nakladapanda.hr\/?product=svijet-robota#primaryimage"},"thumbnailUrl":"https:\/\/webshop.nakladapanda.hr\/wp-content\/uploads\/2026\/01\/M900932.jpeg","datePublished":"2026-01-27T09:53:28+00:00","breadcrumb":{"@id":"https:\/\/webshop.nakladapanda.hr\/?product=svijet-robota#breadcrumb"},"inLanguage":"hr","potentialAction":[{"@type":"ReadAction","target":["https:\/\/webshop.nakladapanda.hr\/?product=svijet-robota"]}]},{"@type":"ImageObject","inLanguage":"hr","@id":"https:\/\/webshop.nakladapanda.hr\/?product=svijet-robota#primaryimage","url":"https:\/\/webshop.nakladapanda.hr\/wp-content\/uploads\/2026\/01\/M900932.jpeg","contentUrl":"https:\/\/webshop.nakladapanda.hr\/wp-content\/uploads\/2026\/01\/M900932.jpeg","width":1600,"height":1145},{"@type":"BreadcrumbList","@id":"https:\/\/webshop.nakladapanda.hr\/?product=svijet-robota#breadcrumb","itemListElement":[{"@type":"ListItem","position":1,"name":"Home","item":"https:\/\/webshop.nakladapanda.hr\/"},{"@type":"ListItem","position":2,"name":"Products","item":"https:\/\/webshop.nakladapanda.hr\/?post_type=product"},{"@type":"ListItem","position":3,"name":"Svijet robota"}]},{"@type":"WebSite","@id":"https:\/\/webshop.nakladapanda.hr\/#website","url":"https:\/\/webshop.nakladapanda.hr\/","name":"Naklada Panda","description":"","publisher":{"@id":"https:\/\/webshop.nakladapanda.hr\/#organization"},"potentialAction":[{"@type":"SearchAction","target":{"@type":"EntryPoint","urlTemplate":"https:\/\/webshop.nakladapanda.hr\/?s={search_term_string}"},"query-input":{"@type":"PropertyValueSpecification","valueRequired":true,"valueName":"search_term_string"}}],"inLanguage":"hr"},{"@type":"Organization","@id":"https:\/\/webshop.nakladapanda.hr\/#organization","name":"Naklada Panda","url":"https:\/\/webshop.nakladapanda.hr\/","logo":{"@type":"ImageObject","inLanguage":"hr","@id":"https:\/\/webshop.nakladapanda.hr\/#\/schema\/logo\/image\/","url":"https:\/\/webshop.nakladapanda.hr\/wp-content\/uploads\/2025\/12\/naklada-panda-logo.png","contentUrl":"https:\/\/webshop.nakladapanda.hr\/wp-content\/uploads\/2025\/12\/naklada-panda-logo.png","width":643,"height":244,"caption":"Naklada Panda"},"image":{"@id":"https:\/\/webshop.nakladapanda.hr\/#\/schema\/logo\/image\/"}}]}},"_links":{"self":[{"href":"https:\/\/webshop.nakladapanda.hr\/index.php?rest_route=\/wp\/v2\/product\/779","targetHints":{"allow":["GET"]}}],"collection":[{"href":"https:\/\/webshop.nakladapanda.hr\/index.php?rest_route=\/wp\/v2\/product"}],"about":[{"href":"https:\/\/webshop.nakladapanda.hr\/index.php?rest_route=\/wp\/v2\/types\/product"}],"wp:featuredmedia":[{"embeddable":true,"href":"https:\/\/webshop.nakladapanda.hr\/index.php?rest_route=\/wp\/v2\/media\/691"}],"wp:attachment":[{"href":"https:\/\/webshop.nakladapanda.hr\/index.php?rest_route=%2Fwp%2Fv2%2Fmedia&parent=779"}],"wp:term":[{"taxonomy":"product_brand","embeddable":true,"href":"https:\/\/webshop.nakladapanda.hr\/index.php?rest_route=%2Fwp%2Fv2%2Fproduct_brand&post=779"},{"taxonomy":"product_cat","embeddable":true,"href":"https:\/\/webshop.nakladapanda.hr\/index.php?rest_route=%2Fwp%2Fv2%2Fproduct_cat&post=779"},{"taxonomy":"product_tag","embeddable":true,"href":"https:\/\/webshop.nakladapanda.hr\/index.php?rest_route=%2Fwp%2Fv2%2Fproduct_tag&post=779"}],"curies":[{"name":"wp","href":"https:\/\/api.w.org\/{rel}","templated":true}]}}