{"id":773,"date":"2026-01-27T09:53:27","date_gmt":"2026-01-27T09:53:27","guid":{"rendered":"https:\/\/webshop.nakladapanda.hr\/?product=mini-waffle-constructor-300"},"modified":"2026-01-27T09:53:27","modified_gmt":"2026-01-27T09:53:27","slug":"mini-waffle-constructor-300","status":"publish","type":"product","link":"https:\/\/webshop.nakladapanda.hr\/?product=mini-waffle-constructor-300","title":{"rendered":"Mini Waffle Constructor 300"},"content":{"rendered":"","protected":false},"excerpt":{"rendered":"<p>Mini Waffle Constructor 300<br \/>\nSet kockica koji maksimalno poti\u010de dje\u010dju ma\u0161tu!<br \/>\nMini Waffle Constructor 300 pru\u017ea mnogo sati vrijedne i kreativne igre za va\u0161e dijete. Iznenadit \u0107e vas dje\u010dja ma\u0161tovitost i koncentracija tijekom gra\u0111enja.<br \/>\nSet uklju\u010duje 10 potpuno novih elemenata koji nude jo\u0161 vi\u0161e mogu\u0107nosti za konstrukciju.<br \/>\nPrilo\u017eene upute za slaganje poti\u010du izradu atraktivnih oblika prilago\u0111enih djeci.<br \/>\nSet se sastoji od \u010dak 300 elemenata te razvija dje\u010dju ma\u0161tu, manualne vje\u0161tine i logi\u010dko razmi\u0161ljanje.<br \/>\nMarioinex \u2013 sigurne kockice za djecu<br \/>\nMarioinex kockice dizajnirane su tako da budu \u0161to ugodnije i sigurnije za djecu.<br \/>\nIzra\u0111ene su od fleksibilnog, mekanog i ugodnog materijala na dodir.<br \/>\nNjihov oblik savr\u0161eno je prilago\u0111en veli\u010dini i obliku dje\u010djih ruku, a kori\u0161tene boje su nje\u017ene i ugodne za oko.<\/p>\n","protected":false},"featured_media":666,"template":"","meta":[],"product_brand":[44],"product_cat":[30],"product_tag":[],"class_list":{"0":"post-773","1":"product","2":"type-product","3":"status-publish","4":"has-post-thumbnail","6":"product_brand-marioinex","7":"product_cat-konstruktori","9":"first","10":"instock","11":"shipping-taxable","12":"purchasable","13":"product-type-simple"},"yoast_head":"<!-- This site is optimized with the Yoast SEO plugin v26.8 - https:\/\/yoast.com\/product\/yoast-seo-wordpress\/ -->\n<title>Mini Waffle Constructor 300 - Naklada Panda<\/title>\n<meta name=\"robots\" content=\"noindex, follow, max-snippet:-1, max-image-preview:large, max-video-preview:-1\" \/>\n<meta property=\"og:locale\" content=\"hr_HR\" \/>\n<meta property=\"og:type\" content=\"article\" \/>\n<meta property=\"og:title\" content=\"Mini Waffle Constructor 300 - Naklada Panda\" \/>\n<meta property=\"og:description\" content=\"Mini Waffle Constructor 300 Set kockica koji maksimalno poti\u010de dje\u010dju ma\u0161tu! Mini Waffle Constructor 300 pru\u017ea mnogo sati vrijedne i kreativne igre za va\u0161e dijete. Iznenadit \u0107e vas dje\u010dja ma\u0161tovitost i koncentracija tijekom gra\u0111enja. Set uklju\u010duje 10 potpuno novih elemenata koji nude jo\u0161 vi\u0161e mogu\u0107nosti za konstrukciju. Prilo\u017eene upute za slaganje poti\u010du izradu atraktivnih oblika prilago\u0111enih djeci. Set se sastoji od \u010dak 300 elemenata te razvija dje\u010dju ma\u0161tu, manualne vje\u0161tine i logi\u010dko razmi\u0161ljanje. Marioinex \u2013 sigurne kockice za djecu Marioinex kockice dizajnirane su tako da budu \u0161to ugodnije i sigurnije za djecu. Izra\u0111ene su od fleksibilnog, mekanog i ugodnog materijala na dodir. Njihov oblik savr\u0161eno je prilago\u0111en veli\u010dini i obliku dje\u010djih ruku, a kori\u0161tene boje su nje\u017ene i ugodne za oko.\" \/>\n<meta property=\"og:url\" content=\"https:\/\/webshop.nakladapanda.hr\/?product=mini-waffle-constructor-300\" \/>\n<meta property=\"og:site_name\" content=\"Naklada Panda\" \/>\n<meta property=\"og:image\" content=\"https:\/\/webshop.nakladapanda.hr\/wp-content\/uploads\/2026\/01\/902271.jpeg\" \/>\n\t<meta property=\"og:image:width\" content=\"1600\" \/>\n\t<meta property=\"og:image:height\" content=\"1896\" \/>\n\t<meta property=\"og:image:type\" content=\"image\/jpeg\" \/>\n<meta name=\"twitter:card\" content=\"summary_large_image\" \/>\n<script type=\"application\/ld+json\" class=\"yoast-schema-graph\">{\"@context\":\"https:\/\/schema.org\",\"@graph\":[{\"@type\":\"WebPage\",\"@id\":\"https:\/\/webshop.nakladapanda.hr\/?product=mini-waffle-constructor-300\",\"url\":\"https:\/\/webshop.nakladapanda.hr\/?product=mini-waffle-constructor-300\",\"name\":\"Mini Waffle Constructor 300 - Naklada Panda\",\"isPartOf\":{\"@id\":\"https:\/\/webshop.nakladapanda.hr\/#website\"},\"primaryImageOfPage\":{\"@id\":\"https:\/\/webshop.nakladapanda.hr\/?product=mini-waffle-constructor-300#primaryimage\"},\"image\":{\"@id\":\"https:\/\/webshop.nakladapanda.hr\/?product=mini-waffle-constructor-300#primaryimage\"},\"thumbnailUrl\":\"https:\/\/webshop.nakladapanda.hr\/wp-content\/uploads\/2026\/01\/902271.jpeg\",\"datePublished\":\"2026-01-27T09:53:27+00:00\",\"breadcrumb\":{\"@id\":\"https:\/\/webshop.nakladapanda.hr\/?product=mini-waffle-constructor-300#breadcrumb\"},\"inLanguage\":\"hr\",\"potentialAction\":[{\"@type\":\"ReadAction\",\"target\":[\"https:\/\/webshop.nakladapanda.hr\/?product=mini-waffle-constructor-300\"]}]},{\"@type\":\"ImageObject\",\"inLanguage\":\"hr\",\"@id\":\"https:\/\/webshop.nakladapanda.hr\/?product=mini-waffle-constructor-300#primaryimage\",\"url\":\"https:\/\/webshop.nakladapanda.hr\/wp-content\/uploads\/2026\/01\/902271.jpeg\",\"contentUrl\":\"https:\/\/webshop.nakladapanda.hr\/wp-content\/uploads\/2026\/01\/902271.jpeg\",\"width\":1600,\"height\":1896},{\"@type\":\"BreadcrumbList\",\"@id\":\"https:\/\/webshop.nakladapanda.hr\/?product=mini-waffle-constructor-300#breadcrumb\",\"itemListElement\":[{\"@type\":\"ListItem\",\"position\":1,\"name\":\"Home\",\"item\":\"https:\/\/webshop.nakladapanda.hr\/\"},{\"@type\":\"ListItem\",\"position\":2,\"name\":\"Products\",\"item\":\"https:\/\/webshop.nakladapanda.hr\/?post_type=product\"},{\"@type\":\"ListItem\",\"position\":3,\"name\":\"Mini Waffle Constructor 300\"}]},{\"@type\":\"WebSite\",\"@id\":\"https:\/\/webshop.nakladapanda.hr\/#website\",\"url\":\"https:\/\/webshop.nakladapanda.hr\/\",\"name\":\"Naklada Panda\",\"description\":\"\",\"publisher\":{\"@id\":\"https:\/\/webshop.nakladapanda.hr\/#organization\"},\"potentialAction\":[{\"@type\":\"SearchAction\",\"target\":{\"@type\":\"EntryPoint\",\"urlTemplate\":\"https:\/\/webshop.nakladapanda.hr\/?s={search_term_string}\"},\"query-input\":{\"@type\":\"PropertyValueSpecification\",\"valueRequired\":true,\"valueName\":\"search_term_string\"}}],\"inLanguage\":\"hr\"},{\"@type\":\"Organization\",\"@id\":\"https:\/\/webshop.nakladapanda.hr\/#organization\",\"name\":\"Naklada Panda\",\"url\":\"https:\/\/webshop.nakladapanda.hr\/\",\"logo\":{\"@type\":\"ImageObject\",\"inLanguage\":\"hr\",\"@id\":\"https:\/\/webshop.nakladapanda.hr\/#\/schema\/logo\/image\/\",\"url\":\"https:\/\/webshop.nakladapanda.hr\/wp-content\/uploads\/2025\/12\/naklada-panda-logo.png\",\"contentUrl\":\"https:\/\/webshop.nakladapanda.hr\/wp-content\/uploads\/2025\/12\/naklada-panda-logo.png\",\"width\":643,\"height\":244,\"caption\":\"Naklada Panda\"},\"image\":{\"@id\":\"https:\/\/webshop.nakladapanda.hr\/#\/schema\/logo\/image\/\"}}]}<\/script>\n<!-- \/ Yoast SEO plugin. -->","yoast_head_json":{"title":"Mini Waffle Constructor 300 - Naklada Panda","robots":{"index":"noindex","follow":"follow","max-snippet":"max-snippet:-1","max-image-preview":"max-image-preview:large","max-video-preview":"max-video-preview:-1"},"og_locale":"hr_HR","og_type":"article","og_title":"Mini Waffle Constructor 300 - Naklada Panda","og_description":"Mini Waffle Constructor 300 Set kockica koji maksimalno poti\u010de dje\u010dju ma\u0161tu! Mini Waffle Constructor 300 pru\u017ea mnogo sati vrijedne i kreativne igre za va\u0161e dijete. Iznenadit \u0107e vas dje\u010dja ma\u0161tovitost i koncentracija tijekom gra\u0111enja. Set uklju\u010duje 10 potpuno novih elemenata koji nude jo\u0161 vi\u0161e mogu\u0107nosti za konstrukciju. Prilo\u017eene upute za slaganje poti\u010du izradu atraktivnih oblika prilago\u0111enih djeci. Set se sastoji od \u010dak 300 elemenata te razvija dje\u010dju ma\u0161tu, manualne vje\u0161tine i logi\u010dko razmi\u0161ljanje. Marioinex \u2013 sigurne kockice za djecu Marioinex kockice dizajnirane su tako da budu \u0161to ugodnije i sigurnije za djecu. Izra\u0111ene su od fleksibilnog, mekanog i ugodnog materijala na dodir. Njihov oblik savr\u0161eno je prilago\u0111en veli\u010dini i obliku dje\u010djih ruku, a kori\u0161tene boje su nje\u017ene i ugodne za oko.","og_url":"https:\/\/webshop.nakladapanda.hr\/?product=mini-waffle-constructor-300","og_site_name":"Naklada Panda","og_image":[{"width":1600,"height":1896,"url":"https:\/\/webshop.nakladapanda.hr\/wp-content\/uploads\/2026\/01\/902271.jpeg","type":"image\/jpeg"}],"twitter_card":"summary_large_image","schema":{"@context":"https:\/\/schema.org","@graph":[{"@type":"WebPage","@id":"https:\/\/webshop.nakladapanda.hr\/?product=mini-waffle-constructor-300","url":"https:\/\/webshop.nakladapanda.hr\/?product=mini-waffle-constructor-300","name":"Mini Waffle Constructor 300 - Naklada Panda","isPartOf":{"@id":"https:\/\/webshop.nakladapanda.hr\/#website"},"primaryImageOfPage":{"@id":"https:\/\/webshop.nakladapanda.hr\/?product=mini-waffle-constructor-300#primaryimage"},"image":{"@id":"https:\/\/webshop.nakladapanda.hr\/?product=mini-waffle-constructor-300#primaryimage"},"thumbnailUrl":"https:\/\/webshop.nakladapanda.hr\/wp-content\/uploads\/2026\/01\/902271.jpeg","datePublished":"2026-01-27T09:53:27+00:00","breadcrumb":{"@id":"https:\/\/webshop.nakladapanda.hr\/?product=mini-waffle-constructor-300#breadcrumb"},"inLanguage":"hr","potentialAction":[{"@type":"ReadAction","target":["https:\/\/webshop.nakladapanda.hr\/?product=mini-waffle-constructor-300"]}]},{"@type":"ImageObject","inLanguage":"hr","@id":"https:\/\/webshop.nakladapanda.hr\/?product=mini-waffle-constructor-300#primaryimage","url":"https:\/\/webshop.nakladapanda.hr\/wp-content\/uploads\/2026\/01\/902271.jpeg","contentUrl":"https:\/\/webshop.nakladapanda.hr\/wp-content\/uploads\/2026\/01\/902271.jpeg","width":1600,"height":1896},{"@type":"BreadcrumbList","@id":"https:\/\/webshop.nakladapanda.hr\/?product=mini-waffle-constructor-300#breadcrumb","itemListElement":[{"@type":"ListItem","position":1,"name":"Home","item":"https:\/\/webshop.nakladapanda.hr\/"},{"@type":"ListItem","position":2,"name":"Products","item":"https:\/\/webshop.nakladapanda.hr\/?post_type=product"},{"@type":"ListItem","position":3,"name":"Mini Waffle Constructor 300"}]},{"@type":"WebSite","@id":"https:\/\/webshop.nakladapanda.hr\/#website","url":"https:\/\/webshop.nakladapanda.hr\/","name":"Naklada Panda","description":"","publisher":{"@id":"https:\/\/webshop.nakladapanda.hr\/#organization"},"potentialAction":[{"@type":"SearchAction","target":{"@type":"EntryPoint","urlTemplate":"https:\/\/webshop.nakladapanda.hr\/?s={search_term_string}"},"query-input":{"@type":"PropertyValueSpecification","valueRequired":true,"valueName":"search_term_string"}}],"inLanguage":"hr"},{"@type":"Organization","@id":"https:\/\/webshop.nakladapanda.hr\/#organization","name":"Naklada Panda","url":"https:\/\/webshop.nakladapanda.hr\/","logo":{"@type":"ImageObject","inLanguage":"hr","@id":"https:\/\/webshop.nakladapanda.hr\/#\/schema\/logo\/image\/","url":"https:\/\/webshop.nakladapanda.hr\/wp-content\/uploads\/2025\/12\/naklada-panda-logo.png","contentUrl":"https:\/\/webshop.nakladapanda.hr\/wp-content\/uploads\/2025\/12\/naklada-panda-logo.png","width":643,"height":244,"caption":"Naklada Panda"},"image":{"@id":"https:\/\/webshop.nakladapanda.hr\/#\/schema\/logo\/image\/"}}]}},"_links":{"self":[{"href":"https:\/\/webshop.nakladapanda.hr\/index.php?rest_route=\/wp\/v2\/product\/773","targetHints":{"allow":["GET"]}}],"collection":[{"href":"https:\/\/webshop.nakladapanda.hr\/index.php?rest_route=\/wp\/v2\/product"}],"about":[{"href":"https:\/\/webshop.nakladapanda.hr\/index.php?rest_route=\/wp\/v2\/types\/product"}],"wp:featuredmedia":[{"embeddable":true,"href":"https:\/\/webshop.nakladapanda.hr\/index.php?rest_route=\/wp\/v2\/media\/666"}],"wp:attachment":[{"href":"https:\/\/webshop.nakladapanda.hr\/index.php?rest_route=%2Fwp%2Fv2%2Fmedia&parent=773"}],"wp:term":[{"taxonomy":"product_brand","embeddable":true,"href":"https:\/\/webshop.nakladapanda.hr\/index.php?rest_route=%2Fwp%2Fv2%2Fproduct_brand&post=773"},{"taxonomy":"product_cat","embeddable":true,"href":"https:\/\/webshop.nakladapanda.hr\/index.php?rest_route=%2Fwp%2Fv2%2Fproduct_cat&post=773"},{"taxonomy":"product_tag","embeddable":true,"href":"https:\/\/webshop.nakladapanda.hr\/index.php?rest_route=%2Fwp%2Fv2%2Fproduct_tag&post=773"}],"curies":[{"name":"wp","href":"https:\/\/api.w.org\/{rel}","templated":true}]}}