{"id":769,"date":"2026-01-27T09:53:26","date_gmt":"2026-01-27T09:53:26","guid":{"rendered":"https:\/\/webshop.nakladapanda.hr\/?product=pastel-waffles-500"},"modified":"2026-01-27T09:53:26","modified_gmt":"2026-01-27T09:53:26","slug":"pastel-waffles-500","status":"publish","type":"product","link":"https:\/\/webshop.nakladapanda.hr\/?product=pastel-waffles-500","title":{"rendered":"Pastel Waffles 500"},"content":{"rendered":"","protected":false},"excerpt":{"rendered":"<p>Inovativne kockice koje djeci nikada ne dosade.<br \/>\nPastel Waffles 500 je set koji \u0107e va\u0161em djetetu pru\u017eiti mnogo sati zabave i potaknuti kreativnost kakvu mo\u017eda niste ni o\u010dekivali.<br \/>\nPastelne boje djeluju umiruju\u0107e i olak\u0161avaju koncentraciju.<br \/>\nPrilo\u017eene upute za slaganje nadahnjuju djecu na izradu atraktivnih oblika.<br \/>\nSet se sastoji od \u010dak 500 dijelova te razvija dje\u010dju ma\u0161tu, manualne vje\u0161tine i u\u010di logi\u010dkom razmi\u0161ljanju.<br \/>\nMarioinex \u2013 sigurne kockice za djecu<br \/>\nMarioinex kockice dizajnirane su tako da budu \u0161to ugodnije i sigurnije za djecu.<br \/>\nIzra\u0111ene su od fleksibilnog, mekanog i ugodnog materijala na dodir.<br \/>\nNjihov oblik savr\u0161eno je prilago\u0111en obliku i veli\u010dini dje\u010djih ruku, a kori\u0161tene boje su nje\u017ene i ugodne za oko.<br \/>\nDobitnici su nagrada na natjecanjima kao \u0161to su \u201eIgra\u010dka godine\u201d i \u201eSvijet prijateljski prema djeci\u201d.<\/p>\n","protected":false},"featured_media":669,"template":"","meta":[],"product_brand":[44],"product_cat":[30],"product_tag":[],"class_list":{"0":"post-769","1":"product","2":"type-product","3":"status-publish","4":"has-post-thumbnail","6":"product_brand-marioinex","7":"product_cat-konstruktori","9":"first","10":"instock","11":"shipping-taxable","12":"purchasable","13":"product-type-simple"},"yoast_head":"<!-- This site is optimized with the Yoast SEO plugin v26.8 - https:\/\/yoast.com\/product\/yoast-seo-wordpress\/ -->\n<title>Pastel Waffles 500 - Naklada Panda<\/title>\n<meta name=\"robots\" content=\"noindex, follow, max-snippet:-1, max-image-preview:large, max-video-preview:-1\" \/>\n<meta property=\"og:locale\" content=\"hr_HR\" \/>\n<meta property=\"og:type\" content=\"article\" \/>\n<meta property=\"og:title\" content=\"Pastel Waffles 500 - Naklada Panda\" \/>\n<meta property=\"og:description\" content=\"Inovativne kockice koje djeci nikada ne dosade. Pastel Waffles 500 je set koji \u0107e va\u0161em djetetu pru\u017eiti mnogo sati zabave i potaknuti kreativnost kakvu mo\u017eda niste ni o\u010dekivali. Pastelne boje djeluju umiruju\u0107e i olak\u0161avaju koncentraciju. Prilo\u017eene upute za slaganje nadahnjuju djecu na izradu atraktivnih oblika. Set se sastoji od \u010dak 500 dijelova te razvija dje\u010dju ma\u0161tu, manualne vje\u0161tine i u\u010di logi\u010dkom razmi\u0161ljanju. Marioinex \u2013 sigurne kockice za djecu Marioinex kockice dizajnirane su tako da budu \u0161to ugodnije i sigurnije za djecu. Izra\u0111ene su od fleksibilnog, mekanog i ugodnog materijala na dodir. Njihov oblik savr\u0161eno je prilago\u0111en obliku i veli\u010dini dje\u010djih ruku, a kori\u0161tene boje su nje\u017ene i ugodne za oko. Dobitnici su nagrada na natjecanjima kao \u0161to su \u201eIgra\u010dka godine\u201d i \u201eSvijet prijateljski prema djeci\u201d.\" \/>\n<meta property=\"og:url\" content=\"https:\/\/webshop.nakladapanda.hr\/?product=pastel-waffles-500\" \/>\n<meta property=\"og:site_name\" content=\"Naklada Panda\" \/>\n<meta property=\"og:image\" content=\"https:\/\/webshop.nakladapanda.hr\/wp-content\/uploads\/2026\/01\/903629.jpeg\" \/>\n\t<meta property=\"og:image:width\" content=\"1080\" \/>\n\t<meta property=\"og:image:height\" content=\"1080\" \/>\n\t<meta property=\"og:image:type\" content=\"image\/jpeg\" \/>\n<meta name=\"twitter:card\" content=\"summary_large_image\" \/>\n<script type=\"application\/ld+json\" class=\"yoast-schema-graph\">{\"@context\":\"https:\/\/schema.org\",\"@graph\":[{\"@type\":\"WebPage\",\"@id\":\"https:\/\/webshop.nakladapanda.hr\/?product=pastel-waffles-500\",\"url\":\"https:\/\/webshop.nakladapanda.hr\/?product=pastel-waffles-500\",\"name\":\"Pastel Waffles 500 - Naklada Panda\",\"isPartOf\":{\"@id\":\"https:\/\/webshop.nakladapanda.hr\/#website\"},\"primaryImageOfPage\":{\"@id\":\"https:\/\/webshop.nakladapanda.hr\/?product=pastel-waffles-500#primaryimage\"},\"image\":{\"@id\":\"https:\/\/webshop.nakladapanda.hr\/?product=pastel-waffles-500#primaryimage\"},\"thumbnailUrl\":\"https:\/\/webshop.nakladapanda.hr\/wp-content\/uploads\/2026\/01\/903629.jpeg\",\"datePublished\":\"2026-01-27T09:53:26+00:00\",\"breadcrumb\":{\"@id\":\"https:\/\/webshop.nakladapanda.hr\/?product=pastel-waffles-500#breadcrumb\"},\"inLanguage\":\"hr\",\"potentialAction\":[{\"@type\":\"ReadAction\",\"target\":[\"https:\/\/webshop.nakladapanda.hr\/?product=pastel-waffles-500\"]}]},{\"@type\":\"ImageObject\",\"inLanguage\":\"hr\",\"@id\":\"https:\/\/webshop.nakladapanda.hr\/?product=pastel-waffles-500#primaryimage\",\"url\":\"https:\/\/webshop.nakladapanda.hr\/wp-content\/uploads\/2026\/01\/903629.jpeg\",\"contentUrl\":\"https:\/\/webshop.nakladapanda.hr\/wp-content\/uploads\/2026\/01\/903629.jpeg\",\"width\":1080,\"height\":1080},{\"@type\":\"BreadcrumbList\",\"@id\":\"https:\/\/webshop.nakladapanda.hr\/?product=pastel-waffles-500#breadcrumb\",\"itemListElement\":[{\"@type\":\"ListItem\",\"position\":1,\"name\":\"Home\",\"item\":\"https:\/\/webshop.nakladapanda.hr\/\"},{\"@type\":\"ListItem\",\"position\":2,\"name\":\"Products\",\"item\":\"https:\/\/webshop.nakladapanda.hr\/?post_type=product\"},{\"@type\":\"ListItem\",\"position\":3,\"name\":\"Pastel Waffles 500\"}]},{\"@type\":\"WebSite\",\"@id\":\"https:\/\/webshop.nakladapanda.hr\/#website\",\"url\":\"https:\/\/webshop.nakladapanda.hr\/\",\"name\":\"Naklada Panda\",\"description\":\"\",\"publisher\":{\"@id\":\"https:\/\/webshop.nakladapanda.hr\/#organization\"},\"potentialAction\":[{\"@type\":\"SearchAction\",\"target\":{\"@type\":\"EntryPoint\",\"urlTemplate\":\"https:\/\/webshop.nakladapanda.hr\/?s={search_term_string}\"},\"query-input\":{\"@type\":\"PropertyValueSpecification\",\"valueRequired\":true,\"valueName\":\"search_term_string\"}}],\"inLanguage\":\"hr\"},{\"@type\":\"Organization\",\"@id\":\"https:\/\/webshop.nakladapanda.hr\/#organization\",\"name\":\"Naklada Panda\",\"url\":\"https:\/\/webshop.nakladapanda.hr\/\",\"logo\":{\"@type\":\"ImageObject\",\"inLanguage\":\"hr\",\"@id\":\"https:\/\/webshop.nakladapanda.hr\/#\/schema\/logo\/image\/\",\"url\":\"https:\/\/webshop.nakladapanda.hr\/wp-content\/uploads\/2025\/12\/naklada-panda-logo.png\",\"contentUrl\":\"https:\/\/webshop.nakladapanda.hr\/wp-content\/uploads\/2025\/12\/naklada-panda-logo.png\",\"width\":643,\"height\":244,\"caption\":\"Naklada Panda\"},\"image\":{\"@id\":\"https:\/\/webshop.nakladapanda.hr\/#\/schema\/logo\/image\/\"}}]}<\/script>\n<!-- \/ Yoast SEO plugin. -->","yoast_head_json":{"title":"Pastel Waffles 500 - Naklada Panda","robots":{"index":"noindex","follow":"follow","max-snippet":"max-snippet:-1","max-image-preview":"max-image-preview:large","max-video-preview":"max-video-preview:-1"},"og_locale":"hr_HR","og_type":"article","og_title":"Pastel Waffles 500 - Naklada Panda","og_description":"Inovativne kockice koje djeci nikada ne dosade. Pastel Waffles 500 je set koji \u0107e va\u0161em djetetu pru\u017eiti mnogo sati zabave i potaknuti kreativnost kakvu mo\u017eda niste ni o\u010dekivali. Pastelne boje djeluju umiruju\u0107e i olak\u0161avaju koncentraciju. Prilo\u017eene upute za slaganje nadahnjuju djecu na izradu atraktivnih oblika. Set se sastoji od \u010dak 500 dijelova te razvija dje\u010dju ma\u0161tu, manualne vje\u0161tine i u\u010di logi\u010dkom razmi\u0161ljanju. Marioinex \u2013 sigurne kockice za djecu Marioinex kockice dizajnirane su tako da budu \u0161to ugodnije i sigurnije za djecu. Izra\u0111ene su od fleksibilnog, mekanog i ugodnog materijala na dodir. Njihov oblik savr\u0161eno je prilago\u0111en obliku i veli\u010dini dje\u010djih ruku, a kori\u0161tene boje su nje\u017ene i ugodne za oko. Dobitnici su nagrada na natjecanjima kao \u0161to su \u201eIgra\u010dka godine\u201d i \u201eSvijet prijateljski prema djeci\u201d.","og_url":"https:\/\/webshop.nakladapanda.hr\/?product=pastel-waffles-500","og_site_name":"Naklada Panda","og_image":[{"width":1080,"height":1080,"url":"https:\/\/webshop.nakladapanda.hr\/wp-content\/uploads\/2026\/01\/903629.jpeg","type":"image\/jpeg"}],"twitter_card":"summary_large_image","schema":{"@context":"https:\/\/schema.org","@graph":[{"@type":"WebPage","@id":"https:\/\/webshop.nakladapanda.hr\/?product=pastel-waffles-500","url":"https:\/\/webshop.nakladapanda.hr\/?product=pastel-waffles-500","name":"Pastel Waffles 500 - Naklada Panda","isPartOf":{"@id":"https:\/\/webshop.nakladapanda.hr\/#website"},"primaryImageOfPage":{"@id":"https:\/\/webshop.nakladapanda.hr\/?product=pastel-waffles-500#primaryimage"},"image":{"@id":"https:\/\/webshop.nakladapanda.hr\/?product=pastel-waffles-500#primaryimage"},"thumbnailUrl":"https:\/\/webshop.nakladapanda.hr\/wp-content\/uploads\/2026\/01\/903629.jpeg","datePublished":"2026-01-27T09:53:26+00:00","breadcrumb":{"@id":"https:\/\/webshop.nakladapanda.hr\/?product=pastel-waffles-500#breadcrumb"},"inLanguage":"hr","potentialAction":[{"@type":"ReadAction","target":["https:\/\/webshop.nakladapanda.hr\/?product=pastel-waffles-500"]}]},{"@type":"ImageObject","inLanguage":"hr","@id":"https:\/\/webshop.nakladapanda.hr\/?product=pastel-waffles-500#primaryimage","url":"https:\/\/webshop.nakladapanda.hr\/wp-content\/uploads\/2026\/01\/903629.jpeg","contentUrl":"https:\/\/webshop.nakladapanda.hr\/wp-content\/uploads\/2026\/01\/903629.jpeg","width":1080,"height":1080},{"@type":"BreadcrumbList","@id":"https:\/\/webshop.nakladapanda.hr\/?product=pastel-waffles-500#breadcrumb","itemListElement":[{"@type":"ListItem","position":1,"name":"Home","item":"https:\/\/webshop.nakladapanda.hr\/"},{"@type":"ListItem","position":2,"name":"Products","item":"https:\/\/webshop.nakladapanda.hr\/?post_type=product"},{"@type":"ListItem","position":3,"name":"Pastel Waffles 500"}]},{"@type":"WebSite","@id":"https:\/\/webshop.nakladapanda.hr\/#website","url":"https:\/\/webshop.nakladapanda.hr\/","name":"Naklada Panda","description":"","publisher":{"@id":"https:\/\/webshop.nakladapanda.hr\/#organization"},"potentialAction":[{"@type":"SearchAction","target":{"@type":"EntryPoint","urlTemplate":"https:\/\/webshop.nakladapanda.hr\/?s={search_term_string}"},"query-input":{"@type":"PropertyValueSpecification","valueRequired":true,"valueName":"search_term_string"}}],"inLanguage":"hr"},{"@type":"Organization","@id":"https:\/\/webshop.nakladapanda.hr\/#organization","name":"Naklada Panda","url":"https:\/\/webshop.nakladapanda.hr\/","logo":{"@type":"ImageObject","inLanguage":"hr","@id":"https:\/\/webshop.nakladapanda.hr\/#\/schema\/logo\/image\/","url":"https:\/\/webshop.nakladapanda.hr\/wp-content\/uploads\/2025\/12\/naklada-panda-logo.png","contentUrl":"https:\/\/webshop.nakladapanda.hr\/wp-content\/uploads\/2025\/12\/naklada-panda-logo.png","width":643,"height":244,"caption":"Naklada Panda"},"image":{"@id":"https:\/\/webshop.nakladapanda.hr\/#\/schema\/logo\/image\/"}}]}},"_links":{"self":[{"href":"https:\/\/webshop.nakladapanda.hr\/index.php?rest_route=\/wp\/v2\/product\/769","targetHints":{"allow":["GET"]}}],"collection":[{"href":"https:\/\/webshop.nakladapanda.hr\/index.php?rest_route=\/wp\/v2\/product"}],"about":[{"href":"https:\/\/webshop.nakladapanda.hr\/index.php?rest_route=\/wp\/v2\/types\/product"}],"wp:featuredmedia":[{"embeddable":true,"href":"https:\/\/webshop.nakladapanda.hr\/index.php?rest_route=\/wp\/v2\/media\/669"}],"wp:attachment":[{"href":"https:\/\/webshop.nakladapanda.hr\/index.php?rest_route=%2Fwp%2Fv2%2Fmedia&parent=769"}],"wp:term":[{"taxonomy":"product_brand","embeddable":true,"href":"https:\/\/webshop.nakladapanda.hr\/index.php?rest_route=%2Fwp%2Fv2%2Fproduct_brand&post=769"},{"taxonomy":"product_cat","embeddable":true,"href":"https:\/\/webshop.nakladapanda.hr\/index.php?rest_route=%2Fwp%2Fv2%2Fproduct_cat&post=769"},{"taxonomy":"product_tag","embeddable":true,"href":"https:\/\/webshop.nakladapanda.hr\/index.php?rest_route=%2Fwp%2Fv2%2Fproduct_tag&post=769"}],"curies":[{"name":"wp","href":"https:\/\/api.w.org\/{rel}","templated":true}]}}