{"id":763,"date":"2026-01-27T09:53:25","date_gmt":"2026-01-27T09:53:25","guid":{"rendered":"https:\/\/webshop.nakladapanda.hr\/?product=shopping-center-hello-kitty"},"modified":"2026-01-27T09:53:26","modified_gmt":"2026-01-27T09:53:26","slug":"shopping-center-hello-kitty","status":"publish","type":"product","link":"https:\/\/webshop.nakladapanda.hr\/?product=shopping-center-hello-kitty","title":{"rendered":"SHOPPING CENTER &#8211; HELLO KITTY"},"content":{"rendered":"","protected":false},"excerpt":{"rendered":"<p>Malo shoppinga? Izgradi Hello Kitty trgova\u010dki centar od 140 dijelova i provedi popodne u dru\u017eenju s omiljenom likom!<br \/>\nOvo je edukativna igra\u010dka za najmla\u0111e. Savr\u0161en poklon za svaku priliku za djecu pred\u0161kolske dobi od 2 do 5 godina, idealan za prvi susret sa svijetom gra\u0111enja ili za kombiniranje s drugim playsetovima kako bi igra bila jo\u0161 zabavnija.<br \/>\nUNICO PLUS je linija kompatibilnih kockica koja poti\u010de dje\u010dju ma\u0161tu.<br \/>\nIgraju\u0107i se UNICO PLUS kockicama, dijete razvija kreativnost, logi\u010dko razmi\u0161ljanje i sposobnost rje\u0161avanja problema. Budu\u0107i da je rije\u010d o ru\u010dnoj igra\u010dki bez baterija, dijete ima potpunu kontrolu nad igrom i vlastitim idejama.<br \/>\nKroz igru djeca usavr\u0161avaju finu motoriku te u\u010de prepoznavati i povezivati oblike i boje.<br \/>\nKockice su jednostavne za rukovanje, sigurne, \u010dvrste, netoksi\u010dne i lako perive. Certificirane su oznakom Giocattoli Sicuri Instituta za sigurnost igra\u010daka, \u0161to je dobrovoljni znak koji dodatno potvr\u0111uje da je proizvod certificiran od strane ovla\u0161tenog tijela, uz uvjet da se pritom ne umanjuje vidljivost obavezne oznake CE.<br \/>\nlg.camcom.it<br \/>\nSetovi prolaze niz testiranja kako bi se osigurala kvaliteta i sigurnost, \u010dime se djeci omogu\u0107uje bezbri\u017ena igra.<\/p>\n","protected":false},"featured_media":663,"template":"","meta":[],"product_brand":[42],"product_cat":[30],"product_tag":[],"class_list":{"0":"post-763","1":"product","2":"type-product","3":"status-publish","4":"has-post-thumbnail","6":"product_brand-androni-giocattoli","7":"product_cat-konstruktori","9":"first","10":"instock","11":"shipping-taxable","12":"purchasable","13":"product-type-simple"},"yoast_head":"<!-- This site is optimized with the Yoast SEO plugin v26.8 - https:\/\/yoast.com\/product\/yoast-seo-wordpress\/ -->\n<title>SHOPPING CENTER - HELLO KITTY - Naklada Panda<\/title>\n<meta name=\"robots\" content=\"noindex, follow, max-snippet:-1, max-image-preview:large, max-video-preview:-1\" \/>\n<meta property=\"og:locale\" content=\"hr_HR\" \/>\n<meta property=\"og:type\" content=\"article\" \/>\n<meta property=\"og:title\" content=\"SHOPPING CENTER - HELLO KITTY - Naklada Panda\" \/>\n<meta property=\"og:description\" content=\"Malo shoppinga? Izgradi Hello Kitty trgova\u010dki centar od 140 dijelova i provedi popodne u dru\u017eenju s omiljenom likom! Ovo je edukativna igra\u010dka za najmla\u0111e. Savr\u0161en poklon za svaku priliku za djecu pred\u0161kolske dobi od 2 do 5 godina, idealan za prvi susret sa svijetom gra\u0111enja ili za kombiniranje s drugim playsetovima kako bi igra bila jo\u0161 zabavnija. UNICO PLUS je linija kompatibilnih kockica koja poti\u010de dje\u010dju ma\u0161tu. Igraju\u0107i se UNICO PLUS kockicama, dijete razvija kreativnost, logi\u010dko razmi\u0161ljanje i sposobnost rje\u0161avanja problema. Budu\u0107i da je rije\u010d o ru\u010dnoj igra\u010dki bez baterija, dijete ima potpunu kontrolu nad igrom i vlastitim idejama. Kroz igru djeca usavr\u0161avaju finu motoriku te u\u010de prepoznavati i povezivati oblike i boje. Kockice su jednostavne za rukovanje, sigurne, \u010dvrste, netoksi\u010dne i lako perive. Certificirane su oznakom Giocattoli Sicuri Instituta za sigurnost igra\u010daka, \u0161to je dobrovoljni znak koji dodatno potvr\u0111uje da je proizvod certificiran od strane ovla\u0161tenog tijela, uz uvjet da se pritom ne umanjuje vidljivost obavezne oznake CE. lg.camcom.it Setovi prolaze niz testiranja kako bi se osigurala kvaliteta i sigurnost, \u010dime se djeci omogu\u0107uje bezbri\u017ena igra.\" \/>\n<meta property=\"og:url\" content=\"https:\/\/webshop.nakladapanda.hr\/?product=shopping-center-hello-kitty\" \/>\n<meta property=\"og:site_name\" content=\"Naklada Panda\" \/>\n<meta property=\"article:modified_time\" content=\"2026-01-27T09:53:26+00:00\" \/>\n<meta property=\"og:image\" content=\"https:\/\/webshop.nakladapanda.hr\/wp-content\/uploads\/2026\/01\/8659-00HK.png\" \/>\n\t<meta property=\"og:image:width\" content=\"500\" \/>\n\t<meta property=\"og:image:height\" content=\"500\" \/>\n\t<meta property=\"og:image:type\" content=\"image\/png\" \/>\n<meta name=\"twitter:card\" content=\"summary_large_image\" \/>\n<script type=\"application\/ld+json\" class=\"yoast-schema-graph\">{\"@context\":\"https:\/\/schema.org\",\"@graph\":[{\"@type\":\"WebPage\",\"@id\":\"https:\/\/webshop.nakladapanda.hr\/?product=shopping-center-hello-kitty\",\"url\":\"https:\/\/webshop.nakladapanda.hr\/?product=shopping-center-hello-kitty\",\"name\":\"SHOPPING CENTER - HELLO KITTY - Naklada Panda\",\"isPartOf\":{\"@id\":\"https:\/\/webshop.nakladapanda.hr\/#website\"},\"primaryImageOfPage\":{\"@id\":\"https:\/\/webshop.nakladapanda.hr\/?product=shopping-center-hello-kitty#primaryimage\"},\"image\":{\"@id\":\"https:\/\/webshop.nakladapanda.hr\/?product=shopping-center-hello-kitty#primaryimage\"},\"thumbnailUrl\":\"https:\/\/webshop.nakladapanda.hr\/wp-content\/uploads\/2026\/01\/8659-00HK.png\",\"datePublished\":\"2026-01-27T09:53:25+00:00\",\"dateModified\":\"2026-01-27T09:53:26+00:00\",\"breadcrumb\":{\"@id\":\"https:\/\/webshop.nakladapanda.hr\/?product=shopping-center-hello-kitty#breadcrumb\"},\"inLanguage\":\"hr\",\"potentialAction\":[{\"@type\":\"ReadAction\",\"target\":[\"https:\/\/webshop.nakladapanda.hr\/?product=shopping-center-hello-kitty\"]}]},{\"@type\":\"ImageObject\",\"inLanguage\":\"hr\",\"@id\":\"https:\/\/webshop.nakladapanda.hr\/?product=shopping-center-hello-kitty#primaryimage\",\"url\":\"https:\/\/webshop.nakladapanda.hr\/wp-content\/uploads\/2026\/01\/8659-00HK.png\",\"contentUrl\":\"https:\/\/webshop.nakladapanda.hr\/wp-content\/uploads\/2026\/01\/8659-00HK.png\",\"width\":500,\"height\":500},{\"@type\":\"BreadcrumbList\",\"@id\":\"https:\/\/webshop.nakladapanda.hr\/?product=shopping-center-hello-kitty#breadcrumb\",\"itemListElement\":[{\"@type\":\"ListItem\",\"position\":1,\"name\":\"Home\",\"item\":\"https:\/\/webshop.nakladapanda.hr\/\"},{\"@type\":\"ListItem\",\"position\":2,\"name\":\"Products\",\"item\":\"https:\/\/webshop.nakladapanda.hr\/?post_type=product\"},{\"@type\":\"ListItem\",\"position\":3,\"name\":\"SHOPPING CENTER &#8211; HELLO KITTY\"}]},{\"@type\":\"WebSite\",\"@id\":\"https:\/\/webshop.nakladapanda.hr\/#website\",\"url\":\"https:\/\/webshop.nakladapanda.hr\/\",\"name\":\"Naklada Panda\",\"description\":\"\",\"publisher\":{\"@id\":\"https:\/\/webshop.nakladapanda.hr\/#organization\"},\"potentialAction\":[{\"@type\":\"SearchAction\",\"target\":{\"@type\":\"EntryPoint\",\"urlTemplate\":\"https:\/\/webshop.nakladapanda.hr\/?s={search_term_string}\"},\"query-input\":{\"@type\":\"PropertyValueSpecification\",\"valueRequired\":true,\"valueName\":\"search_term_string\"}}],\"inLanguage\":\"hr\"},{\"@type\":\"Organization\",\"@id\":\"https:\/\/webshop.nakladapanda.hr\/#organization\",\"name\":\"Naklada Panda\",\"url\":\"https:\/\/webshop.nakladapanda.hr\/\",\"logo\":{\"@type\":\"ImageObject\",\"inLanguage\":\"hr\",\"@id\":\"https:\/\/webshop.nakladapanda.hr\/#\/schema\/logo\/image\/\",\"url\":\"https:\/\/webshop.nakladapanda.hr\/wp-content\/uploads\/2025\/12\/naklada-panda-logo.png\",\"contentUrl\":\"https:\/\/webshop.nakladapanda.hr\/wp-content\/uploads\/2025\/12\/naklada-panda-logo.png\",\"width\":643,\"height\":244,\"caption\":\"Naklada Panda\"},\"image\":{\"@id\":\"https:\/\/webshop.nakladapanda.hr\/#\/schema\/logo\/image\/\"}}]}<\/script>\n<!-- \/ Yoast SEO plugin. -->","yoast_head_json":{"title":"SHOPPING CENTER - HELLO KITTY - Naklada Panda","robots":{"index":"noindex","follow":"follow","max-snippet":"max-snippet:-1","max-image-preview":"max-image-preview:large","max-video-preview":"max-video-preview:-1"},"og_locale":"hr_HR","og_type":"article","og_title":"SHOPPING CENTER - HELLO KITTY - Naklada Panda","og_description":"Malo shoppinga? Izgradi Hello Kitty trgova\u010dki centar od 140 dijelova i provedi popodne u dru\u017eenju s omiljenom likom! Ovo je edukativna igra\u010dka za najmla\u0111e. Savr\u0161en poklon za svaku priliku za djecu pred\u0161kolske dobi od 2 do 5 godina, idealan za prvi susret sa svijetom gra\u0111enja ili za kombiniranje s drugim playsetovima kako bi igra bila jo\u0161 zabavnija. UNICO PLUS je linija kompatibilnih kockica koja poti\u010de dje\u010dju ma\u0161tu. Igraju\u0107i se UNICO PLUS kockicama, dijete razvija kreativnost, logi\u010dko razmi\u0161ljanje i sposobnost rje\u0161avanja problema. Budu\u0107i da je rije\u010d o ru\u010dnoj igra\u010dki bez baterija, dijete ima potpunu kontrolu nad igrom i vlastitim idejama. Kroz igru djeca usavr\u0161avaju finu motoriku te u\u010de prepoznavati i povezivati oblike i boje. Kockice su jednostavne za rukovanje, sigurne, \u010dvrste, netoksi\u010dne i lako perive. Certificirane su oznakom Giocattoli Sicuri Instituta za sigurnost igra\u010daka, \u0161to je dobrovoljni znak koji dodatno potvr\u0111uje da je proizvod certificiran od strane ovla\u0161tenog tijela, uz uvjet da se pritom ne umanjuje vidljivost obavezne oznake CE. lg.camcom.it Setovi prolaze niz testiranja kako bi se osigurala kvaliteta i sigurnost, \u010dime se djeci omogu\u0107uje bezbri\u017ena igra.","og_url":"https:\/\/webshop.nakladapanda.hr\/?product=shopping-center-hello-kitty","og_site_name":"Naklada Panda","article_modified_time":"2026-01-27T09:53:26+00:00","og_image":[{"width":500,"height":500,"url":"https:\/\/webshop.nakladapanda.hr\/wp-content\/uploads\/2026\/01\/8659-00HK.png","type":"image\/png"}],"twitter_card":"summary_large_image","schema":{"@context":"https:\/\/schema.org","@graph":[{"@type":"WebPage","@id":"https:\/\/webshop.nakladapanda.hr\/?product=shopping-center-hello-kitty","url":"https:\/\/webshop.nakladapanda.hr\/?product=shopping-center-hello-kitty","name":"SHOPPING CENTER - HELLO KITTY - Naklada Panda","isPartOf":{"@id":"https:\/\/webshop.nakladapanda.hr\/#website"},"primaryImageOfPage":{"@id":"https:\/\/webshop.nakladapanda.hr\/?product=shopping-center-hello-kitty#primaryimage"},"image":{"@id":"https:\/\/webshop.nakladapanda.hr\/?product=shopping-center-hello-kitty#primaryimage"},"thumbnailUrl":"https:\/\/webshop.nakladapanda.hr\/wp-content\/uploads\/2026\/01\/8659-00HK.png","datePublished":"2026-01-27T09:53:25+00:00","dateModified":"2026-01-27T09:53:26+00:00","breadcrumb":{"@id":"https:\/\/webshop.nakladapanda.hr\/?product=shopping-center-hello-kitty#breadcrumb"},"inLanguage":"hr","potentialAction":[{"@type":"ReadAction","target":["https:\/\/webshop.nakladapanda.hr\/?product=shopping-center-hello-kitty"]}]},{"@type":"ImageObject","inLanguage":"hr","@id":"https:\/\/webshop.nakladapanda.hr\/?product=shopping-center-hello-kitty#primaryimage","url":"https:\/\/webshop.nakladapanda.hr\/wp-content\/uploads\/2026\/01\/8659-00HK.png","contentUrl":"https:\/\/webshop.nakladapanda.hr\/wp-content\/uploads\/2026\/01\/8659-00HK.png","width":500,"height":500},{"@type":"BreadcrumbList","@id":"https:\/\/webshop.nakladapanda.hr\/?product=shopping-center-hello-kitty#breadcrumb","itemListElement":[{"@type":"ListItem","position":1,"name":"Home","item":"https:\/\/webshop.nakladapanda.hr\/"},{"@type":"ListItem","position":2,"name":"Products","item":"https:\/\/webshop.nakladapanda.hr\/?post_type=product"},{"@type":"ListItem","position":3,"name":"SHOPPING CENTER &#8211; HELLO KITTY"}]},{"@type":"WebSite","@id":"https:\/\/webshop.nakladapanda.hr\/#website","url":"https:\/\/webshop.nakladapanda.hr\/","name":"Naklada Panda","description":"","publisher":{"@id":"https:\/\/webshop.nakladapanda.hr\/#organization"},"potentialAction":[{"@type":"SearchAction","target":{"@type":"EntryPoint","urlTemplate":"https:\/\/webshop.nakladapanda.hr\/?s={search_term_string}"},"query-input":{"@type":"PropertyValueSpecification","valueRequired":true,"valueName":"search_term_string"}}],"inLanguage":"hr"},{"@type":"Organization","@id":"https:\/\/webshop.nakladapanda.hr\/#organization","name":"Naklada Panda","url":"https:\/\/webshop.nakladapanda.hr\/","logo":{"@type":"ImageObject","inLanguage":"hr","@id":"https:\/\/webshop.nakladapanda.hr\/#\/schema\/logo\/image\/","url":"https:\/\/webshop.nakladapanda.hr\/wp-content\/uploads\/2025\/12\/naklada-panda-logo.png","contentUrl":"https:\/\/webshop.nakladapanda.hr\/wp-content\/uploads\/2025\/12\/naklada-panda-logo.png","width":643,"height":244,"caption":"Naklada Panda"},"image":{"@id":"https:\/\/webshop.nakladapanda.hr\/#\/schema\/logo\/image\/"}}]}},"_links":{"self":[{"href":"https:\/\/webshop.nakladapanda.hr\/index.php?rest_route=\/wp\/v2\/product\/763","targetHints":{"allow":["GET"]}}],"collection":[{"href":"https:\/\/webshop.nakladapanda.hr\/index.php?rest_route=\/wp\/v2\/product"}],"about":[{"href":"https:\/\/webshop.nakladapanda.hr\/index.php?rest_route=\/wp\/v2\/types\/product"}],"wp:featuredmedia":[{"embeddable":true,"href":"https:\/\/webshop.nakladapanda.hr\/index.php?rest_route=\/wp\/v2\/media\/663"}],"wp:attachment":[{"href":"https:\/\/webshop.nakladapanda.hr\/index.php?rest_route=%2Fwp%2Fv2%2Fmedia&parent=763"}],"wp:term":[{"taxonomy":"product_brand","embeddable":true,"href":"https:\/\/webshop.nakladapanda.hr\/index.php?rest_route=%2Fwp%2Fv2%2Fproduct_brand&post=763"},{"taxonomy":"product_cat","embeddable":true,"href":"https:\/\/webshop.nakladapanda.hr\/index.php?rest_route=%2Fwp%2Fv2%2Fproduct_cat&post=763"},{"taxonomy":"product_tag","embeddable":true,"href":"https:\/\/webshop.nakladapanda.hr\/index.php?rest_route=%2Fwp%2Fv2%2Fproduct_tag&post=763"}],"curies":[{"name":"wp","href":"https:\/\/api.w.org\/{rel}","templated":true}]}}