{"id":761,"date":"2026-01-27T09:53:25","date_gmt":"2026-01-27T09:53:25","guid":{"rendered":"https:\/\/webshop.nakladapanda.hr\/?product=gradiliste"},"modified":"2026-01-27T09:53:25","modified_gmt":"2026-01-27T09:53:25","slug":"gradiliste","status":"publish","type":"product","link":"https:\/\/webshop.nakladapanda.hr\/?product=gradiliste","title":{"rendered":"GRADILI\u0160TE"},"content":{"rendered":"","protected":false},"excerpt":{"rendered":"<p>Novi gradili\u0161te je u izgradnji\u2026 Poslova je puno! Spreman si pomo\u0107i?<br \/>\nOvo je edukativna igra\u010dka za najmla\u0111e. Savr\u0161en poklon za svaku priliku za djecu pred\u0161kolske dobi od 2 do 5 godina, kako bi ih se uvelo u svijet gra\u0111enja ili kako bi se kombinirala s drugim playsetovima za jo\u0161 vi\u0161e zabave!<br \/>\nUNICO PLUS je na\u0161a linija kompatibilnih kockica.<br \/>\nIgraju\u0107i se s UNICO PLUS kockicama, dijete razvija ma\u0161tu i sposobnost rje\u0161avanja problema jer, kao i kod svih ru\u010dnih igra\u010daka bez baterija, kontrola kreativnosti nalazi se u njegovim rukama.<br \/>\nDjeca se zabavljaju razvijaju\u0107i manualne vje\u0161tine te u\u010de povezivati oblike i boje.<br \/>\nUNICO PLUS setovi izra\u0111eni su od \u0161arenih kockica koje su jednostavne za rukovanje; sigurne su, \u010dvrste, netoksi\u010dne, lako perive i certificirane oznakom Giocattoli Sicuri Instituta za sigurnost igra\u010daka. Mo\u017eete ih ponijeti sa sobom gdje god po\u017eelite!<br \/>\nKockice UNICO PLUS prolaze brojne testove (pad, pritisak, uvijanje, zagrijavanje, savijanje, grebanje, povla\u010denje itd.) kako bi se osiguralo da svaki gra\u0111evni set zadovoljava najvi\u0161e standarde sigurnosti i kvalitete.<\/p>\n","protected":false},"featured_media":0,"template":"","meta":[],"product_brand":[42],"product_cat":[30],"product_tag":[],"class_list":{"0":"post-761","1":"product","2":"type-product","3":"status-publish","5":"product_brand-androni-giocattoli","6":"product_cat-konstruktori","8":"first","9":"instock","10":"shipping-taxable","11":"purchasable","12":"product-type-simple"},"yoast_head":"<!-- This site is optimized with the Yoast SEO plugin v26.8 - https:\/\/yoast.com\/product\/yoast-seo-wordpress\/ -->\n<title>GRADILI\u0160TE - Naklada Panda<\/title>\n<meta name=\"robots\" content=\"noindex, follow, max-snippet:-1, max-image-preview:large, max-video-preview:-1\" \/>\n<meta property=\"og:locale\" content=\"hr_HR\" \/>\n<meta property=\"og:type\" content=\"article\" \/>\n<meta property=\"og:title\" content=\"GRADILI\u0160TE - Naklada Panda\" \/>\n<meta property=\"og:description\" content=\"Novi gradili\u0161te je u izgradnji\u2026 Poslova je puno! Spreman si pomo\u0107i? Ovo je edukativna igra\u010dka za najmla\u0111e. Savr\u0161en poklon za svaku priliku za djecu pred\u0161kolske dobi od 2 do 5 godina, kako bi ih se uvelo u svijet gra\u0111enja ili kako bi se kombinirala s drugim playsetovima za jo\u0161 vi\u0161e zabave! UNICO PLUS je na\u0161a linija kompatibilnih kockica. Igraju\u0107i se s UNICO PLUS kockicama, dijete razvija ma\u0161tu i sposobnost rje\u0161avanja problema jer, kao i kod svih ru\u010dnih igra\u010daka bez baterija, kontrola kreativnosti nalazi se u njegovim rukama. Djeca se zabavljaju razvijaju\u0107i manualne vje\u0161tine te u\u010de povezivati oblike i boje. UNICO PLUS setovi izra\u0111eni su od \u0161arenih kockica koje su jednostavne za rukovanje; sigurne su, \u010dvrste, netoksi\u010dne, lako perive i certificirane oznakom Giocattoli Sicuri Instituta za sigurnost igra\u010daka. Mo\u017eete ih ponijeti sa sobom gdje god po\u017eelite! Kockice UNICO PLUS prolaze brojne testove (pad, pritisak, uvijanje, zagrijavanje, savijanje, grebanje, povla\u010denje itd.) kako bi se osiguralo da svaki gra\u0111evni set zadovoljava najvi\u0161e standarde sigurnosti i kvalitete.\" \/>\n<meta property=\"og:url\" content=\"https:\/\/webshop.nakladapanda.hr\/?product=gradiliste\" \/>\n<meta property=\"og:site_name\" content=\"Naklada Panda\" \/>\n<meta name=\"twitter:card\" content=\"summary_large_image\" \/>\n<script type=\"application\/ld+json\" class=\"yoast-schema-graph\">{\"@context\":\"https:\/\/schema.org\",\"@graph\":[{\"@type\":\"WebPage\",\"@id\":\"https:\/\/webshop.nakladapanda.hr\/?product=gradiliste\",\"url\":\"https:\/\/webshop.nakladapanda.hr\/?product=gradiliste\",\"name\":\"GRADILI\u0160TE - Naklada Panda\",\"isPartOf\":{\"@id\":\"https:\/\/webshop.nakladapanda.hr\/#website\"},\"datePublished\":\"2026-01-27T09:53:25+00:00\",\"breadcrumb\":{\"@id\":\"https:\/\/webshop.nakladapanda.hr\/?product=gradiliste#breadcrumb\"},\"inLanguage\":\"hr\",\"potentialAction\":[{\"@type\":\"ReadAction\",\"target\":[\"https:\/\/webshop.nakladapanda.hr\/?product=gradiliste\"]}]},{\"@type\":\"BreadcrumbList\",\"@id\":\"https:\/\/webshop.nakladapanda.hr\/?product=gradiliste#breadcrumb\",\"itemListElement\":[{\"@type\":\"ListItem\",\"position\":1,\"name\":\"Home\",\"item\":\"https:\/\/webshop.nakladapanda.hr\/\"},{\"@type\":\"ListItem\",\"position\":2,\"name\":\"Products\",\"item\":\"https:\/\/webshop.nakladapanda.hr\/?post_type=product\"},{\"@type\":\"ListItem\",\"position\":3,\"name\":\"GRADILI\u0160TE\"}]},{\"@type\":\"WebSite\",\"@id\":\"https:\/\/webshop.nakladapanda.hr\/#website\",\"url\":\"https:\/\/webshop.nakladapanda.hr\/\",\"name\":\"Naklada Panda\",\"description\":\"\",\"publisher\":{\"@id\":\"https:\/\/webshop.nakladapanda.hr\/#organization\"},\"potentialAction\":[{\"@type\":\"SearchAction\",\"target\":{\"@type\":\"EntryPoint\",\"urlTemplate\":\"https:\/\/webshop.nakladapanda.hr\/?s={search_term_string}\"},\"query-input\":{\"@type\":\"PropertyValueSpecification\",\"valueRequired\":true,\"valueName\":\"search_term_string\"}}],\"inLanguage\":\"hr\"},{\"@type\":\"Organization\",\"@id\":\"https:\/\/webshop.nakladapanda.hr\/#organization\",\"name\":\"Naklada Panda\",\"url\":\"https:\/\/webshop.nakladapanda.hr\/\",\"logo\":{\"@type\":\"ImageObject\",\"inLanguage\":\"hr\",\"@id\":\"https:\/\/webshop.nakladapanda.hr\/#\/schema\/logo\/image\/\",\"url\":\"https:\/\/webshop.nakladapanda.hr\/wp-content\/uploads\/2025\/12\/naklada-panda-logo.png\",\"contentUrl\":\"https:\/\/webshop.nakladapanda.hr\/wp-content\/uploads\/2025\/12\/naklada-panda-logo.png\",\"width\":643,\"height\":244,\"caption\":\"Naklada Panda\"},\"image\":{\"@id\":\"https:\/\/webshop.nakladapanda.hr\/#\/schema\/logo\/image\/\"}}]}<\/script>\n<!-- \/ Yoast SEO plugin. -->","yoast_head_json":{"title":"GRADILI\u0160TE - Naklada Panda","robots":{"index":"noindex","follow":"follow","max-snippet":"max-snippet:-1","max-image-preview":"max-image-preview:large","max-video-preview":"max-video-preview:-1"},"og_locale":"hr_HR","og_type":"article","og_title":"GRADILI\u0160TE - Naklada Panda","og_description":"Novi gradili\u0161te je u izgradnji\u2026 Poslova je puno! Spreman si pomo\u0107i? Ovo je edukativna igra\u010dka za najmla\u0111e. Savr\u0161en poklon za svaku priliku za djecu pred\u0161kolske dobi od 2 do 5 godina, kako bi ih se uvelo u svijet gra\u0111enja ili kako bi se kombinirala s drugim playsetovima za jo\u0161 vi\u0161e zabave! UNICO PLUS je na\u0161a linija kompatibilnih kockica. Igraju\u0107i se s UNICO PLUS kockicama, dijete razvija ma\u0161tu i sposobnost rje\u0161avanja problema jer, kao i kod svih ru\u010dnih igra\u010daka bez baterija, kontrola kreativnosti nalazi se u njegovim rukama. Djeca se zabavljaju razvijaju\u0107i manualne vje\u0161tine te u\u010de povezivati oblike i boje. UNICO PLUS setovi izra\u0111eni su od \u0161arenih kockica koje su jednostavne za rukovanje; sigurne su, \u010dvrste, netoksi\u010dne, lako perive i certificirane oznakom Giocattoli Sicuri Instituta za sigurnost igra\u010daka. Mo\u017eete ih ponijeti sa sobom gdje god po\u017eelite! Kockice UNICO PLUS prolaze brojne testove (pad, pritisak, uvijanje, zagrijavanje, savijanje, grebanje, povla\u010denje itd.) kako bi se osiguralo da svaki gra\u0111evni set zadovoljava najvi\u0161e standarde sigurnosti i kvalitete.","og_url":"https:\/\/webshop.nakladapanda.hr\/?product=gradiliste","og_site_name":"Naklada Panda","twitter_card":"summary_large_image","schema":{"@context":"https:\/\/schema.org","@graph":[{"@type":"WebPage","@id":"https:\/\/webshop.nakladapanda.hr\/?product=gradiliste","url":"https:\/\/webshop.nakladapanda.hr\/?product=gradiliste","name":"GRADILI\u0160TE - Naklada Panda","isPartOf":{"@id":"https:\/\/webshop.nakladapanda.hr\/#website"},"datePublished":"2026-01-27T09:53:25+00:00","breadcrumb":{"@id":"https:\/\/webshop.nakladapanda.hr\/?product=gradiliste#breadcrumb"},"inLanguage":"hr","potentialAction":[{"@type":"ReadAction","target":["https:\/\/webshop.nakladapanda.hr\/?product=gradiliste"]}]},{"@type":"BreadcrumbList","@id":"https:\/\/webshop.nakladapanda.hr\/?product=gradiliste#breadcrumb","itemListElement":[{"@type":"ListItem","position":1,"name":"Home","item":"https:\/\/webshop.nakladapanda.hr\/"},{"@type":"ListItem","position":2,"name":"Products","item":"https:\/\/webshop.nakladapanda.hr\/?post_type=product"},{"@type":"ListItem","position":3,"name":"GRADILI\u0160TE"}]},{"@type":"WebSite","@id":"https:\/\/webshop.nakladapanda.hr\/#website","url":"https:\/\/webshop.nakladapanda.hr\/","name":"Naklada Panda","description":"","publisher":{"@id":"https:\/\/webshop.nakladapanda.hr\/#organization"},"potentialAction":[{"@type":"SearchAction","target":{"@type":"EntryPoint","urlTemplate":"https:\/\/webshop.nakladapanda.hr\/?s={search_term_string}"},"query-input":{"@type":"PropertyValueSpecification","valueRequired":true,"valueName":"search_term_string"}}],"inLanguage":"hr"},{"@type":"Organization","@id":"https:\/\/webshop.nakladapanda.hr\/#organization","name":"Naklada Panda","url":"https:\/\/webshop.nakladapanda.hr\/","logo":{"@type":"ImageObject","inLanguage":"hr","@id":"https:\/\/webshop.nakladapanda.hr\/#\/schema\/logo\/image\/","url":"https:\/\/webshop.nakladapanda.hr\/wp-content\/uploads\/2025\/12\/naklada-panda-logo.png","contentUrl":"https:\/\/webshop.nakladapanda.hr\/wp-content\/uploads\/2025\/12\/naklada-panda-logo.png","width":643,"height":244,"caption":"Naklada Panda"},"image":{"@id":"https:\/\/webshop.nakladapanda.hr\/#\/schema\/logo\/image\/"}}]}},"_links":{"self":[{"href":"https:\/\/webshop.nakladapanda.hr\/index.php?rest_route=\/wp\/v2\/product\/761","targetHints":{"allow":["GET"]}}],"collection":[{"href":"https:\/\/webshop.nakladapanda.hr\/index.php?rest_route=\/wp\/v2\/product"}],"about":[{"href":"https:\/\/webshop.nakladapanda.hr\/index.php?rest_route=\/wp\/v2\/types\/product"}],"wp:attachment":[{"href":"https:\/\/webshop.nakladapanda.hr\/index.php?rest_route=%2Fwp%2Fv2%2Fmedia&parent=761"}],"wp:term":[{"taxonomy":"product_brand","embeddable":true,"href":"https:\/\/webshop.nakladapanda.hr\/index.php?rest_route=%2Fwp%2Fv2%2Fproduct_brand&post=761"},{"taxonomy":"product_cat","embeddable":true,"href":"https:\/\/webshop.nakladapanda.hr\/index.php?rest_route=%2Fwp%2Fv2%2Fproduct_cat&post=761"},{"taxonomy":"product_tag","embeddable":true,"href":"https:\/\/webshop.nakladapanda.hr\/index.php?rest_route=%2Fwp%2Fv2%2Fproduct_tag&post=761"}],"curies":[{"name":"wp","href":"https:\/\/api.w.org\/{rel}","templated":true}]}}