{"id":758,"date":"2026-01-27T09:53:24","date_gmt":"2026-01-27T09:53:24","guid":{"rendered":"https:\/\/webshop.nakladapanda.hr\/?product=pista-veliki-roller-coaster"},"modified":"2026-01-27T09:53:25","modified_gmt":"2026-01-27T09:53:25","slug":"pista-veliki-roller-coaster","status":"publish","type":"product","link":"https:\/\/webshop.nakladapanda.hr\/?product=pista-veliki-roller-coaster","title":{"rendered":"PISTA VELIKI ROLLER COASTER"},"content":{"rendered":"","protected":false},"excerpt":{"rendered":"<p>128 dijelova za izgradnju velike roller coaster staze! Dijelovi se mogu rastavljati i ponovno sastavljati kako bi se izgradile dvije razli\u010dite verzije staze. Neka uzbudljiva utrka kuglica zapo\u010dne!<br \/>\nOva edukativna igra\u010dka idealna je za djecu pred\u0161kolske dobi od 2 do 5 godina. Savr\u0161en je poklon za svaku priliku jer poti\u010de prve korake u svijetu gra\u0111enja, a mo\u017ee se i kombinirati s drugim playsetovima za jo\u0161 vi\u0161e zabave.<br \/>\nUNICO PLUS je linija kompatibilnih kockica osmi\u0161ljena za razvoj dje\u010dje ma\u0161te.<br \/>\nIgraju\u0107i se UNICO PLUS kockicama, djeca razvijaju kreativnost, logi\u010dko razmi\u0161ljanje i sposobnost rje\u0161avanja problema. Budu\u0107i da se radi o ru\u010dnoj igra\u010dki bez baterija, dijete ima potpunu kontrolu nad igrom i vlastitim idejama.<br \/>\nKroz igru djeca usavr\u0161avaju finu motoriku te u\u010de prepoznavati i povezivati oblike i boje.<br \/>\nUNICO PLUS setovi izra\u0111eni su od \u0161arenih kockica koje su jednostavne za rukovanje, sigurne, \u010dvrste, netoksi\u010dne i lako perive. Certificirani su oznakom Giocattoli Sicuri Instituta za sigurnost igra\u010daka te prolaze brojne testove kako bi zadovoljili visoke standarde sigurnosti i kvalitete.<\/p>\n","protected":false},"featured_media":662,"template":"","meta":[],"product_brand":[42],"product_cat":[30],"product_tag":[],"class_list":{"0":"post-758","1":"product","2":"type-product","3":"status-publish","4":"has-post-thumbnail","6":"product_brand-androni-giocattoli","7":"product_cat-konstruktori","9":"first","10":"instock","11":"shipping-taxable","12":"purchasable","13":"product-type-simple"},"yoast_head":"<!-- This site is optimized with the Yoast SEO plugin v26.8 - https:\/\/yoast.com\/product\/yoast-seo-wordpress\/ -->\n<title>PISTA VELIKI ROLLER COASTER - Naklada Panda<\/title>\n<meta name=\"robots\" content=\"noindex, follow, max-snippet:-1, max-image-preview:large, max-video-preview:-1\" \/>\n<meta property=\"og:locale\" content=\"hr_HR\" \/>\n<meta property=\"og:type\" content=\"article\" \/>\n<meta property=\"og:title\" content=\"PISTA VELIKI ROLLER COASTER - Naklada Panda\" \/>\n<meta property=\"og:description\" content=\"128 dijelova za izgradnju velike roller coaster staze! Dijelovi se mogu rastavljati i ponovno sastavljati kako bi se izgradile dvije razli\u010dite verzije staze. Neka uzbudljiva utrka kuglica zapo\u010dne! Ova edukativna igra\u010dka idealna je za djecu pred\u0161kolske dobi od 2 do 5 godina. Savr\u0161en je poklon za svaku priliku jer poti\u010de prve korake u svijetu gra\u0111enja, a mo\u017ee se i kombinirati s drugim playsetovima za jo\u0161 vi\u0161e zabave. UNICO PLUS je linija kompatibilnih kockica osmi\u0161ljena za razvoj dje\u010dje ma\u0161te. Igraju\u0107i se UNICO PLUS kockicama, djeca razvijaju kreativnost, logi\u010dko razmi\u0161ljanje i sposobnost rje\u0161avanja problema. Budu\u0107i da se radi o ru\u010dnoj igra\u010dki bez baterija, dijete ima potpunu kontrolu nad igrom i vlastitim idejama. Kroz igru djeca usavr\u0161avaju finu motoriku te u\u010de prepoznavati i povezivati oblike i boje. UNICO PLUS setovi izra\u0111eni su od \u0161arenih kockica koje su jednostavne za rukovanje, sigurne, \u010dvrste, netoksi\u010dne i lako perive. Certificirani su oznakom Giocattoli Sicuri Instituta za sigurnost igra\u010daka te prolaze brojne testove kako bi zadovoljili visoke standarde sigurnosti i kvalitete.\" \/>\n<meta property=\"og:url\" content=\"https:\/\/webshop.nakladapanda.hr\/?product=pista-veliki-roller-coaster\" \/>\n<meta property=\"og:site_name\" content=\"Naklada Panda\" \/>\n<meta property=\"article:modified_time\" content=\"2026-01-27T09:53:25+00:00\" \/>\n<meta property=\"og:image\" content=\"https:\/\/webshop.nakladapanda.hr\/wp-content\/uploads\/2026\/01\/8636-0000.png\" \/>\n\t<meta property=\"og:image:width\" content=\"1500\" \/>\n\t<meta property=\"og:image:height\" content=\"1500\" \/>\n\t<meta property=\"og:image:type\" content=\"image\/png\" \/>\n<meta name=\"twitter:card\" content=\"summary_large_image\" \/>\n<script type=\"application\/ld+json\" class=\"yoast-schema-graph\">{\"@context\":\"https:\/\/schema.org\",\"@graph\":[{\"@type\":\"WebPage\",\"@id\":\"https:\/\/webshop.nakladapanda.hr\/?product=pista-veliki-roller-coaster\",\"url\":\"https:\/\/webshop.nakladapanda.hr\/?product=pista-veliki-roller-coaster\",\"name\":\"PISTA VELIKI ROLLER COASTER - Naklada Panda\",\"isPartOf\":{\"@id\":\"https:\/\/webshop.nakladapanda.hr\/#website\"},\"primaryImageOfPage\":{\"@id\":\"https:\/\/webshop.nakladapanda.hr\/?product=pista-veliki-roller-coaster#primaryimage\"},\"image\":{\"@id\":\"https:\/\/webshop.nakladapanda.hr\/?product=pista-veliki-roller-coaster#primaryimage\"},\"thumbnailUrl\":\"https:\/\/webshop.nakladapanda.hr\/wp-content\/uploads\/2026\/01\/8636-0000.png\",\"datePublished\":\"2026-01-27T09:53:24+00:00\",\"dateModified\":\"2026-01-27T09:53:25+00:00\",\"breadcrumb\":{\"@id\":\"https:\/\/webshop.nakladapanda.hr\/?product=pista-veliki-roller-coaster#breadcrumb\"},\"inLanguage\":\"hr\",\"potentialAction\":[{\"@type\":\"ReadAction\",\"target\":[\"https:\/\/webshop.nakladapanda.hr\/?product=pista-veliki-roller-coaster\"]}]},{\"@type\":\"ImageObject\",\"inLanguage\":\"hr\",\"@id\":\"https:\/\/webshop.nakladapanda.hr\/?product=pista-veliki-roller-coaster#primaryimage\",\"url\":\"https:\/\/webshop.nakladapanda.hr\/wp-content\/uploads\/2026\/01\/8636-0000.png\",\"contentUrl\":\"https:\/\/webshop.nakladapanda.hr\/wp-content\/uploads\/2026\/01\/8636-0000.png\",\"width\":1500,\"height\":1500},{\"@type\":\"BreadcrumbList\",\"@id\":\"https:\/\/webshop.nakladapanda.hr\/?product=pista-veliki-roller-coaster#breadcrumb\",\"itemListElement\":[{\"@type\":\"ListItem\",\"position\":1,\"name\":\"Home\",\"item\":\"https:\/\/webshop.nakladapanda.hr\/\"},{\"@type\":\"ListItem\",\"position\":2,\"name\":\"Products\",\"item\":\"https:\/\/webshop.nakladapanda.hr\/?post_type=product\"},{\"@type\":\"ListItem\",\"position\":3,\"name\":\"PISTA VELIKI ROLLER COASTER\"}]},{\"@type\":\"WebSite\",\"@id\":\"https:\/\/webshop.nakladapanda.hr\/#website\",\"url\":\"https:\/\/webshop.nakladapanda.hr\/\",\"name\":\"Naklada Panda\",\"description\":\"\",\"publisher\":{\"@id\":\"https:\/\/webshop.nakladapanda.hr\/#organization\"},\"potentialAction\":[{\"@type\":\"SearchAction\",\"target\":{\"@type\":\"EntryPoint\",\"urlTemplate\":\"https:\/\/webshop.nakladapanda.hr\/?s={search_term_string}\"},\"query-input\":{\"@type\":\"PropertyValueSpecification\",\"valueRequired\":true,\"valueName\":\"search_term_string\"}}],\"inLanguage\":\"hr\"},{\"@type\":\"Organization\",\"@id\":\"https:\/\/webshop.nakladapanda.hr\/#organization\",\"name\":\"Naklada Panda\",\"url\":\"https:\/\/webshop.nakladapanda.hr\/\",\"logo\":{\"@type\":\"ImageObject\",\"inLanguage\":\"hr\",\"@id\":\"https:\/\/webshop.nakladapanda.hr\/#\/schema\/logo\/image\/\",\"url\":\"https:\/\/webshop.nakladapanda.hr\/wp-content\/uploads\/2025\/12\/naklada-panda-logo.png\",\"contentUrl\":\"https:\/\/webshop.nakladapanda.hr\/wp-content\/uploads\/2025\/12\/naklada-panda-logo.png\",\"width\":643,\"height\":244,\"caption\":\"Naklada Panda\"},\"image\":{\"@id\":\"https:\/\/webshop.nakladapanda.hr\/#\/schema\/logo\/image\/\"}}]}<\/script>\n<!-- \/ Yoast SEO plugin. -->","yoast_head_json":{"title":"PISTA VELIKI ROLLER COASTER - Naklada Panda","robots":{"index":"noindex","follow":"follow","max-snippet":"max-snippet:-1","max-image-preview":"max-image-preview:large","max-video-preview":"max-video-preview:-1"},"og_locale":"hr_HR","og_type":"article","og_title":"PISTA VELIKI ROLLER COASTER - Naklada Panda","og_description":"128 dijelova za izgradnju velike roller coaster staze! Dijelovi se mogu rastavljati i ponovno sastavljati kako bi se izgradile dvije razli\u010dite verzije staze. Neka uzbudljiva utrka kuglica zapo\u010dne! Ova edukativna igra\u010dka idealna je za djecu pred\u0161kolske dobi od 2 do 5 godina. Savr\u0161en je poklon za svaku priliku jer poti\u010de prve korake u svijetu gra\u0111enja, a mo\u017ee se i kombinirati s drugim playsetovima za jo\u0161 vi\u0161e zabave. UNICO PLUS je linija kompatibilnih kockica osmi\u0161ljena za razvoj dje\u010dje ma\u0161te. Igraju\u0107i se UNICO PLUS kockicama, djeca razvijaju kreativnost, logi\u010dko razmi\u0161ljanje i sposobnost rje\u0161avanja problema. Budu\u0107i da se radi o ru\u010dnoj igra\u010dki bez baterija, dijete ima potpunu kontrolu nad igrom i vlastitim idejama. Kroz igru djeca usavr\u0161avaju finu motoriku te u\u010de prepoznavati i povezivati oblike i boje. UNICO PLUS setovi izra\u0111eni su od \u0161arenih kockica koje su jednostavne za rukovanje, sigurne, \u010dvrste, netoksi\u010dne i lako perive. Certificirani su oznakom Giocattoli Sicuri Instituta za sigurnost igra\u010daka te prolaze brojne testove kako bi zadovoljili visoke standarde sigurnosti i kvalitete.","og_url":"https:\/\/webshop.nakladapanda.hr\/?product=pista-veliki-roller-coaster","og_site_name":"Naklada Panda","article_modified_time":"2026-01-27T09:53:25+00:00","og_image":[{"width":1500,"height":1500,"url":"https:\/\/webshop.nakladapanda.hr\/wp-content\/uploads\/2026\/01\/8636-0000.png","type":"image\/png"}],"twitter_card":"summary_large_image","schema":{"@context":"https:\/\/schema.org","@graph":[{"@type":"WebPage","@id":"https:\/\/webshop.nakladapanda.hr\/?product=pista-veliki-roller-coaster","url":"https:\/\/webshop.nakladapanda.hr\/?product=pista-veliki-roller-coaster","name":"PISTA VELIKI ROLLER COASTER - Naklada Panda","isPartOf":{"@id":"https:\/\/webshop.nakladapanda.hr\/#website"},"primaryImageOfPage":{"@id":"https:\/\/webshop.nakladapanda.hr\/?product=pista-veliki-roller-coaster#primaryimage"},"image":{"@id":"https:\/\/webshop.nakladapanda.hr\/?product=pista-veliki-roller-coaster#primaryimage"},"thumbnailUrl":"https:\/\/webshop.nakladapanda.hr\/wp-content\/uploads\/2026\/01\/8636-0000.png","datePublished":"2026-01-27T09:53:24+00:00","dateModified":"2026-01-27T09:53:25+00:00","breadcrumb":{"@id":"https:\/\/webshop.nakladapanda.hr\/?product=pista-veliki-roller-coaster#breadcrumb"},"inLanguage":"hr","potentialAction":[{"@type":"ReadAction","target":["https:\/\/webshop.nakladapanda.hr\/?product=pista-veliki-roller-coaster"]}]},{"@type":"ImageObject","inLanguage":"hr","@id":"https:\/\/webshop.nakladapanda.hr\/?product=pista-veliki-roller-coaster#primaryimage","url":"https:\/\/webshop.nakladapanda.hr\/wp-content\/uploads\/2026\/01\/8636-0000.png","contentUrl":"https:\/\/webshop.nakladapanda.hr\/wp-content\/uploads\/2026\/01\/8636-0000.png","width":1500,"height":1500},{"@type":"BreadcrumbList","@id":"https:\/\/webshop.nakladapanda.hr\/?product=pista-veliki-roller-coaster#breadcrumb","itemListElement":[{"@type":"ListItem","position":1,"name":"Home","item":"https:\/\/webshop.nakladapanda.hr\/"},{"@type":"ListItem","position":2,"name":"Products","item":"https:\/\/webshop.nakladapanda.hr\/?post_type=product"},{"@type":"ListItem","position":3,"name":"PISTA VELIKI ROLLER COASTER"}]},{"@type":"WebSite","@id":"https:\/\/webshop.nakladapanda.hr\/#website","url":"https:\/\/webshop.nakladapanda.hr\/","name":"Naklada Panda","description":"","publisher":{"@id":"https:\/\/webshop.nakladapanda.hr\/#organization"},"potentialAction":[{"@type":"SearchAction","target":{"@type":"EntryPoint","urlTemplate":"https:\/\/webshop.nakladapanda.hr\/?s={search_term_string}"},"query-input":{"@type":"PropertyValueSpecification","valueRequired":true,"valueName":"search_term_string"}}],"inLanguage":"hr"},{"@type":"Organization","@id":"https:\/\/webshop.nakladapanda.hr\/#organization","name":"Naklada Panda","url":"https:\/\/webshop.nakladapanda.hr\/","logo":{"@type":"ImageObject","inLanguage":"hr","@id":"https:\/\/webshop.nakladapanda.hr\/#\/schema\/logo\/image\/","url":"https:\/\/webshop.nakladapanda.hr\/wp-content\/uploads\/2025\/12\/naklada-panda-logo.png","contentUrl":"https:\/\/webshop.nakladapanda.hr\/wp-content\/uploads\/2025\/12\/naklada-panda-logo.png","width":643,"height":244,"caption":"Naklada Panda"},"image":{"@id":"https:\/\/webshop.nakladapanda.hr\/#\/schema\/logo\/image\/"}}]}},"_links":{"self":[{"href":"https:\/\/webshop.nakladapanda.hr\/index.php?rest_route=\/wp\/v2\/product\/758","targetHints":{"allow":["GET"]}}],"collection":[{"href":"https:\/\/webshop.nakladapanda.hr\/index.php?rest_route=\/wp\/v2\/product"}],"about":[{"href":"https:\/\/webshop.nakladapanda.hr\/index.php?rest_route=\/wp\/v2\/types\/product"}],"wp:featuredmedia":[{"embeddable":true,"href":"https:\/\/webshop.nakladapanda.hr\/index.php?rest_route=\/wp\/v2\/media\/662"}],"wp:attachment":[{"href":"https:\/\/webshop.nakladapanda.hr\/index.php?rest_route=%2Fwp%2Fv2%2Fmedia&parent=758"}],"wp:term":[{"taxonomy":"product_brand","embeddable":true,"href":"https:\/\/webshop.nakladapanda.hr\/index.php?rest_route=%2Fwp%2Fv2%2Fproduct_brand&post=758"},{"taxonomy":"product_cat","embeddable":true,"href":"https:\/\/webshop.nakladapanda.hr\/index.php?rest_route=%2Fwp%2Fv2%2Fproduct_cat&post=758"},{"taxonomy":"product_tag","embeddable":true,"href":"https:\/\/webshop.nakladapanda.hr\/index.php?rest_route=%2Fwp%2Fv2%2Fproduct_tag&post=758"}],"curies":[{"name":"wp","href":"https:\/\/api.w.org\/{rel}","templated":true}]}}