{"id":374,"date":"2026-01-13T12:18:01","date_gmt":"2026-01-13T12:18:01","guid":{"rendered":"https:\/\/webshop.nakladapanda.hr\/?product=domino-s-28-komada-7-razlicitih-taktilnih-gravura"},"modified":"2026-01-13T12:18:01","modified_gmt":"2026-01-13T12:18:01","slug":"domino-s-28-komada-7-razlicitih-taktilnih-gravura","status":"publish","type":"product","link":"https:\/\/webshop.nakladapanda.hr\/?product=domino-s-28-komada-7-razlicitih-taktilnih-gravura","title":{"rendered":"Domin\u00f3 s 28 komada \u2013 7 razli\u010ditih taktilnih gravura"},"content":{"rendered":"","protected":false},"excerpt":{"rendered":"<p>Ovaj set sadr\u017ei 28 domino plo\u010dica s 7 razli\u010ditih senzori\u010dkih gravura, idealan za razvoj taktilnog prepoznavanja. Edukativna igra pogodna je za djecu, osobe s odre\u0111enim funkcionalnim te\u0161ko\u0107ama te starije osobe.<br \/>\nUklju\u010dena torbica od tkanine za jednostavno spremanje<br \/>\nDimenzije svake plo\u010dice: 12 x 6 x 1 cm<br \/>\nPoti\u010de senzornu stimulaciju, koncentraciju i fine motori\u010dke vje\u0161tine.<\/p>\n","protected":false},"featured_media":300,"template":"","meta":[],"product_brand":[38],"product_cat":[39],"product_tag":[],"class_list":{"0":"post-374","1":"product","2":"type-product","3":"status-publish","4":"has-post-thumbnail","6":"product_brand-andreu-toys","7":"product_cat-senzorni-kutak","9":"first","10":"instock","11":"shipping-taxable","12":"purchasable","13":"product-type-simple"},"yoast_head":"<!-- This site is optimized with the Yoast SEO plugin v26.8 - https:\/\/yoast.com\/product\/yoast-seo-wordpress\/ -->\n<title>Domin\u00f3 s 28 komada \u2013 7 razli\u010ditih taktilnih gravura - Naklada Panda<\/title>\n<meta name=\"robots\" content=\"noindex, follow, max-snippet:-1, max-image-preview:large, max-video-preview:-1\" \/>\n<meta property=\"og:locale\" content=\"hr_HR\" \/>\n<meta property=\"og:type\" content=\"article\" \/>\n<meta property=\"og:title\" content=\"Domin\u00f3 s 28 komada \u2013 7 razli\u010ditih taktilnih gravura - Naklada Panda\" \/>\n<meta property=\"og:description\" content=\"Ovaj set sadr\u017ei 28 domino plo\u010dica s 7 razli\u010ditih senzori\u010dkih gravura, idealan za razvoj taktilnog prepoznavanja. Edukativna igra pogodna je za djecu, osobe s odre\u0111enim funkcionalnim te\u0161ko\u0107ama te starije osobe. Uklju\u010dena torbica od tkanine za jednostavno spremanje Dimenzije svake plo\u010dice: 12 x 6 x 1 cm Poti\u010de senzornu stimulaciju, koncentraciju i fine motori\u010dke vje\u0161tine.\" \/>\n<meta property=\"og:url\" content=\"https:\/\/webshop.nakladapanda.hr\/?product=domino-s-28-komada-7-razlicitih-taktilnih-gravura\" \/>\n<meta property=\"og:site_name\" content=\"Naklada Panda\" \/>\n<meta property=\"og:image\" content=\"https:\/\/webshop.nakladapanda.hr\/wp-content\/uploads\/2026\/01\/16114.jpeg\" \/>\n\t<meta property=\"og:image:width\" content=\"1000\" \/>\n\t<meta property=\"og:image:height\" content=\"1260\" \/>\n\t<meta property=\"og:image:type\" content=\"image\/jpeg\" \/>\n<meta name=\"twitter:card\" content=\"summary_large_image\" \/>\n<script type=\"application\/ld+json\" class=\"yoast-schema-graph\">{\"@context\":\"https:\/\/schema.org\",\"@graph\":[{\"@type\":\"WebPage\",\"@id\":\"https:\/\/webshop.nakladapanda.hr\/?product=domino-s-28-komada-7-razlicitih-taktilnih-gravura\",\"url\":\"https:\/\/webshop.nakladapanda.hr\/?product=domino-s-28-komada-7-razlicitih-taktilnih-gravura\",\"name\":\"Domin\u00f3 s 28 komada \u2013 7 razli\u010ditih taktilnih gravura - Naklada Panda\",\"isPartOf\":{\"@id\":\"https:\/\/webshop.nakladapanda.hr\/#website\"},\"primaryImageOfPage\":{\"@id\":\"https:\/\/webshop.nakladapanda.hr\/?product=domino-s-28-komada-7-razlicitih-taktilnih-gravura#primaryimage\"},\"image\":{\"@id\":\"https:\/\/webshop.nakladapanda.hr\/?product=domino-s-28-komada-7-razlicitih-taktilnih-gravura#primaryimage\"},\"thumbnailUrl\":\"https:\/\/webshop.nakladapanda.hr\/wp-content\/uploads\/2026\/01\/16114.jpeg\",\"datePublished\":\"2026-01-13T12:18:01+00:00\",\"breadcrumb\":{\"@id\":\"https:\/\/webshop.nakladapanda.hr\/?product=domino-s-28-komada-7-razlicitih-taktilnih-gravura#breadcrumb\"},\"inLanguage\":\"hr\",\"potentialAction\":[{\"@type\":\"ReadAction\",\"target\":[\"https:\/\/webshop.nakladapanda.hr\/?product=domino-s-28-komada-7-razlicitih-taktilnih-gravura\"]}]},{\"@type\":\"ImageObject\",\"inLanguage\":\"hr\",\"@id\":\"https:\/\/webshop.nakladapanda.hr\/?product=domino-s-28-komada-7-razlicitih-taktilnih-gravura#primaryimage\",\"url\":\"https:\/\/webshop.nakladapanda.hr\/wp-content\/uploads\/2026\/01\/16114.jpeg\",\"contentUrl\":\"https:\/\/webshop.nakladapanda.hr\/wp-content\/uploads\/2026\/01\/16114.jpeg\",\"width\":1000,\"height\":1260},{\"@type\":\"BreadcrumbList\",\"@id\":\"https:\/\/webshop.nakladapanda.hr\/?product=domino-s-28-komada-7-razlicitih-taktilnih-gravura#breadcrumb\",\"itemListElement\":[{\"@type\":\"ListItem\",\"position\":1,\"name\":\"Home\",\"item\":\"https:\/\/webshop.nakladapanda.hr\/\"},{\"@type\":\"ListItem\",\"position\":2,\"name\":\"Products\",\"item\":\"https:\/\/webshop.nakladapanda.hr\/?post_type=product\"},{\"@type\":\"ListItem\",\"position\":3,\"name\":\"Domin\u00f3 s 28 komada \u2013 7 razli\u010ditih taktilnih gravura\"}]},{\"@type\":\"WebSite\",\"@id\":\"https:\/\/webshop.nakladapanda.hr\/#website\",\"url\":\"https:\/\/webshop.nakladapanda.hr\/\",\"name\":\"Naklada Panda\",\"description\":\"\",\"publisher\":{\"@id\":\"https:\/\/webshop.nakladapanda.hr\/#organization\"},\"potentialAction\":[{\"@type\":\"SearchAction\",\"target\":{\"@type\":\"EntryPoint\",\"urlTemplate\":\"https:\/\/webshop.nakladapanda.hr\/?s={search_term_string}\"},\"query-input\":{\"@type\":\"PropertyValueSpecification\",\"valueRequired\":true,\"valueName\":\"search_term_string\"}}],\"inLanguage\":\"hr\"},{\"@type\":\"Organization\",\"@id\":\"https:\/\/webshop.nakladapanda.hr\/#organization\",\"name\":\"Naklada Panda\",\"url\":\"https:\/\/webshop.nakladapanda.hr\/\",\"logo\":{\"@type\":\"ImageObject\",\"inLanguage\":\"hr\",\"@id\":\"https:\/\/webshop.nakladapanda.hr\/#\/schema\/logo\/image\/\",\"url\":\"https:\/\/webshop.nakladapanda.hr\/wp-content\/uploads\/2025\/12\/naklada-panda-logo.png\",\"contentUrl\":\"https:\/\/webshop.nakladapanda.hr\/wp-content\/uploads\/2025\/12\/naklada-panda-logo.png\",\"width\":643,\"height\":244,\"caption\":\"Naklada Panda\"},\"image\":{\"@id\":\"https:\/\/webshop.nakladapanda.hr\/#\/schema\/logo\/image\/\"}}]}<\/script>\n<!-- \/ Yoast SEO plugin. -->","yoast_head_json":{"title":"Domin\u00f3 s 28 komada \u2013 7 razli\u010ditih taktilnih gravura - Naklada Panda","robots":{"index":"noindex","follow":"follow","max-snippet":"max-snippet:-1","max-image-preview":"max-image-preview:large","max-video-preview":"max-video-preview:-1"},"og_locale":"hr_HR","og_type":"article","og_title":"Domin\u00f3 s 28 komada \u2013 7 razli\u010ditih taktilnih gravura - Naklada Panda","og_description":"Ovaj set sadr\u017ei 28 domino plo\u010dica s 7 razli\u010ditih senzori\u010dkih gravura, idealan za razvoj taktilnog prepoznavanja. Edukativna igra pogodna je za djecu, osobe s odre\u0111enim funkcionalnim te\u0161ko\u0107ama te starije osobe. Uklju\u010dena torbica od tkanine za jednostavno spremanje Dimenzije svake plo\u010dice: 12 x 6 x 1 cm Poti\u010de senzornu stimulaciju, koncentraciju i fine motori\u010dke vje\u0161tine.","og_url":"https:\/\/webshop.nakladapanda.hr\/?product=domino-s-28-komada-7-razlicitih-taktilnih-gravura","og_site_name":"Naklada Panda","og_image":[{"width":1000,"height":1260,"url":"https:\/\/webshop.nakladapanda.hr\/wp-content\/uploads\/2026\/01\/16114.jpeg","type":"image\/jpeg"}],"twitter_card":"summary_large_image","schema":{"@context":"https:\/\/schema.org","@graph":[{"@type":"WebPage","@id":"https:\/\/webshop.nakladapanda.hr\/?product=domino-s-28-komada-7-razlicitih-taktilnih-gravura","url":"https:\/\/webshop.nakladapanda.hr\/?product=domino-s-28-komada-7-razlicitih-taktilnih-gravura","name":"Domin\u00f3 s 28 komada \u2013 7 razli\u010ditih taktilnih gravura - Naklada Panda","isPartOf":{"@id":"https:\/\/webshop.nakladapanda.hr\/#website"},"primaryImageOfPage":{"@id":"https:\/\/webshop.nakladapanda.hr\/?product=domino-s-28-komada-7-razlicitih-taktilnih-gravura#primaryimage"},"image":{"@id":"https:\/\/webshop.nakladapanda.hr\/?product=domino-s-28-komada-7-razlicitih-taktilnih-gravura#primaryimage"},"thumbnailUrl":"https:\/\/webshop.nakladapanda.hr\/wp-content\/uploads\/2026\/01\/16114.jpeg","datePublished":"2026-01-13T12:18:01+00:00","breadcrumb":{"@id":"https:\/\/webshop.nakladapanda.hr\/?product=domino-s-28-komada-7-razlicitih-taktilnih-gravura#breadcrumb"},"inLanguage":"hr","potentialAction":[{"@type":"ReadAction","target":["https:\/\/webshop.nakladapanda.hr\/?product=domino-s-28-komada-7-razlicitih-taktilnih-gravura"]}]},{"@type":"ImageObject","inLanguage":"hr","@id":"https:\/\/webshop.nakladapanda.hr\/?product=domino-s-28-komada-7-razlicitih-taktilnih-gravura#primaryimage","url":"https:\/\/webshop.nakladapanda.hr\/wp-content\/uploads\/2026\/01\/16114.jpeg","contentUrl":"https:\/\/webshop.nakladapanda.hr\/wp-content\/uploads\/2026\/01\/16114.jpeg","width":1000,"height":1260},{"@type":"BreadcrumbList","@id":"https:\/\/webshop.nakladapanda.hr\/?product=domino-s-28-komada-7-razlicitih-taktilnih-gravura#breadcrumb","itemListElement":[{"@type":"ListItem","position":1,"name":"Home","item":"https:\/\/webshop.nakladapanda.hr\/"},{"@type":"ListItem","position":2,"name":"Products","item":"https:\/\/webshop.nakladapanda.hr\/?post_type=product"},{"@type":"ListItem","position":3,"name":"Domin\u00f3 s 28 komada \u2013 7 razli\u010ditih taktilnih gravura"}]},{"@type":"WebSite","@id":"https:\/\/webshop.nakladapanda.hr\/#website","url":"https:\/\/webshop.nakladapanda.hr\/","name":"Naklada Panda","description":"","publisher":{"@id":"https:\/\/webshop.nakladapanda.hr\/#organization"},"potentialAction":[{"@type":"SearchAction","target":{"@type":"EntryPoint","urlTemplate":"https:\/\/webshop.nakladapanda.hr\/?s={search_term_string}"},"query-input":{"@type":"PropertyValueSpecification","valueRequired":true,"valueName":"search_term_string"}}],"inLanguage":"hr"},{"@type":"Organization","@id":"https:\/\/webshop.nakladapanda.hr\/#organization","name":"Naklada Panda","url":"https:\/\/webshop.nakladapanda.hr\/","logo":{"@type":"ImageObject","inLanguage":"hr","@id":"https:\/\/webshop.nakladapanda.hr\/#\/schema\/logo\/image\/","url":"https:\/\/webshop.nakladapanda.hr\/wp-content\/uploads\/2025\/12\/naklada-panda-logo.png","contentUrl":"https:\/\/webshop.nakladapanda.hr\/wp-content\/uploads\/2025\/12\/naklada-panda-logo.png","width":643,"height":244,"caption":"Naklada Panda"},"image":{"@id":"https:\/\/webshop.nakladapanda.hr\/#\/schema\/logo\/image\/"}}]}},"_links":{"self":[{"href":"https:\/\/webshop.nakladapanda.hr\/index.php?rest_route=\/wp\/v2\/product\/374","targetHints":{"allow":["GET"]}}],"collection":[{"href":"https:\/\/webshop.nakladapanda.hr\/index.php?rest_route=\/wp\/v2\/product"}],"about":[{"href":"https:\/\/webshop.nakladapanda.hr\/index.php?rest_route=\/wp\/v2\/types\/product"}],"wp:featuredmedia":[{"embeddable":true,"href":"https:\/\/webshop.nakladapanda.hr\/index.php?rest_route=\/wp\/v2\/media\/300"}],"wp:attachment":[{"href":"https:\/\/webshop.nakladapanda.hr\/index.php?rest_route=%2Fwp%2Fv2%2Fmedia&parent=374"}],"wp:term":[{"taxonomy":"product_brand","embeddable":true,"href":"https:\/\/webshop.nakladapanda.hr\/index.php?rest_route=%2Fwp%2Fv2%2Fproduct_brand&post=374"},{"taxonomy":"product_cat","embeddable":true,"href":"https:\/\/webshop.nakladapanda.hr\/index.php?rest_route=%2Fwp%2Fv2%2Fproduct_cat&post=374"},{"taxonomy":"product_tag","embeddable":true,"href":"https:\/\/webshop.nakladapanda.hr\/index.php?rest_route=%2Fwp%2Fv2%2Fproduct_tag&post=374"}],"curies":[{"name":"wp","href":"https:\/\/api.w.org\/{rel}","templated":true}]}}