{"id":367,"date":"2026-01-13T12:17:59","date_gmt":"2026-01-13T12:17:59","guid":{"rendered":"https:\/\/webshop.nakladapanda.hr\/?product=prvi-koraci-u-ucenju-programiranja-bez-cipova-i-ekrana"},"modified":"2026-01-13T12:18:00","modified_gmt":"2026-01-13T12:18:00","slug":"prvi-koraci-u-ucenju-programiranja-bez-cipova-i-ekrana","status":"publish","type":"product","link":"https:\/\/webshop.nakladapanda.hr\/?product=prvi-koraci-u-ucenju-programiranja-bez-cipova-i-ekrana","title":{"rendered":"Prvi koraci u u\u010denju programiranja \u2013 bez \u010dipova i ekrana"},"content":{"rendered":"","protected":false},"excerpt":{"rendered":"<p>Ovaj edukativni set uvodi djecu u svijet programiranja na zabavan i interaktivan na\u010din, bez kori\u0161tenja \u010dipova ili ekrana. Kroz igru djeca u\u010de jezik smjerova, sekvence, rje\u0161avanje problema i logi\u010dko razmi\u0161ljanje.<br \/>\nSet uklju\u010duje razli\u010dite materijale, poput crte\u017ea sa zadanim sekvencama, zidova za ote\u017eavanje puta i drugih izazova. Djeca \u0107e igrati zajedno sa svojim prijateljem Botom, malim drvenim robotom koji ih vodi kroz sve aktivnosti, pru\u017eaju\u0107i prakti\u010dno i kreativno iskustvo u\u010denja programiranja.<\/p>\n","protected":false},"featured_media":304,"template":"","meta":[],"product_brand":[38],"product_cat":[37],"product_tag":[],"class_list":{"0":"post-367","1":"product","2":"type-product","3":"status-publish","4":"has-post-thumbnail","6":"product_brand-andreu-toys","7":"product_cat-didaktika","9":"first","10":"instock","11":"shipping-taxable","12":"purchasable","13":"product-type-simple"},"yoast_head":"<!-- This site is optimized with the Yoast SEO plugin v26.8 - https:\/\/yoast.com\/product\/yoast-seo-wordpress\/ -->\n<title>Prvi koraci u u\u010denju programiranja \u2013 bez \u010dipova i ekrana - Naklada Panda<\/title>\n<meta name=\"robots\" content=\"noindex, follow, max-snippet:-1, max-image-preview:large, max-video-preview:-1\" \/>\n<meta property=\"og:locale\" content=\"hr_HR\" \/>\n<meta property=\"og:type\" content=\"article\" \/>\n<meta property=\"og:title\" content=\"Prvi koraci u u\u010denju programiranja \u2013 bez \u010dipova i ekrana - Naklada Panda\" \/>\n<meta property=\"og:description\" content=\"Ovaj edukativni set uvodi djecu u svijet programiranja na zabavan i interaktivan na\u010din, bez kori\u0161tenja \u010dipova ili ekrana. Kroz igru djeca u\u010de jezik smjerova, sekvence, rje\u0161avanje problema i logi\u010dko razmi\u0161ljanje. Set uklju\u010duje razli\u010dite materijale, poput crte\u017ea sa zadanim sekvencama, zidova za ote\u017eavanje puta i drugih izazova. Djeca \u0107e igrati zajedno sa svojim prijateljem Botom, malim drvenim robotom koji ih vodi kroz sve aktivnosti, pru\u017eaju\u0107i prakti\u010dno i kreativno iskustvo u\u010denja programiranja.\" \/>\n<meta property=\"og:url\" content=\"https:\/\/webshop.nakladapanda.hr\/?product=prvi-koraci-u-ucenju-programiranja-bez-cipova-i-ekrana\" \/>\n<meta property=\"og:site_name\" content=\"Naklada Panda\" \/>\n<meta property=\"article:modified_time\" content=\"2026-01-13T12:18:00+00:00\" \/>\n<meta property=\"og:image\" content=\"https:\/\/webshop.nakladapanda.hr\/wp-content\/uploads\/2026\/01\/16129.jpeg\" \/>\n\t<meta property=\"og:image:width\" content=\"1000\" \/>\n\t<meta property=\"og:image:height\" content=\"1260\" \/>\n\t<meta property=\"og:image:type\" content=\"image\/jpeg\" \/>\n<meta name=\"twitter:card\" content=\"summary_large_image\" \/>\n<script type=\"application\/ld+json\" class=\"yoast-schema-graph\">{\"@context\":\"https:\/\/schema.org\",\"@graph\":[{\"@type\":\"WebPage\",\"@id\":\"https:\/\/webshop.nakladapanda.hr\/?product=prvi-koraci-u-ucenju-programiranja-bez-cipova-i-ekrana\",\"url\":\"https:\/\/webshop.nakladapanda.hr\/?product=prvi-koraci-u-ucenju-programiranja-bez-cipova-i-ekrana\",\"name\":\"Prvi koraci u u\u010denju programiranja \u2013 bez \u010dipova i ekrana - Naklada Panda\",\"isPartOf\":{\"@id\":\"https:\/\/webshop.nakladapanda.hr\/#website\"},\"primaryImageOfPage\":{\"@id\":\"https:\/\/webshop.nakladapanda.hr\/?product=prvi-koraci-u-ucenju-programiranja-bez-cipova-i-ekrana#primaryimage\"},\"image\":{\"@id\":\"https:\/\/webshop.nakladapanda.hr\/?product=prvi-koraci-u-ucenju-programiranja-bez-cipova-i-ekrana#primaryimage\"},\"thumbnailUrl\":\"https:\/\/webshop.nakladapanda.hr\/wp-content\/uploads\/2026\/01\/16129.jpeg\",\"datePublished\":\"2026-01-13T12:17:59+00:00\",\"dateModified\":\"2026-01-13T12:18:00+00:00\",\"breadcrumb\":{\"@id\":\"https:\/\/webshop.nakladapanda.hr\/?product=prvi-koraci-u-ucenju-programiranja-bez-cipova-i-ekrana#breadcrumb\"},\"inLanguage\":\"hr\",\"potentialAction\":[{\"@type\":\"ReadAction\",\"target\":[\"https:\/\/webshop.nakladapanda.hr\/?product=prvi-koraci-u-ucenju-programiranja-bez-cipova-i-ekrana\"]}]},{\"@type\":\"ImageObject\",\"inLanguage\":\"hr\",\"@id\":\"https:\/\/webshop.nakladapanda.hr\/?product=prvi-koraci-u-ucenju-programiranja-bez-cipova-i-ekrana#primaryimage\",\"url\":\"https:\/\/webshop.nakladapanda.hr\/wp-content\/uploads\/2026\/01\/16129.jpeg\",\"contentUrl\":\"https:\/\/webshop.nakladapanda.hr\/wp-content\/uploads\/2026\/01\/16129.jpeg\",\"width\":1000,\"height\":1260},{\"@type\":\"BreadcrumbList\",\"@id\":\"https:\/\/webshop.nakladapanda.hr\/?product=prvi-koraci-u-ucenju-programiranja-bez-cipova-i-ekrana#breadcrumb\",\"itemListElement\":[{\"@type\":\"ListItem\",\"position\":1,\"name\":\"Home\",\"item\":\"https:\/\/webshop.nakladapanda.hr\/\"},{\"@type\":\"ListItem\",\"position\":2,\"name\":\"Products\",\"item\":\"https:\/\/webshop.nakladapanda.hr\/?post_type=product\"},{\"@type\":\"ListItem\",\"position\":3,\"name\":\"Prvi koraci u u\u010denju programiranja \u2013 bez \u010dipova i ekrana\"}]},{\"@type\":\"WebSite\",\"@id\":\"https:\/\/webshop.nakladapanda.hr\/#website\",\"url\":\"https:\/\/webshop.nakladapanda.hr\/\",\"name\":\"Naklada Panda\",\"description\":\"\",\"publisher\":{\"@id\":\"https:\/\/webshop.nakladapanda.hr\/#organization\"},\"potentialAction\":[{\"@type\":\"SearchAction\",\"target\":{\"@type\":\"EntryPoint\",\"urlTemplate\":\"https:\/\/webshop.nakladapanda.hr\/?s={search_term_string}\"},\"query-input\":{\"@type\":\"PropertyValueSpecification\",\"valueRequired\":true,\"valueName\":\"search_term_string\"}}],\"inLanguage\":\"hr\"},{\"@type\":\"Organization\",\"@id\":\"https:\/\/webshop.nakladapanda.hr\/#organization\",\"name\":\"Naklada Panda\",\"url\":\"https:\/\/webshop.nakladapanda.hr\/\",\"logo\":{\"@type\":\"ImageObject\",\"inLanguage\":\"hr\",\"@id\":\"https:\/\/webshop.nakladapanda.hr\/#\/schema\/logo\/image\/\",\"url\":\"https:\/\/webshop.nakladapanda.hr\/wp-content\/uploads\/2025\/12\/naklada-panda-logo.png\",\"contentUrl\":\"https:\/\/webshop.nakladapanda.hr\/wp-content\/uploads\/2025\/12\/naklada-panda-logo.png\",\"width\":643,\"height\":244,\"caption\":\"Naklada Panda\"},\"image\":{\"@id\":\"https:\/\/webshop.nakladapanda.hr\/#\/schema\/logo\/image\/\"}}]}<\/script>\n<!-- \/ Yoast SEO plugin. -->","yoast_head_json":{"title":"Prvi koraci u u\u010denju programiranja \u2013 bez \u010dipova i ekrana - Naklada Panda","robots":{"index":"noindex","follow":"follow","max-snippet":"max-snippet:-1","max-image-preview":"max-image-preview:large","max-video-preview":"max-video-preview:-1"},"og_locale":"hr_HR","og_type":"article","og_title":"Prvi koraci u u\u010denju programiranja \u2013 bez \u010dipova i ekrana - Naklada Panda","og_description":"Ovaj edukativni set uvodi djecu u svijet programiranja na zabavan i interaktivan na\u010din, bez kori\u0161tenja \u010dipova ili ekrana. Kroz igru djeca u\u010de jezik smjerova, sekvence, rje\u0161avanje problema i logi\u010dko razmi\u0161ljanje. Set uklju\u010duje razli\u010dite materijale, poput crte\u017ea sa zadanim sekvencama, zidova za ote\u017eavanje puta i drugih izazova. Djeca \u0107e igrati zajedno sa svojim prijateljem Botom, malim drvenim robotom koji ih vodi kroz sve aktivnosti, pru\u017eaju\u0107i prakti\u010dno i kreativno iskustvo u\u010denja programiranja.","og_url":"https:\/\/webshop.nakladapanda.hr\/?product=prvi-koraci-u-ucenju-programiranja-bez-cipova-i-ekrana","og_site_name":"Naklada Panda","article_modified_time":"2026-01-13T12:18:00+00:00","og_image":[{"width":1000,"height":1260,"url":"https:\/\/webshop.nakladapanda.hr\/wp-content\/uploads\/2026\/01\/16129.jpeg","type":"image\/jpeg"}],"twitter_card":"summary_large_image","schema":{"@context":"https:\/\/schema.org","@graph":[{"@type":"WebPage","@id":"https:\/\/webshop.nakladapanda.hr\/?product=prvi-koraci-u-ucenju-programiranja-bez-cipova-i-ekrana","url":"https:\/\/webshop.nakladapanda.hr\/?product=prvi-koraci-u-ucenju-programiranja-bez-cipova-i-ekrana","name":"Prvi koraci u u\u010denju programiranja \u2013 bez \u010dipova i ekrana - Naklada Panda","isPartOf":{"@id":"https:\/\/webshop.nakladapanda.hr\/#website"},"primaryImageOfPage":{"@id":"https:\/\/webshop.nakladapanda.hr\/?product=prvi-koraci-u-ucenju-programiranja-bez-cipova-i-ekrana#primaryimage"},"image":{"@id":"https:\/\/webshop.nakladapanda.hr\/?product=prvi-koraci-u-ucenju-programiranja-bez-cipova-i-ekrana#primaryimage"},"thumbnailUrl":"https:\/\/webshop.nakladapanda.hr\/wp-content\/uploads\/2026\/01\/16129.jpeg","datePublished":"2026-01-13T12:17:59+00:00","dateModified":"2026-01-13T12:18:00+00:00","breadcrumb":{"@id":"https:\/\/webshop.nakladapanda.hr\/?product=prvi-koraci-u-ucenju-programiranja-bez-cipova-i-ekrana#breadcrumb"},"inLanguage":"hr","potentialAction":[{"@type":"ReadAction","target":["https:\/\/webshop.nakladapanda.hr\/?product=prvi-koraci-u-ucenju-programiranja-bez-cipova-i-ekrana"]}]},{"@type":"ImageObject","inLanguage":"hr","@id":"https:\/\/webshop.nakladapanda.hr\/?product=prvi-koraci-u-ucenju-programiranja-bez-cipova-i-ekrana#primaryimage","url":"https:\/\/webshop.nakladapanda.hr\/wp-content\/uploads\/2026\/01\/16129.jpeg","contentUrl":"https:\/\/webshop.nakladapanda.hr\/wp-content\/uploads\/2026\/01\/16129.jpeg","width":1000,"height":1260},{"@type":"BreadcrumbList","@id":"https:\/\/webshop.nakladapanda.hr\/?product=prvi-koraci-u-ucenju-programiranja-bez-cipova-i-ekrana#breadcrumb","itemListElement":[{"@type":"ListItem","position":1,"name":"Home","item":"https:\/\/webshop.nakladapanda.hr\/"},{"@type":"ListItem","position":2,"name":"Products","item":"https:\/\/webshop.nakladapanda.hr\/?post_type=product"},{"@type":"ListItem","position":3,"name":"Prvi koraci u u\u010denju programiranja \u2013 bez \u010dipova i ekrana"}]},{"@type":"WebSite","@id":"https:\/\/webshop.nakladapanda.hr\/#website","url":"https:\/\/webshop.nakladapanda.hr\/","name":"Naklada Panda","description":"","publisher":{"@id":"https:\/\/webshop.nakladapanda.hr\/#organization"},"potentialAction":[{"@type":"SearchAction","target":{"@type":"EntryPoint","urlTemplate":"https:\/\/webshop.nakladapanda.hr\/?s={search_term_string}"},"query-input":{"@type":"PropertyValueSpecification","valueRequired":true,"valueName":"search_term_string"}}],"inLanguage":"hr"},{"@type":"Organization","@id":"https:\/\/webshop.nakladapanda.hr\/#organization","name":"Naklada Panda","url":"https:\/\/webshop.nakladapanda.hr\/","logo":{"@type":"ImageObject","inLanguage":"hr","@id":"https:\/\/webshop.nakladapanda.hr\/#\/schema\/logo\/image\/","url":"https:\/\/webshop.nakladapanda.hr\/wp-content\/uploads\/2025\/12\/naklada-panda-logo.png","contentUrl":"https:\/\/webshop.nakladapanda.hr\/wp-content\/uploads\/2025\/12\/naklada-panda-logo.png","width":643,"height":244,"caption":"Naklada Panda"},"image":{"@id":"https:\/\/webshop.nakladapanda.hr\/#\/schema\/logo\/image\/"}}]}},"_links":{"self":[{"href":"https:\/\/webshop.nakladapanda.hr\/index.php?rest_route=\/wp\/v2\/product\/367","targetHints":{"allow":["GET"]}}],"collection":[{"href":"https:\/\/webshop.nakladapanda.hr\/index.php?rest_route=\/wp\/v2\/product"}],"about":[{"href":"https:\/\/webshop.nakladapanda.hr\/index.php?rest_route=\/wp\/v2\/types\/product"}],"wp:featuredmedia":[{"embeddable":true,"href":"https:\/\/webshop.nakladapanda.hr\/index.php?rest_route=\/wp\/v2\/media\/304"}],"wp:attachment":[{"href":"https:\/\/webshop.nakladapanda.hr\/index.php?rest_route=%2Fwp%2Fv2%2Fmedia&parent=367"}],"wp:term":[{"taxonomy":"product_brand","embeddable":true,"href":"https:\/\/webshop.nakladapanda.hr\/index.php?rest_route=%2Fwp%2Fv2%2Fproduct_brand&post=367"},{"taxonomy":"product_cat","embeddable":true,"href":"https:\/\/webshop.nakladapanda.hr\/index.php?rest_route=%2Fwp%2Fv2%2Fproduct_cat&post=367"},{"taxonomy":"product_tag","embeddable":true,"href":"https:\/\/webshop.nakladapanda.hr\/index.php?rest_route=%2Fwp%2Fv2%2Fproduct_tag&post=367"}],"curies":[{"name":"wp","href":"https:\/\/api.w.org\/{rel}","templated":true}]}}