{"id":361,"date":"2026-01-13T12:17:58","date_gmt":"2026-01-13T12:17:58","guid":{"rendered":"https:\/\/webshop.nakladapanda.hr\/?product=androni-unicoplus-kocke-stol-za-vise-igara"},"modified":"2026-01-13T12:17:59","modified_gmt":"2026-01-13T12:17:59","slug":"androni-unicoplus-kocke-stol-za-vise-igara","status":"publish","type":"product","link":"https:\/\/webshop.nakladapanda.hr\/?product=androni-unicoplus-kocke-stol-za-vise-igara","title":{"rendered":"ANDRONI UNICOPLUS KOCKE STOL ZA VI\u0160E IGARA"},"content":{"rendered":"","protected":false},"excerpt":{"rendered":"<p>ANDRONI UNICO PLUS STOL ZA KOCKICE. Dolazi sa 31 kockom sa kojim se mo\u017eete igrati. Stol ima dvostranu plo\u010du, glatku i plo\u010du za slaganje kockica.<\/p>\n<p>Edukativna je igra\u010dka za najmla\u0111e. Savr\u0161en dar za svaku prigodu za pred\u0161kolce od 1,5 do 5 godina da ih uvedete u svijet gra\u0111enja ili ga kombinirajte s drugim setovima za igru \u200b\u200bza jo\u0161 ve\u0107u zabavu!<\/p>\n<p>UNICO PLUS je na\u0161a linija kompatibilnih kockica.<br \/>\nIgraju\u0107i se s na\u0161im UNICO PLUS kockama, dijete \u0107e razviti svoju ma\u0161tu i sposobnost rje\u0161avanja problema jer, kao i sve ru\u010dne igra\u010dke bez baterija, kontrolu nad kreativno\u0161\u0107u stavlja u djetetove ruke.<br \/>\nDjeca \u0107e se mo\u0107i zabaviti stje\u010du\u0107i ru\u010dne vje\u0161tine i u\u010de\u0107i spajati oblike i boje.<\/p>\n","protected":false},"featured_media":283,"template":"","meta":[],"product_brand":[34],"product_cat":[35],"product_tag":[],"class_list":{"0":"post-361","1":"product","2":"type-product","3":"status-publish","4":"has-post-thumbnail","6":"product_brand-unico","7":"product_cat-plasticne-igracke","9":"first","10":"instock","11":"shipping-taxable","12":"purchasable","13":"product-type-simple"},"yoast_head":"<!-- This site is optimized with the Yoast SEO plugin v26.8 - https:\/\/yoast.com\/product\/yoast-seo-wordpress\/ -->\n<title>ANDRONI UNICOPLUS KOCKE STOL ZA VI\u0160E IGARA - Naklada Panda<\/title>\n<meta name=\"robots\" content=\"noindex, follow, max-snippet:-1, max-image-preview:large, max-video-preview:-1\" \/>\n<meta property=\"og:locale\" content=\"hr_HR\" \/>\n<meta property=\"og:type\" content=\"article\" \/>\n<meta property=\"og:title\" content=\"ANDRONI UNICOPLUS KOCKE STOL ZA VI\u0160E IGARA - Naklada Panda\" \/>\n<meta property=\"og:description\" content=\"ANDRONI UNICO PLUS STOL ZA KOCKICE. Dolazi sa 31 kockom sa kojim se mo\u017eete igrati. Stol ima dvostranu plo\u010du, glatku i plo\u010du za slaganje kockica. Edukativna je igra\u010dka za najmla\u0111e. Savr\u0161en dar za svaku prigodu za pred\u0161kolce od 1,5 do 5 godina da ih uvedete u svijet gra\u0111enja ili ga kombinirajte s drugim setovima za igru \u200b\u200bza jo\u0161 ve\u0107u zabavu! UNICO PLUS je na\u0161a linija kompatibilnih kockica. Igraju\u0107i se s na\u0161im UNICO PLUS kockama, dijete \u0107e razviti svoju ma\u0161tu i sposobnost rje\u0161avanja problema jer, kao i sve ru\u010dne igra\u010dke bez baterija, kontrolu nad kreativno\u0161\u0107u stavlja u djetetove ruke. Djeca \u0107e se mo\u0107i zabaviti stje\u010du\u0107i ru\u010dne vje\u0161tine i u\u010de\u0107i spajati oblike i boje.\" \/>\n<meta property=\"og:url\" content=\"https:\/\/webshop.nakladapanda.hr\/?product=androni-unicoplus-kocke-stol-za-vise-igara\" \/>\n<meta property=\"og:site_name\" content=\"Naklada Panda\" \/>\n<meta property=\"article:modified_time\" content=\"2026-01-13T12:17:59+00:00\" \/>\n<meta property=\"og:image\" content=\"https:\/\/webshop.nakladapanda.hr\/wp-content\/uploads\/2026\/01\/8805-0000.jpeg\" \/>\n\t<meta property=\"og:image:width\" content=\"204\" \/>\n\t<meta property=\"og:image:height\" content=\"192\" \/>\n\t<meta property=\"og:image:type\" content=\"image\/jpeg\" \/>\n<meta name=\"twitter:card\" content=\"summary_large_image\" \/>\n<script type=\"application\/ld+json\" class=\"yoast-schema-graph\">{\"@context\":\"https:\/\/schema.org\",\"@graph\":[{\"@type\":\"WebPage\",\"@id\":\"https:\/\/webshop.nakladapanda.hr\/?product=androni-unicoplus-kocke-stol-za-vise-igara\",\"url\":\"https:\/\/webshop.nakladapanda.hr\/?product=androni-unicoplus-kocke-stol-za-vise-igara\",\"name\":\"ANDRONI UNICOPLUS KOCKE STOL ZA VI\u0160E IGARA - Naklada Panda\",\"isPartOf\":{\"@id\":\"https:\/\/webshop.nakladapanda.hr\/#website\"},\"primaryImageOfPage\":{\"@id\":\"https:\/\/webshop.nakladapanda.hr\/?product=androni-unicoplus-kocke-stol-za-vise-igara#primaryimage\"},\"image\":{\"@id\":\"https:\/\/webshop.nakladapanda.hr\/?product=androni-unicoplus-kocke-stol-za-vise-igara#primaryimage\"},\"thumbnailUrl\":\"https:\/\/webshop.nakladapanda.hr\/wp-content\/uploads\/2026\/01\/8805-0000.jpeg\",\"datePublished\":\"2026-01-13T12:17:58+00:00\",\"dateModified\":\"2026-01-13T12:17:59+00:00\",\"breadcrumb\":{\"@id\":\"https:\/\/webshop.nakladapanda.hr\/?product=androni-unicoplus-kocke-stol-za-vise-igara#breadcrumb\"},\"inLanguage\":\"hr\",\"potentialAction\":[{\"@type\":\"ReadAction\",\"target\":[\"https:\/\/webshop.nakladapanda.hr\/?product=androni-unicoplus-kocke-stol-za-vise-igara\"]}]},{\"@type\":\"ImageObject\",\"inLanguage\":\"hr\",\"@id\":\"https:\/\/webshop.nakladapanda.hr\/?product=androni-unicoplus-kocke-stol-za-vise-igara#primaryimage\",\"url\":\"https:\/\/webshop.nakladapanda.hr\/wp-content\/uploads\/2026\/01\/8805-0000.jpeg\",\"contentUrl\":\"https:\/\/webshop.nakladapanda.hr\/wp-content\/uploads\/2026\/01\/8805-0000.jpeg\",\"width\":204,\"height\":192},{\"@type\":\"BreadcrumbList\",\"@id\":\"https:\/\/webshop.nakladapanda.hr\/?product=androni-unicoplus-kocke-stol-za-vise-igara#breadcrumb\",\"itemListElement\":[{\"@type\":\"ListItem\",\"position\":1,\"name\":\"Home\",\"item\":\"https:\/\/webshop.nakladapanda.hr\/\"},{\"@type\":\"ListItem\",\"position\":2,\"name\":\"Products\",\"item\":\"https:\/\/webshop.nakladapanda.hr\/?post_type=product\"},{\"@type\":\"ListItem\",\"position\":3,\"name\":\"ANDRONI UNICOPLUS KOCKE STOL ZA VI\u0160E IGARA\"}]},{\"@type\":\"WebSite\",\"@id\":\"https:\/\/webshop.nakladapanda.hr\/#website\",\"url\":\"https:\/\/webshop.nakladapanda.hr\/\",\"name\":\"Naklada Panda\",\"description\":\"\",\"publisher\":{\"@id\":\"https:\/\/webshop.nakladapanda.hr\/#organization\"},\"potentialAction\":[{\"@type\":\"SearchAction\",\"target\":{\"@type\":\"EntryPoint\",\"urlTemplate\":\"https:\/\/webshop.nakladapanda.hr\/?s={search_term_string}\"},\"query-input\":{\"@type\":\"PropertyValueSpecification\",\"valueRequired\":true,\"valueName\":\"search_term_string\"}}],\"inLanguage\":\"hr\"},{\"@type\":\"Organization\",\"@id\":\"https:\/\/webshop.nakladapanda.hr\/#organization\",\"name\":\"Naklada Panda\",\"url\":\"https:\/\/webshop.nakladapanda.hr\/\",\"logo\":{\"@type\":\"ImageObject\",\"inLanguage\":\"hr\",\"@id\":\"https:\/\/webshop.nakladapanda.hr\/#\/schema\/logo\/image\/\",\"url\":\"https:\/\/webshop.nakladapanda.hr\/wp-content\/uploads\/2025\/12\/naklada-panda-logo.png\",\"contentUrl\":\"https:\/\/webshop.nakladapanda.hr\/wp-content\/uploads\/2025\/12\/naklada-panda-logo.png\",\"width\":643,\"height\":244,\"caption\":\"Naklada Panda\"},\"image\":{\"@id\":\"https:\/\/webshop.nakladapanda.hr\/#\/schema\/logo\/image\/\"}}]}<\/script>\n<!-- \/ Yoast SEO plugin. -->","yoast_head_json":{"title":"ANDRONI UNICOPLUS KOCKE STOL ZA VI\u0160E IGARA - Naklada Panda","robots":{"index":"noindex","follow":"follow","max-snippet":"max-snippet:-1","max-image-preview":"max-image-preview:large","max-video-preview":"max-video-preview:-1"},"og_locale":"hr_HR","og_type":"article","og_title":"ANDRONI UNICOPLUS KOCKE STOL ZA VI\u0160E IGARA - Naklada Panda","og_description":"ANDRONI UNICO PLUS STOL ZA KOCKICE. Dolazi sa 31 kockom sa kojim se mo\u017eete igrati. Stol ima dvostranu plo\u010du, glatku i plo\u010du za slaganje kockica. Edukativna je igra\u010dka za najmla\u0111e. Savr\u0161en dar za svaku prigodu za pred\u0161kolce od 1,5 do 5 godina da ih uvedete u svijet gra\u0111enja ili ga kombinirajte s drugim setovima za igru \u200b\u200bza jo\u0161 ve\u0107u zabavu! UNICO PLUS je na\u0161a linija kompatibilnih kockica. Igraju\u0107i se s na\u0161im UNICO PLUS kockama, dijete \u0107e razviti svoju ma\u0161tu i sposobnost rje\u0161avanja problema jer, kao i sve ru\u010dne igra\u010dke bez baterija, kontrolu nad kreativno\u0161\u0107u stavlja u djetetove ruke. Djeca \u0107e se mo\u0107i zabaviti stje\u010du\u0107i ru\u010dne vje\u0161tine i u\u010de\u0107i spajati oblike i boje.","og_url":"https:\/\/webshop.nakladapanda.hr\/?product=androni-unicoplus-kocke-stol-za-vise-igara","og_site_name":"Naklada Panda","article_modified_time":"2026-01-13T12:17:59+00:00","og_image":[{"width":204,"height":192,"url":"https:\/\/webshop.nakladapanda.hr\/wp-content\/uploads\/2026\/01\/8805-0000.jpeg","type":"image\/jpeg"}],"twitter_card":"summary_large_image","schema":{"@context":"https:\/\/schema.org","@graph":[{"@type":"WebPage","@id":"https:\/\/webshop.nakladapanda.hr\/?product=androni-unicoplus-kocke-stol-za-vise-igara","url":"https:\/\/webshop.nakladapanda.hr\/?product=androni-unicoplus-kocke-stol-za-vise-igara","name":"ANDRONI UNICOPLUS KOCKE STOL ZA VI\u0160E IGARA - Naklada Panda","isPartOf":{"@id":"https:\/\/webshop.nakladapanda.hr\/#website"},"primaryImageOfPage":{"@id":"https:\/\/webshop.nakladapanda.hr\/?product=androni-unicoplus-kocke-stol-za-vise-igara#primaryimage"},"image":{"@id":"https:\/\/webshop.nakladapanda.hr\/?product=androni-unicoplus-kocke-stol-za-vise-igara#primaryimage"},"thumbnailUrl":"https:\/\/webshop.nakladapanda.hr\/wp-content\/uploads\/2026\/01\/8805-0000.jpeg","datePublished":"2026-01-13T12:17:58+00:00","dateModified":"2026-01-13T12:17:59+00:00","breadcrumb":{"@id":"https:\/\/webshop.nakladapanda.hr\/?product=androni-unicoplus-kocke-stol-za-vise-igara#breadcrumb"},"inLanguage":"hr","potentialAction":[{"@type":"ReadAction","target":["https:\/\/webshop.nakladapanda.hr\/?product=androni-unicoplus-kocke-stol-za-vise-igara"]}]},{"@type":"ImageObject","inLanguage":"hr","@id":"https:\/\/webshop.nakladapanda.hr\/?product=androni-unicoplus-kocke-stol-za-vise-igara#primaryimage","url":"https:\/\/webshop.nakladapanda.hr\/wp-content\/uploads\/2026\/01\/8805-0000.jpeg","contentUrl":"https:\/\/webshop.nakladapanda.hr\/wp-content\/uploads\/2026\/01\/8805-0000.jpeg","width":204,"height":192},{"@type":"BreadcrumbList","@id":"https:\/\/webshop.nakladapanda.hr\/?product=androni-unicoplus-kocke-stol-za-vise-igara#breadcrumb","itemListElement":[{"@type":"ListItem","position":1,"name":"Home","item":"https:\/\/webshop.nakladapanda.hr\/"},{"@type":"ListItem","position":2,"name":"Products","item":"https:\/\/webshop.nakladapanda.hr\/?post_type=product"},{"@type":"ListItem","position":3,"name":"ANDRONI UNICOPLUS KOCKE STOL ZA VI\u0160E IGARA"}]},{"@type":"WebSite","@id":"https:\/\/webshop.nakladapanda.hr\/#website","url":"https:\/\/webshop.nakladapanda.hr\/","name":"Naklada Panda","description":"","publisher":{"@id":"https:\/\/webshop.nakladapanda.hr\/#organization"},"potentialAction":[{"@type":"SearchAction","target":{"@type":"EntryPoint","urlTemplate":"https:\/\/webshop.nakladapanda.hr\/?s={search_term_string}"},"query-input":{"@type":"PropertyValueSpecification","valueRequired":true,"valueName":"search_term_string"}}],"inLanguage":"hr"},{"@type":"Organization","@id":"https:\/\/webshop.nakladapanda.hr\/#organization","name":"Naklada Panda","url":"https:\/\/webshop.nakladapanda.hr\/","logo":{"@type":"ImageObject","inLanguage":"hr","@id":"https:\/\/webshop.nakladapanda.hr\/#\/schema\/logo\/image\/","url":"https:\/\/webshop.nakladapanda.hr\/wp-content\/uploads\/2025\/12\/naklada-panda-logo.png","contentUrl":"https:\/\/webshop.nakladapanda.hr\/wp-content\/uploads\/2025\/12\/naklada-panda-logo.png","width":643,"height":244,"caption":"Naklada Panda"},"image":{"@id":"https:\/\/webshop.nakladapanda.hr\/#\/schema\/logo\/image\/"}}]}},"_links":{"self":[{"href":"https:\/\/webshop.nakladapanda.hr\/index.php?rest_route=\/wp\/v2\/product\/361","targetHints":{"allow":["GET"]}}],"collection":[{"href":"https:\/\/webshop.nakladapanda.hr\/index.php?rest_route=\/wp\/v2\/product"}],"about":[{"href":"https:\/\/webshop.nakladapanda.hr\/index.php?rest_route=\/wp\/v2\/types\/product"}],"wp:featuredmedia":[{"embeddable":true,"href":"https:\/\/webshop.nakladapanda.hr\/index.php?rest_route=\/wp\/v2\/media\/283"}],"wp:attachment":[{"href":"https:\/\/webshop.nakladapanda.hr\/index.php?rest_route=%2Fwp%2Fv2%2Fmedia&parent=361"}],"wp:term":[{"taxonomy":"product_brand","embeddable":true,"href":"https:\/\/webshop.nakladapanda.hr\/index.php?rest_route=%2Fwp%2Fv2%2Fproduct_brand&post=361"},{"taxonomy":"product_cat","embeddable":true,"href":"https:\/\/webshop.nakladapanda.hr\/index.php?rest_route=%2Fwp%2Fv2%2Fproduct_cat&post=361"},{"taxonomy":"product_tag","embeddable":true,"href":"https:\/\/webshop.nakladapanda.hr\/index.php?rest_route=%2Fwp%2Fv2%2Fproduct_tag&post=361"}],"curies":[{"name":"wp","href":"https:\/\/api.w.org\/{rel}","templated":true}]}}