{"id":348,"date":"2026-01-13T12:17:55","date_gmt":"2026-01-13T12:17:55","guid":{"rendered":"https:\/\/webshop.nakladapanda.hr\/?product=classic-blocks-210"},"modified":"2026-01-13T12:17:55","modified_gmt":"2026-01-13T12:17:55","slug":"classic-blocks-210","status":"publish","type":"product","link":"https:\/\/webshop.nakladapanda.hr\/?product=classic-blocks-210","title":{"rendered":"Classic Blocks 210"},"content":{"rendered":"","protected":false},"excerpt":{"rendered":"<p>Predstavljamo kocke koje su sva djeca \u010dekala! Izgledom podsje\u0107aju na klasi\u010dne kocke, ali su izra\u0111ene od mekanog i fleksibilnog materijala, \u0161to igru \u010dini izuzetno ugodnom, sigurnom i tihom. Tekstura kocki pru\u017ea djeci vrijedna senzorna iskustva, a raznoliki oblici omogu\u0107uju stvaranje razli\u010ditih prostornih formi prema uputama uklju\u010denima u set ili prema vlastitim idejama. Set se sastoji od 210 komada. Razvija kreativnost, psihomotoriku i u\u010di logi\u010dkom razmi\u0161ljanju.<br \/>\nMarioinex \u2013 Sigurne kocke za djecu<br \/>\nMarioinex kocke dizajnirane su da budu \u0161to prijateljskije i sigurnije za djecu. Izra\u0111ene su od fleksibilnog, mekanog i ugodnog materijala za dodir. Njihov oblik savr\u0161eno je prilago\u0111en veli\u010dini i obliku dje\u010djih ruku, a kori\u0161tene boje su nje\u017ene i ugodne oku. Osvojile su nagrade na natjecanjima poput \u201eIgra\u010dka godine\u201c i \u201eChild-Friendly World\u201c.<br \/>\nMarioinex Setovi<br \/>\nSetovi kocki iz Marioinex linije mogu se skupljati i kombinirati za izgradnju struktura prema vlastitom dizajnu.<br \/>\nPrednosti Classic 210 seta:<br \/>\n210 komada<br \/>\nRazvija ma\u0161tu i kreativnost<br \/>\nU\u010denje i razvoj kroz igru<br \/>\nSati zabave<br \/>\nPogodno za djevoj\u010dice i dje\u010dake<br \/>\n100% siguran oblik<br \/>\nAtraktivna igra za djecu i odrasle<br \/>\nInovativni oblik kocki<br \/>\nKocke proizvedene u Poljskoj<br \/>\nKocke i pakiranje izra\u0111eni od obnovljivih materijala<br \/>\nDimenzije pakiranja: 19,5 cm x 17,5 cm x 12,5 cm<br \/>\nDimenzije jedne kocke: 2 cm x 2 cm x 1 cm<br \/>\nUpozorenje<br \/>\nIgra\u010dka nije pogodna za djecu mla\u0111u od 36 mjeseci. Sadr\u017ei male dijelove koji se lako mogu progutati. Proizvod zadovoljava europske standarde. Prije nego dijete koristi igra\u010dku, uklonite sve dijelove ambala\u017ee. Sa\u010duvajte naljepnicu jer sadr\u017ei va\u017ene informacije. Boja elemenata mo\u017ee se razlikovati od prikazane na pakiranju.<br \/>\nOdr\u017eavanje<br \/>\nIgra\u010dku operite sapunom i pod teku\u0107om vodom.<\/p>\n","protected":false},"featured_media":324,"template":"","meta":[],"product_brand":[29],"product_cat":[30],"product_tag":[],"class_list":{"0":"post-348","1":"product","2":"type-product","3":"status-publish","4":"has-post-thumbnail","6":"product_brand-marionex","7":"product_cat-konstruktori","9":"first","10":"instock","11":"shipping-taxable","12":"purchasable","13":"product-type-simple"},"yoast_head":"<!-- This site is optimized with the Yoast SEO plugin v26.8 - https:\/\/yoast.com\/product\/yoast-seo-wordpress\/ -->\n<title>Classic Blocks 210 - Naklada Panda<\/title>\n<meta name=\"robots\" content=\"noindex, follow, max-snippet:-1, max-image-preview:large, max-video-preview:-1\" \/>\n<meta property=\"og:locale\" content=\"hr_HR\" \/>\n<meta property=\"og:type\" content=\"article\" \/>\n<meta property=\"og:title\" content=\"Classic Blocks 210 - Naklada Panda\" \/>\n<meta property=\"og:description\" content=\"Predstavljamo kocke koje su sva djeca \u010dekala! Izgledom podsje\u0107aju na klasi\u010dne kocke, ali su izra\u0111ene od mekanog i fleksibilnog materijala, \u0161to igru \u010dini izuzetno ugodnom, sigurnom i tihom. Tekstura kocki pru\u017ea djeci vrijedna senzorna iskustva, a raznoliki oblici omogu\u0107uju stvaranje razli\u010ditih prostornih formi prema uputama uklju\u010denima u set ili prema vlastitim idejama. Set se sastoji od 210 komada. Razvija kreativnost, psihomotoriku i u\u010di logi\u010dkom razmi\u0161ljanju. Marioinex \u2013 Sigurne kocke za djecu Marioinex kocke dizajnirane su da budu \u0161to prijateljskije i sigurnije za djecu. Izra\u0111ene su od fleksibilnog, mekanog i ugodnog materijala za dodir. Njihov oblik savr\u0161eno je prilago\u0111en veli\u010dini i obliku dje\u010djih ruku, a kori\u0161tene boje su nje\u017ene i ugodne oku. Osvojile su nagrade na natjecanjima poput \u201eIgra\u010dka godine\u201c i \u201eChild-Friendly World\u201c. Marioinex Setovi Setovi kocki iz Marioinex linije mogu se skupljati i kombinirati za izgradnju struktura prema vlastitom dizajnu. Prednosti Classic 210 seta: 210 komada Razvija ma\u0161tu i kreativnost U\u010denje i razvoj kroz igru Sati zabave Pogodno za djevoj\u010dice i dje\u010dake 100% siguran oblik Atraktivna igra za djecu i odrasle Inovativni oblik kocki Kocke proizvedene u Poljskoj Kocke i pakiranje izra\u0111eni od obnovljivih materijala Dimenzije pakiranja: 19,5 cm x 17,5 cm x 12,5 cm Dimenzije jedne kocke: 2 cm x 2 cm x 1 cm Upozorenje Igra\u010dka nije pogodna za djecu mla\u0111u od 36 mjeseci. Sadr\u017ei male dijelove koji se lako mogu progutati. Proizvod zadovoljava europske standarde. Prije nego dijete koristi igra\u010dku, uklonite sve dijelove ambala\u017ee. Sa\u010duvajte naljepnicu jer sadr\u017ei va\u017ene informacije. Boja elemenata mo\u017ee se razlikovati od prikazane na pakiranju. Odr\u017eavanje Igra\u010dku operite sapunom i pod teku\u0107om vodom.\" \/>\n<meta property=\"og:url\" content=\"https:\/\/webshop.nakladapanda.hr\/?product=classic-blocks-210\" \/>\n<meta property=\"og:site_name\" content=\"Naklada Panda\" \/>\n<meta property=\"og:image\" content=\"https:\/\/webshop.nakladapanda.hr\/wp-content\/uploads\/2026\/01\/Classic_210.jpeg\" \/>\n\t<meta property=\"og:image:width\" content=\"1080\" \/>\n\t<meta property=\"og:image:height\" content=\"1080\" \/>\n\t<meta property=\"og:image:type\" content=\"image\/jpeg\" \/>\n<meta name=\"twitter:card\" content=\"summary_large_image\" \/>\n<script type=\"application\/ld+json\" class=\"yoast-schema-graph\">{\"@context\":\"https:\/\/schema.org\",\"@graph\":[{\"@type\":\"WebPage\",\"@id\":\"https:\/\/webshop.nakladapanda.hr\/?product=classic-blocks-210\",\"url\":\"https:\/\/webshop.nakladapanda.hr\/?product=classic-blocks-210\",\"name\":\"Classic Blocks 210 - Naklada Panda\",\"isPartOf\":{\"@id\":\"https:\/\/webshop.nakladapanda.hr\/#website\"},\"primaryImageOfPage\":{\"@id\":\"https:\/\/webshop.nakladapanda.hr\/?product=classic-blocks-210#primaryimage\"},\"image\":{\"@id\":\"https:\/\/webshop.nakladapanda.hr\/?product=classic-blocks-210#primaryimage\"},\"thumbnailUrl\":\"https:\/\/webshop.nakladapanda.hr\/wp-content\/uploads\/2026\/01\/Classic_210.jpeg\",\"datePublished\":\"2026-01-13T12:17:55+00:00\",\"breadcrumb\":{\"@id\":\"https:\/\/webshop.nakladapanda.hr\/?product=classic-blocks-210#breadcrumb\"},\"inLanguage\":\"hr\",\"potentialAction\":[{\"@type\":\"ReadAction\",\"target\":[\"https:\/\/webshop.nakladapanda.hr\/?product=classic-blocks-210\"]}]},{\"@type\":\"ImageObject\",\"inLanguage\":\"hr\",\"@id\":\"https:\/\/webshop.nakladapanda.hr\/?product=classic-blocks-210#primaryimage\",\"url\":\"https:\/\/webshop.nakladapanda.hr\/wp-content\/uploads\/2026\/01\/Classic_210.jpeg\",\"contentUrl\":\"https:\/\/webshop.nakladapanda.hr\/wp-content\/uploads\/2026\/01\/Classic_210.jpeg\",\"width\":1080,\"height\":1080},{\"@type\":\"BreadcrumbList\",\"@id\":\"https:\/\/webshop.nakladapanda.hr\/?product=classic-blocks-210#breadcrumb\",\"itemListElement\":[{\"@type\":\"ListItem\",\"position\":1,\"name\":\"Home\",\"item\":\"https:\/\/webshop.nakladapanda.hr\/\"},{\"@type\":\"ListItem\",\"position\":2,\"name\":\"Products\",\"item\":\"https:\/\/webshop.nakladapanda.hr\/?post_type=product\"},{\"@type\":\"ListItem\",\"position\":3,\"name\":\"Classic Blocks 210\"}]},{\"@type\":\"WebSite\",\"@id\":\"https:\/\/webshop.nakladapanda.hr\/#website\",\"url\":\"https:\/\/webshop.nakladapanda.hr\/\",\"name\":\"Naklada Panda\",\"description\":\"\",\"publisher\":{\"@id\":\"https:\/\/webshop.nakladapanda.hr\/#organization\"},\"potentialAction\":[{\"@type\":\"SearchAction\",\"target\":{\"@type\":\"EntryPoint\",\"urlTemplate\":\"https:\/\/webshop.nakladapanda.hr\/?s={search_term_string}\"},\"query-input\":{\"@type\":\"PropertyValueSpecification\",\"valueRequired\":true,\"valueName\":\"search_term_string\"}}],\"inLanguage\":\"hr\"},{\"@type\":\"Organization\",\"@id\":\"https:\/\/webshop.nakladapanda.hr\/#organization\",\"name\":\"Naklada Panda\",\"url\":\"https:\/\/webshop.nakladapanda.hr\/\",\"logo\":{\"@type\":\"ImageObject\",\"inLanguage\":\"hr\",\"@id\":\"https:\/\/webshop.nakladapanda.hr\/#\/schema\/logo\/image\/\",\"url\":\"https:\/\/webshop.nakladapanda.hr\/wp-content\/uploads\/2025\/12\/naklada-panda-logo.png\",\"contentUrl\":\"https:\/\/webshop.nakladapanda.hr\/wp-content\/uploads\/2025\/12\/naklada-panda-logo.png\",\"width\":643,\"height\":244,\"caption\":\"Naklada Panda\"},\"image\":{\"@id\":\"https:\/\/webshop.nakladapanda.hr\/#\/schema\/logo\/image\/\"}}]}<\/script>\n<!-- \/ Yoast SEO plugin. -->","yoast_head_json":{"title":"Classic Blocks 210 - Naklada Panda","robots":{"index":"noindex","follow":"follow","max-snippet":"max-snippet:-1","max-image-preview":"max-image-preview:large","max-video-preview":"max-video-preview:-1"},"og_locale":"hr_HR","og_type":"article","og_title":"Classic Blocks 210 - Naklada Panda","og_description":"Predstavljamo kocke koje su sva djeca \u010dekala! Izgledom podsje\u0107aju na klasi\u010dne kocke, ali su izra\u0111ene od mekanog i fleksibilnog materijala, \u0161to igru \u010dini izuzetno ugodnom, sigurnom i tihom. Tekstura kocki pru\u017ea djeci vrijedna senzorna iskustva, a raznoliki oblici omogu\u0107uju stvaranje razli\u010ditih prostornih formi prema uputama uklju\u010denima u set ili prema vlastitim idejama. Set se sastoji od 210 komada. Razvija kreativnost, psihomotoriku i u\u010di logi\u010dkom razmi\u0161ljanju. Marioinex \u2013 Sigurne kocke za djecu Marioinex kocke dizajnirane su da budu \u0161to prijateljskije i sigurnije za djecu. Izra\u0111ene su od fleksibilnog, mekanog i ugodnog materijala za dodir. Njihov oblik savr\u0161eno je prilago\u0111en veli\u010dini i obliku dje\u010djih ruku, a kori\u0161tene boje su nje\u017ene i ugodne oku. Osvojile su nagrade na natjecanjima poput \u201eIgra\u010dka godine\u201c i \u201eChild-Friendly World\u201c. Marioinex Setovi Setovi kocki iz Marioinex linije mogu se skupljati i kombinirati za izgradnju struktura prema vlastitom dizajnu. Prednosti Classic 210 seta: 210 komada Razvija ma\u0161tu i kreativnost U\u010denje i razvoj kroz igru Sati zabave Pogodno za djevoj\u010dice i dje\u010dake 100% siguran oblik Atraktivna igra za djecu i odrasle Inovativni oblik kocki Kocke proizvedene u Poljskoj Kocke i pakiranje izra\u0111eni od obnovljivih materijala Dimenzije pakiranja: 19,5 cm x 17,5 cm x 12,5 cm Dimenzije jedne kocke: 2 cm x 2 cm x 1 cm Upozorenje Igra\u010dka nije pogodna za djecu mla\u0111u od 36 mjeseci. Sadr\u017ei male dijelove koji se lako mogu progutati. Proizvod zadovoljava europske standarde. Prije nego dijete koristi igra\u010dku, uklonite sve dijelove ambala\u017ee. Sa\u010duvajte naljepnicu jer sadr\u017ei va\u017ene informacije. Boja elemenata mo\u017ee se razlikovati od prikazane na pakiranju. Odr\u017eavanje Igra\u010dku operite sapunom i pod teku\u0107om vodom.","og_url":"https:\/\/webshop.nakladapanda.hr\/?product=classic-blocks-210","og_site_name":"Naklada Panda","og_image":[{"width":1080,"height":1080,"url":"https:\/\/webshop.nakladapanda.hr\/wp-content\/uploads\/2026\/01\/Classic_210.jpeg","type":"image\/jpeg"}],"twitter_card":"summary_large_image","schema":{"@context":"https:\/\/schema.org","@graph":[{"@type":"WebPage","@id":"https:\/\/webshop.nakladapanda.hr\/?product=classic-blocks-210","url":"https:\/\/webshop.nakladapanda.hr\/?product=classic-blocks-210","name":"Classic Blocks 210 - Naklada Panda","isPartOf":{"@id":"https:\/\/webshop.nakladapanda.hr\/#website"},"primaryImageOfPage":{"@id":"https:\/\/webshop.nakladapanda.hr\/?product=classic-blocks-210#primaryimage"},"image":{"@id":"https:\/\/webshop.nakladapanda.hr\/?product=classic-blocks-210#primaryimage"},"thumbnailUrl":"https:\/\/webshop.nakladapanda.hr\/wp-content\/uploads\/2026\/01\/Classic_210.jpeg","datePublished":"2026-01-13T12:17:55+00:00","breadcrumb":{"@id":"https:\/\/webshop.nakladapanda.hr\/?product=classic-blocks-210#breadcrumb"},"inLanguage":"hr","potentialAction":[{"@type":"ReadAction","target":["https:\/\/webshop.nakladapanda.hr\/?product=classic-blocks-210"]}]},{"@type":"ImageObject","inLanguage":"hr","@id":"https:\/\/webshop.nakladapanda.hr\/?product=classic-blocks-210#primaryimage","url":"https:\/\/webshop.nakladapanda.hr\/wp-content\/uploads\/2026\/01\/Classic_210.jpeg","contentUrl":"https:\/\/webshop.nakladapanda.hr\/wp-content\/uploads\/2026\/01\/Classic_210.jpeg","width":1080,"height":1080},{"@type":"BreadcrumbList","@id":"https:\/\/webshop.nakladapanda.hr\/?product=classic-blocks-210#breadcrumb","itemListElement":[{"@type":"ListItem","position":1,"name":"Home","item":"https:\/\/webshop.nakladapanda.hr\/"},{"@type":"ListItem","position":2,"name":"Products","item":"https:\/\/webshop.nakladapanda.hr\/?post_type=product"},{"@type":"ListItem","position":3,"name":"Classic Blocks 210"}]},{"@type":"WebSite","@id":"https:\/\/webshop.nakladapanda.hr\/#website","url":"https:\/\/webshop.nakladapanda.hr\/","name":"Naklada Panda","description":"","publisher":{"@id":"https:\/\/webshop.nakladapanda.hr\/#organization"},"potentialAction":[{"@type":"SearchAction","target":{"@type":"EntryPoint","urlTemplate":"https:\/\/webshop.nakladapanda.hr\/?s={search_term_string}"},"query-input":{"@type":"PropertyValueSpecification","valueRequired":true,"valueName":"search_term_string"}}],"inLanguage":"hr"},{"@type":"Organization","@id":"https:\/\/webshop.nakladapanda.hr\/#organization","name":"Naklada Panda","url":"https:\/\/webshop.nakladapanda.hr\/","logo":{"@type":"ImageObject","inLanguage":"hr","@id":"https:\/\/webshop.nakladapanda.hr\/#\/schema\/logo\/image\/","url":"https:\/\/webshop.nakladapanda.hr\/wp-content\/uploads\/2025\/12\/naklada-panda-logo.png","contentUrl":"https:\/\/webshop.nakladapanda.hr\/wp-content\/uploads\/2025\/12\/naklada-panda-logo.png","width":643,"height":244,"caption":"Naklada Panda"},"image":{"@id":"https:\/\/webshop.nakladapanda.hr\/#\/schema\/logo\/image\/"}}]}},"_links":{"self":[{"href":"https:\/\/webshop.nakladapanda.hr\/index.php?rest_route=\/wp\/v2\/product\/348","targetHints":{"allow":["GET"]}}],"collection":[{"href":"https:\/\/webshop.nakladapanda.hr\/index.php?rest_route=\/wp\/v2\/product"}],"about":[{"href":"https:\/\/webshop.nakladapanda.hr\/index.php?rest_route=\/wp\/v2\/types\/product"}],"wp:featuredmedia":[{"embeddable":true,"href":"https:\/\/webshop.nakladapanda.hr\/index.php?rest_route=\/wp\/v2\/media\/324"}],"wp:attachment":[{"href":"https:\/\/webshop.nakladapanda.hr\/index.php?rest_route=%2Fwp%2Fv2%2Fmedia&parent=348"}],"wp:term":[{"taxonomy":"product_brand","embeddable":true,"href":"https:\/\/webshop.nakladapanda.hr\/index.php?rest_route=%2Fwp%2Fv2%2Fproduct_brand&post=348"},{"taxonomy":"product_cat","embeddable":true,"href":"https:\/\/webshop.nakladapanda.hr\/index.php?rest_route=%2Fwp%2Fv2%2Fproduct_cat&post=348"},{"taxonomy":"product_tag","embeddable":true,"href":"https:\/\/webshop.nakladapanda.hr\/index.php?rest_route=%2Fwp%2Fv2%2Fproduct_tag&post=348"}],"curies":[{"name":"wp","href":"https:\/\/api.w.org\/{rel}","templated":true}]}}