{"id":347,"date":"2026-01-13T12:17:55","date_gmt":"2026-01-13T12:17:55","guid":{"rendered":"https:\/\/webshop.nakladapanda.hr\/?product=midi-waffle-150"},"modified":"2026-01-13T12:17:55","modified_gmt":"2026-01-13T12:17:55","slug":"midi-waffle-150","status":"publish","type":"product","link":"https:\/\/webshop.nakladapanda.hr\/?product=midi-waffle-150","title":{"rendered":"Midi Waffle 150"},"content":{"rendered":"","protected":false},"excerpt":{"rendered":"<p>MIDI WAFFLE je serija kocki omiljena me\u0111u najmla\u0111om djecom. Njihov jedinstveni, fleksibilni oblik, prijateljske boje i neograni\u010dene mogu\u0107nosti gradnje o\u010daravaju djecu i omogu\u0107uju igru koja podr\u017eava prirodni razvoj. Pru\u017eite svom djetetu trenutak igre s ovim inovativnim kockama i jam\u010dimo da to vrijeme ne\u0107e biti izgubljeno. Uz uklju\u010denu knji\u017eicu s inspiracijama, djeca mogu graditi atraktivne oblike i figure ili koristiti vlastitu kreativnost za razvoj bilo kojih 2D ili 3D oblika.<br \/>\nSet se sastoji od 10 boja i ukupno 150 komada. Razvija dje\u010dju ma\u0161tu, manualne vje\u0161tine i u\u010di logi\u010dkom razmi\u0161ljanju.<br \/>\nMarioinex MIDI Serija<br \/>\nMIDI serija je malo ve\u0107a varijanta Mini Waffle kocki, dimenzija 5,7 \u00d7 5,7 cm. Zahvaljuju\u0107i posebno dizajniranom obliku, kocke se mogu povezivati na razli\u010dite na\u010dine, nude\u0107i neograni\u010dene mogu\u0107nosti gradnje.Marioinex \u2013 Sigurne kocke za djecu<br \/>\nMarioinex kocke dizajnirane su da budu \u0161to prijateljskije i sigurnije za djecu. Izra\u0111ene su od fleksibilnog, mekanog i ugodnog materijala za dodir. Njihov oblik savr\u0161eno je prilago\u0111en veli\u010dini i obliku dje\u010djih ruku, a kori\u0161tene boje su nje\u017ene i ugodne oku. Osvojile su nagrade na natjecanjima kao \u0161to su \u201eIgra\u010dka godine\u201c ili \u201eChild-Friendly World\u201c.<br \/>\nMarioinex Setovi<br \/>\nSetovi kocki iz Marioinex linije mogu se skupljati i kombinirati za izgradnju struktura prema vlastitom dizajnu.<br \/>\nPrednosti MIDI WAFFLE 150 seta:<br \/>\n\u010cak 150 komada i jedna dodatna boja<br \/>\nRazvija ma\u0161tu i kreativnost<br \/>\nU\u010denje i razvoj kroz igru<br \/>\nSati zabave<br \/>\nPogodno za djevoj\u010dice i dje\u010dake<br \/>\n100% siguran oblik<br \/>\nAtraktivna igra za djecu i odrasle<br \/>\nMogu\u0107nost gradnje 2D i 3D oblika<br \/>\nInovativni oblik kocki<br \/>\nKocke proizvedene u Poljskoj<br \/>\nKocke i pakiranje izra\u0111eni od recikliraju\u0107ih obnovljivih materijala<br \/>\nInformacije<br \/>\nOva igra\u010dka nije pogodna za djecu mla\u0111u od 24 mjeseca. Proizvod zadovoljava europske standarde. Prije nego \u0161to dijete koristi igra\u010dku, uklonite sve dijelove ambala\u017ee. Sa\u010duvajte naljepnicu jer sadr\u017ei va\u017ene informacije. Boja elemenata mo\u017ee se razlikovati od prikazane na pakiranju.<br \/>\nOdr\u017eavanje<br \/>\nIgra\u010dka se mo\u017ee prati pod teku\u0107om vodom s blagim sapunom.<\/p>\n","protected":false},"featured_media":326,"template":"","meta":[],"product_brand":[29],"product_cat":[30],"product_tag":[],"class_list":{"0":"post-347","1":"product","2":"type-product","3":"status-publish","4":"has-post-thumbnail","6":"product_brand-marionex","7":"product_cat-konstruktori","9":"first","10":"instock","11":"shipping-taxable","12":"purchasable","13":"product-type-simple"},"yoast_head":"<!-- This site is optimized with the Yoast SEO plugin v26.8 - https:\/\/yoast.com\/product\/yoast-seo-wordpress\/ -->\n<title>Midi Waffle 150 - Naklada Panda<\/title>\n<meta name=\"robots\" content=\"noindex, follow, max-snippet:-1, max-image-preview:large, max-video-preview:-1\" \/>\n<meta property=\"og:locale\" content=\"hr_HR\" \/>\n<meta property=\"og:type\" content=\"article\" \/>\n<meta property=\"og:title\" content=\"Midi Waffle 150 - Naklada Panda\" \/>\n<meta property=\"og:description\" content=\"MIDI WAFFLE je serija kocki omiljena me\u0111u najmla\u0111om djecom. Njihov jedinstveni, fleksibilni oblik, prijateljske boje i neograni\u010dene mogu\u0107nosti gradnje o\u010daravaju djecu i omogu\u0107uju igru koja podr\u017eava prirodni razvoj. Pru\u017eite svom djetetu trenutak igre s ovim inovativnim kockama i jam\u010dimo da to vrijeme ne\u0107e biti izgubljeno. Uz uklju\u010denu knji\u017eicu s inspiracijama, djeca mogu graditi atraktivne oblike i figure ili koristiti vlastitu kreativnost za razvoj bilo kojih 2D ili 3D oblika. Set se sastoji od 10 boja i ukupno 150 komada. Razvija dje\u010dju ma\u0161tu, manualne vje\u0161tine i u\u010di logi\u010dkom razmi\u0161ljanju. Marioinex MIDI Serija MIDI serija je malo ve\u0107a varijanta Mini Waffle kocki, dimenzija 5,7 \u00d7 5,7 cm. Zahvaljuju\u0107i posebno dizajniranom obliku, kocke se mogu povezivati na razli\u010dite na\u010dine, nude\u0107i neograni\u010dene mogu\u0107nosti gradnje.Marioinex \u2013 Sigurne kocke za djecu Marioinex kocke dizajnirane su da budu \u0161to prijateljskije i sigurnije za djecu. Izra\u0111ene su od fleksibilnog, mekanog i ugodnog materijala za dodir. Njihov oblik savr\u0161eno je prilago\u0111en veli\u010dini i obliku dje\u010djih ruku, a kori\u0161tene boje su nje\u017ene i ugodne oku. Osvojile su nagrade na natjecanjima kao \u0161to su \u201eIgra\u010dka godine\u201c ili \u201eChild-Friendly World\u201c. Marioinex Setovi Setovi kocki iz Marioinex linije mogu se skupljati i kombinirati za izgradnju struktura prema vlastitom dizajnu. Prednosti MIDI WAFFLE 150 seta: \u010cak 150 komada i jedna dodatna boja Razvija ma\u0161tu i kreativnost U\u010denje i razvoj kroz igru Sati zabave Pogodno za djevoj\u010dice i dje\u010dake 100% siguran oblik Atraktivna igra za djecu i odrasle Mogu\u0107nost gradnje 2D i 3D oblika Inovativni oblik kocki Kocke proizvedene u Poljskoj Kocke i pakiranje izra\u0111eni od recikliraju\u0107ih obnovljivih materijala Informacije Ova igra\u010dka nije pogodna za djecu mla\u0111u od 24 mjeseca. Proizvod zadovoljava europske standarde. Prije nego \u0161to dijete koristi igra\u010dku, uklonite sve dijelove ambala\u017ee. Sa\u010duvajte naljepnicu jer sadr\u017ei va\u017ene informacije. Boja elemenata mo\u017ee se razlikovati od prikazane na pakiranju. Odr\u017eavanje Igra\u010dka se mo\u017ee prati pod teku\u0107om vodom s blagim sapunom.\" \/>\n<meta property=\"og:url\" content=\"https:\/\/webshop.nakladapanda.hr\/?product=midi-waffle-150\" \/>\n<meta property=\"og:site_name\" content=\"Naklada Panda\" \/>\n<meta property=\"og:image\" content=\"https:\/\/webshop.nakladapanda.hr\/wp-content\/uploads\/2026\/01\/Midi-Waffle-150.png\" \/>\n\t<meta property=\"og:image:width\" content=\"112\" \/>\n\t<meta property=\"og:image:height\" content=\"120\" \/>\n\t<meta property=\"og:image:type\" content=\"image\/png\" \/>\n<meta name=\"twitter:card\" content=\"summary_large_image\" \/>\n<script type=\"application\/ld+json\" class=\"yoast-schema-graph\">{\"@context\":\"https:\/\/schema.org\",\"@graph\":[{\"@type\":\"WebPage\",\"@id\":\"https:\/\/webshop.nakladapanda.hr\/?product=midi-waffle-150\",\"url\":\"https:\/\/webshop.nakladapanda.hr\/?product=midi-waffle-150\",\"name\":\"Midi Waffle 150 - Naklada Panda\",\"isPartOf\":{\"@id\":\"https:\/\/webshop.nakladapanda.hr\/#website\"},\"primaryImageOfPage\":{\"@id\":\"https:\/\/webshop.nakladapanda.hr\/?product=midi-waffle-150#primaryimage\"},\"image\":{\"@id\":\"https:\/\/webshop.nakladapanda.hr\/?product=midi-waffle-150#primaryimage\"},\"thumbnailUrl\":\"https:\/\/webshop.nakladapanda.hr\/wp-content\/uploads\/2026\/01\/Midi-Waffle-150.png\",\"datePublished\":\"2026-01-13T12:17:55+00:00\",\"breadcrumb\":{\"@id\":\"https:\/\/webshop.nakladapanda.hr\/?product=midi-waffle-150#breadcrumb\"},\"inLanguage\":\"hr\",\"potentialAction\":[{\"@type\":\"ReadAction\",\"target\":[\"https:\/\/webshop.nakladapanda.hr\/?product=midi-waffle-150\"]}]},{\"@type\":\"ImageObject\",\"inLanguage\":\"hr\",\"@id\":\"https:\/\/webshop.nakladapanda.hr\/?product=midi-waffle-150#primaryimage\",\"url\":\"https:\/\/webshop.nakladapanda.hr\/wp-content\/uploads\/2026\/01\/Midi-Waffle-150.png\",\"contentUrl\":\"https:\/\/webshop.nakladapanda.hr\/wp-content\/uploads\/2026\/01\/Midi-Waffle-150.png\",\"width\":112,\"height\":120},{\"@type\":\"BreadcrumbList\",\"@id\":\"https:\/\/webshop.nakladapanda.hr\/?product=midi-waffle-150#breadcrumb\",\"itemListElement\":[{\"@type\":\"ListItem\",\"position\":1,\"name\":\"Home\",\"item\":\"https:\/\/webshop.nakladapanda.hr\/\"},{\"@type\":\"ListItem\",\"position\":2,\"name\":\"Products\",\"item\":\"https:\/\/webshop.nakladapanda.hr\/?post_type=product\"},{\"@type\":\"ListItem\",\"position\":3,\"name\":\"Midi Waffle 150\"}]},{\"@type\":\"WebSite\",\"@id\":\"https:\/\/webshop.nakladapanda.hr\/#website\",\"url\":\"https:\/\/webshop.nakladapanda.hr\/\",\"name\":\"Naklada Panda\",\"description\":\"\",\"publisher\":{\"@id\":\"https:\/\/webshop.nakladapanda.hr\/#organization\"},\"potentialAction\":[{\"@type\":\"SearchAction\",\"target\":{\"@type\":\"EntryPoint\",\"urlTemplate\":\"https:\/\/webshop.nakladapanda.hr\/?s={search_term_string}\"},\"query-input\":{\"@type\":\"PropertyValueSpecification\",\"valueRequired\":true,\"valueName\":\"search_term_string\"}}],\"inLanguage\":\"hr\"},{\"@type\":\"Organization\",\"@id\":\"https:\/\/webshop.nakladapanda.hr\/#organization\",\"name\":\"Naklada Panda\",\"url\":\"https:\/\/webshop.nakladapanda.hr\/\",\"logo\":{\"@type\":\"ImageObject\",\"inLanguage\":\"hr\",\"@id\":\"https:\/\/webshop.nakladapanda.hr\/#\/schema\/logo\/image\/\",\"url\":\"https:\/\/webshop.nakladapanda.hr\/wp-content\/uploads\/2025\/12\/naklada-panda-logo.png\",\"contentUrl\":\"https:\/\/webshop.nakladapanda.hr\/wp-content\/uploads\/2025\/12\/naklada-panda-logo.png\",\"width\":643,\"height\":244,\"caption\":\"Naklada Panda\"},\"image\":{\"@id\":\"https:\/\/webshop.nakladapanda.hr\/#\/schema\/logo\/image\/\"}}]}<\/script>\n<!-- \/ Yoast SEO plugin. -->","yoast_head_json":{"title":"Midi Waffle 150 - Naklada Panda","robots":{"index":"noindex","follow":"follow","max-snippet":"max-snippet:-1","max-image-preview":"max-image-preview:large","max-video-preview":"max-video-preview:-1"},"og_locale":"hr_HR","og_type":"article","og_title":"Midi Waffle 150 - Naklada Panda","og_description":"MIDI WAFFLE je serija kocki omiljena me\u0111u najmla\u0111om djecom. Njihov jedinstveni, fleksibilni oblik, prijateljske boje i neograni\u010dene mogu\u0107nosti gradnje o\u010daravaju djecu i omogu\u0107uju igru koja podr\u017eava prirodni razvoj. Pru\u017eite svom djetetu trenutak igre s ovim inovativnim kockama i jam\u010dimo da to vrijeme ne\u0107e biti izgubljeno. Uz uklju\u010denu knji\u017eicu s inspiracijama, djeca mogu graditi atraktivne oblike i figure ili koristiti vlastitu kreativnost za razvoj bilo kojih 2D ili 3D oblika. Set se sastoji od 10 boja i ukupno 150 komada. Razvija dje\u010dju ma\u0161tu, manualne vje\u0161tine i u\u010di logi\u010dkom razmi\u0161ljanju. Marioinex MIDI Serija MIDI serija je malo ve\u0107a varijanta Mini Waffle kocki, dimenzija 5,7 \u00d7 5,7 cm. Zahvaljuju\u0107i posebno dizajniranom obliku, kocke se mogu povezivati na razli\u010dite na\u010dine, nude\u0107i neograni\u010dene mogu\u0107nosti gradnje.Marioinex \u2013 Sigurne kocke za djecu Marioinex kocke dizajnirane su da budu \u0161to prijateljskije i sigurnije za djecu. Izra\u0111ene su od fleksibilnog, mekanog i ugodnog materijala za dodir. Njihov oblik savr\u0161eno je prilago\u0111en veli\u010dini i obliku dje\u010djih ruku, a kori\u0161tene boje su nje\u017ene i ugodne oku. Osvojile su nagrade na natjecanjima kao \u0161to su \u201eIgra\u010dka godine\u201c ili \u201eChild-Friendly World\u201c. Marioinex Setovi Setovi kocki iz Marioinex linije mogu se skupljati i kombinirati za izgradnju struktura prema vlastitom dizajnu. Prednosti MIDI WAFFLE 150 seta: \u010cak 150 komada i jedna dodatna boja Razvija ma\u0161tu i kreativnost U\u010denje i razvoj kroz igru Sati zabave Pogodno za djevoj\u010dice i dje\u010dake 100% siguran oblik Atraktivna igra za djecu i odrasle Mogu\u0107nost gradnje 2D i 3D oblika Inovativni oblik kocki Kocke proizvedene u Poljskoj Kocke i pakiranje izra\u0111eni od recikliraju\u0107ih obnovljivih materijala Informacije Ova igra\u010dka nije pogodna za djecu mla\u0111u od 24 mjeseca. Proizvod zadovoljava europske standarde. Prije nego \u0161to dijete koristi igra\u010dku, uklonite sve dijelove ambala\u017ee. Sa\u010duvajte naljepnicu jer sadr\u017ei va\u017ene informacije. Boja elemenata mo\u017ee se razlikovati od prikazane na pakiranju. Odr\u017eavanje Igra\u010dka se mo\u017ee prati pod teku\u0107om vodom s blagim sapunom.","og_url":"https:\/\/webshop.nakladapanda.hr\/?product=midi-waffle-150","og_site_name":"Naklada Panda","og_image":[{"width":112,"height":120,"url":"https:\/\/webshop.nakladapanda.hr\/wp-content\/uploads\/2026\/01\/Midi-Waffle-150.png","type":"image\/png"}],"twitter_card":"summary_large_image","schema":{"@context":"https:\/\/schema.org","@graph":[{"@type":"WebPage","@id":"https:\/\/webshop.nakladapanda.hr\/?product=midi-waffle-150","url":"https:\/\/webshop.nakladapanda.hr\/?product=midi-waffle-150","name":"Midi Waffle 150 - Naklada Panda","isPartOf":{"@id":"https:\/\/webshop.nakladapanda.hr\/#website"},"primaryImageOfPage":{"@id":"https:\/\/webshop.nakladapanda.hr\/?product=midi-waffle-150#primaryimage"},"image":{"@id":"https:\/\/webshop.nakladapanda.hr\/?product=midi-waffle-150#primaryimage"},"thumbnailUrl":"https:\/\/webshop.nakladapanda.hr\/wp-content\/uploads\/2026\/01\/Midi-Waffle-150.png","datePublished":"2026-01-13T12:17:55+00:00","breadcrumb":{"@id":"https:\/\/webshop.nakladapanda.hr\/?product=midi-waffle-150#breadcrumb"},"inLanguage":"hr","potentialAction":[{"@type":"ReadAction","target":["https:\/\/webshop.nakladapanda.hr\/?product=midi-waffle-150"]}]},{"@type":"ImageObject","inLanguage":"hr","@id":"https:\/\/webshop.nakladapanda.hr\/?product=midi-waffle-150#primaryimage","url":"https:\/\/webshop.nakladapanda.hr\/wp-content\/uploads\/2026\/01\/Midi-Waffle-150.png","contentUrl":"https:\/\/webshop.nakladapanda.hr\/wp-content\/uploads\/2026\/01\/Midi-Waffle-150.png","width":112,"height":120},{"@type":"BreadcrumbList","@id":"https:\/\/webshop.nakladapanda.hr\/?product=midi-waffle-150#breadcrumb","itemListElement":[{"@type":"ListItem","position":1,"name":"Home","item":"https:\/\/webshop.nakladapanda.hr\/"},{"@type":"ListItem","position":2,"name":"Products","item":"https:\/\/webshop.nakladapanda.hr\/?post_type=product"},{"@type":"ListItem","position":3,"name":"Midi Waffle 150"}]},{"@type":"WebSite","@id":"https:\/\/webshop.nakladapanda.hr\/#website","url":"https:\/\/webshop.nakladapanda.hr\/","name":"Naklada Panda","description":"","publisher":{"@id":"https:\/\/webshop.nakladapanda.hr\/#organization"},"potentialAction":[{"@type":"SearchAction","target":{"@type":"EntryPoint","urlTemplate":"https:\/\/webshop.nakladapanda.hr\/?s={search_term_string}"},"query-input":{"@type":"PropertyValueSpecification","valueRequired":true,"valueName":"search_term_string"}}],"inLanguage":"hr"},{"@type":"Organization","@id":"https:\/\/webshop.nakladapanda.hr\/#organization","name":"Naklada Panda","url":"https:\/\/webshop.nakladapanda.hr\/","logo":{"@type":"ImageObject","inLanguage":"hr","@id":"https:\/\/webshop.nakladapanda.hr\/#\/schema\/logo\/image\/","url":"https:\/\/webshop.nakladapanda.hr\/wp-content\/uploads\/2025\/12\/naklada-panda-logo.png","contentUrl":"https:\/\/webshop.nakladapanda.hr\/wp-content\/uploads\/2025\/12\/naklada-panda-logo.png","width":643,"height":244,"caption":"Naklada Panda"},"image":{"@id":"https:\/\/webshop.nakladapanda.hr\/#\/schema\/logo\/image\/"}}]}},"_links":{"self":[{"href":"https:\/\/webshop.nakladapanda.hr\/index.php?rest_route=\/wp\/v2\/product\/347","targetHints":{"allow":["GET"]}}],"collection":[{"href":"https:\/\/webshop.nakladapanda.hr\/index.php?rest_route=\/wp\/v2\/product"}],"about":[{"href":"https:\/\/webshop.nakladapanda.hr\/index.php?rest_route=\/wp\/v2\/types\/product"}],"wp:featuredmedia":[{"embeddable":true,"href":"https:\/\/webshop.nakladapanda.hr\/index.php?rest_route=\/wp\/v2\/media\/326"}],"wp:attachment":[{"href":"https:\/\/webshop.nakladapanda.hr\/index.php?rest_route=%2Fwp%2Fv2%2Fmedia&parent=347"}],"wp:term":[{"taxonomy":"product_brand","embeddable":true,"href":"https:\/\/webshop.nakladapanda.hr\/index.php?rest_route=%2Fwp%2Fv2%2Fproduct_brand&post=347"},{"taxonomy":"product_cat","embeddable":true,"href":"https:\/\/webshop.nakladapanda.hr\/index.php?rest_route=%2Fwp%2Fv2%2Fproduct_cat&post=347"},{"taxonomy":"product_tag","embeddable":true,"href":"https:\/\/webshop.nakladapanda.hr\/index.php?rest_route=%2Fwp%2Fv2%2Fproduct_tag&post=347"}],"curies":[{"name":"wp","href":"https:\/\/api.w.org\/{rel}","templated":true}]}}