{"id":346,"date":"2026-01-13T12:17:55","date_gmt":"2026-01-13T12:17:55","guid":{"rendered":"https:\/\/webshop.nakladapanda.hr\/?product=product"},"modified":"2026-01-13T12:17:55","modified_gmt":"2026-01-13T12:17:55","slug":"product","status":"publish","type":"product","link":"https:\/\/webshop.nakladapanda.hr\/?product=product","title":{"rendered":"Product"},"content":{"rendered":"","protected":false},"excerpt":{"rendered":"<p>Set Mini Waffle Constructor 500 prava je riznica kreativnosti za va\u0161e dijete, pru\u017eaju\u0107i bezbroj sati vrijedne i ma\u0161tovite igre. Budite spremni diviti se djetetovoj inventivnosti i koncentraciji tijekom procesa gradnje. Ovaj set uklju\u010duje 10 potpuno novih elemenata, \u010dime se dodatno pro\u0161iruju mogu\u0107nosti konstrukcije. Uklju\u010dena uputa poti\u010de stvaranje atraktivnih oblika za djecu. Set se sastoji od \u010dak 500 komada, razvija dje\u010dju ma\u0161tu, manuelne vje\u0161tine i logi\u010dko razmi\u0161ljanje.<br \/>\nMarioinex \u2013 Sigurne kocke za djecu<br \/>\nMarioinex kocke dizajnirane su da budu \u0161to prijateljskije i sigurnije za djecu. Izra\u0111ene su od fleksibilnog, mekanog i ugodnog materijala za dodir. Njihov oblik savr\u0161eno je prilago\u0111en veli\u010dini i obliku dje\u010djih ruku, a kori\u0161tene boje su nje\u017ene i ugodne oku.Marioinex Setovi<br \/>\nMarioinex setovi kocki mogu se skupljati i kombinirati za izradu struktura prema vlastitom dizajnu.<br \/>\nPrednosti Mini Waffle 500 seta:<\/p>\n<p>Ogroman set od 500 komada, uklju\u010duju\u0107i 10 potpuno novih elemenata<br \/>\nPoticanje ma\u0161te i kreativnosti<br \/>\nPodr\u017eava u\u010denje i razvoj kroz igru<br \/>\nSati zabave<br \/>\nPogodno za djevoj\u010dice i dje\u010dake<br \/>\n100% siguran dizajn<br \/>\nZabavno za djecu i odrasle<br \/>\nProizvedeno u Poljskoj<br \/>\nProizvod se mo\u017ee prati u perilici posu\u0111a i perilici rublja u odgovaraju\u0107oj vre\u0107ici na temperaturi od 30\u00b0C<br \/>\nUpozorenje<br \/>\nIgra\u010dka nije pogodna za djecu mla\u0111u od 36 mjeseci. Sadr\u017ei male dijelove koji se lako mogu progutati. Proizvod zadovoljava europske standarde. Prije nego \u0161to dijete koristi igra\u010dku, uklonite sve dijelove ambala\u017ee. Sa\u010duvajte naljepnicu jer sadr\u017ei va\u017ene informacije. Boja elemenata mo\u017ee se razlikovati od prikazane na pakiranju.<br \/>\nOdr\u017eavanje<br \/>\nIgra\u010dku operite sapunom i pod teku\u0107om vodom.<\/p>\n","protected":false},"featured_media":320,"template":"","meta":[],"product_brand":[29],"product_cat":[30],"product_tag":[],"class_list":{"0":"post-346","1":"product","2":"type-product","3":"status-publish","4":"has-post-thumbnail","6":"product_brand-marionex","7":"product_cat-konstruktori","9":"first","10":"instock","11":"shipping-taxable","12":"purchasable","13":"product-type-simple"},"yoast_head":"<!-- This site is optimized with the Yoast SEO plugin v26.8 - https:\/\/yoast.com\/product\/yoast-seo-wordpress\/ -->\n<title>Product - Naklada Panda<\/title>\n<meta name=\"robots\" content=\"noindex, follow, max-snippet:-1, max-image-preview:large, max-video-preview:-1\" \/>\n<meta property=\"og:locale\" content=\"hr_HR\" \/>\n<meta property=\"og:type\" content=\"article\" \/>\n<meta property=\"og:title\" content=\"Product - Naklada Panda\" \/>\n<meta property=\"og:description\" content=\"Set Mini Waffle Constructor 500 prava je riznica kreativnosti za va\u0161e dijete, pru\u017eaju\u0107i bezbroj sati vrijedne i ma\u0161tovite igre. Budite spremni diviti se djetetovoj inventivnosti i koncentraciji tijekom procesa gradnje. Ovaj set uklju\u010duje 10 potpuno novih elemenata, \u010dime se dodatno pro\u0161iruju mogu\u0107nosti konstrukcije. Uklju\u010dena uputa poti\u010de stvaranje atraktivnih oblika za djecu. Set se sastoji od \u010dak 500 komada, razvija dje\u010dju ma\u0161tu, manuelne vje\u0161tine i logi\u010dko razmi\u0161ljanje. Marioinex \u2013 Sigurne kocke za djecu Marioinex kocke dizajnirane su da budu \u0161to prijateljskije i sigurnije za djecu. Izra\u0111ene su od fleksibilnog, mekanog i ugodnog materijala za dodir. Njihov oblik savr\u0161eno je prilago\u0111en veli\u010dini i obliku dje\u010djih ruku, a kori\u0161tene boje su nje\u017ene i ugodne oku.Marioinex Setovi Marioinex setovi kocki mogu se skupljati i kombinirati za izradu struktura prema vlastitom dizajnu. Prednosti Mini Waffle 500 seta: Ogroman set od 500 komada, uklju\u010duju\u0107i 10 potpuno novih elemenata Poticanje ma\u0161te i kreativnosti Podr\u017eava u\u010denje i razvoj kroz igru Sati zabave Pogodno za djevoj\u010dice i dje\u010dake 100% siguran dizajn Zabavno za djecu i odrasle Proizvedeno u Poljskoj Proizvod se mo\u017ee prati u perilici posu\u0111a i perilici rublja u odgovaraju\u0107oj vre\u0107ici na temperaturi od 30\u00b0C Upozorenje Igra\u010dka nije pogodna za djecu mla\u0111u od 36 mjeseci. Sadr\u017ei male dijelove koji se lako mogu progutati. Proizvod zadovoljava europske standarde. Prije nego \u0161to dijete koristi igra\u010dku, uklonite sve dijelove ambala\u017ee. Sa\u010duvajte naljepnicu jer sadr\u017ei va\u017ene informacije. Boja elemenata mo\u017ee se razlikovati od prikazane na pakiranju. Odr\u017eavanje Igra\u010dku operite sapunom i pod teku\u0107om vodom.\" \/>\n<meta property=\"og:url\" content=\"https:\/\/webshop.nakladapanda.hr\/?product=product\" \/>\n<meta property=\"og:site_name\" content=\"Naklada Panda\" \/>\n<meta property=\"og:image\" content=\"https:\/\/webshop.nakladapanda.hr\/wp-content\/uploads\/2026\/01\/902288.jpeg\" \/>\n\t<meta property=\"og:image:width\" content=\"1080\" \/>\n\t<meta property=\"og:image:height\" content=\"1080\" \/>\n\t<meta property=\"og:image:type\" content=\"image\/jpeg\" \/>\n<meta name=\"twitter:card\" content=\"summary_large_image\" \/>\n<script type=\"application\/ld+json\" class=\"yoast-schema-graph\">{\"@context\":\"https:\/\/schema.org\",\"@graph\":[{\"@type\":\"WebPage\",\"@id\":\"https:\/\/webshop.nakladapanda.hr\/?product=product\",\"url\":\"https:\/\/webshop.nakladapanda.hr\/?product=product\",\"name\":\"Product - Naklada Panda\",\"isPartOf\":{\"@id\":\"https:\/\/webshop.nakladapanda.hr\/#website\"},\"primaryImageOfPage\":{\"@id\":\"https:\/\/webshop.nakladapanda.hr\/?product=product#primaryimage\"},\"image\":{\"@id\":\"https:\/\/webshop.nakladapanda.hr\/?product=product#primaryimage\"},\"thumbnailUrl\":\"https:\/\/webshop.nakladapanda.hr\/wp-content\/uploads\/2026\/01\/902288.jpeg\",\"datePublished\":\"2026-01-13T12:17:55+00:00\",\"breadcrumb\":{\"@id\":\"https:\/\/webshop.nakladapanda.hr\/?product=product#breadcrumb\"},\"inLanguage\":\"hr\",\"potentialAction\":[{\"@type\":\"ReadAction\",\"target\":[\"https:\/\/webshop.nakladapanda.hr\/?product=product\"]}]},{\"@type\":\"ImageObject\",\"inLanguage\":\"hr\",\"@id\":\"https:\/\/webshop.nakladapanda.hr\/?product=product#primaryimage\",\"url\":\"https:\/\/webshop.nakladapanda.hr\/wp-content\/uploads\/2026\/01\/902288.jpeg\",\"contentUrl\":\"https:\/\/webshop.nakladapanda.hr\/wp-content\/uploads\/2026\/01\/902288.jpeg\",\"width\":1080,\"height\":1080},{\"@type\":\"BreadcrumbList\",\"@id\":\"https:\/\/webshop.nakladapanda.hr\/?product=product#breadcrumb\",\"itemListElement\":[{\"@type\":\"ListItem\",\"position\":1,\"name\":\"Home\",\"item\":\"https:\/\/webshop.nakladapanda.hr\/\"},{\"@type\":\"ListItem\",\"position\":2,\"name\":\"Products\",\"item\":\"https:\/\/webshop.nakladapanda.hr\/?post_type=product\"},{\"@type\":\"ListItem\",\"position\":3,\"name\":\"Product\"}]},{\"@type\":\"WebSite\",\"@id\":\"https:\/\/webshop.nakladapanda.hr\/#website\",\"url\":\"https:\/\/webshop.nakladapanda.hr\/\",\"name\":\"Naklada Panda\",\"description\":\"\",\"publisher\":{\"@id\":\"https:\/\/webshop.nakladapanda.hr\/#organization\"},\"potentialAction\":[{\"@type\":\"SearchAction\",\"target\":{\"@type\":\"EntryPoint\",\"urlTemplate\":\"https:\/\/webshop.nakladapanda.hr\/?s={search_term_string}\"},\"query-input\":{\"@type\":\"PropertyValueSpecification\",\"valueRequired\":true,\"valueName\":\"search_term_string\"}}],\"inLanguage\":\"hr\"},{\"@type\":\"Organization\",\"@id\":\"https:\/\/webshop.nakladapanda.hr\/#organization\",\"name\":\"Naklada Panda\",\"url\":\"https:\/\/webshop.nakladapanda.hr\/\",\"logo\":{\"@type\":\"ImageObject\",\"inLanguage\":\"hr\",\"@id\":\"https:\/\/webshop.nakladapanda.hr\/#\/schema\/logo\/image\/\",\"url\":\"https:\/\/webshop.nakladapanda.hr\/wp-content\/uploads\/2025\/12\/naklada-panda-logo.png\",\"contentUrl\":\"https:\/\/webshop.nakladapanda.hr\/wp-content\/uploads\/2025\/12\/naklada-panda-logo.png\",\"width\":643,\"height\":244,\"caption\":\"Naklada Panda\"},\"image\":{\"@id\":\"https:\/\/webshop.nakladapanda.hr\/#\/schema\/logo\/image\/\"}}]}<\/script>\n<!-- \/ Yoast SEO plugin. -->","yoast_head_json":{"title":"Product - Naklada Panda","robots":{"index":"noindex","follow":"follow","max-snippet":"max-snippet:-1","max-image-preview":"max-image-preview:large","max-video-preview":"max-video-preview:-1"},"og_locale":"hr_HR","og_type":"article","og_title":"Product - Naklada Panda","og_description":"Set Mini Waffle Constructor 500 prava je riznica kreativnosti za va\u0161e dijete, pru\u017eaju\u0107i bezbroj sati vrijedne i ma\u0161tovite igre. Budite spremni diviti se djetetovoj inventivnosti i koncentraciji tijekom procesa gradnje. Ovaj set uklju\u010duje 10 potpuno novih elemenata, \u010dime se dodatno pro\u0161iruju mogu\u0107nosti konstrukcije. Uklju\u010dena uputa poti\u010de stvaranje atraktivnih oblika za djecu. Set se sastoji od \u010dak 500 komada, razvija dje\u010dju ma\u0161tu, manuelne vje\u0161tine i logi\u010dko razmi\u0161ljanje. Marioinex \u2013 Sigurne kocke za djecu Marioinex kocke dizajnirane su da budu \u0161to prijateljskije i sigurnije za djecu. Izra\u0111ene su od fleksibilnog, mekanog i ugodnog materijala za dodir. Njihov oblik savr\u0161eno je prilago\u0111en veli\u010dini i obliku dje\u010djih ruku, a kori\u0161tene boje su nje\u017ene i ugodne oku.Marioinex Setovi Marioinex setovi kocki mogu se skupljati i kombinirati za izradu struktura prema vlastitom dizajnu. Prednosti Mini Waffle 500 seta: Ogroman set od 500 komada, uklju\u010duju\u0107i 10 potpuno novih elemenata Poticanje ma\u0161te i kreativnosti Podr\u017eava u\u010denje i razvoj kroz igru Sati zabave Pogodno za djevoj\u010dice i dje\u010dake 100% siguran dizajn Zabavno za djecu i odrasle Proizvedeno u Poljskoj Proizvod se mo\u017ee prati u perilici posu\u0111a i perilici rublja u odgovaraju\u0107oj vre\u0107ici na temperaturi od 30\u00b0C Upozorenje Igra\u010dka nije pogodna za djecu mla\u0111u od 36 mjeseci. Sadr\u017ei male dijelove koji se lako mogu progutati. Proizvod zadovoljava europske standarde. Prije nego \u0161to dijete koristi igra\u010dku, uklonite sve dijelove ambala\u017ee. Sa\u010duvajte naljepnicu jer sadr\u017ei va\u017ene informacije. Boja elemenata mo\u017ee se razlikovati od prikazane na pakiranju. Odr\u017eavanje Igra\u010dku operite sapunom i pod teku\u0107om vodom.","og_url":"https:\/\/webshop.nakladapanda.hr\/?product=product","og_site_name":"Naklada Panda","og_image":[{"width":1080,"height":1080,"url":"https:\/\/webshop.nakladapanda.hr\/wp-content\/uploads\/2026\/01\/902288.jpeg","type":"image\/jpeg"}],"twitter_card":"summary_large_image","schema":{"@context":"https:\/\/schema.org","@graph":[{"@type":"WebPage","@id":"https:\/\/webshop.nakladapanda.hr\/?product=product","url":"https:\/\/webshop.nakladapanda.hr\/?product=product","name":"Product - Naklada Panda","isPartOf":{"@id":"https:\/\/webshop.nakladapanda.hr\/#website"},"primaryImageOfPage":{"@id":"https:\/\/webshop.nakladapanda.hr\/?product=product#primaryimage"},"image":{"@id":"https:\/\/webshop.nakladapanda.hr\/?product=product#primaryimage"},"thumbnailUrl":"https:\/\/webshop.nakladapanda.hr\/wp-content\/uploads\/2026\/01\/902288.jpeg","datePublished":"2026-01-13T12:17:55+00:00","breadcrumb":{"@id":"https:\/\/webshop.nakladapanda.hr\/?product=product#breadcrumb"},"inLanguage":"hr","potentialAction":[{"@type":"ReadAction","target":["https:\/\/webshop.nakladapanda.hr\/?product=product"]}]},{"@type":"ImageObject","inLanguage":"hr","@id":"https:\/\/webshop.nakladapanda.hr\/?product=product#primaryimage","url":"https:\/\/webshop.nakladapanda.hr\/wp-content\/uploads\/2026\/01\/902288.jpeg","contentUrl":"https:\/\/webshop.nakladapanda.hr\/wp-content\/uploads\/2026\/01\/902288.jpeg","width":1080,"height":1080},{"@type":"BreadcrumbList","@id":"https:\/\/webshop.nakladapanda.hr\/?product=product#breadcrumb","itemListElement":[{"@type":"ListItem","position":1,"name":"Home","item":"https:\/\/webshop.nakladapanda.hr\/"},{"@type":"ListItem","position":2,"name":"Products","item":"https:\/\/webshop.nakladapanda.hr\/?post_type=product"},{"@type":"ListItem","position":3,"name":"Product"}]},{"@type":"WebSite","@id":"https:\/\/webshop.nakladapanda.hr\/#website","url":"https:\/\/webshop.nakladapanda.hr\/","name":"Naklada Panda","description":"","publisher":{"@id":"https:\/\/webshop.nakladapanda.hr\/#organization"},"potentialAction":[{"@type":"SearchAction","target":{"@type":"EntryPoint","urlTemplate":"https:\/\/webshop.nakladapanda.hr\/?s={search_term_string}"},"query-input":{"@type":"PropertyValueSpecification","valueRequired":true,"valueName":"search_term_string"}}],"inLanguage":"hr"},{"@type":"Organization","@id":"https:\/\/webshop.nakladapanda.hr\/#organization","name":"Naklada Panda","url":"https:\/\/webshop.nakladapanda.hr\/","logo":{"@type":"ImageObject","inLanguage":"hr","@id":"https:\/\/webshop.nakladapanda.hr\/#\/schema\/logo\/image\/","url":"https:\/\/webshop.nakladapanda.hr\/wp-content\/uploads\/2025\/12\/naklada-panda-logo.png","contentUrl":"https:\/\/webshop.nakladapanda.hr\/wp-content\/uploads\/2025\/12\/naklada-panda-logo.png","width":643,"height":244,"caption":"Naklada Panda"},"image":{"@id":"https:\/\/webshop.nakladapanda.hr\/#\/schema\/logo\/image\/"}}]}},"_links":{"self":[{"href":"https:\/\/webshop.nakladapanda.hr\/index.php?rest_route=\/wp\/v2\/product\/346","targetHints":{"allow":["GET"]}}],"collection":[{"href":"https:\/\/webshop.nakladapanda.hr\/index.php?rest_route=\/wp\/v2\/product"}],"about":[{"href":"https:\/\/webshop.nakladapanda.hr\/index.php?rest_route=\/wp\/v2\/types\/product"}],"wp:featuredmedia":[{"embeddable":true,"href":"https:\/\/webshop.nakladapanda.hr\/index.php?rest_route=\/wp\/v2\/media\/320"}],"wp:attachment":[{"href":"https:\/\/webshop.nakladapanda.hr\/index.php?rest_route=%2Fwp%2Fv2%2Fmedia&parent=346"}],"wp:term":[{"taxonomy":"product_brand","embeddable":true,"href":"https:\/\/webshop.nakladapanda.hr\/index.php?rest_route=%2Fwp%2Fv2%2Fproduct_brand&post=346"},{"taxonomy":"product_cat","embeddable":true,"href":"https:\/\/webshop.nakladapanda.hr\/index.php?rest_route=%2Fwp%2Fv2%2Fproduct_cat&post=346"},{"taxonomy":"product_tag","embeddable":true,"href":"https:\/\/webshop.nakladapanda.hr\/index.php?rest_route=%2Fwp%2Fv2%2Fproduct_tag&post=346"}],"curies":[{"name":"wp","href":"https:\/\/api.w.org\/{rel}","templated":true}]}}