{"id":345,"date":"2026-01-13T12:17:55","date_gmt":"2026-01-13T12:17:55","guid":{"rendered":"https:\/\/webshop.nakladapanda.hr\/?product=mini-waffle-500"},"modified":"2026-01-13T12:17:55","modified_gmt":"2026-01-13T12:17:55","slug":"mini-waffle-500","status":"publish","type":"product","link":"https:\/\/webshop.nakladapanda.hr\/?product=mini-waffle-500","title":{"rendered":"Mini Waffle 500"},"content":{"rendered":"","protected":false},"excerpt":{"rendered":"<p>Kocke bez ograni\u010denja \u2013 osim ma\u0161te! Omogu\u0107ite svom djetetu beskrajne sate kreativne igre u gradnji likova, predmeta i svega \u0161to mogu zamisliti. Uklju\u010dene upute poti\u010du izradu atraktivnih oblika za djecu. Set se sastoji od \u010dak 500 komada. Razvija dje\u010dju ma\u0161tu, manuelne vje\u0161tine i u\u010di logi\u010dkom razmi\u0161ljanju.<br \/>\nMarioinex \u2013 Sigurne kocke za djecu<br \/>\nMarioinex kocke dizajnirane su tako da budu \u0161to sigurnije i prijateljskije prema djeci. Izra\u0111ene su od fleksibilnog, mekanog i ugodnog materijala za dodir. Oblik kocki savr\u0161eno je prilago\u0111en obliku i veli\u010dini dje\u010djih ruku, a kori\u0161tene boje su nje\u017ene i ugodne oku.Marioinex Setovi<br \/>\nMarioinex setovi kocki mogu se skupljati i koristiti za izgradnju struktura prema vlastitom dizajnu.<br \/>\nPrednosti Mini Waffle 500 seta:<br \/>\n\u010cak 500 komada!<br \/>\nRazvija ma\u0161tu i kreativnost<br \/>\nU\u010denje i razvoj kroz igru<br \/>\nSati zabave<br \/>\nPogodno za djevoj\u010dice i dje\u010dake<br \/>\n100% siguran oblik<br \/>\nPrivla\u010dna zabava za djecu i odrasle<br \/>\nKocke proizvedene u Poljskoj<br \/>\nSet uklju\u010duje 500 komada<br \/>\nVeli\u010dina pakiranja: 25 cm x 17,5 cm x 20 cm<br \/>\nInformacije<br \/>\nOva igra\u010dka nije pogodna za djecu mla\u0111u od 24 mjeseca. Proizvod zadovoljava europske standarde. Prije nego \u0161to dijete koristi igra\u010dku, uklonite sve dijelove ambala\u017ee. Sa\u010duvajte naljepnicu jer sadr\u017ei va\u017ene informacije. Boja elemenata mo\u017ee se razlikovati od prikazane na pakiranju.<br \/>\nOdr\u017eavanje<br \/>\nIgra\u010dka se mo\u017ee prati pod teku\u0107om vodom s blagim sapunom.<\/p>\n","protected":false},"featured_media":319,"template":"","meta":[],"product_brand":[29],"product_cat":[30],"product_tag":[],"class_list":{"0":"post-345","1":"product","2":"type-product","3":"status-publish","4":"has-post-thumbnail","6":"product_brand-marionex","7":"product_cat-konstruktori","9":"first","10":"instock","11":"shipping-taxable","12":"purchasable","13":"product-type-simple"},"yoast_head":"<!-- This site is optimized with the Yoast SEO plugin v26.8 - https:\/\/yoast.com\/product\/yoast-seo-wordpress\/ -->\n<title>Mini Waffle 500 - Naklada Panda<\/title>\n<meta name=\"robots\" content=\"noindex, follow, max-snippet:-1, max-image-preview:large, max-video-preview:-1\" \/>\n<meta property=\"og:locale\" content=\"hr_HR\" \/>\n<meta property=\"og:type\" content=\"article\" \/>\n<meta property=\"og:title\" content=\"Mini Waffle 500 - Naklada Panda\" \/>\n<meta property=\"og:description\" content=\"Kocke bez ograni\u010denja \u2013 osim ma\u0161te! Omogu\u0107ite svom djetetu beskrajne sate kreativne igre u gradnji likova, predmeta i svega \u0161to mogu zamisliti. Uklju\u010dene upute poti\u010du izradu atraktivnih oblika za djecu. Set se sastoji od \u010dak 500 komada. Razvija dje\u010dju ma\u0161tu, manuelne vje\u0161tine i u\u010di logi\u010dkom razmi\u0161ljanju. Marioinex \u2013 Sigurne kocke za djecu Marioinex kocke dizajnirane su tako da budu \u0161to sigurnije i prijateljskije prema djeci. Izra\u0111ene su od fleksibilnog, mekanog i ugodnog materijala za dodir. Oblik kocki savr\u0161eno je prilago\u0111en obliku i veli\u010dini dje\u010djih ruku, a kori\u0161tene boje su nje\u017ene i ugodne oku.Marioinex Setovi Marioinex setovi kocki mogu se skupljati i koristiti za izgradnju struktura prema vlastitom dizajnu. Prednosti Mini Waffle 500 seta: \u010cak 500 komada! Razvija ma\u0161tu i kreativnost U\u010denje i razvoj kroz igru Sati zabave Pogodno za djevoj\u010dice i dje\u010dake 100% siguran oblik Privla\u010dna zabava za djecu i odrasle Kocke proizvedene u Poljskoj Set uklju\u010duje 500 komada Veli\u010dina pakiranja: 25 cm x 17,5 cm x 20 cm Informacije Ova igra\u010dka nije pogodna za djecu mla\u0111u od 24 mjeseca. Proizvod zadovoljava europske standarde. Prije nego \u0161to dijete koristi igra\u010dku, uklonite sve dijelove ambala\u017ee. Sa\u010duvajte naljepnicu jer sadr\u017ei va\u017ene informacije. Boja elemenata mo\u017ee se razlikovati od prikazane na pakiranju. Odr\u017eavanje Igra\u010dka se mo\u017ee prati pod teku\u0107om vodom s blagim sapunom.\" \/>\n<meta property=\"og:url\" content=\"https:\/\/webshop.nakladapanda.hr\/?product=mini-waffle-500\" \/>\n<meta property=\"og:site_name\" content=\"Naklada Panda\" \/>\n<meta property=\"og:image\" content=\"https:\/\/webshop.nakladapanda.hr\/wp-content\/uploads\/2026\/01\/902141.jpeg\" \/>\n\t<meta property=\"og:image:width\" content=\"1080\" \/>\n\t<meta property=\"og:image:height\" content=\"1080\" \/>\n\t<meta property=\"og:image:type\" content=\"image\/jpeg\" \/>\n<meta name=\"twitter:card\" content=\"summary_large_image\" \/>\n<script type=\"application\/ld+json\" class=\"yoast-schema-graph\">{\"@context\":\"https:\/\/schema.org\",\"@graph\":[{\"@type\":\"WebPage\",\"@id\":\"https:\/\/webshop.nakladapanda.hr\/?product=mini-waffle-500\",\"url\":\"https:\/\/webshop.nakladapanda.hr\/?product=mini-waffle-500\",\"name\":\"Mini Waffle 500 - Naklada Panda\",\"isPartOf\":{\"@id\":\"https:\/\/webshop.nakladapanda.hr\/#website\"},\"primaryImageOfPage\":{\"@id\":\"https:\/\/webshop.nakladapanda.hr\/?product=mini-waffle-500#primaryimage\"},\"image\":{\"@id\":\"https:\/\/webshop.nakladapanda.hr\/?product=mini-waffle-500#primaryimage\"},\"thumbnailUrl\":\"https:\/\/webshop.nakladapanda.hr\/wp-content\/uploads\/2026\/01\/902141.jpeg\",\"datePublished\":\"2026-01-13T12:17:55+00:00\",\"breadcrumb\":{\"@id\":\"https:\/\/webshop.nakladapanda.hr\/?product=mini-waffle-500#breadcrumb\"},\"inLanguage\":\"hr\",\"potentialAction\":[{\"@type\":\"ReadAction\",\"target\":[\"https:\/\/webshop.nakladapanda.hr\/?product=mini-waffle-500\"]}]},{\"@type\":\"ImageObject\",\"inLanguage\":\"hr\",\"@id\":\"https:\/\/webshop.nakladapanda.hr\/?product=mini-waffle-500#primaryimage\",\"url\":\"https:\/\/webshop.nakladapanda.hr\/wp-content\/uploads\/2026\/01\/902141.jpeg\",\"contentUrl\":\"https:\/\/webshop.nakladapanda.hr\/wp-content\/uploads\/2026\/01\/902141.jpeg\",\"width\":1080,\"height\":1080},{\"@type\":\"BreadcrumbList\",\"@id\":\"https:\/\/webshop.nakladapanda.hr\/?product=mini-waffle-500#breadcrumb\",\"itemListElement\":[{\"@type\":\"ListItem\",\"position\":1,\"name\":\"Home\",\"item\":\"https:\/\/webshop.nakladapanda.hr\/\"},{\"@type\":\"ListItem\",\"position\":2,\"name\":\"Products\",\"item\":\"https:\/\/webshop.nakladapanda.hr\/?post_type=product\"},{\"@type\":\"ListItem\",\"position\":3,\"name\":\"Mini Waffle 500\"}]},{\"@type\":\"WebSite\",\"@id\":\"https:\/\/webshop.nakladapanda.hr\/#website\",\"url\":\"https:\/\/webshop.nakladapanda.hr\/\",\"name\":\"Naklada Panda\",\"description\":\"\",\"publisher\":{\"@id\":\"https:\/\/webshop.nakladapanda.hr\/#organization\"},\"potentialAction\":[{\"@type\":\"SearchAction\",\"target\":{\"@type\":\"EntryPoint\",\"urlTemplate\":\"https:\/\/webshop.nakladapanda.hr\/?s={search_term_string}\"},\"query-input\":{\"@type\":\"PropertyValueSpecification\",\"valueRequired\":true,\"valueName\":\"search_term_string\"}}],\"inLanguage\":\"hr\"},{\"@type\":\"Organization\",\"@id\":\"https:\/\/webshop.nakladapanda.hr\/#organization\",\"name\":\"Naklada Panda\",\"url\":\"https:\/\/webshop.nakladapanda.hr\/\",\"logo\":{\"@type\":\"ImageObject\",\"inLanguage\":\"hr\",\"@id\":\"https:\/\/webshop.nakladapanda.hr\/#\/schema\/logo\/image\/\",\"url\":\"https:\/\/webshop.nakladapanda.hr\/wp-content\/uploads\/2025\/12\/naklada-panda-logo.png\",\"contentUrl\":\"https:\/\/webshop.nakladapanda.hr\/wp-content\/uploads\/2025\/12\/naklada-panda-logo.png\",\"width\":643,\"height\":244,\"caption\":\"Naklada Panda\"},\"image\":{\"@id\":\"https:\/\/webshop.nakladapanda.hr\/#\/schema\/logo\/image\/\"}}]}<\/script>\n<!-- \/ Yoast SEO plugin. -->","yoast_head_json":{"title":"Mini Waffle 500 - Naklada Panda","robots":{"index":"noindex","follow":"follow","max-snippet":"max-snippet:-1","max-image-preview":"max-image-preview:large","max-video-preview":"max-video-preview:-1"},"og_locale":"hr_HR","og_type":"article","og_title":"Mini Waffle 500 - Naklada Panda","og_description":"Kocke bez ograni\u010denja \u2013 osim ma\u0161te! Omogu\u0107ite svom djetetu beskrajne sate kreativne igre u gradnji likova, predmeta i svega \u0161to mogu zamisliti. Uklju\u010dene upute poti\u010du izradu atraktivnih oblika za djecu. Set se sastoji od \u010dak 500 komada. Razvija dje\u010dju ma\u0161tu, manuelne vje\u0161tine i u\u010di logi\u010dkom razmi\u0161ljanju. Marioinex \u2013 Sigurne kocke za djecu Marioinex kocke dizajnirane su tako da budu \u0161to sigurnije i prijateljskije prema djeci. Izra\u0111ene su od fleksibilnog, mekanog i ugodnog materijala za dodir. Oblik kocki savr\u0161eno je prilago\u0111en obliku i veli\u010dini dje\u010djih ruku, a kori\u0161tene boje su nje\u017ene i ugodne oku.Marioinex Setovi Marioinex setovi kocki mogu se skupljati i koristiti za izgradnju struktura prema vlastitom dizajnu. Prednosti Mini Waffle 500 seta: \u010cak 500 komada! Razvija ma\u0161tu i kreativnost U\u010denje i razvoj kroz igru Sati zabave Pogodno za djevoj\u010dice i dje\u010dake 100% siguran oblik Privla\u010dna zabava za djecu i odrasle Kocke proizvedene u Poljskoj Set uklju\u010duje 500 komada Veli\u010dina pakiranja: 25 cm x 17,5 cm x 20 cm Informacije Ova igra\u010dka nije pogodna za djecu mla\u0111u od 24 mjeseca. Proizvod zadovoljava europske standarde. Prije nego \u0161to dijete koristi igra\u010dku, uklonite sve dijelove ambala\u017ee. Sa\u010duvajte naljepnicu jer sadr\u017ei va\u017ene informacije. Boja elemenata mo\u017ee se razlikovati od prikazane na pakiranju. Odr\u017eavanje Igra\u010dka se mo\u017ee prati pod teku\u0107om vodom s blagim sapunom.","og_url":"https:\/\/webshop.nakladapanda.hr\/?product=mini-waffle-500","og_site_name":"Naklada Panda","og_image":[{"width":1080,"height":1080,"url":"https:\/\/webshop.nakladapanda.hr\/wp-content\/uploads\/2026\/01\/902141.jpeg","type":"image\/jpeg"}],"twitter_card":"summary_large_image","schema":{"@context":"https:\/\/schema.org","@graph":[{"@type":"WebPage","@id":"https:\/\/webshop.nakladapanda.hr\/?product=mini-waffle-500","url":"https:\/\/webshop.nakladapanda.hr\/?product=mini-waffle-500","name":"Mini Waffle 500 - Naklada Panda","isPartOf":{"@id":"https:\/\/webshop.nakladapanda.hr\/#website"},"primaryImageOfPage":{"@id":"https:\/\/webshop.nakladapanda.hr\/?product=mini-waffle-500#primaryimage"},"image":{"@id":"https:\/\/webshop.nakladapanda.hr\/?product=mini-waffle-500#primaryimage"},"thumbnailUrl":"https:\/\/webshop.nakladapanda.hr\/wp-content\/uploads\/2026\/01\/902141.jpeg","datePublished":"2026-01-13T12:17:55+00:00","breadcrumb":{"@id":"https:\/\/webshop.nakladapanda.hr\/?product=mini-waffle-500#breadcrumb"},"inLanguage":"hr","potentialAction":[{"@type":"ReadAction","target":["https:\/\/webshop.nakladapanda.hr\/?product=mini-waffle-500"]}]},{"@type":"ImageObject","inLanguage":"hr","@id":"https:\/\/webshop.nakladapanda.hr\/?product=mini-waffle-500#primaryimage","url":"https:\/\/webshop.nakladapanda.hr\/wp-content\/uploads\/2026\/01\/902141.jpeg","contentUrl":"https:\/\/webshop.nakladapanda.hr\/wp-content\/uploads\/2026\/01\/902141.jpeg","width":1080,"height":1080},{"@type":"BreadcrumbList","@id":"https:\/\/webshop.nakladapanda.hr\/?product=mini-waffle-500#breadcrumb","itemListElement":[{"@type":"ListItem","position":1,"name":"Home","item":"https:\/\/webshop.nakladapanda.hr\/"},{"@type":"ListItem","position":2,"name":"Products","item":"https:\/\/webshop.nakladapanda.hr\/?post_type=product"},{"@type":"ListItem","position":3,"name":"Mini Waffle 500"}]},{"@type":"WebSite","@id":"https:\/\/webshop.nakladapanda.hr\/#website","url":"https:\/\/webshop.nakladapanda.hr\/","name":"Naklada Panda","description":"","publisher":{"@id":"https:\/\/webshop.nakladapanda.hr\/#organization"},"potentialAction":[{"@type":"SearchAction","target":{"@type":"EntryPoint","urlTemplate":"https:\/\/webshop.nakladapanda.hr\/?s={search_term_string}"},"query-input":{"@type":"PropertyValueSpecification","valueRequired":true,"valueName":"search_term_string"}}],"inLanguage":"hr"},{"@type":"Organization","@id":"https:\/\/webshop.nakladapanda.hr\/#organization","name":"Naklada Panda","url":"https:\/\/webshop.nakladapanda.hr\/","logo":{"@type":"ImageObject","inLanguage":"hr","@id":"https:\/\/webshop.nakladapanda.hr\/#\/schema\/logo\/image\/","url":"https:\/\/webshop.nakladapanda.hr\/wp-content\/uploads\/2025\/12\/naklada-panda-logo.png","contentUrl":"https:\/\/webshop.nakladapanda.hr\/wp-content\/uploads\/2025\/12\/naklada-panda-logo.png","width":643,"height":244,"caption":"Naklada Panda"},"image":{"@id":"https:\/\/webshop.nakladapanda.hr\/#\/schema\/logo\/image\/"}}]}},"_links":{"self":[{"href":"https:\/\/webshop.nakladapanda.hr\/index.php?rest_route=\/wp\/v2\/product\/345","targetHints":{"allow":["GET"]}}],"collection":[{"href":"https:\/\/webshop.nakladapanda.hr\/index.php?rest_route=\/wp\/v2\/product"}],"about":[{"href":"https:\/\/webshop.nakladapanda.hr\/index.php?rest_route=\/wp\/v2\/types\/product"}],"wp:featuredmedia":[{"embeddable":true,"href":"https:\/\/webshop.nakladapanda.hr\/index.php?rest_route=\/wp\/v2\/media\/319"}],"wp:attachment":[{"href":"https:\/\/webshop.nakladapanda.hr\/index.php?rest_route=%2Fwp%2Fv2%2Fmedia&parent=345"}],"wp:term":[{"taxonomy":"product_brand","embeddable":true,"href":"https:\/\/webshop.nakladapanda.hr\/index.php?rest_route=%2Fwp%2Fv2%2Fproduct_brand&post=345"},{"taxonomy":"product_cat","embeddable":true,"href":"https:\/\/webshop.nakladapanda.hr\/index.php?rest_route=%2Fwp%2Fv2%2Fproduct_cat&post=345"},{"taxonomy":"product_tag","embeddable":true,"href":"https:\/\/webshop.nakladapanda.hr\/index.php?rest_route=%2Fwp%2Fv2%2Fproduct_tag&post=345"}],"curies":[{"name":"wp","href":"https:\/\/api.w.org\/{rel}","templated":true}]}}