{"id":341,"date":"2026-01-13T12:17:54","date_gmt":"2026-01-13T12:17:54","guid":{"rendered":"https:\/\/webshop.nakladapanda.hr\/?product=ksilofon"},"modified":"2026-01-13T12:17:54","modified_gmt":"2026-01-13T12:17:54","slug":"ksilofon","status":"publish","type":"product","link":"https:\/\/webshop.nakladapanda.hr\/?product=ksilofon","title":{"rendered":"Ksilofon"},"content":{"rendered":"<p>Specifikacije<br \/>\n\u0161ifra artikla: 10236<br \/>\nbrend: Woet<br \/>\ndimenzije: 330 x 220 x 38 mm<br \/>\ndob: 24 mjeseca +<br \/>\nkomada \/ master karton: 24<\/p>\n","protected":false},"excerpt":{"rendered":"<p>Uvedite svoje dijete u radost stvaranja glazbe s ovom drvenom igra\u010dkom ksilofonom brenda Woet\u00ae. S 12 \u0161arenih tipki i dvije drvene palice, ovaj ksilofon je zabavan na\u010din za malu djecu da istra\u017euju ritam, melodiju i zvuk. Zabavan i pristupa\u010dan glazbeni instrument za ranu glazbenu igru kod ku\u0107e.<br \/>\nUklju\u010dena knjiga pjesama s kodiranim bojama sadr\u017ei izbor jednostavnih melodija, poma\u017eu\u0107i mali\u0161anima da sviraju samostalno dok pobolj\u0161avaju koordinaciju ruka-oko i fine motori\u010dke vje\u0161tine. Bilo da sviraju vlastitu melodiju ili prate pjesmu, ovaj ksilofon pru\u017ea zabavan uvod u glazbu koji raste zajedno s djetetom.<br \/>\nZna\u010dajke:<br \/>\nPoticanje ranog glazbenog razvoja: podr\u017eava ritam, koordinaciju i samostalno izra\u017eavanje<br \/>\nDizajn prilago\u0111en djeci: drveni ksilofon s glatkim rubovima i palicama jednostavnim za dr\u017eanje<br \/>\nUklju\u010duje knjigu pjesama s kodiranim bojama i 2 drvene palice za poticanje rane glazbene igre<br \/>\nIzvrsna ideja za poklon: zabavan i edukativan glazbeni instrument za malu djecu i pred\u0161kolce<\/p>\n","protected":false},"featured_media":285,"template":"","meta":[],"product_brand":[26],"product_cat":[27],"product_tag":[],"class_list":{"0":"post-341","1":"product","2":"type-product","3":"status-publish","4":"has-post-thumbnail","6":"product_brand-new-classic-toys","7":"product_cat-glazbeni-kutak","9":"first","10":"instock","11":"shipping-taxable","12":"purchasable","13":"product-type-simple"},"yoast_head":"<!-- This site is optimized with the Yoast SEO plugin v26.8 - https:\/\/yoast.com\/product\/yoast-seo-wordpress\/ -->\n<title>Ksilofon - Naklada Panda<\/title>\n<meta name=\"robots\" content=\"noindex, follow, max-snippet:-1, max-image-preview:large, max-video-preview:-1\" \/>\n<meta property=\"og:locale\" content=\"hr_HR\" \/>\n<meta property=\"og:type\" content=\"article\" \/>\n<meta property=\"og:title\" content=\"Ksilofon - Naklada Panda\" \/>\n<meta property=\"og:description\" content=\"Uvedite svoje dijete u radost stvaranja glazbe s ovom drvenom igra\u010dkom ksilofonom brenda Woet\u00ae. S 12 \u0161arenih tipki i dvije drvene palice, ovaj ksilofon je zabavan na\u010din za malu djecu da istra\u017euju ritam, melodiju i zvuk. Zabavan i pristupa\u010dan glazbeni instrument za ranu glazbenu igru kod ku\u0107e. Uklju\u010dena knjiga pjesama s kodiranim bojama sadr\u017ei izbor jednostavnih melodija, poma\u017eu\u0107i mali\u0161anima da sviraju samostalno dok pobolj\u0161avaju koordinaciju ruka-oko i fine motori\u010dke vje\u0161tine. Bilo da sviraju vlastitu melodiju ili prate pjesmu, ovaj ksilofon pru\u017ea zabavan uvod u glazbu koji raste zajedno s djetetom. Zna\u010dajke: Poticanje ranog glazbenog razvoja: podr\u017eava ritam, koordinaciju i samostalno izra\u017eavanje Dizajn prilago\u0111en djeci: drveni ksilofon s glatkim rubovima i palicama jednostavnim za dr\u017eanje Uklju\u010duje knjigu pjesama s kodiranim bojama i 2 drvene palice za poticanje rane glazbene igre Izvrsna ideja za poklon: zabavan i edukativan glazbeni instrument za malu djecu i pred\u0161kolce\" \/>\n<meta property=\"og:url\" content=\"https:\/\/webshop.nakladapanda.hr\/?product=ksilofon\" \/>\n<meta property=\"og:site_name\" content=\"Naklada Panda\" \/>\n<meta property=\"og:image\" content=\"https:\/\/webshop.nakladapanda.hr\/wp-content\/uploads\/2026\/01\/10236.jpeg\" \/>\n\t<meta property=\"og:image:width\" content=\"720\" \/>\n\t<meta property=\"og:image:height\" content=\"720\" \/>\n\t<meta property=\"og:image:type\" content=\"image\/jpeg\" \/>\n<meta name=\"twitter:card\" content=\"summary_large_image\" \/>\n<script type=\"application\/ld+json\" class=\"yoast-schema-graph\">{\"@context\":\"https:\/\/schema.org\",\"@graph\":[{\"@type\":\"WebPage\",\"@id\":\"https:\/\/webshop.nakladapanda.hr\/?product=ksilofon\",\"url\":\"https:\/\/webshop.nakladapanda.hr\/?product=ksilofon\",\"name\":\"Ksilofon - Naklada Panda\",\"isPartOf\":{\"@id\":\"https:\/\/webshop.nakladapanda.hr\/#website\"},\"primaryImageOfPage\":{\"@id\":\"https:\/\/webshop.nakladapanda.hr\/?product=ksilofon#primaryimage\"},\"image\":{\"@id\":\"https:\/\/webshop.nakladapanda.hr\/?product=ksilofon#primaryimage\"},\"thumbnailUrl\":\"https:\/\/webshop.nakladapanda.hr\/wp-content\/uploads\/2026\/01\/10236.jpeg\",\"datePublished\":\"2026-01-13T12:17:54+00:00\",\"breadcrumb\":{\"@id\":\"https:\/\/webshop.nakladapanda.hr\/?product=ksilofon#breadcrumb\"},\"inLanguage\":\"hr\",\"potentialAction\":[{\"@type\":\"ReadAction\",\"target\":[\"https:\/\/webshop.nakladapanda.hr\/?product=ksilofon\"]}]},{\"@type\":\"ImageObject\",\"inLanguage\":\"hr\",\"@id\":\"https:\/\/webshop.nakladapanda.hr\/?product=ksilofon#primaryimage\",\"url\":\"https:\/\/webshop.nakladapanda.hr\/wp-content\/uploads\/2026\/01\/10236.jpeg\",\"contentUrl\":\"https:\/\/webshop.nakladapanda.hr\/wp-content\/uploads\/2026\/01\/10236.jpeg\",\"width\":720,\"height\":720},{\"@type\":\"BreadcrumbList\",\"@id\":\"https:\/\/webshop.nakladapanda.hr\/?product=ksilofon#breadcrumb\",\"itemListElement\":[{\"@type\":\"ListItem\",\"position\":1,\"name\":\"Home\",\"item\":\"https:\/\/webshop.nakladapanda.hr\/\"},{\"@type\":\"ListItem\",\"position\":2,\"name\":\"Products\",\"item\":\"https:\/\/webshop.nakladapanda.hr\/?post_type=product\"},{\"@type\":\"ListItem\",\"position\":3,\"name\":\"Ksilofon\"}]},{\"@type\":\"WebSite\",\"@id\":\"https:\/\/webshop.nakladapanda.hr\/#website\",\"url\":\"https:\/\/webshop.nakladapanda.hr\/\",\"name\":\"Naklada Panda\",\"description\":\"\",\"publisher\":{\"@id\":\"https:\/\/webshop.nakladapanda.hr\/#organization\"},\"potentialAction\":[{\"@type\":\"SearchAction\",\"target\":{\"@type\":\"EntryPoint\",\"urlTemplate\":\"https:\/\/webshop.nakladapanda.hr\/?s={search_term_string}\"},\"query-input\":{\"@type\":\"PropertyValueSpecification\",\"valueRequired\":true,\"valueName\":\"search_term_string\"}}],\"inLanguage\":\"hr\"},{\"@type\":\"Organization\",\"@id\":\"https:\/\/webshop.nakladapanda.hr\/#organization\",\"name\":\"Naklada Panda\",\"url\":\"https:\/\/webshop.nakladapanda.hr\/\",\"logo\":{\"@type\":\"ImageObject\",\"inLanguage\":\"hr\",\"@id\":\"https:\/\/webshop.nakladapanda.hr\/#\/schema\/logo\/image\/\",\"url\":\"https:\/\/webshop.nakladapanda.hr\/wp-content\/uploads\/2025\/12\/naklada-panda-logo.png\",\"contentUrl\":\"https:\/\/webshop.nakladapanda.hr\/wp-content\/uploads\/2025\/12\/naklada-panda-logo.png\",\"width\":643,\"height\":244,\"caption\":\"Naklada Panda\"},\"image\":{\"@id\":\"https:\/\/webshop.nakladapanda.hr\/#\/schema\/logo\/image\/\"}}]}<\/script>\n<!-- \/ Yoast SEO plugin. -->","yoast_head_json":{"title":"Ksilofon - Naklada Panda","robots":{"index":"noindex","follow":"follow","max-snippet":"max-snippet:-1","max-image-preview":"max-image-preview:large","max-video-preview":"max-video-preview:-1"},"og_locale":"hr_HR","og_type":"article","og_title":"Ksilofon - Naklada Panda","og_description":"Uvedite svoje dijete u radost stvaranja glazbe s ovom drvenom igra\u010dkom ksilofonom brenda Woet\u00ae. S 12 \u0161arenih tipki i dvije drvene palice, ovaj ksilofon je zabavan na\u010din za malu djecu da istra\u017euju ritam, melodiju i zvuk. Zabavan i pristupa\u010dan glazbeni instrument za ranu glazbenu igru kod ku\u0107e. Uklju\u010dena knjiga pjesama s kodiranim bojama sadr\u017ei izbor jednostavnih melodija, poma\u017eu\u0107i mali\u0161anima da sviraju samostalno dok pobolj\u0161avaju koordinaciju ruka-oko i fine motori\u010dke vje\u0161tine. Bilo da sviraju vlastitu melodiju ili prate pjesmu, ovaj ksilofon pru\u017ea zabavan uvod u glazbu koji raste zajedno s djetetom. Zna\u010dajke: Poticanje ranog glazbenog razvoja: podr\u017eava ritam, koordinaciju i samostalno izra\u017eavanje Dizajn prilago\u0111en djeci: drveni ksilofon s glatkim rubovima i palicama jednostavnim za dr\u017eanje Uklju\u010duje knjigu pjesama s kodiranim bojama i 2 drvene palice za poticanje rane glazbene igre Izvrsna ideja za poklon: zabavan i edukativan glazbeni instrument za malu djecu i pred\u0161kolce","og_url":"https:\/\/webshop.nakladapanda.hr\/?product=ksilofon","og_site_name":"Naklada Panda","og_image":[{"width":720,"height":720,"url":"https:\/\/webshop.nakladapanda.hr\/wp-content\/uploads\/2026\/01\/10236.jpeg","type":"image\/jpeg"}],"twitter_card":"summary_large_image","schema":{"@context":"https:\/\/schema.org","@graph":[{"@type":"WebPage","@id":"https:\/\/webshop.nakladapanda.hr\/?product=ksilofon","url":"https:\/\/webshop.nakladapanda.hr\/?product=ksilofon","name":"Ksilofon - Naklada Panda","isPartOf":{"@id":"https:\/\/webshop.nakladapanda.hr\/#website"},"primaryImageOfPage":{"@id":"https:\/\/webshop.nakladapanda.hr\/?product=ksilofon#primaryimage"},"image":{"@id":"https:\/\/webshop.nakladapanda.hr\/?product=ksilofon#primaryimage"},"thumbnailUrl":"https:\/\/webshop.nakladapanda.hr\/wp-content\/uploads\/2026\/01\/10236.jpeg","datePublished":"2026-01-13T12:17:54+00:00","breadcrumb":{"@id":"https:\/\/webshop.nakladapanda.hr\/?product=ksilofon#breadcrumb"},"inLanguage":"hr","potentialAction":[{"@type":"ReadAction","target":["https:\/\/webshop.nakladapanda.hr\/?product=ksilofon"]}]},{"@type":"ImageObject","inLanguage":"hr","@id":"https:\/\/webshop.nakladapanda.hr\/?product=ksilofon#primaryimage","url":"https:\/\/webshop.nakladapanda.hr\/wp-content\/uploads\/2026\/01\/10236.jpeg","contentUrl":"https:\/\/webshop.nakladapanda.hr\/wp-content\/uploads\/2026\/01\/10236.jpeg","width":720,"height":720},{"@type":"BreadcrumbList","@id":"https:\/\/webshop.nakladapanda.hr\/?product=ksilofon#breadcrumb","itemListElement":[{"@type":"ListItem","position":1,"name":"Home","item":"https:\/\/webshop.nakladapanda.hr\/"},{"@type":"ListItem","position":2,"name":"Products","item":"https:\/\/webshop.nakladapanda.hr\/?post_type=product"},{"@type":"ListItem","position":3,"name":"Ksilofon"}]},{"@type":"WebSite","@id":"https:\/\/webshop.nakladapanda.hr\/#website","url":"https:\/\/webshop.nakladapanda.hr\/","name":"Naklada Panda","description":"","publisher":{"@id":"https:\/\/webshop.nakladapanda.hr\/#organization"},"potentialAction":[{"@type":"SearchAction","target":{"@type":"EntryPoint","urlTemplate":"https:\/\/webshop.nakladapanda.hr\/?s={search_term_string}"},"query-input":{"@type":"PropertyValueSpecification","valueRequired":true,"valueName":"search_term_string"}}],"inLanguage":"hr"},{"@type":"Organization","@id":"https:\/\/webshop.nakladapanda.hr\/#organization","name":"Naklada Panda","url":"https:\/\/webshop.nakladapanda.hr\/","logo":{"@type":"ImageObject","inLanguage":"hr","@id":"https:\/\/webshop.nakladapanda.hr\/#\/schema\/logo\/image\/","url":"https:\/\/webshop.nakladapanda.hr\/wp-content\/uploads\/2025\/12\/naklada-panda-logo.png","contentUrl":"https:\/\/webshop.nakladapanda.hr\/wp-content\/uploads\/2025\/12\/naklada-panda-logo.png","width":643,"height":244,"caption":"Naklada Panda"},"image":{"@id":"https:\/\/webshop.nakladapanda.hr\/#\/schema\/logo\/image\/"}}]}},"_links":{"self":[{"href":"https:\/\/webshop.nakladapanda.hr\/index.php?rest_route=\/wp\/v2\/product\/341","targetHints":{"allow":["GET"]}}],"collection":[{"href":"https:\/\/webshop.nakladapanda.hr\/index.php?rest_route=\/wp\/v2\/product"}],"about":[{"href":"https:\/\/webshop.nakladapanda.hr\/index.php?rest_route=\/wp\/v2\/types\/product"}],"wp:featuredmedia":[{"embeddable":true,"href":"https:\/\/webshop.nakladapanda.hr\/index.php?rest_route=\/wp\/v2\/media\/285"}],"wp:attachment":[{"href":"https:\/\/webshop.nakladapanda.hr\/index.php?rest_route=%2Fwp%2Fv2%2Fmedia&parent=341"}],"wp:term":[{"taxonomy":"product_brand","embeddable":true,"href":"https:\/\/webshop.nakladapanda.hr\/index.php?rest_route=%2Fwp%2Fv2%2Fproduct_brand&post=341"},{"taxonomy":"product_cat","embeddable":true,"href":"https:\/\/webshop.nakladapanda.hr\/index.php?rest_route=%2Fwp%2Fv2%2Fproduct_cat&post=341"},{"taxonomy":"product_tag","embeddable":true,"href":"https:\/\/webshop.nakladapanda.hr\/index.php?rest_route=%2Fwp%2Fv2%2Fproduct_tag&post=341"}],"curies":[{"name":"wp","href":"https:\/\/api.w.org\/{rel}","templated":true}]}}