{"id":340,"date":"2026-01-13T12:17:54","date_gmt":"2026-01-13T12:17:54","guid":{"rendered":"https:\/\/webshop.nakladapanda.hr\/?product=harmonika"},"modified":"2026-01-13T12:17:54","modified_gmt":"2026-01-13T12:17:54","slug":"harmonika","status":"publish","type":"product","link":"https:\/\/webshop.nakladapanda.hr\/?product=harmonika","title":{"rendered":"Harmonika"},"content":{"rendered":"<p>Specifikacije<br \/>\n\u0161ifra artikla: 10057<br \/>\nbrend: New Classic Toys<br \/>\ndimenzije: 235 x 100 x 230 mm<br \/>\ndob: 36 mjeseci +<br \/>\nkomada \/ master karton: 12<\/p>\n","protected":false},"excerpt":{"rendered":"<p>Ova dje\u010dja harmonika s naramenicom brenda New Classic Toys fantasti\u010dan je na\u010din da mali\u0161ani zavire u \u010daroban svijet stvaranja glazbe. Savr\u0161ena za poticanje mladih skladatelja ili jednostavno za zabavu i pravljenje puno buke. Ova umanjena verzija prave harmonike ima klasi\u010dan dizajn s jarkim i \u0161arenim zavr\u0161etkom. Ima 8 bas tipki i 17 tipki za melodiju od C do E.<br \/>\nSviranje instrumenta od ranog doba donosi brojne koristi, od u\u010denja strpljenja do ja\u010danja samopouzdanja. Poma\u017ee djeci razviti ljubav prema glazbi dok stvaraju vlastite melodije.<br \/>\nSet dolazi s glazbenom knjigom koja sadr\u017ei kratko obja\u0161njenje i 6 melodija\/pjesama koje poma\u017eu djeci da odsviraju svoje prve tonove. Ova imitacija instrumenta pogodna je za djecu od 3 godine.<\/p>\n","protected":false},"featured_media":284,"template":"","meta":[],"product_brand":[26],"product_cat":[27],"product_tag":[],"class_list":{"0":"post-340","1":"product","2":"type-product","3":"status-publish","4":"has-post-thumbnail","6":"product_brand-new-classic-toys","7":"product_cat-glazbeni-kutak","9":"first","10":"instock","11":"shipping-taxable","12":"purchasable","13":"product-type-simple"},"yoast_head":"<!-- This site is optimized with the Yoast SEO plugin v26.8 - https:\/\/yoast.com\/product\/yoast-seo-wordpress\/ -->\n<title>Harmonika - Naklada Panda<\/title>\n<meta name=\"robots\" content=\"noindex, follow, max-snippet:-1, max-image-preview:large, max-video-preview:-1\" \/>\n<meta property=\"og:locale\" content=\"hr_HR\" \/>\n<meta property=\"og:type\" content=\"article\" \/>\n<meta property=\"og:title\" content=\"Harmonika - Naklada Panda\" \/>\n<meta property=\"og:description\" content=\"Ova dje\u010dja harmonika s naramenicom brenda New Classic Toys fantasti\u010dan je na\u010din da mali\u0161ani zavire u \u010daroban svijet stvaranja glazbe. Savr\u0161ena za poticanje mladih skladatelja ili jednostavno za zabavu i pravljenje puno buke. Ova umanjena verzija prave harmonike ima klasi\u010dan dizajn s jarkim i \u0161arenim zavr\u0161etkom. Ima 8 bas tipki i 17 tipki za melodiju od C do E. Sviranje instrumenta od ranog doba donosi brojne koristi, od u\u010denja strpljenja do ja\u010danja samopouzdanja. Poma\u017ee djeci razviti ljubav prema glazbi dok stvaraju vlastite melodije. Set dolazi s glazbenom knjigom koja sadr\u017ei kratko obja\u0161njenje i 6 melodija\/pjesama koje poma\u017eu djeci da odsviraju svoje prve tonove. Ova imitacija instrumenta pogodna je za djecu od 3 godine.\" \/>\n<meta property=\"og:url\" content=\"https:\/\/webshop.nakladapanda.hr\/?product=harmonika\" \/>\n<meta property=\"og:site_name\" content=\"Naklada Panda\" \/>\n<meta property=\"og:image\" content=\"https:\/\/webshop.nakladapanda.hr\/wp-content\/uploads\/2026\/01\/10057.jpeg\" \/>\n\t<meta property=\"og:image:width\" content=\"720\" \/>\n\t<meta property=\"og:image:height\" content=\"720\" \/>\n\t<meta property=\"og:image:type\" content=\"image\/jpeg\" \/>\n<meta name=\"twitter:card\" content=\"summary_large_image\" \/>\n<script type=\"application\/ld+json\" class=\"yoast-schema-graph\">{\"@context\":\"https:\/\/schema.org\",\"@graph\":[{\"@type\":\"WebPage\",\"@id\":\"https:\/\/webshop.nakladapanda.hr\/?product=harmonika\",\"url\":\"https:\/\/webshop.nakladapanda.hr\/?product=harmonika\",\"name\":\"Harmonika - Naklada Panda\",\"isPartOf\":{\"@id\":\"https:\/\/webshop.nakladapanda.hr\/#website\"},\"primaryImageOfPage\":{\"@id\":\"https:\/\/webshop.nakladapanda.hr\/?product=harmonika#primaryimage\"},\"image\":{\"@id\":\"https:\/\/webshop.nakladapanda.hr\/?product=harmonika#primaryimage\"},\"thumbnailUrl\":\"https:\/\/webshop.nakladapanda.hr\/wp-content\/uploads\/2026\/01\/10057.jpeg\",\"datePublished\":\"2026-01-13T12:17:54+00:00\",\"breadcrumb\":{\"@id\":\"https:\/\/webshop.nakladapanda.hr\/?product=harmonika#breadcrumb\"},\"inLanguage\":\"hr\",\"potentialAction\":[{\"@type\":\"ReadAction\",\"target\":[\"https:\/\/webshop.nakladapanda.hr\/?product=harmonika\"]}]},{\"@type\":\"ImageObject\",\"inLanguage\":\"hr\",\"@id\":\"https:\/\/webshop.nakladapanda.hr\/?product=harmonika#primaryimage\",\"url\":\"https:\/\/webshop.nakladapanda.hr\/wp-content\/uploads\/2026\/01\/10057.jpeg\",\"contentUrl\":\"https:\/\/webshop.nakladapanda.hr\/wp-content\/uploads\/2026\/01\/10057.jpeg\",\"width\":720,\"height\":720},{\"@type\":\"BreadcrumbList\",\"@id\":\"https:\/\/webshop.nakladapanda.hr\/?product=harmonika#breadcrumb\",\"itemListElement\":[{\"@type\":\"ListItem\",\"position\":1,\"name\":\"Home\",\"item\":\"https:\/\/webshop.nakladapanda.hr\/\"},{\"@type\":\"ListItem\",\"position\":2,\"name\":\"Products\",\"item\":\"https:\/\/webshop.nakladapanda.hr\/?post_type=product\"},{\"@type\":\"ListItem\",\"position\":3,\"name\":\"Harmonika\"}]},{\"@type\":\"WebSite\",\"@id\":\"https:\/\/webshop.nakladapanda.hr\/#website\",\"url\":\"https:\/\/webshop.nakladapanda.hr\/\",\"name\":\"Naklada Panda\",\"description\":\"\",\"publisher\":{\"@id\":\"https:\/\/webshop.nakladapanda.hr\/#organization\"},\"potentialAction\":[{\"@type\":\"SearchAction\",\"target\":{\"@type\":\"EntryPoint\",\"urlTemplate\":\"https:\/\/webshop.nakladapanda.hr\/?s={search_term_string}\"},\"query-input\":{\"@type\":\"PropertyValueSpecification\",\"valueRequired\":true,\"valueName\":\"search_term_string\"}}],\"inLanguage\":\"hr\"},{\"@type\":\"Organization\",\"@id\":\"https:\/\/webshop.nakladapanda.hr\/#organization\",\"name\":\"Naklada Panda\",\"url\":\"https:\/\/webshop.nakladapanda.hr\/\",\"logo\":{\"@type\":\"ImageObject\",\"inLanguage\":\"hr\",\"@id\":\"https:\/\/webshop.nakladapanda.hr\/#\/schema\/logo\/image\/\",\"url\":\"https:\/\/webshop.nakladapanda.hr\/wp-content\/uploads\/2025\/12\/naklada-panda-logo.png\",\"contentUrl\":\"https:\/\/webshop.nakladapanda.hr\/wp-content\/uploads\/2025\/12\/naklada-panda-logo.png\",\"width\":643,\"height\":244,\"caption\":\"Naklada Panda\"},\"image\":{\"@id\":\"https:\/\/webshop.nakladapanda.hr\/#\/schema\/logo\/image\/\"}}]}<\/script>\n<!-- \/ Yoast SEO plugin. -->","yoast_head_json":{"title":"Harmonika - Naklada Panda","robots":{"index":"noindex","follow":"follow","max-snippet":"max-snippet:-1","max-image-preview":"max-image-preview:large","max-video-preview":"max-video-preview:-1"},"og_locale":"hr_HR","og_type":"article","og_title":"Harmonika - Naklada Panda","og_description":"Ova dje\u010dja harmonika s naramenicom brenda New Classic Toys fantasti\u010dan je na\u010din da mali\u0161ani zavire u \u010daroban svijet stvaranja glazbe. Savr\u0161ena za poticanje mladih skladatelja ili jednostavno za zabavu i pravljenje puno buke. Ova umanjena verzija prave harmonike ima klasi\u010dan dizajn s jarkim i \u0161arenim zavr\u0161etkom. Ima 8 bas tipki i 17 tipki za melodiju od C do E. Sviranje instrumenta od ranog doba donosi brojne koristi, od u\u010denja strpljenja do ja\u010danja samopouzdanja. Poma\u017ee djeci razviti ljubav prema glazbi dok stvaraju vlastite melodije. Set dolazi s glazbenom knjigom koja sadr\u017ei kratko obja\u0161njenje i 6 melodija\/pjesama koje poma\u017eu djeci da odsviraju svoje prve tonove. Ova imitacija instrumenta pogodna je za djecu od 3 godine.","og_url":"https:\/\/webshop.nakladapanda.hr\/?product=harmonika","og_site_name":"Naklada Panda","og_image":[{"width":720,"height":720,"url":"https:\/\/webshop.nakladapanda.hr\/wp-content\/uploads\/2026\/01\/10057.jpeg","type":"image\/jpeg"}],"twitter_card":"summary_large_image","schema":{"@context":"https:\/\/schema.org","@graph":[{"@type":"WebPage","@id":"https:\/\/webshop.nakladapanda.hr\/?product=harmonika","url":"https:\/\/webshop.nakladapanda.hr\/?product=harmonika","name":"Harmonika - Naklada Panda","isPartOf":{"@id":"https:\/\/webshop.nakladapanda.hr\/#website"},"primaryImageOfPage":{"@id":"https:\/\/webshop.nakladapanda.hr\/?product=harmonika#primaryimage"},"image":{"@id":"https:\/\/webshop.nakladapanda.hr\/?product=harmonika#primaryimage"},"thumbnailUrl":"https:\/\/webshop.nakladapanda.hr\/wp-content\/uploads\/2026\/01\/10057.jpeg","datePublished":"2026-01-13T12:17:54+00:00","breadcrumb":{"@id":"https:\/\/webshop.nakladapanda.hr\/?product=harmonika#breadcrumb"},"inLanguage":"hr","potentialAction":[{"@type":"ReadAction","target":["https:\/\/webshop.nakladapanda.hr\/?product=harmonika"]}]},{"@type":"ImageObject","inLanguage":"hr","@id":"https:\/\/webshop.nakladapanda.hr\/?product=harmonika#primaryimage","url":"https:\/\/webshop.nakladapanda.hr\/wp-content\/uploads\/2026\/01\/10057.jpeg","contentUrl":"https:\/\/webshop.nakladapanda.hr\/wp-content\/uploads\/2026\/01\/10057.jpeg","width":720,"height":720},{"@type":"BreadcrumbList","@id":"https:\/\/webshop.nakladapanda.hr\/?product=harmonika#breadcrumb","itemListElement":[{"@type":"ListItem","position":1,"name":"Home","item":"https:\/\/webshop.nakladapanda.hr\/"},{"@type":"ListItem","position":2,"name":"Products","item":"https:\/\/webshop.nakladapanda.hr\/?post_type=product"},{"@type":"ListItem","position":3,"name":"Harmonika"}]},{"@type":"WebSite","@id":"https:\/\/webshop.nakladapanda.hr\/#website","url":"https:\/\/webshop.nakladapanda.hr\/","name":"Naklada Panda","description":"","publisher":{"@id":"https:\/\/webshop.nakladapanda.hr\/#organization"},"potentialAction":[{"@type":"SearchAction","target":{"@type":"EntryPoint","urlTemplate":"https:\/\/webshop.nakladapanda.hr\/?s={search_term_string}"},"query-input":{"@type":"PropertyValueSpecification","valueRequired":true,"valueName":"search_term_string"}}],"inLanguage":"hr"},{"@type":"Organization","@id":"https:\/\/webshop.nakladapanda.hr\/#organization","name":"Naklada Panda","url":"https:\/\/webshop.nakladapanda.hr\/","logo":{"@type":"ImageObject","inLanguage":"hr","@id":"https:\/\/webshop.nakladapanda.hr\/#\/schema\/logo\/image\/","url":"https:\/\/webshop.nakladapanda.hr\/wp-content\/uploads\/2025\/12\/naklada-panda-logo.png","contentUrl":"https:\/\/webshop.nakladapanda.hr\/wp-content\/uploads\/2025\/12\/naklada-panda-logo.png","width":643,"height":244,"caption":"Naklada Panda"},"image":{"@id":"https:\/\/webshop.nakladapanda.hr\/#\/schema\/logo\/image\/"}}]}},"_links":{"self":[{"href":"https:\/\/webshop.nakladapanda.hr\/index.php?rest_route=\/wp\/v2\/product\/340","targetHints":{"allow":["GET"]}}],"collection":[{"href":"https:\/\/webshop.nakladapanda.hr\/index.php?rest_route=\/wp\/v2\/product"}],"about":[{"href":"https:\/\/webshop.nakladapanda.hr\/index.php?rest_route=\/wp\/v2\/types\/product"}],"wp:featuredmedia":[{"embeddable":true,"href":"https:\/\/webshop.nakladapanda.hr\/index.php?rest_route=\/wp\/v2\/media\/284"}],"wp:attachment":[{"href":"https:\/\/webshop.nakladapanda.hr\/index.php?rest_route=%2Fwp%2Fv2%2Fmedia&parent=340"}],"wp:term":[{"taxonomy":"product_brand","embeddable":true,"href":"https:\/\/webshop.nakladapanda.hr\/index.php?rest_route=%2Fwp%2Fv2%2Fproduct_brand&post=340"},{"taxonomy":"product_cat","embeddable":true,"href":"https:\/\/webshop.nakladapanda.hr\/index.php?rest_route=%2Fwp%2Fv2%2Fproduct_cat&post=340"},{"taxonomy":"product_tag","embeddable":true,"href":"https:\/\/webshop.nakladapanda.hr\/index.php?rest_route=%2Fwp%2Fv2%2Fproduct_tag&post=340"}],"curies":[{"name":"wp","href":"https:\/\/api.w.org\/{rel}","templated":true}]}}