{"id":339,"date":"2026-01-13T12:17:54","date_gmt":"2026-01-13T12:17:54","guid":{"rendered":"https:\/\/webshop.nakladapanda.hr\/?product=kuhinja"},"modified":"2026-01-13T12:17:54","modified_gmt":"2026-01-13T12:17:54","slug":"kuhinja","status":"publish","type":"product","link":"https:\/\/webshop.nakladapanda.hr\/?product=kuhinja","title":{"rendered":"Kuhinja"},"content":{"rendered":"<p>Specifikacije<br \/>\n\u0161ifra artikla: 11050<br \/>\nbrend: New Classic Toys<br \/>\ndimenzije: 550 x 300 x 890 mm<br \/>\ndob: 36 mjeseci +<br \/>\nkomada \/ master karton: 1<\/p>\n","protected":false},"excerpt":{"rendered":"<p>Kuhinja iz snova za malog kuhara brenda New Classic Toys za pripremu i kuhanje igra\u010dke hrane. Mali kuhari \u0107e obo\u017eavati pripremati obroke za cijelu obitelj u ovoj preslatkoj Bon App\u00e9tit kuhinji. Djeca mogu koristiti ma\u0161tu za stvaranje vlastitih jelovnika. Ova kuhinja savr\u0161ena je za igru jer va\u0161e dijete i njegovi prijatelji mogu zajedno kuhati, poti\u010du\u0107i razvijanje jakih socijalnih vje\u0161tina. Ima sve \u0161to malom kuharu treba. S odvojivim sudoperom, kuhalom s dva plamenika, pe\u0107nicom s prozirnim vratima, policama za pohranu i satom s pomi\u010dnim kazaljkama, ova kuhinja ima savr\u0161ene sastojke za sate ma\u0161tovite igre!<br \/>\nU setu su:<br \/>\n\u2022 lonac s poklopcem<br \/>\n\u2022 tava za pr\u017eenje<br \/>\n\u2022 tri kuhinjska pribora<br \/>\n\u2022 posudica za sol i papar<br \/>\nOva prekrasna kuhinja dio je linije proizvoda New Classic Toys \u201eBon App\u00e9tit\u201c. Rezanje, pe\u010denje, kuhanje i spremno za ve\u010deru! Na\u0161i mali lonci, tave, setovi za rezanje i kuhinje apsolutni su must-have za male majstore kuhare.<\/p>\n","protected":false},"featured_media":298,"template":"","meta":[],"product_brand":[26],"product_cat":[25],"product_tag":[],"class_list":{"0":"post-339","1":"product","2":"type-product","3":"status-publish","4":"has-post-thumbnail","6":"product_brand-new-classic-toys","7":"product_cat-kuhinjski-kutak","9":"first","10":"instock","11":"shipping-taxable","12":"purchasable","13":"product-type-simple"},"yoast_head":"<!-- This site is optimized with the Yoast SEO plugin v26.8 - https:\/\/yoast.com\/product\/yoast-seo-wordpress\/ -->\n<title>Kuhinja - Naklada Panda<\/title>\n<meta name=\"robots\" content=\"noindex, follow, max-snippet:-1, max-image-preview:large, max-video-preview:-1\" \/>\n<meta property=\"og:locale\" content=\"hr_HR\" \/>\n<meta property=\"og:type\" content=\"article\" \/>\n<meta property=\"og:title\" content=\"Kuhinja - Naklada Panda\" \/>\n<meta property=\"og:description\" content=\"Kuhinja iz snova za malog kuhara brenda New Classic Toys za pripremu i kuhanje igra\u010dke hrane. Mali kuhari \u0107e obo\u017eavati pripremati obroke za cijelu obitelj u ovoj preslatkoj Bon App\u00e9tit kuhinji. Djeca mogu koristiti ma\u0161tu za stvaranje vlastitih jelovnika. Ova kuhinja savr\u0161ena je za igru jer va\u0161e dijete i njegovi prijatelji mogu zajedno kuhati, poti\u010du\u0107i razvijanje jakih socijalnih vje\u0161tina. Ima sve \u0161to malom kuharu treba. S odvojivim sudoperom, kuhalom s dva plamenika, pe\u0107nicom s prozirnim vratima, policama za pohranu i satom s pomi\u010dnim kazaljkama, ova kuhinja ima savr\u0161ene sastojke za sate ma\u0161tovite igre! U setu su: \u2022 lonac s poklopcem \u2022 tava za pr\u017eenje \u2022 tri kuhinjska pribora \u2022 posudica za sol i papar Ova prekrasna kuhinja dio je linije proizvoda New Classic Toys \u201eBon App\u00e9tit\u201c. Rezanje, pe\u010denje, kuhanje i spremno za ve\u010deru! Na\u0161i mali lonci, tave, setovi za rezanje i kuhinje apsolutni su must-have za male majstore kuhare.\" \/>\n<meta property=\"og:url\" content=\"https:\/\/webshop.nakladapanda.hr\/?product=kuhinja\" \/>\n<meta property=\"og:site_name\" content=\"Naklada Panda\" \/>\n<meta property=\"og:image\" content=\"https:\/\/webshop.nakladapanda.hr\/wp-content\/uploads\/2026\/01\/11050.jpeg\" \/>\n\t<meta property=\"og:image:width\" content=\"720\" \/>\n\t<meta property=\"og:image:height\" content=\"720\" \/>\n\t<meta property=\"og:image:type\" content=\"image\/jpeg\" \/>\n<meta name=\"twitter:card\" content=\"summary_large_image\" \/>\n<script type=\"application\/ld+json\" class=\"yoast-schema-graph\">{\"@context\":\"https:\/\/schema.org\",\"@graph\":[{\"@type\":\"WebPage\",\"@id\":\"https:\/\/webshop.nakladapanda.hr\/?product=kuhinja\",\"url\":\"https:\/\/webshop.nakladapanda.hr\/?product=kuhinja\",\"name\":\"Kuhinja - Naklada Panda\",\"isPartOf\":{\"@id\":\"https:\/\/webshop.nakladapanda.hr\/#website\"},\"primaryImageOfPage\":{\"@id\":\"https:\/\/webshop.nakladapanda.hr\/?product=kuhinja#primaryimage\"},\"image\":{\"@id\":\"https:\/\/webshop.nakladapanda.hr\/?product=kuhinja#primaryimage\"},\"thumbnailUrl\":\"https:\/\/webshop.nakladapanda.hr\/wp-content\/uploads\/2026\/01\/11050.jpeg\",\"datePublished\":\"2026-01-13T12:17:54+00:00\",\"breadcrumb\":{\"@id\":\"https:\/\/webshop.nakladapanda.hr\/?product=kuhinja#breadcrumb\"},\"inLanguage\":\"hr\",\"potentialAction\":[{\"@type\":\"ReadAction\",\"target\":[\"https:\/\/webshop.nakladapanda.hr\/?product=kuhinja\"]}]},{\"@type\":\"ImageObject\",\"inLanguage\":\"hr\",\"@id\":\"https:\/\/webshop.nakladapanda.hr\/?product=kuhinja#primaryimage\",\"url\":\"https:\/\/webshop.nakladapanda.hr\/wp-content\/uploads\/2026\/01\/11050.jpeg\",\"contentUrl\":\"https:\/\/webshop.nakladapanda.hr\/wp-content\/uploads\/2026\/01\/11050.jpeg\",\"width\":720,\"height\":720},{\"@type\":\"BreadcrumbList\",\"@id\":\"https:\/\/webshop.nakladapanda.hr\/?product=kuhinja#breadcrumb\",\"itemListElement\":[{\"@type\":\"ListItem\",\"position\":1,\"name\":\"Home\",\"item\":\"https:\/\/webshop.nakladapanda.hr\/\"},{\"@type\":\"ListItem\",\"position\":2,\"name\":\"Products\",\"item\":\"https:\/\/webshop.nakladapanda.hr\/?post_type=product\"},{\"@type\":\"ListItem\",\"position\":3,\"name\":\"Kuhinja\"}]},{\"@type\":\"WebSite\",\"@id\":\"https:\/\/webshop.nakladapanda.hr\/#website\",\"url\":\"https:\/\/webshop.nakladapanda.hr\/\",\"name\":\"Naklada Panda\",\"description\":\"\",\"publisher\":{\"@id\":\"https:\/\/webshop.nakladapanda.hr\/#organization\"},\"potentialAction\":[{\"@type\":\"SearchAction\",\"target\":{\"@type\":\"EntryPoint\",\"urlTemplate\":\"https:\/\/webshop.nakladapanda.hr\/?s={search_term_string}\"},\"query-input\":{\"@type\":\"PropertyValueSpecification\",\"valueRequired\":true,\"valueName\":\"search_term_string\"}}],\"inLanguage\":\"hr\"},{\"@type\":\"Organization\",\"@id\":\"https:\/\/webshop.nakladapanda.hr\/#organization\",\"name\":\"Naklada Panda\",\"url\":\"https:\/\/webshop.nakladapanda.hr\/\",\"logo\":{\"@type\":\"ImageObject\",\"inLanguage\":\"hr\",\"@id\":\"https:\/\/webshop.nakladapanda.hr\/#\/schema\/logo\/image\/\",\"url\":\"https:\/\/webshop.nakladapanda.hr\/wp-content\/uploads\/2025\/12\/naklada-panda-logo.png\",\"contentUrl\":\"https:\/\/webshop.nakladapanda.hr\/wp-content\/uploads\/2025\/12\/naklada-panda-logo.png\",\"width\":643,\"height\":244,\"caption\":\"Naklada Panda\"},\"image\":{\"@id\":\"https:\/\/webshop.nakladapanda.hr\/#\/schema\/logo\/image\/\"}}]}<\/script>\n<!-- \/ Yoast SEO plugin. -->","yoast_head_json":{"title":"Kuhinja - Naklada Panda","robots":{"index":"noindex","follow":"follow","max-snippet":"max-snippet:-1","max-image-preview":"max-image-preview:large","max-video-preview":"max-video-preview:-1"},"og_locale":"hr_HR","og_type":"article","og_title":"Kuhinja - Naklada Panda","og_description":"Kuhinja iz snova za malog kuhara brenda New Classic Toys za pripremu i kuhanje igra\u010dke hrane. Mali kuhari \u0107e obo\u017eavati pripremati obroke za cijelu obitelj u ovoj preslatkoj Bon App\u00e9tit kuhinji. Djeca mogu koristiti ma\u0161tu za stvaranje vlastitih jelovnika. Ova kuhinja savr\u0161ena je za igru jer va\u0161e dijete i njegovi prijatelji mogu zajedno kuhati, poti\u010du\u0107i razvijanje jakih socijalnih vje\u0161tina. Ima sve \u0161to malom kuharu treba. S odvojivim sudoperom, kuhalom s dva plamenika, pe\u0107nicom s prozirnim vratima, policama za pohranu i satom s pomi\u010dnim kazaljkama, ova kuhinja ima savr\u0161ene sastojke za sate ma\u0161tovite igre! U setu su: \u2022 lonac s poklopcem \u2022 tava za pr\u017eenje \u2022 tri kuhinjska pribora \u2022 posudica za sol i papar Ova prekrasna kuhinja dio je linije proizvoda New Classic Toys \u201eBon App\u00e9tit\u201c. Rezanje, pe\u010denje, kuhanje i spremno za ve\u010deru! Na\u0161i mali lonci, tave, setovi za rezanje i kuhinje apsolutni su must-have za male majstore kuhare.","og_url":"https:\/\/webshop.nakladapanda.hr\/?product=kuhinja","og_site_name":"Naklada Panda","og_image":[{"width":720,"height":720,"url":"https:\/\/webshop.nakladapanda.hr\/wp-content\/uploads\/2026\/01\/11050.jpeg","type":"image\/jpeg"}],"twitter_card":"summary_large_image","schema":{"@context":"https:\/\/schema.org","@graph":[{"@type":"WebPage","@id":"https:\/\/webshop.nakladapanda.hr\/?product=kuhinja","url":"https:\/\/webshop.nakladapanda.hr\/?product=kuhinja","name":"Kuhinja - Naklada Panda","isPartOf":{"@id":"https:\/\/webshop.nakladapanda.hr\/#website"},"primaryImageOfPage":{"@id":"https:\/\/webshop.nakladapanda.hr\/?product=kuhinja#primaryimage"},"image":{"@id":"https:\/\/webshop.nakladapanda.hr\/?product=kuhinja#primaryimage"},"thumbnailUrl":"https:\/\/webshop.nakladapanda.hr\/wp-content\/uploads\/2026\/01\/11050.jpeg","datePublished":"2026-01-13T12:17:54+00:00","breadcrumb":{"@id":"https:\/\/webshop.nakladapanda.hr\/?product=kuhinja#breadcrumb"},"inLanguage":"hr","potentialAction":[{"@type":"ReadAction","target":["https:\/\/webshop.nakladapanda.hr\/?product=kuhinja"]}]},{"@type":"ImageObject","inLanguage":"hr","@id":"https:\/\/webshop.nakladapanda.hr\/?product=kuhinja#primaryimage","url":"https:\/\/webshop.nakladapanda.hr\/wp-content\/uploads\/2026\/01\/11050.jpeg","contentUrl":"https:\/\/webshop.nakladapanda.hr\/wp-content\/uploads\/2026\/01\/11050.jpeg","width":720,"height":720},{"@type":"BreadcrumbList","@id":"https:\/\/webshop.nakladapanda.hr\/?product=kuhinja#breadcrumb","itemListElement":[{"@type":"ListItem","position":1,"name":"Home","item":"https:\/\/webshop.nakladapanda.hr\/"},{"@type":"ListItem","position":2,"name":"Products","item":"https:\/\/webshop.nakladapanda.hr\/?post_type=product"},{"@type":"ListItem","position":3,"name":"Kuhinja"}]},{"@type":"WebSite","@id":"https:\/\/webshop.nakladapanda.hr\/#website","url":"https:\/\/webshop.nakladapanda.hr\/","name":"Naklada Panda","description":"","publisher":{"@id":"https:\/\/webshop.nakladapanda.hr\/#organization"},"potentialAction":[{"@type":"SearchAction","target":{"@type":"EntryPoint","urlTemplate":"https:\/\/webshop.nakladapanda.hr\/?s={search_term_string}"},"query-input":{"@type":"PropertyValueSpecification","valueRequired":true,"valueName":"search_term_string"}}],"inLanguage":"hr"},{"@type":"Organization","@id":"https:\/\/webshop.nakladapanda.hr\/#organization","name":"Naklada Panda","url":"https:\/\/webshop.nakladapanda.hr\/","logo":{"@type":"ImageObject","inLanguage":"hr","@id":"https:\/\/webshop.nakladapanda.hr\/#\/schema\/logo\/image\/","url":"https:\/\/webshop.nakladapanda.hr\/wp-content\/uploads\/2025\/12\/naklada-panda-logo.png","contentUrl":"https:\/\/webshop.nakladapanda.hr\/wp-content\/uploads\/2025\/12\/naklada-panda-logo.png","width":643,"height":244,"caption":"Naklada Panda"},"image":{"@id":"https:\/\/webshop.nakladapanda.hr\/#\/schema\/logo\/image\/"}}]}},"_links":{"self":[{"href":"https:\/\/webshop.nakladapanda.hr\/index.php?rest_route=\/wp\/v2\/product\/339","targetHints":{"allow":["GET"]}}],"collection":[{"href":"https:\/\/webshop.nakladapanda.hr\/index.php?rest_route=\/wp\/v2\/product"}],"about":[{"href":"https:\/\/webshop.nakladapanda.hr\/index.php?rest_route=\/wp\/v2\/types\/product"}],"wp:featuredmedia":[{"embeddable":true,"href":"https:\/\/webshop.nakladapanda.hr\/index.php?rest_route=\/wp\/v2\/media\/298"}],"wp:attachment":[{"href":"https:\/\/webshop.nakladapanda.hr\/index.php?rest_route=%2Fwp%2Fv2%2Fmedia&parent=339"}],"wp:term":[{"taxonomy":"product_brand","embeddable":true,"href":"https:\/\/webshop.nakladapanda.hr\/index.php?rest_route=%2Fwp%2Fv2%2Fproduct_brand&post=339"},{"taxonomy":"product_cat","embeddable":true,"href":"https:\/\/webshop.nakladapanda.hr\/index.php?rest_route=%2Fwp%2Fv2%2Fproduct_cat&post=339"},{"taxonomy":"product_tag","embeddable":true,"href":"https:\/\/webshop.nakladapanda.hr\/index.php?rest_route=%2Fwp%2Fv2%2Fproduct_tag&post=339"}],"curies":[{"name":"wp","href":"https:\/\/api.w.org\/{rel}","templated":true}]}}