{"id":338,"date":"2026-01-13T12:17:54","date_gmt":"2026-01-13T12:17:54","guid":{"rendered":"https:\/\/webshop.nakladapanda.hr\/?product=mikser"},"modified":"2026-01-13T12:17:54","modified_gmt":"2026-01-13T12:17:54","slug":"mikser","status":"publish","type":"product","link":"https:\/\/webshop.nakladapanda.hr\/?product=mikser","title":{"rendered":"Mikser"},"content":{"rendered":"<p>Specifikacije<br \/>\n\u0161ifra artikla: 10707<br \/>\nbrend: New Classic Toys<br \/>\ndimenzije: 180 x 100 x 205 mm<br \/>\ndob: 36 mjeseci +<br \/>\nkomada \/ master karton: 12<\/p>\n","protected":false},"excerpt":{"rendered":"<p>Predstavljamo drveni set za igru mije\u0161anja brenda New Classic Toys, \u010daroban igra\u010dki set osmi\u0161ljen da nadahne male pekare. Ovaj \u0161armantni set uklju\u010duje podesivi drveni stalni mikser s rotiraju\u0107om metlicom, drvenu zdjelu, malo bra\u0161na, paketi\u0107 \u0161e\u0107era, bokal mlijeka, dva polovina jaja i tanjur s tri keksa. Savr\u0161en za ma\u0161tovitu igru, ovaj set omogu\u0107uje djeci da glume ku\u0107ne \u201epekare\u201c, razvijaju\u0107i svoju kreativnost i fine motori\u010dke vje\u0161tine.<br \/>\nSet miksera ima dva okretnja gumba: jedan za rotiranje metlice, a drugi za pomicanje miksera u zdjelu i iz nje, dodaju\u0107i dodatni osje\u0107aj realizma njihovim avanturama mije\u0161anja. Bilo da va\u0161e dijete \u201epe\u010de\u201c kekse ili samo mije\u0161a sastojke, ovaj set \u0107e zasigurno postati omiljeni dio njihove dje\u010dje kuhinje. \u2013 Bon App\u00e9tit!<\/p>\n","protected":false},"featured_media":297,"template":"","meta":[],"product_brand":[26],"product_cat":[25],"product_tag":[],"class_list":{"0":"post-338","1":"product","2":"type-product","3":"status-publish","4":"has-post-thumbnail","6":"product_brand-new-classic-toys","7":"product_cat-kuhinjski-kutak","9":"first","10":"instock","11":"shipping-taxable","12":"purchasable","13":"product-type-simple"},"yoast_head":"<!-- This site is optimized with the Yoast SEO plugin v26.8 - https:\/\/yoast.com\/product\/yoast-seo-wordpress\/ -->\n<title>Mikser - Naklada Panda<\/title>\n<meta name=\"robots\" content=\"noindex, follow, max-snippet:-1, max-image-preview:large, max-video-preview:-1\" \/>\n<meta property=\"og:locale\" content=\"hr_HR\" \/>\n<meta property=\"og:type\" content=\"article\" \/>\n<meta property=\"og:title\" content=\"Mikser - Naklada Panda\" \/>\n<meta property=\"og:description\" content=\"Predstavljamo drveni set za igru mije\u0161anja brenda New Classic Toys, \u010daroban igra\u010dki set osmi\u0161ljen da nadahne male pekare. Ovaj \u0161armantni set uklju\u010duje podesivi drveni stalni mikser s rotiraju\u0107om metlicom, drvenu zdjelu, malo bra\u0161na, paketi\u0107 \u0161e\u0107era, bokal mlijeka, dva polovina jaja i tanjur s tri keksa. Savr\u0161en za ma\u0161tovitu igru, ovaj set omogu\u0107uje djeci da glume ku\u0107ne \u201epekare\u201c, razvijaju\u0107i svoju kreativnost i fine motori\u010dke vje\u0161tine. Set miksera ima dva okretnja gumba: jedan za rotiranje metlice, a drugi za pomicanje miksera u zdjelu i iz nje, dodaju\u0107i dodatni osje\u0107aj realizma njihovim avanturama mije\u0161anja. Bilo da va\u0161e dijete \u201epe\u010de\u201c kekse ili samo mije\u0161a sastojke, ovaj set \u0107e zasigurno postati omiljeni dio njihove dje\u010dje kuhinje. \u2013 Bon App\u00e9tit!\" \/>\n<meta property=\"og:url\" content=\"https:\/\/webshop.nakladapanda.hr\/?product=mikser\" \/>\n<meta property=\"og:site_name\" content=\"Naklada Panda\" \/>\n<meta property=\"og:image\" content=\"https:\/\/webshop.nakladapanda.hr\/wp-content\/uploads\/2026\/01\/10707.jpeg\" \/>\n\t<meta property=\"og:image:width\" content=\"720\" \/>\n\t<meta property=\"og:image:height\" content=\"720\" \/>\n\t<meta property=\"og:image:type\" content=\"image\/jpeg\" \/>\n<meta name=\"twitter:card\" content=\"summary_large_image\" \/>\n<script type=\"application\/ld+json\" class=\"yoast-schema-graph\">{\"@context\":\"https:\/\/schema.org\",\"@graph\":[{\"@type\":\"WebPage\",\"@id\":\"https:\/\/webshop.nakladapanda.hr\/?product=mikser\",\"url\":\"https:\/\/webshop.nakladapanda.hr\/?product=mikser\",\"name\":\"Mikser - Naklada Panda\",\"isPartOf\":{\"@id\":\"https:\/\/webshop.nakladapanda.hr\/#website\"},\"primaryImageOfPage\":{\"@id\":\"https:\/\/webshop.nakladapanda.hr\/?product=mikser#primaryimage\"},\"image\":{\"@id\":\"https:\/\/webshop.nakladapanda.hr\/?product=mikser#primaryimage\"},\"thumbnailUrl\":\"https:\/\/webshop.nakladapanda.hr\/wp-content\/uploads\/2026\/01\/10707.jpeg\",\"datePublished\":\"2026-01-13T12:17:54+00:00\",\"breadcrumb\":{\"@id\":\"https:\/\/webshop.nakladapanda.hr\/?product=mikser#breadcrumb\"},\"inLanguage\":\"hr\",\"potentialAction\":[{\"@type\":\"ReadAction\",\"target\":[\"https:\/\/webshop.nakladapanda.hr\/?product=mikser\"]}]},{\"@type\":\"ImageObject\",\"inLanguage\":\"hr\",\"@id\":\"https:\/\/webshop.nakladapanda.hr\/?product=mikser#primaryimage\",\"url\":\"https:\/\/webshop.nakladapanda.hr\/wp-content\/uploads\/2026\/01\/10707.jpeg\",\"contentUrl\":\"https:\/\/webshop.nakladapanda.hr\/wp-content\/uploads\/2026\/01\/10707.jpeg\",\"width\":720,\"height\":720},{\"@type\":\"BreadcrumbList\",\"@id\":\"https:\/\/webshop.nakladapanda.hr\/?product=mikser#breadcrumb\",\"itemListElement\":[{\"@type\":\"ListItem\",\"position\":1,\"name\":\"Home\",\"item\":\"https:\/\/webshop.nakladapanda.hr\/\"},{\"@type\":\"ListItem\",\"position\":2,\"name\":\"Products\",\"item\":\"https:\/\/webshop.nakladapanda.hr\/?post_type=product\"},{\"@type\":\"ListItem\",\"position\":3,\"name\":\"Mikser\"}]},{\"@type\":\"WebSite\",\"@id\":\"https:\/\/webshop.nakladapanda.hr\/#website\",\"url\":\"https:\/\/webshop.nakladapanda.hr\/\",\"name\":\"Naklada Panda\",\"description\":\"\",\"publisher\":{\"@id\":\"https:\/\/webshop.nakladapanda.hr\/#organization\"},\"potentialAction\":[{\"@type\":\"SearchAction\",\"target\":{\"@type\":\"EntryPoint\",\"urlTemplate\":\"https:\/\/webshop.nakladapanda.hr\/?s={search_term_string}\"},\"query-input\":{\"@type\":\"PropertyValueSpecification\",\"valueRequired\":true,\"valueName\":\"search_term_string\"}}],\"inLanguage\":\"hr\"},{\"@type\":\"Organization\",\"@id\":\"https:\/\/webshop.nakladapanda.hr\/#organization\",\"name\":\"Naklada Panda\",\"url\":\"https:\/\/webshop.nakladapanda.hr\/\",\"logo\":{\"@type\":\"ImageObject\",\"inLanguage\":\"hr\",\"@id\":\"https:\/\/webshop.nakladapanda.hr\/#\/schema\/logo\/image\/\",\"url\":\"https:\/\/webshop.nakladapanda.hr\/wp-content\/uploads\/2025\/12\/naklada-panda-logo.png\",\"contentUrl\":\"https:\/\/webshop.nakladapanda.hr\/wp-content\/uploads\/2025\/12\/naklada-panda-logo.png\",\"width\":643,\"height\":244,\"caption\":\"Naklada Panda\"},\"image\":{\"@id\":\"https:\/\/webshop.nakladapanda.hr\/#\/schema\/logo\/image\/\"}}]}<\/script>\n<!-- \/ Yoast SEO plugin. -->","yoast_head_json":{"title":"Mikser - Naklada Panda","robots":{"index":"noindex","follow":"follow","max-snippet":"max-snippet:-1","max-image-preview":"max-image-preview:large","max-video-preview":"max-video-preview:-1"},"og_locale":"hr_HR","og_type":"article","og_title":"Mikser - Naklada Panda","og_description":"Predstavljamo drveni set za igru mije\u0161anja brenda New Classic Toys, \u010daroban igra\u010dki set osmi\u0161ljen da nadahne male pekare. Ovaj \u0161armantni set uklju\u010duje podesivi drveni stalni mikser s rotiraju\u0107om metlicom, drvenu zdjelu, malo bra\u0161na, paketi\u0107 \u0161e\u0107era, bokal mlijeka, dva polovina jaja i tanjur s tri keksa. Savr\u0161en za ma\u0161tovitu igru, ovaj set omogu\u0107uje djeci da glume ku\u0107ne \u201epekare\u201c, razvijaju\u0107i svoju kreativnost i fine motori\u010dke vje\u0161tine. Set miksera ima dva okretnja gumba: jedan za rotiranje metlice, a drugi za pomicanje miksera u zdjelu i iz nje, dodaju\u0107i dodatni osje\u0107aj realizma njihovim avanturama mije\u0161anja. Bilo da va\u0161e dijete \u201epe\u010de\u201c kekse ili samo mije\u0161a sastojke, ovaj set \u0107e zasigurno postati omiljeni dio njihove dje\u010dje kuhinje. \u2013 Bon App\u00e9tit!","og_url":"https:\/\/webshop.nakladapanda.hr\/?product=mikser","og_site_name":"Naklada Panda","og_image":[{"width":720,"height":720,"url":"https:\/\/webshop.nakladapanda.hr\/wp-content\/uploads\/2026\/01\/10707.jpeg","type":"image\/jpeg"}],"twitter_card":"summary_large_image","schema":{"@context":"https:\/\/schema.org","@graph":[{"@type":"WebPage","@id":"https:\/\/webshop.nakladapanda.hr\/?product=mikser","url":"https:\/\/webshop.nakladapanda.hr\/?product=mikser","name":"Mikser - Naklada Panda","isPartOf":{"@id":"https:\/\/webshop.nakladapanda.hr\/#website"},"primaryImageOfPage":{"@id":"https:\/\/webshop.nakladapanda.hr\/?product=mikser#primaryimage"},"image":{"@id":"https:\/\/webshop.nakladapanda.hr\/?product=mikser#primaryimage"},"thumbnailUrl":"https:\/\/webshop.nakladapanda.hr\/wp-content\/uploads\/2026\/01\/10707.jpeg","datePublished":"2026-01-13T12:17:54+00:00","breadcrumb":{"@id":"https:\/\/webshop.nakladapanda.hr\/?product=mikser#breadcrumb"},"inLanguage":"hr","potentialAction":[{"@type":"ReadAction","target":["https:\/\/webshop.nakladapanda.hr\/?product=mikser"]}]},{"@type":"ImageObject","inLanguage":"hr","@id":"https:\/\/webshop.nakladapanda.hr\/?product=mikser#primaryimage","url":"https:\/\/webshop.nakladapanda.hr\/wp-content\/uploads\/2026\/01\/10707.jpeg","contentUrl":"https:\/\/webshop.nakladapanda.hr\/wp-content\/uploads\/2026\/01\/10707.jpeg","width":720,"height":720},{"@type":"BreadcrumbList","@id":"https:\/\/webshop.nakladapanda.hr\/?product=mikser#breadcrumb","itemListElement":[{"@type":"ListItem","position":1,"name":"Home","item":"https:\/\/webshop.nakladapanda.hr\/"},{"@type":"ListItem","position":2,"name":"Products","item":"https:\/\/webshop.nakladapanda.hr\/?post_type=product"},{"@type":"ListItem","position":3,"name":"Mikser"}]},{"@type":"WebSite","@id":"https:\/\/webshop.nakladapanda.hr\/#website","url":"https:\/\/webshop.nakladapanda.hr\/","name":"Naklada Panda","description":"","publisher":{"@id":"https:\/\/webshop.nakladapanda.hr\/#organization"},"potentialAction":[{"@type":"SearchAction","target":{"@type":"EntryPoint","urlTemplate":"https:\/\/webshop.nakladapanda.hr\/?s={search_term_string}"},"query-input":{"@type":"PropertyValueSpecification","valueRequired":true,"valueName":"search_term_string"}}],"inLanguage":"hr"},{"@type":"Organization","@id":"https:\/\/webshop.nakladapanda.hr\/#organization","name":"Naklada Panda","url":"https:\/\/webshop.nakladapanda.hr\/","logo":{"@type":"ImageObject","inLanguage":"hr","@id":"https:\/\/webshop.nakladapanda.hr\/#\/schema\/logo\/image\/","url":"https:\/\/webshop.nakladapanda.hr\/wp-content\/uploads\/2025\/12\/naklada-panda-logo.png","contentUrl":"https:\/\/webshop.nakladapanda.hr\/wp-content\/uploads\/2025\/12\/naklada-panda-logo.png","width":643,"height":244,"caption":"Naklada Panda"},"image":{"@id":"https:\/\/webshop.nakladapanda.hr\/#\/schema\/logo\/image\/"}}]}},"_links":{"self":[{"href":"https:\/\/webshop.nakladapanda.hr\/index.php?rest_route=\/wp\/v2\/product\/338","targetHints":{"allow":["GET"]}}],"collection":[{"href":"https:\/\/webshop.nakladapanda.hr\/index.php?rest_route=\/wp\/v2\/product"}],"about":[{"href":"https:\/\/webshop.nakladapanda.hr\/index.php?rest_route=\/wp\/v2\/types\/product"}],"wp:featuredmedia":[{"embeddable":true,"href":"https:\/\/webshop.nakladapanda.hr\/index.php?rest_route=\/wp\/v2\/media\/297"}],"wp:attachment":[{"href":"https:\/\/webshop.nakladapanda.hr\/index.php?rest_route=%2Fwp%2Fv2%2Fmedia&parent=338"}],"wp:term":[{"taxonomy":"product_brand","embeddable":true,"href":"https:\/\/webshop.nakladapanda.hr\/index.php?rest_route=%2Fwp%2Fv2%2Fproduct_brand&post=338"},{"taxonomy":"product_cat","embeddable":true,"href":"https:\/\/webshop.nakladapanda.hr\/index.php?rest_route=%2Fwp%2Fv2%2Fproduct_cat&post=338"},{"taxonomy":"product_tag","embeddable":true,"href":"https:\/\/webshop.nakladapanda.hr\/index.php?rest_route=%2Fwp%2Fv2%2Fproduct_tag&post=338"}],"curies":[{"name":"wp","href":"https:\/\/api.w.org\/{rel}","templated":true}]}}