{"id":336,"date":"2026-01-13T12:17:53","date_gmt":"2026-01-13T12:17:53","guid":{"rendered":"https:\/\/webshop.nakladapanda.hr\/?product=toster"},"modified":"2026-01-13T12:17:53","modified_gmt":"2026-01-13T12:17:53","slug":"toster","status":"publish","type":"product","link":"https:\/\/webshop.nakladapanda.hr\/?product=toster","title":{"rendered":"Toster"},"content":{"rendered":"<p>Specifications<br \/>\narticle number:\t10701<br \/>\nbrand:\tNew Classic Toys<br \/>\nsize:\t185 x 140 x 110mm<br \/>\nage:\t36M +<br \/>\npieces \/ mastercarton:\t8<\/p>\n","protected":false},"excerpt":{"rendered":"<p>\u0160areni set toster brenda New Classic Toys. Tko \u017eeli doru\u010dak? Sve \u0161to vam treba za ukusno izgledaju\u0107i tost. Pravljenje tosta je jednostavno! Stavite drvene kri\u0161ke kruha u toster, okrenite broj\u010danik da postavite razinu pe\u010denja i spustite ru\u010dku za tostiranje. Nama\u017eite malo maslaca i dodajte malo jagodne marmelade da zavr\u0161ite posao. Popijte finu \u0161alicu \u010daja ili kave uz svoj tost. Bon app\u00e9tit. Ovaj artikl dio je linije proizvoda New Classic Toys \u201eBon Appetit\u201c. Rezanje, pe\u010denje, kuhanje i spremno za ve\u010deru! Na\u0161i mali lonci, tave, setovi za rezanje i kuhinje apsolutni su must-have za male majstore kuhare.<\/p>\n","protected":false},"featured_media":295,"template":"","meta":[],"product_brand":[26],"product_cat":[25],"product_tag":[],"class_list":{"0":"post-336","1":"product","2":"type-product","3":"status-publish","4":"has-post-thumbnail","6":"product_brand-new-classic-toys","7":"product_cat-kuhinjski-kutak","9":"first","10":"instock","11":"shipping-taxable","12":"purchasable","13":"product-type-simple"},"yoast_head":"<!-- This site is optimized with the Yoast SEO plugin v26.8 - https:\/\/yoast.com\/product\/yoast-seo-wordpress\/ -->\n<title>Toster - Naklada Panda<\/title>\n<meta name=\"robots\" content=\"noindex, follow, max-snippet:-1, max-image-preview:large, max-video-preview:-1\" \/>\n<meta property=\"og:locale\" content=\"hr_HR\" \/>\n<meta property=\"og:type\" content=\"article\" \/>\n<meta property=\"og:title\" content=\"Toster - Naklada Panda\" \/>\n<meta property=\"og:description\" content=\"\u0160areni set toster brenda New Classic Toys. Tko \u017eeli doru\u010dak? Sve \u0161to vam treba za ukusno izgledaju\u0107i tost. Pravljenje tosta je jednostavno! Stavite drvene kri\u0161ke kruha u toster, okrenite broj\u010danik da postavite razinu pe\u010denja i spustite ru\u010dku za tostiranje. Nama\u017eite malo maslaca i dodajte malo jagodne marmelade da zavr\u0161ite posao. Popijte finu \u0161alicu \u010daja ili kave uz svoj tost. Bon app\u00e9tit. Ovaj artikl dio je linije proizvoda New Classic Toys \u201eBon Appetit\u201c. Rezanje, pe\u010denje, kuhanje i spremno za ve\u010deru! Na\u0161i mali lonci, tave, setovi za rezanje i kuhinje apsolutni su must-have za male majstore kuhare.\" \/>\n<meta property=\"og:url\" content=\"https:\/\/webshop.nakladapanda.hr\/?product=toster\" \/>\n<meta property=\"og:site_name\" content=\"Naklada Panda\" \/>\n<meta property=\"og:image\" content=\"https:\/\/webshop.nakladapanda.hr\/wp-content\/uploads\/2026\/01\/10701.jpeg\" \/>\n\t<meta property=\"og:image:width\" content=\"720\" \/>\n\t<meta property=\"og:image:height\" content=\"720\" \/>\n\t<meta property=\"og:image:type\" content=\"image\/jpeg\" \/>\n<meta name=\"twitter:card\" content=\"summary_large_image\" \/>\n<script type=\"application\/ld+json\" class=\"yoast-schema-graph\">{\"@context\":\"https:\/\/schema.org\",\"@graph\":[{\"@type\":\"WebPage\",\"@id\":\"https:\/\/webshop.nakladapanda.hr\/?product=toster\",\"url\":\"https:\/\/webshop.nakladapanda.hr\/?product=toster\",\"name\":\"Toster - Naklada Panda\",\"isPartOf\":{\"@id\":\"https:\/\/webshop.nakladapanda.hr\/#website\"},\"primaryImageOfPage\":{\"@id\":\"https:\/\/webshop.nakladapanda.hr\/?product=toster#primaryimage\"},\"image\":{\"@id\":\"https:\/\/webshop.nakladapanda.hr\/?product=toster#primaryimage\"},\"thumbnailUrl\":\"https:\/\/webshop.nakladapanda.hr\/wp-content\/uploads\/2026\/01\/10701.jpeg\",\"datePublished\":\"2026-01-13T12:17:53+00:00\",\"breadcrumb\":{\"@id\":\"https:\/\/webshop.nakladapanda.hr\/?product=toster#breadcrumb\"},\"inLanguage\":\"hr\",\"potentialAction\":[{\"@type\":\"ReadAction\",\"target\":[\"https:\/\/webshop.nakladapanda.hr\/?product=toster\"]}]},{\"@type\":\"ImageObject\",\"inLanguage\":\"hr\",\"@id\":\"https:\/\/webshop.nakladapanda.hr\/?product=toster#primaryimage\",\"url\":\"https:\/\/webshop.nakladapanda.hr\/wp-content\/uploads\/2026\/01\/10701.jpeg\",\"contentUrl\":\"https:\/\/webshop.nakladapanda.hr\/wp-content\/uploads\/2026\/01\/10701.jpeg\",\"width\":720,\"height\":720},{\"@type\":\"BreadcrumbList\",\"@id\":\"https:\/\/webshop.nakladapanda.hr\/?product=toster#breadcrumb\",\"itemListElement\":[{\"@type\":\"ListItem\",\"position\":1,\"name\":\"Home\",\"item\":\"https:\/\/webshop.nakladapanda.hr\/\"},{\"@type\":\"ListItem\",\"position\":2,\"name\":\"Products\",\"item\":\"https:\/\/webshop.nakladapanda.hr\/?post_type=product\"},{\"@type\":\"ListItem\",\"position\":3,\"name\":\"Toster\"}]},{\"@type\":\"WebSite\",\"@id\":\"https:\/\/webshop.nakladapanda.hr\/#website\",\"url\":\"https:\/\/webshop.nakladapanda.hr\/\",\"name\":\"Naklada Panda\",\"description\":\"\",\"publisher\":{\"@id\":\"https:\/\/webshop.nakladapanda.hr\/#organization\"},\"potentialAction\":[{\"@type\":\"SearchAction\",\"target\":{\"@type\":\"EntryPoint\",\"urlTemplate\":\"https:\/\/webshop.nakladapanda.hr\/?s={search_term_string}\"},\"query-input\":{\"@type\":\"PropertyValueSpecification\",\"valueRequired\":true,\"valueName\":\"search_term_string\"}}],\"inLanguage\":\"hr\"},{\"@type\":\"Organization\",\"@id\":\"https:\/\/webshop.nakladapanda.hr\/#organization\",\"name\":\"Naklada Panda\",\"url\":\"https:\/\/webshop.nakladapanda.hr\/\",\"logo\":{\"@type\":\"ImageObject\",\"inLanguage\":\"hr\",\"@id\":\"https:\/\/webshop.nakladapanda.hr\/#\/schema\/logo\/image\/\",\"url\":\"https:\/\/webshop.nakladapanda.hr\/wp-content\/uploads\/2025\/12\/naklada-panda-logo.png\",\"contentUrl\":\"https:\/\/webshop.nakladapanda.hr\/wp-content\/uploads\/2025\/12\/naklada-panda-logo.png\",\"width\":643,\"height\":244,\"caption\":\"Naklada Panda\"},\"image\":{\"@id\":\"https:\/\/webshop.nakladapanda.hr\/#\/schema\/logo\/image\/\"}}]}<\/script>\n<!-- \/ Yoast SEO plugin. -->","yoast_head_json":{"title":"Toster - Naklada Panda","robots":{"index":"noindex","follow":"follow","max-snippet":"max-snippet:-1","max-image-preview":"max-image-preview:large","max-video-preview":"max-video-preview:-1"},"og_locale":"hr_HR","og_type":"article","og_title":"Toster - Naklada Panda","og_description":"\u0160areni set toster brenda New Classic Toys. Tko \u017eeli doru\u010dak? Sve \u0161to vam treba za ukusno izgledaju\u0107i tost. Pravljenje tosta je jednostavno! Stavite drvene kri\u0161ke kruha u toster, okrenite broj\u010danik da postavite razinu pe\u010denja i spustite ru\u010dku za tostiranje. Nama\u017eite malo maslaca i dodajte malo jagodne marmelade da zavr\u0161ite posao. Popijte finu \u0161alicu \u010daja ili kave uz svoj tost. Bon app\u00e9tit. Ovaj artikl dio je linije proizvoda New Classic Toys \u201eBon Appetit\u201c. Rezanje, pe\u010denje, kuhanje i spremno za ve\u010deru! Na\u0161i mali lonci, tave, setovi za rezanje i kuhinje apsolutni su must-have za male majstore kuhare.","og_url":"https:\/\/webshop.nakladapanda.hr\/?product=toster","og_site_name":"Naklada Panda","og_image":[{"width":720,"height":720,"url":"https:\/\/webshop.nakladapanda.hr\/wp-content\/uploads\/2026\/01\/10701.jpeg","type":"image\/jpeg"}],"twitter_card":"summary_large_image","schema":{"@context":"https:\/\/schema.org","@graph":[{"@type":"WebPage","@id":"https:\/\/webshop.nakladapanda.hr\/?product=toster","url":"https:\/\/webshop.nakladapanda.hr\/?product=toster","name":"Toster - Naklada Panda","isPartOf":{"@id":"https:\/\/webshop.nakladapanda.hr\/#website"},"primaryImageOfPage":{"@id":"https:\/\/webshop.nakladapanda.hr\/?product=toster#primaryimage"},"image":{"@id":"https:\/\/webshop.nakladapanda.hr\/?product=toster#primaryimage"},"thumbnailUrl":"https:\/\/webshop.nakladapanda.hr\/wp-content\/uploads\/2026\/01\/10701.jpeg","datePublished":"2026-01-13T12:17:53+00:00","breadcrumb":{"@id":"https:\/\/webshop.nakladapanda.hr\/?product=toster#breadcrumb"},"inLanguage":"hr","potentialAction":[{"@type":"ReadAction","target":["https:\/\/webshop.nakladapanda.hr\/?product=toster"]}]},{"@type":"ImageObject","inLanguage":"hr","@id":"https:\/\/webshop.nakladapanda.hr\/?product=toster#primaryimage","url":"https:\/\/webshop.nakladapanda.hr\/wp-content\/uploads\/2026\/01\/10701.jpeg","contentUrl":"https:\/\/webshop.nakladapanda.hr\/wp-content\/uploads\/2026\/01\/10701.jpeg","width":720,"height":720},{"@type":"BreadcrumbList","@id":"https:\/\/webshop.nakladapanda.hr\/?product=toster#breadcrumb","itemListElement":[{"@type":"ListItem","position":1,"name":"Home","item":"https:\/\/webshop.nakladapanda.hr\/"},{"@type":"ListItem","position":2,"name":"Products","item":"https:\/\/webshop.nakladapanda.hr\/?post_type=product"},{"@type":"ListItem","position":3,"name":"Toster"}]},{"@type":"WebSite","@id":"https:\/\/webshop.nakladapanda.hr\/#website","url":"https:\/\/webshop.nakladapanda.hr\/","name":"Naklada Panda","description":"","publisher":{"@id":"https:\/\/webshop.nakladapanda.hr\/#organization"},"potentialAction":[{"@type":"SearchAction","target":{"@type":"EntryPoint","urlTemplate":"https:\/\/webshop.nakladapanda.hr\/?s={search_term_string}"},"query-input":{"@type":"PropertyValueSpecification","valueRequired":true,"valueName":"search_term_string"}}],"inLanguage":"hr"},{"@type":"Organization","@id":"https:\/\/webshop.nakladapanda.hr\/#organization","name":"Naklada Panda","url":"https:\/\/webshop.nakladapanda.hr\/","logo":{"@type":"ImageObject","inLanguage":"hr","@id":"https:\/\/webshop.nakladapanda.hr\/#\/schema\/logo\/image\/","url":"https:\/\/webshop.nakladapanda.hr\/wp-content\/uploads\/2025\/12\/naklada-panda-logo.png","contentUrl":"https:\/\/webshop.nakladapanda.hr\/wp-content\/uploads\/2025\/12\/naklada-panda-logo.png","width":643,"height":244,"caption":"Naklada Panda"},"image":{"@id":"https:\/\/webshop.nakladapanda.hr\/#\/schema\/logo\/image\/"}}]}},"_links":{"self":[{"href":"https:\/\/webshop.nakladapanda.hr\/index.php?rest_route=\/wp\/v2\/product\/336","targetHints":{"allow":["GET"]}}],"collection":[{"href":"https:\/\/webshop.nakladapanda.hr\/index.php?rest_route=\/wp\/v2\/product"}],"about":[{"href":"https:\/\/webshop.nakladapanda.hr\/index.php?rest_route=\/wp\/v2\/types\/product"}],"wp:featuredmedia":[{"embeddable":true,"href":"https:\/\/webshop.nakladapanda.hr\/index.php?rest_route=\/wp\/v2\/media\/295"}],"wp:attachment":[{"href":"https:\/\/webshop.nakladapanda.hr\/index.php?rest_route=%2Fwp%2Fv2%2Fmedia&parent=336"}],"wp:term":[{"taxonomy":"product_brand","embeddable":true,"href":"https:\/\/webshop.nakladapanda.hr\/index.php?rest_route=%2Fwp%2Fv2%2Fproduct_brand&post=336"},{"taxonomy":"product_cat","embeddable":true,"href":"https:\/\/webshop.nakladapanda.hr\/index.php?rest_route=%2Fwp%2Fv2%2Fproduct_cat&post=336"},{"taxonomy":"product_tag","embeddable":true,"href":"https:\/\/webshop.nakladapanda.hr\/index.php?rest_route=%2Fwp%2Fv2%2Fproduct_tag&post=336"}],"curies":[{"name":"wp","href":"https:\/\/api.w.org\/{rel}","templated":true}]}}