{"id":335,"date":"2026-01-13T12:17:53","date_gmt":"2026-01-13T12:17:53","guid":{"rendered":"https:\/\/webshop.nakladapanda.hr\/?product=vaga"},"modified":"2026-01-13T12:17:53","modified_gmt":"2026-01-13T12:17:53","slug":"vaga","status":"publish","type":"product","link":"https:\/\/webshop.nakladapanda.hr\/?product=vaga","title":{"rendered":"Vaga"},"content":{"rendered":"<p>Specifikacije<br \/>\n\u0161ifra artikla: 10661<br \/>\nbrend: New Classic Toys<br \/>\ndimenzije: 185 x 105 x 198 mm<br \/>\ndob: 36 mjeseci +<br \/>\nkomada \/ master karton: 12<\/p>\n","protected":false},"excerpt":{"rendered":"<p>Prekrasna vaga brenda New Classic Toys za va\u0161eg malog kuhara ili trgovca na \u0161tandu. Jednostavno stavite vo\u0107e i povr\u0107e na tave vage, a ugra\u0111eni opru\u017eni mehanizam pomaknut \u0107e pokaziva\u010d kako bi prikazao \u201ete\u017einu\u201c. Prikazano vo\u0107e i povr\u0107e te brojevi na kalkulatoru poti\u010du ma\u0161tovitu igru i omogu\u0107uju razvoj vje\u0161tina pripovijedanja. Igra uloga u\u010dinkovit je na\u010din da djeca shvate svijet oko sebe. Igranje s ovom vagom izvrstan je na\u010din za razvoj socijalnih i govorno-jezi\u010dnih vje\u0161tina dok vode vlastitu trgovinu. Idealna je za svaku drvenu dje\u010dju kuhinju ili trgovinu.<\/p>\n","protected":false},"featured_media":294,"template":"","meta":[],"product_brand":[26],"product_cat":[25],"product_tag":[],"class_list":{"0":"post-335","1":"product","2":"type-product","3":"status-publish","4":"has-post-thumbnail","6":"product_brand-new-classic-toys","7":"product_cat-kuhinjski-kutak","9":"first","10":"instock","11":"shipping-taxable","12":"purchasable","13":"product-type-simple"},"yoast_head":"<!-- This site is optimized with the Yoast SEO plugin v26.8 - https:\/\/yoast.com\/product\/yoast-seo-wordpress\/ -->\n<title>Vaga - Naklada Panda<\/title>\n<meta name=\"robots\" content=\"noindex, follow, max-snippet:-1, max-image-preview:large, max-video-preview:-1\" \/>\n<meta property=\"og:locale\" content=\"hr_HR\" \/>\n<meta property=\"og:type\" content=\"article\" \/>\n<meta property=\"og:title\" content=\"Vaga - Naklada Panda\" \/>\n<meta property=\"og:description\" content=\"Prekrasna vaga brenda New Classic Toys za va\u0161eg malog kuhara ili trgovca na \u0161tandu. Jednostavno stavite vo\u0107e i povr\u0107e na tave vage, a ugra\u0111eni opru\u017eni mehanizam pomaknut \u0107e pokaziva\u010d kako bi prikazao \u201ete\u017einu\u201c. Prikazano vo\u0107e i povr\u0107e te brojevi na kalkulatoru poti\u010du ma\u0161tovitu igru i omogu\u0107uju razvoj vje\u0161tina pripovijedanja. Igra uloga u\u010dinkovit je na\u010din da djeca shvate svijet oko sebe. Igranje s ovom vagom izvrstan je na\u010din za razvoj socijalnih i govorno-jezi\u010dnih vje\u0161tina dok vode vlastitu trgovinu. Idealna je za svaku drvenu dje\u010dju kuhinju ili trgovinu.\" \/>\n<meta property=\"og:url\" content=\"https:\/\/webshop.nakladapanda.hr\/?product=vaga\" \/>\n<meta property=\"og:site_name\" content=\"Naklada Panda\" \/>\n<meta property=\"og:image\" content=\"https:\/\/webshop.nakladapanda.hr\/wp-content\/uploads\/2026\/01\/10661.jpeg\" \/>\n\t<meta property=\"og:image:width\" content=\"720\" \/>\n\t<meta property=\"og:image:height\" content=\"720\" \/>\n\t<meta property=\"og:image:type\" content=\"image\/jpeg\" \/>\n<meta name=\"twitter:card\" content=\"summary_large_image\" \/>\n<script type=\"application\/ld+json\" class=\"yoast-schema-graph\">{\"@context\":\"https:\/\/schema.org\",\"@graph\":[{\"@type\":\"WebPage\",\"@id\":\"https:\/\/webshop.nakladapanda.hr\/?product=vaga\",\"url\":\"https:\/\/webshop.nakladapanda.hr\/?product=vaga\",\"name\":\"Vaga - Naklada Panda\",\"isPartOf\":{\"@id\":\"https:\/\/webshop.nakladapanda.hr\/#website\"},\"primaryImageOfPage\":{\"@id\":\"https:\/\/webshop.nakladapanda.hr\/?product=vaga#primaryimage\"},\"image\":{\"@id\":\"https:\/\/webshop.nakladapanda.hr\/?product=vaga#primaryimage\"},\"thumbnailUrl\":\"https:\/\/webshop.nakladapanda.hr\/wp-content\/uploads\/2026\/01\/10661.jpeg\",\"datePublished\":\"2026-01-13T12:17:53+00:00\",\"breadcrumb\":{\"@id\":\"https:\/\/webshop.nakladapanda.hr\/?product=vaga#breadcrumb\"},\"inLanguage\":\"hr\",\"potentialAction\":[{\"@type\":\"ReadAction\",\"target\":[\"https:\/\/webshop.nakladapanda.hr\/?product=vaga\"]}]},{\"@type\":\"ImageObject\",\"inLanguage\":\"hr\",\"@id\":\"https:\/\/webshop.nakladapanda.hr\/?product=vaga#primaryimage\",\"url\":\"https:\/\/webshop.nakladapanda.hr\/wp-content\/uploads\/2026\/01\/10661.jpeg\",\"contentUrl\":\"https:\/\/webshop.nakladapanda.hr\/wp-content\/uploads\/2026\/01\/10661.jpeg\",\"width\":720,\"height\":720},{\"@type\":\"BreadcrumbList\",\"@id\":\"https:\/\/webshop.nakladapanda.hr\/?product=vaga#breadcrumb\",\"itemListElement\":[{\"@type\":\"ListItem\",\"position\":1,\"name\":\"Home\",\"item\":\"https:\/\/webshop.nakladapanda.hr\/\"},{\"@type\":\"ListItem\",\"position\":2,\"name\":\"Products\",\"item\":\"https:\/\/webshop.nakladapanda.hr\/?post_type=product\"},{\"@type\":\"ListItem\",\"position\":3,\"name\":\"Vaga\"}]},{\"@type\":\"WebSite\",\"@id\":\"https:\/\/webshop.nakladapanda.hr\/#website\",\"url\":\"https:\/\/webshop.nakladapanda.hr\/\",\"name\":\"Naklada Panda\",\"description\":\"\",\"publisher\":{\"@id\":\"https:\/\/webshop.nakladapanda.hr\/#organization\"},\"potentialAction\":[{\"@type\":\"SearchAction\",\"target\":{\"@type\":\"EntryPoint\",\"urlTemplate\":\"https:\/\/webshop.nakladapanda.hr\/?s={search_term_string}\"},\"query-input\":{\"@type\":\"PropertyValueSpecification\",\"valueRequired\":true,\"valueName\":\"search_term_string\"}}],\"inLanguage\":\"hr\"},{\"@type\":\"Organization\",\"@id\":\"https:\/\/webshop.nakladapanda.hr\/#organization\",\"name\":\"Naklada Panda\",\"url\":\"https:\/\/webshop.nakladapanda.hr\/\",\"logo\":{\"@type\":\"ImageObject\",\"inLanguage\":\"hr\",\"@id\":\"https:\/\/webshop.nakladapanda.hr\/#\/schema\/logo\/image\/\",\"url\":\"https:\/\/webshop.nakladapanda.hr\/wp-content\/uploads\/2025\/12\/naklada-panda-logo.png\",\"contentUrl\":\"https:\/\/webshop.nakladapanda.hr\/wp-content\/uploads\/2025\/12\/naklada-panda-logo.png\",\"width\":643,\"height\":244,\"caption\":\"Naklada Panda\"},\"image\":{\"@id\":\"https:\/\/webshop.nakladapanda.hr\/#\/schema\/logo\/image\/\"}}]}<\/script>\n<!-- \/ Yoast SEO plugin. -->","yoast_head_json":{"title":"Vaga - Naklada Panda","robots":{"index":"noindex","follow":"follow","max-snippet":"max-snippet:-1","max-image-preview":"max-image-preview:large","max-video-preview":"max-video-preview:-1"},"og_locale":"hr_HR","og_type":"article","og_title":"Vaga - Naklada Panda","og_description":"Prekrasna vaga brenda New Classic Toys za va\u0161eg malog kuhara ili trgovca na \u0161tandu. Jednostavno stavite vo\u0107e i povr\u0107e na tave vage, a ugra\u0111eni opru\u017eni mehanizam pomaknut \u0107e pokaziva\u010d kako bi prikazao \u201ete\u017einu\u201c. Prikazano vo\u0107e i povr\u0107e te brojevi na kalkulatoru poti\u010du ma\u0161tovitu igru i omogu\u0107uju razvoj vje\u0161tina pripovijedanja. Igra uloga u\u010dinkovit je na\u010din da djeca shvate svijet oko sebe. Igranje s ovom vagom izvrstan je na\u010din za razvoj socijalnih i govorno-jezi\u010dnih vje\u0161tina dok vode vlastitu trgovinu. Idealna je za svaku drvenu dje\u010dju kuhinju ili trgovinu.","og_url":"https:\/\/webshop.nakladapanda.hr\/?product=vaga","og_site_name":"Naklada Panda","og_image":[{"width":720,"height":720,"url":"https:\/\/webshop.nakladapanda.hr\/wp-content\/uploads\/2026\/01\/10661.jpeg","type":"image\/jpeg"}],"twitter_card":"summary_large_image","schema":{"@context":"https:\/\/schema.org","@graph":[{"@type":"WebPage","@id":"https:\/\/webshop.nakladapanda.hr\/?product=vaga","url":"https:\/\/webshop.nakladapanda.hr\/?product=vaga","name":"Vaga - Naklada Panda","isPartOf":{"@id":"https:\/\/webshop.nakladapanda.hr\/#website"},"primaryImageOfPage":{"@id":"https:\/\/webshop.nakladapanda.hr\/?product=vaga#primaryimage"},"image":{"@id":"https:\/\/webshop.nakladapanda.hr\/?product=vaga#primaryimage"},"thumbnailUrl":"https:\/\/webshop.nakladapanda.hr\/wp-content\/uploads\/2026\/01\/10661.jpeg","datePublished":"2026-01-13T12:17:53+00:00","breadcrumb":{"@id":"https:\/\/webshop.nakladapanda.hr\/?product=vaga#breadcrumb"},"inLanguage":"hr","potentialAction":[{"@type":"ReadAction","target":["https:\/\/webshop.nakladapanda.hr\/?product=vaga"]}]},{"@type":"ImageObject","inLanguage":"hr","@id":"https:\/\/webshop.nakladapanda.hr\/?product=vaga#primaryimage","url":"https:\/\/webshop.nakladapanda.hr\/wp-content\/uploads\/2026\/01\/10661.jpeg","contentUrl":"https:\/\/webshop.nakladapanda.hr\/wp-content\/uploads\/2026\/01\/10661.jpeg","width":720,"height":720},{"@type":"BreadcrumbList","@id":"https:\/\/webshop.nakladapanda.hr\/?product=vaga#breadcrumb","itemListElement":[{"@type":"ListItem","position":1,"name":"Home","item":"https:\/\/webshop.nakladapanda.hr\/"},{"@type":"ListItem","position":2,"name":"Products","item":"https:\/\/webshop.nakladapanda.hr\/?post_type=product"},{"@type":"ListItem","position":3,"name":"Vaga"}]},{"@type":"WebSite","@id":"https:\/\/webshop.nakladapanda.hr\/#website","url":"https:\/\/webshop.nakladapanda.hr\/","name":"Naklada Panda","description":"","publisher":{"@id":"https:\/\/webshop.nakladapanda.hr\/#organization"},"potentialAction":[{"@type":"SearchAction","target":{"@type":"EntryPoint","urlTemplate":"https:\/\/webshop.nakladapanda.hr\/?s={search_term_string}"},"query-input":{"@type":"PropertyValueSpecification","valueRequired":true,"valueName":"search_term_string"}}],"inLanguage":"hr"},{"@type":"Organization","@id":"https:\/\/webshop.nakladapanda.hr\/#organization","name":"Naklada Panda","url":"https:\/\/webshop.nakladapanda.hr\/","logo":{"@type":"ImageObject","inLanguage":"hr","@id":"https:\/\/webshop.nakladapanda.hr\/#\/schema\/logo\/image\/","url":"https:\/\/webshop.nakladapanda.hr\/wp-content\/uploads\/2025\/12\/naklada-panda-logo.png","contentUrl":"https:\/\/webshop.nakladapanda.hr\/wp-content\/uploads\/2025\/12\/naklada-panda-logo.png","width":643,"height":244,"caption":"Naklada Panda"},"image":{"@id":"https:\/\/webshop.nakladapanda.hr\/#\/schema\/logo\/image\/"}}]}},"_links":{"self":[{"href":"https:\/\/webshop.nakladapanda.hr\/index.php?rest_route=\/wp\/v2\/product\/335","targetHints":{"allow":["GET"]}}],"collection":[{"href":"https:\/\/webshop.nakladapanda.hr\/index.php?rest_route=\/wp\/v2\/product"}],"about":[{"href":"https:\/\/webshop.nakladapanda.hr\/index.php?rest_route=\/wp\/v2\/types\/product"}],"wp:featuredmedia":[{"embeddable":true,"href":"https:\/\/webshop.nakladapanda.hr\/index.php?rest_route=\/wp\/v2\/media\/294"}],"wp:attachment":[{"href":"https:\/\/webshop.nakladapanda.hr\/index.php?rest_route=%2Fwp%2Fv2%2Fmedia&parent=335"}],"wp:term":[{"taxonomy":"product_brand","embeddable":true,"href":"https:\/\/webshop.nakladapanda.hr\/index.php?rest_route=%2Fwp%2Fv2%2Fproduct_brand&post=335"},{"taxonomy":"product_cat","embeddable":true,"href":"https:\/\/webshop.nakladapanda.hr\/index.php?rest_route=%2Fwp%2Fv2%2Fproduct_cat&post=335"},{"taxonomy":"product_tag","embeddable":true,"href":"https:\/\/webshop.nakladapanda.hr\/index.php?rest_route=%2Fwp%2Fv2%2Fproduct_tag&post=335"}],"curies":[{"name":"wp","href":"https:\/\/api.w.org\/{rel}","templated":true}]}}