{"id":332,"date":"2026-01-13T12:17:53","date_gmt":"2026-01-13T12:17:53","guid":{"rendered":"https:\/\/webshop.nakladapanda.hr\/?product=set-za-rezanje-kutija-za-dorucak"},"modified":"2026-01-13T12:17:53","modified_gmt":"2026-01-13T12:17:53","slug":"set-za-rezanje-kutija-za-dorucak","status":"publish","type":"product","link":"https:\/\/webshop.nakladapanda.hr\/?product=set-za-rezanje-kutija-za-dorucak","title":{"rendered":"Set za rezanje \u2013 kutija za doru\u010dak"},"content":{"rendered":"<p>Specifikacije<br \/>\n\u0161ifra artikla: 10580<br \/>\nbrend: Woet<br \/>\ndimenzije: 210 x 145 x 65 mm<br \/>\ndob: 24 mjeseca +<br \/>\nkomada \/ master karton: 10<\/p>\n","protected":false},"excerpt":{"rendered":"<p>Ovaj drveni set za rezanje hrane brenda New Classic Toys izvrstan je za pou\u010davanje male djece o razli\u010ditim vrstama namirnica. Va\u0161e \u0107e dijete u\u017eivati u istra\u017eivanju raznih oblika i boja dok priprema ukusno jelo. Set dolazi s daskom za rezanje i igra\u010dim no\u017ei\u0107em kojim se vo\u0107e mo\u017ee \u201cprerezati\u201d na pola, a kada mali kuhar zavr\u0161i s \u201ckuhanjem\u201d, dijelovi se mogu ponovno spojiti pomo\u0107u \u010di\u010dka. Odli\u010dno za poticanje kreativnosti i igre uloga.<\/p>\n","protected":false},"featured_media":290,"template":"","meta":[],"product_brand":[26],"product_cat":[25],"product_tag":[],"class_list":{"0":"post-332","1":"product","2":"type-product","3":"status-publish","4":"has-post-thumbnail","6":"product_brand-new-classic-toys","7":"product_cat-kuhinjski-kutak","9":"first","10":"instock","11":"shipping-taxable","12":"purchasable","13":"product-type-simple"},"yoast_head":"<!-- This site is optimized with the Yoast SEO plugin v26.8 - https:\/\/yoast.com\/product\/yoast-seo-wordpress\/ -->\n<title>Set za rezanje \u2013 kutija za doru\u010dak - Naklada Panda<\/title>\n<meta name=\"robots\" content=\"noindex, follow, max-snippet:-1, max-image-preview:large, max-video-preview:-1\" \/>\n<meta property=\"og:locale\" content=\"hr_HR\" \/>\n<meta property=\"og:type\" content=\"article\" \/>\n<meta property=\"og:title\" content=\"Set za rezanje \u2013 kutija za doru\u010dak - Naklada Panda\" \/>\n<meta property=\"og:description\" content=\"Ovaj drveni set za rezanje hrane brenda New Classic Toys izvrstan je za pou\u010davanje male djece o razli\u010ditim vrstama namirnica. Va\u0161e \u0107e dijete u\u017eivati u istra\u017eivanju raznih oblika i boja dok priprema ukusno jelo. Set dolazi s daskom za rezanje i igra\u010dim no\u017ei\u0107em kojim se vo\u0107e mo\u017ee \u201cprerezati\u201d na pola, a kada mali kuhar zavr\u0161i s \u201ckuhanjem\u201d, dijelovi se mogu ponovno spojiti pomo\u0107u \u010di\u010dka. Odli\u010dno za poticanje kreativnosti i igre uloga.\" \/>\n<meta property=\"og:url\" content=\"https:\/\/webshop.nakladapanda.hr\/?product=set-za-rezanje-kutija-za-dorucak\" \/>\n<meta property=\"og:site_name\" content=\"Naklada Panda\" \/>\n<meta property=\"og:image\" content=\"https:\/\/webshop.nakladapanda.hr\/wp-content\/uploads\/2026\/01\/10580.jpeg\" \/>\n\t<meta property=\"og:image:width\" content=\"720\" \/>\n\t<meta property=\"og:image:height\" content=\"720\" \/>\n\t<meta property=\"og:image:type\" content=\"image\/jpeg\" \/>\n<meta name=\"twitter:card\" content=\"summary_large_image\" \/>\n<script type=\"application\/ld+json\" class=\"yoast-schema-graph\">{\"@context\":\"https:\/\/schema.org\",\"@graph\":[{\"@type\":\"WebPage\",\"@id\":\"https:\/\/webshop.nakladapanda.hr\/?product=set-za-rezanje-kutija-za-dorucak\",\"url\":\"https:\/\/webshop.nakladapanda.hr\/?product=set-za-rezanje-kutija-za-dorucak\",\"name\":\"Set za rezanje \u2013 kutija za doru\u010dak - Naklada Panda\",\"isPartOf\":{\"@id\":\"https:\/\/webshop.nakladapanda.hr\/#website\"},\"primaryImageOfPage\":{\"@id\":\"https:\/\/webshop.nakladapanda.hr\/?product=set-za-rezanje-kutija-za-dorucak#primaryimage\"},\"image\":{\"@id\":\"https:\/\/webshop.nakladapanda.hr\/?product=set-za-rezanje-kutija-za-dorucak#primaryimage\"},\"thumbnailUrl\":\"https:\/\/webshop.nakladapanda.hr\/wp-content\/uploads\/2026\/01\/10580.jpeg\",\"datePublished\":\"2026-01-13T12:17:53+00:00\",\"breadcrumb\":{\"@id\":\"https:\/\/webshop.nakladapanda.hr\/?product=set-za-rezanje-kutija-za-dorucak#breadcrumb\"},\"inLanguage\":\"hr\",\"potentialAction\":[{\"@type\":\"ReadAction\",\"target\":[\"https:\/\/webshop.nakladapanda.hr\/?product=set-za-rezanje-kutija-za-dorucak\"]}]},{\"@type\":\"ImageObject\",\"inLanguage\":\"hr\",\"@id\":\"https:\/\/webshop.nakladapanda.hr\/?product=set-za-rezanje-kutija-za-dorucak#primaryimage\",\"url\":\"https:\/\/webshop.nakladapanda.hr\/wp-content\/uploads\/2026\/01\/10580.jpeg\",\"contentUrl\":\"https:\/\/webshop.nakladapanda.hr\/wp-content\/uploads\/2026\/01\/10580.jpeg\",\"width\":720,\"height\":720},{\"@type\":\"BreadcrumbList\",\"@id\":\"https:\/\/webshop.nakladapanda.hr\/?product=set-za-rezanje-kutija-za-dorucak#breadcrumb\",\"itemListElement\":[{\"@type\":\"ListItem\",\"position\":1,\"name\":\"Home\",\"item\":\"https:\/\/webshop.nakladapanda.hr\/\"},{\"@type\":\"ListItem\",\"position\":2,\"name\":\"Products\",\"item\":\"https:\/\/webshop.nakladapanda.hr\/?post_type=product\"},{\"@type\":\"ListItem\",\"position\":3,\"name\":\"Set za rezanje \u2013 kutija za doru\u010dak\"}]},{\"@type\":\"WebSite\",\"@id\":\"https:\/\/webshop.nakladapanda.hr\/#website\",\"url\":\"https:\/\/webshop.nakladapanda.hr\/\",\"name\":\"Naklada Panda\",\"description\":\"\",\"publisher\":{\"@id\":\"https:\/\/webshop.nakladapanda.hr\/#organization\"},\"potentialAction\":[{\"@type\":\"SearchAction\",\"target\":{\"@type\":\"EntryPoint\",\"urlTemplate\":\"https:\/\/webshop.nakladapanda.hr\/?s={search_term_string}\"},\"query-input\":{\"@type\":\"PropertyValueSpecification\",\"valueRequired\":true,\"valueName\":\"search_term_string\"}}],\"inLanguage\":\"hr\"},{\"@type\":\"Organization\",\"@id\":\"https:\/\/webshop.nakladapanda.hr\/#organization\",\"name\":\"Naklada Panda\",\"url\":\"https:\/\/webshop.nakladapanda.hr\/\",\"logo\":{\"@type\":\"ImageObject\",\"inLanguage\":\"hr\",\"@id\":\"https:\/\/webshop.nakladapanda.hr\/#\/schema\/logo\/image\/\",\"url\":\"https:\/\/webshop.nakladapanda.hr\/wp-content\/uploads\/2025\/12\/naklada-panda-logo.png\",\"contentUrl\":\"https:\/\/webshop.nakladapanda.hr\/wp-content\/uploads\/2025\/12\/naklada-panda-logo.png\",\"width\":643,\"height\":244,\"caption\":\"Naklada Panda\"},\"image\":{\"@id\":\"https:\/\/webshop.nakladapanda.hr\/#\/schema\/logo\/image\/\"}}]}<\/script>\n<!-- \/ Yoast SEO plugin. -->","yoast_head_json":{"title":"Set za rezanje \u2013 kutija za doru\u010dak - Naklada Panda","robots":{"index":"noindex","follow":"follow","max-snippet":"max-snippet:-1","max-image-preview":"max-image-preview:large","max-video-preview":"max-video-preview:-1"},"og_locale":"hr_HR","og_type":"article","og_title":"Set za rezanje \u2013 kutija za doru\u010dak - Naklada Panda","og_description":"Ovaj drveni set za rezanje hrane brenda New Classic Toys izvrstan je za pou\u010davanje male djece o razli\u010ditim vrstama namirnica. Va\u0161e \u0107e dijete u\u017eivati u istra\u017eivanju raznih oblika i boja dok priprema ukusno jelo. Set dolazi s daskom za rezanje i igra\u010dim no\u017ei\u0107em kojim se vo\u0107e mo\u017ee \u201cprerezati\u201d na pola, a kada mali kuhar zavr\u0161i s \u201ckuhanjem\u201d, dijelovi se mogu ponovno spojiti pomo\u0107u \u010di\u010dka. Odli\u010dno za poticanje kreativnosti i igre uloga.","og_url":"https:\/\/webshop.nakladapanda.hr\/?product=set-za-rezanje-kutija-za-dorucak","og_site_name":"Naklada Panda","og_image":[{"width":720,"height":720,"url":"https:\/\/webshop.nakladapanda.hr\/wp-content\/uploads\/2026\/01\/10580.jpeg","type":"image\/jpeg"}],"twitter_card":"summary_large_image","schema":{"@context":"https:\/\/schema.org","@graph":[{"@type":"WebPage","@id":"https:\/\/webshop.nakladapanda.hr\/?product=set-za-rezanje-kutija-za-dorucak","url":"https:\/\/webshop.nakladapanda.hr\/?product=set-za-rezanje-kutija-za-dorucak","name":"Set za rezanje \u2013 kutija za doru\u010dak - Naklada Panda","isPartOf":{"@id":"https:\/\/webshop.nakladapanda.hr\/#website"},"primaryImageOfPage":{"@id":"https:\/\/webshop.nakladapanda.hr\/?product=set-za-rezanje-kutija-za-dorucak#primaryimage"},"image":{"@id":"https:\/\/webshop.nakladapanda.hr\/?product=set-za-rezanje-kutija-za-dorucak#primaryimage"},"thumbnailUrl":"https:\/\/webshop.nakladapanda.hr\/wp-content\/uploads\/2026\/01\/10580.jpeg","datePublished":"2026-01-13T12:17:53+00:00","breadcrumb":{"@id":"https:\/\/webshop.nakladapanda.hr\/?product=set-za-rezanje-kutija-za-dorucak#breadcrumb"},"inLanguage":"hr","potentialAction":[{"@type":"ReadAction","target":["https:\/\/webshop.nakladapanda.hr\/?product=set-za-rezanje-kutija-za-dorucak"]}]},{"@type":"ImageObject","inLanguage":"hr","@id":"https:\/\/webshop.nakladapanda.hr\/?product=set-za-rezanje-kutija-za-dorucak#primaryimage","url":"https:\/\/webshop.nakladapanda.hr\/wp-content\/uploads\/2026\/01\/10580.jpeg","contentUrl":"https:\/\/webshop.nakladapanda.hr\/wp-content\/uploads\/2026\/01\/10580.jpeg","width":720,"height":720},{"@type":"BreadcrumbList","@id":"https:\/\/webshop.nakladapanda.hr\/?product=set-za-rezanje-kutija-za-dorucak#breadcrumb","itemListElement":[{"@type":"ListItem","position":1,"name":"Home","item":"https:\/\/webshop.nakladapanda.hr\/"},{"@type":"ListItem","position":2,"name":"Products","item":"https:\/\/webshop.nakladapanda.hr\/?post_type=product"},{"@type":"ListItem","position":3,"name":"Set za rezanje \u2013 kutija za doru\u010dak"}]},{"@type":"WebSite","@id":"https:\/\/webshop.nakladapanda.hr\/#website","url":"https:\/\/webshop.nakladapanda.hr\/","name":"Naklada Panda","description":"","publisher":{"@id":"https:\/\/webshop.nakladapanda.hr\/#organization"},"potentialAction":[{"@type":"SearchAction","target":{"@type":"EntryPoint","urlTemplate":"https:\/\/webshop.nakladapanda.hr\/?s={search_term_string}"},"query-input":{"@type":"PropertyValueSpecification","valueRequired":true,"valueName":"search_term_string"}}],"inLanguage":"hr"},{"@type":"Organization","@id":"https:\/\/webshop.nakladapanda.hr\/#organization","name":"Naklada Panda","url":"https:\/\/webshop.nakladapanda.hr\/","logo":{"@type":"ImageObject","inLanguage":"hr","@id":"https:\/\/webshop.nakladapanda.hr\/#\/schema\/logo\/image\/","url":"https:\/\/webshop.nakladapanda.hr\/wp-content\/uploads\/2025\/12\/naklada-panda-logo.png","contentUrl":"https:\/\/webshop.nakladapanda.hr\/wp-content\/uploads\/2025\/12\/naklada-panda-logo.png","width":643,"height":244,"caption":"Naklada Panda"},"image":{"@id":"https:\/\/webshop.nakladapanda.hr\/#\/schema\/logo\/image\/"}}]}},"_links":{"self":[{"href":"https:\/\/webshop.nakladapanda.hr\/index.php?rest_route=\/wp\/v2\/product\/332","targetHints":{"allow":["GET"]}}],"collection":[{"href":"https:\/\/webshop.nakladapanda.hr\/index.php?rest_route=\/wp\/v2\/product"}],"about":[{"href":"https:\/\/webshop.nakladapanda.hr\/index.php?rest_route=\/wp\/v2\/types\/product"}],"wp:featuredmedia":[{"embeddable":true,"href":"https:\/\/webshop.nakladapanda.hr\/index.php?rest_route=\/wp\/v2\/media\/290"}],"wp:attachment":[{"href":"https:\/\/webshop.nakladapanda.hr\/index.php?rest_route=%2Fwp%2Fv2%2Fmedia&parent=332"}],"wp:term":[{"taxonomy":"product_brand","embeddable":true,"href":"https:\/\/webshop.nakladapanda.hr\/index.php?rest_route=%2Fwp%2Fv2%2Fproduct_brand&post=332"},{"taxonomy":"product_cat","embeddable":true,"href":"https:\/\/webshop.nakladapanda.hr\/index.php?rest_route=%2Fwp%2Fv2%2Fproduct_cat&post=332"},{"taxonomy":"product_tag","embeddable":true,"href":"https:\/\/webshop.nakladapanda.hr\/index.php?rest_route=%2Fwp%2Fv2%2Fproduct_tag&post=332"}],"curies":[{"name":"wp","href":"https:\/\/api.w.org\/{rel}","templated":true}]}}